{"id":45462,"date":"2026-03-18T20:09:15","date_gmt":"2026-03-18T20:09:15","guid":{"rendered":"https:\/\/soydeaqui.ddns.net\/pachuca\/index.php\/producto\/tubo-pvc-cedula-40-de-4-103-mm\/"},"modified":"2026-03-18T20:09:17","modified_gmt":"2026-03-18T20:09:17","slug":"tubo-pvc-cedula-40-de-4-103-mm","status":"publish","type":"product","link":"https:\/\/soydeaqui.ddns.net\/pachuca\/index.php\/producto\/tubo-pvc-cedula-40-de-4-103-mm\/","title":{"rendered":"Tubo PVC Cedula 40 de 4&#8243; (103 mm)."},"content":{"rendered":"<div style='width: 100%; max-width: 1200px; margin: 0 auto; font-family: sans-serif; line-height: 1.6; color: inherit; background-color: transparent;'>\n<div style='display: flex; flex-wrap: wrap; gap: 30px; margin-bottom: 30px;'>\n<div style='flex: 1 1 300px; min-width: 280px;'>\n<h3 style='font-size: 22px; border-bottom: 2px solid currentColor; padding-bottom: 5px; margin-top: 0; color: inherit; opacity: 0.8;'>Aplicaciones<\/h3>\n<p style='font-size: 15px; color: inherit; margin-bottom: 15px;'> Esta tuber\u00eda est\u00e1 especialmente dise\u00f1ada para la conducci\u00f3n de cables el\u00e9ctricos&comma; en usos como instalaciones el\u00e9ctricas&comma; industriales o dom\u00e9sticas. En instalaciones el\u00e9ctricas de sistemas subterr\u00e1neos&comma; ahogados en concreto o directamente enterrados&comma; o en sistemas expuestos a la intemperie para alojar y proteger los cables que conducen la energ\u00eda el\u00e9ctrica&comma; para su uso en centros comerciales&comma; naves industriales&comma; etc. <\/p>\n<p style='font-size: 15px; color: inherit; margin-bottom: 15px;'> La tuber\u00eda conduit c\u00e9dula 40 es elaborada mediante un compuesto de Policloruro de vinilo (PVC) sin plastificante&comma; con celda de clasificaci\u00f3n 12454 de acuerdo a la NMX-E-031. <\/p>\n<p style='font-size: 15px; color: inherit; margin-bottom: 15px;'> La uni\u00f3n de estas tuber\u00edas se lleva a cabo por medio de la interconexi\u00f3n directa de un casquillo termoformado e integrado al tubo&comma; o por medio de un cople de PVC inyectado que facilita su inserci\u00f3n. Su sistema de uni\u00f3n cementar forma un conjunto homog\u00e9neo que desarrolla m\u00e1xima resistencia y un sello herm\u00e9tico. <\/p>\n<p style='font-size: 15px; color: inherit; margin-bottom: 15px;'> Esta tuber\u00eda cumple plenamente con la norma de especificaci\u00f3n UL 651&comma; como lo avala su certificaci\u00f3n para instalaciones el\u00e9ctricas que trabajan a una temperatura m\u00e1xima de 60 \u00b0C. <\/p>\n<p style='font-size: 15px; color: inherit; margin-bottom: 15px;'> El cumplimiento de todo lo antes mencionado garantiza completamente el correcto funcionamiento del producto&comma; as\u00ed como su vida \u00fatil. Cumple con los m\u00e1s altos est\u00e1ndares de seguridad y gracias a su rigidez diel\u00e9ctrica son un buen aislante en las instalaciones&comma; evitando cortocircuitos y\/o fugas de potencial el\u00e9ctrico del cable al ducto. <\/p>\n<\/p><\/div>\n<\/p><\/div>\n<div style='display: flex; flex-wrap: wrap; gap: 20px; margin-bottom: 30px;'>\n<div style='flex: 1 1 250px; border: 1px solid rgba(150&comma; 150&comma; 150&comma; 0.4); border-radius: 8px; overflow: hidden; display: flex; flex-direction: column;'>\n<div style='padding: 15px; border-bottom: 1px solid rgba(150&comma; 150&comma; 150&comma; 0.2); font-weight: bold; font-size: 18px; color: inherit;'>Caracter\u00edsticas<\/div>\n<div style='padding: 15px; color: inherit;'>\n<ul style='padding-left: 20px; margin: 0; font-size: 14px; list-style-type: disc;'>\n<li style='margin-bottom: 5px;'><strong>Auto extinguible<\/strong><\/li>\n<li style='margin-bottom: 5px;'><strong>Di\u00e1metro Nominal:<\/strong> 4&#8242;<\/li>\n<li style='margin-bottom: 5px;'><strong>Di\u00e1metro exterior promedio:<\/strong><\/li>\n<ul style='padding-left: 20px; margin: 5px 0;'>\n<li style='margin-bottom: 5px;'><strong>M\u00ednimo:<\/strong> 113.03 mm (4.45&#8242;)<\/li>\n<li style='margin-bottom: 5px;'><strong>M\u00e1ximo:<\/strong> 115.57 mm (4.55&#8242;)<\/li>\n<\/ul>\n<li style='margin-bottom: 5px;'><strong>Espesor m\u00ednimo de pared:<\/strong> 6.02 mm (0.24&#8242;)<\/li>\n<li style='margin-bottom: 5px;'><strong>Di\u00e1metro de entrada casquillo:<\/strong><\/li>\n<ul style='padding-left: 20px; margin: 5px 0;'>\n<li style='margin-bottom: 5px;'><strong>M\u00ednimo:<\/strong> 113.41 mm (4.46&#8242;)<\/li>\n<li style='margin-bottom: 5px;'><strong>M\u00e1ximo:<\/strong> 115.95 mm (4.56&#8242;)<\/li>\n<\/ul>\n<li style='margin-bottom: 5px;'><strong>Di\u00e1metro de terminal casquillo:<\/strong><\/li>\n<ul style='padding-left: 20px; margin: 5px 0;'>\n<li style='margin-bottom: 5px;'><strong>M\u00ednimo:<\/strong> 113.70 mm (4.48&#8242;)<\/li>\n<li style='margin-bottom: 5px;'><strong>M\u00e1ximo:<\/strong> 114.45 mm (4.51&#8242;)<\/li>\n<\/ul>\n<li style='margin-bottom: 5px;'><strong>Longitud m\u00ednima de casquillo:<\/strong> 44.45 mm (1.75&#8242;)<\/li>\n<\/ul><\/div>\n<\/p><\/div>\n<\/p><\/div>\n<div style='margin-bottom: 30px;'>\n<p style='font-size: 14px; color: inherit; margin: 0;'> NOTA: La longitud de las tuber\u00edas&comma; en ambos tipos es de 3&comma;000 mm +\/- 0.5% (15 mm). <\/p>\n<\/p><\/div>\n<hr style='border: 0; border-top: 1px solid rgba(150&comma; 150&comma; 150&comma; 0.3); margin: 30px 0;'> <\/div>\n","protected":false},"excerpt":{"rendered":"<p>Tubo PVC Cedula 40 de 4&#8243; (103 mm).<\/p>\n","protected":false},"featured_media":32,"comment_status":"open","ping_status":"closed","template":"","meta":[],"product_brand":[],"product_cat":[648],"product_tag":[703,572,649],"class_list":{"0":"post-45462","1":"product","2":"type-product","3":"status-publish","4":"has-post-thumbnail","6":"product_cat-tuberia-pvc-registros-pvc","7":"product_tag-amanco-wavin","8":"product_tag-canalizacion","9":"product_tag-tuberia-pvc-registros-pvc","11":"first","12":"outofstock","13":"sale","14":"shipping-taxable","15":"purchasable","16":"product-type-simple"},"_links":{"self":[{"href":"https:\/\/soydeaqui.ddns.net\/pachuca\/index.php\/wp-json\/wp\/v2\/product\/45462","targetHints":{"allow":["GET"]}}],"collection":[{"href":"https:\/\/soydeaqui.ddns.net\/pachuca\/index.php\/wp-json\/wp\/v2\/product"}],"about":[{"href":"https:\/\/soydeaqui.ddns.net\/pachuca\/index.php\/wp-json\/wp\/v2\/types\/product"}],"replies":[{"embeddable":true,"href":"https:\/\/soydeaqui.ddns.net\/pachuca\/index.php\/wp-json\/wp\/v2\/comments?post=45462"}],"wp:featuredmedia":[{"embeddable":true,"href":"https:\/\/soydeaqui.ddns.net\/pachuca\/index.php\/wp-json\/wp\/v2\/media\/32"}],"wp:attachment":[{"href":"https:\/\/soydeaqui.ddns.net\/pachuca\/index.php\/wp-json\/wp\/v2\/media?parent=45462"}],"wp:term":[{"taxonomy":"product_brand","embeddable":true,"href":"https:\/\/soydeaqui.ddns.net\/pachuca\/index.php\/wp-json\/wp\/v2\/product_brand?post=45462"},{"taxonomy":"product_cat","embeddable":true,"href":"https:\/\/soydeaqui.ddns.net\/pachuca\/index.php\/wp-json\/wp\/v2\/product_cat?post=45462"},{"taxonomy":"product_tag","embeddable":true,"href":"https:\/\/soydeaqui.ddns.net\/pachuca\/index.php\/wp-json\/wp\/v2\/product_tag?post=45462"}],"curies":[{"name":"wp","href":"https:\/\/api.w.org\/{rel}","templated":true}]}}