{"id":45448,"date":"2026-03-18T20:08:52","date_gmt":"2026-03-18T20:08:52","guid":{"rendered":"https:\/\/soydeaqui.ddns.net\/pachuca\/index.php\/producto\/refrigerador-combinado-solar-de-220l-7-7-ft3-12-24v-alta-capacidad-optimo-para-operacion-sin-red-electrica-rendimiento-superior\/"},"modified":"2026-03-18T20:08:53","modified_gmt":"2026-03-18T20:08:53","slug":"refrigerador-combinado-solar-de-220l-7-7-ft3-12-24v-alta-capacidad-optimo-para-operacion-sin-red-electrica-rendimiento-superior","status":"publish","type":"product","link":"https:\/\/soydeaqui.ddns.net\/pachuca\/index.php\/producto\/refrigerador-combinado-solar-de-220l-7-7-ft3-12-24v-alta-capacidad-optimo-para-operacion-sin-red-electrica-rendimiento-superior\/","title":{"rendered":"Refrigerador Combinado Solar de 220L (7.7 ft3) &#8211; 12\/24V, Alta Capacidad, Optimo Para Operaci\u00f3n Sin Red El\u00e9ctrica, Rendimiento Superior."},"content":{"rendered":"<div style='width: 100%; max-width: 1200px; margin: 0 auto; font-family: sans-serif; line-height: 1.6; color: inherit; background-color: transparent;'> <!-- Imagen principal --> <\/p>\n<div style='width: 100%; margin-bottom: 30px;'> <img style='width: 100%; height: auto; border: 1px solid rgba(150&comma;150&comma;150&comma;0.3); border-radius: 8px;' src='https:\/\/ftp3.syscom.mx\/usuarios\/ftp\/single_page\/refri_epcom2\/refri_1.jpg' alt='Refrigerador Combinado Solar'> <\/div>\n<p> <!-- Descripci\u00f3n general --> <\/p>\n<div style='margin-bottom: 30px; font-size: 15px; color: inherit;'>\n<p style='text-align: justify; font-size: 15px; color: inherit;'> El refrigerador combinado solar de 220L es una soluci\u00f3n de alta capacidad y rendimiento para aplicaciones aisladas de la red el\u00e9ctrica. Opera en 12 o 24 Vcc&comma; lo que elimina la necesidad de un inversor y reduce costos y posibilidades de fallo en el sistema. Es vers\u00e1til&comma; eficiente energ\u00e9ticamente y compatible con m\u00faltiples configuraciones de voltaje. <\/p>\n<\/p><\/div>\n<p> <!-- Secci\u00f3n de informaci\u00f3n importante --> <\/p>\n<div style='margin-bottom: 30px;'>\n<div style='display: flex; flex-wrap: wrap; gap: 30px;'>\n<div style='flex: 1 1 300px; min-width: 280px;'>\n<h3 style='font-size: 20px; border-bottom: 2px solid currentColor; padding-bottom: 5px; margin-top: 0; color: inherit; opacity: 0.8;'>Informaci\u00f3n Importante<\/h3>\n<p style='margin-bottom: 15px; color: inherit;'> Cuando un refrigerador llega por paqueter\u00eda&comma; es crucial dejarlo reposar antes de conectarlo para evitar da\u00f1os en el compresor y en el sistema de refrigeraci\u00f3n. Esto se debe a que&comma; durante el transporte&comma; el aceite interno puede desplazarse hacia las tuber\u00edas. <\/p>\n<h4 style='font-size: 18px; margin-top: 20px; margin-bottom: 10px; color: inherit;'>Tiempos recomendados:<\/h4>\n<ul style='padding-left: 20px; margin: 0 0 15px 20px; color: inherit;'>\n<li style='margin-bottom: 5px; color: inherit;'><strong>M\u00ednimo 4 horas<\/strong> si el refrigerador se transporta o recibe en posici\u00f3n vertical.<\/li>\n<li style='margin-bottom: 5px; color: inherit;'><strong>Hasta 24 horas<\/strong> si el refrigerador en el transporte fue inclinado&comma; sometido a movimientos bruscos o si se recibe acostado.<\/li>\n<\/ul><\/div>\n<div style='flex: 1 1 300px; min-width: 280px;'> <img style='width: 100%; height: auto; border: 1px solid rgba(150&comma;150&comma;150&comma;0.3); border-radius: 8px;' src='https:\/\/ftp3.syscom.mx\/usuarios\/ftp\/single_page\/refri_epcom2\/re3.jpg' alt='Refrigerador en uso'> <\/div>\n<\/p><\/div>\n<\/p><\/div>\n<p> <!-- Especificaciones t\u00e9cnicas --> <\/p>\n<div style='margin-bottom: 30px;'>\n<h3 style='font-size: 20px; border-bottom: 2px solid currentColor; padding-bottom: 5px; margin-top: 0; color: inherit; opacity: 0.8;'>Especificaciones T\u00e9cnicas<\/h3>\n<ul style='padding-left: 20px; margin: 0; color: inherit;'>\n<li style='margin-bottom: 5px; color: inherit;'><strong>Voltaje de entrada:<\/strong> 12\/24 Vcc<\/li>\n<li style='margin-bottom: 5px; color: inherit;'><strong>Capacidad (total):<\/strong> 220 L (7.7 ft\u00b3)<\/li>\n<li style='margin-bottom: 5px; color: inherit;'><strong>Capacidad (refrigerador):<\/strong> 180 L<\/li>\n<li style='margin-bottom: 5px; color: inherit;'><strong>Capacidad (congelador):<\/strong> 40 L<\/li>\n<li style='margin-bottom: 5px; color: inherit;'><strong>Consumo:<\/strong> 75 W<\/li>\n<li style='margin-bottom: 5px; color: inherit;'><strong>Rango de temperatura (refrigerador):<\/strong> 0 &#8211; 10 \u00b0C<\/li>\n<li style='margin-bottom: 5px; color: inherit;'><strong>Rango de temperatura (congelador):<\/strong> >-18 \u00b0C<\/li>\n<li style='margin-bottom: 5px; color: inherit;'><strong>Refrigerante:<\/strong> R600a<\/li>\n<li style='margin-bottom: 5px; color: inherit;'><strong>Dimensiones:<\/strong> 550 x 565 x 1448 mm<\/li>\n<li style='margin-bottom: 5px; color: inherit;'><strong>Peso:<\/strong> 39 kg<\/li>\n<\/ul><\/div>\n<p> <!-- Diagramas de conexi\u00f3n --> <\/p>\n<div style='margin-bottom: 30px;'>\n<h3 style='font-size: 20px; border-bottom: 2px solid currentColor; padding-bottom: 5px; margin-top: 0; color: inherit; opacity: 0.8;'>Diagramas de Conexi\u00f3n<\/h3>\n<div style='display: flex; flex-wrap: wrap; gap: 30px; margin-top: 20px;'>\n<div style='flex: 1 1 400px; min-width: 300px;'>\n<h4 style='font-size: 18px; margin-top: 0; color: inherit;'>Diagrama de conexi\u00f3n en 12 Vcc (sistema de alimentaci\u00f3n NO incluido)<\/h4>\n<p> <img style='width: 100%; height: auto; border: 1px solid rgba(150&comma;150&comma;150&comma;0.3); border-radius: 8px; margin-top: 10px;' src='https:\/\/ftp3.syscom.mx\/usuarios\/ftp\/single_page\/refri_epcom\/dia_1.jpg' alt='Diagrama conexi\u00f3n 12V'> <\/div>\n<div style='flex: 1 1 400px; min-width: 300px;'>\n<h4 style='font-size: 18px; margin-top: 0; color: inherit;'>Diagrama de conexi\u00f3n en 24 Vcc<\/h4>\n<p> <img style='width: 100%; height: auto; border: 1px solid rgba(150&comma;150&comma;150&comma;0.3); border-radius: 8px; margin-top: 10px;' src='https:\/\/ftp3.syscom.mx\/usuarios\/ftp\/single_page\/refri_epcom\/dia_2.jpg' alt='Diagrama conexi\u00f3n 24V'> <\/div>\n<\/p><\/div>\n<p style='margin-top: 20px; font-size: 14px; color: inherit; text-align: center;'> * Los diagramas son representativos&comma; para definir la capacidad del arreglo FV y la capacidad del banco de bater\u00edas es necesario realizar un dimensionamiento adecuado a cada zona&comma; para m\u00e1s informaci\u00f3n favor de comunicarse con el departamento de ingenier\u00eda. <\/p>\n<\/p><\/div>\n<p> <!-- Mantenimiento --> <\/p>\n<div style='margin-bottom: 30px;'>\n<h3 style='font-size: 20px; border-bottom: 2px solid currentColor; padding-bottom: 5px; margin-top: 0; color: inherit; opacity: 0.8;'>Mantenimiento<\/h3>\n<p style='margin-top: 15px; margin-bottom: 15px; color: inherit;'> Debido a que el refrigerador genera escarcha se recomienda realizar mantenimiento para eliminar la escarcha en el interior del refrigerador por lo menos cada 15 d\u00edas para evitar un bajo rendimiento del equipo. <\/p>\n<\/p><\/div>\n<p> <!-- Consideraciones --> <\/p>\n<div style='margin-bottom: 30px;'>\n<h3 style='font-size: 20px; border-bottom: 2px solid currentColor; padding-bottom: 5px; margin-top: 0; color: inherit; opacity: 0.8;'>Consideraciones<\/h3>\n<p style='margin-top: 15px; margin-bottom: 15px; color: inherit;'> El refrigerador tiene una clasificaci\u00f3n clim\u00e1tica N ~ ST&comma; en la cual&comma; el rango de temperatura ambiente es de 18 &#8211; 38 \u00b0C&comma; distintas condiciones ambientales pueden afectar el desempe\u00f1o del equipo&comma; incrementando su consumo y tiempo de operaci\u00f3n. Tiempo de operaci\u00f3n: 10 horas (la temperatura ambiente puede afectar directamente el tiempo de operaci\u00f3n del equipo). 4 Horas solares pico&comma; (siendo esto un promedio para M\u00e9xico&comma; dependiendo de la ubicaci\u00f3n este valor puede variar). <\/p>\n<p style='margin-top: 15px; font-size: 14px; color: inherit; text-align: center;'> * Se sugiere aclarar dudas con el departamento de ingenier\u00eda. <\/p>\n<\/p><\/div>\n<p> <!-- Imagen de fondo con consideraciones --> <\/p>\n<div style='margin-bottom: 30px;'>\n<div style='background-image: url('https:\/\/ftp3.syscom.mx\/usuarios\/ftp\/single_page\/refri_epcom\/re1.jpg'); background-size: cover; background-repeat: no-repeat; border-radius: 8px; background-position: center; padding: 30px; color: white;'>\n<div style='background-color: rgba(0&comma;0&comma;0&comma;0.5); padding: 20px; border-radius: 8px;'>\n<h3 style='font-size: 20px; margin-top: 0; color: inherit;'>Consideraciones Adicionales<\/h3>\n<p style='margin-bottom: 0; color: inherit;'> El refrigerador est\u00e1 dise\u00f1ado para funcionar en condiciones clim\u00e1ticas espec\u00edficas. Es importante considerar las condiciones ambientales locales para asegurar un \u00f3ptimo desempe\u00f1o del equipo. <\/p>\n<\/p><\/div>\n<\/p><\/div>\n<\/p><\/div>\n<\/p><\/div>\n","protected":false},"excerpt":{"rendered":"<p>Refrigerador Combinado Solar de 220L (7.7 ft3) &#8211; 12\/24V, Alta Capacidad, Optimo Para Operaci\u00f3n Sin Red El\u00e9ctrica, Rendimiento Superior.<\/p>\n","protected":false},"featured_media":45447,"comment_status":"open","ping_status":"closed","template":"","meta":[],"product_brand":[],"product_cat":[1155],"product_tag":[1156,1144,454],"class_list":{"0":"post-45448","1":"product","2":"type-product","3":"status-publish","4":"has-post-thumbnail","6":"product_cat-boilers-refrigeradores-congeladores","7":"product_tag-boilers-refrigeradores-congeladores","8":"product_tag-climatizacion-refrigeracion","9":"product_tag-epcom-powerline","11":"first","12":"instock","13":"sale","14":"shipping-taxable","15":"purchasable","16":"product-type-simple"},"_links":{"self":[{"href":"https:\/\/soydeaqui.ddns.net\/pachuca\/index.php\/wp-json\/wp\/v2\/product\/45448","targetHints":{"allow":["GET"]}}],"collection":[{"href":"https:\/\/soydeaqui.ddns.net\/pachuca\/index.php\/wp-json\/wp\/v2\/product"}],"about":[{"href":"https:\/\/soydeaqui.ddns.net\/pachuca\/index.php\/wp-json\/wp\/v2\/types\/product"}],"replies":[{"embeddable":true,"href":"https:\/\/soydeaqui.ddns.net\/pachuca\/index.php\/wp-json\/wp\/v2\/comments?post=45448"}],"wp:featuredmedia":[{"embeddable":true,"href":"https:\/\/soydeaqui.ddns.net\/pachuca\/index.php\/wp-json\/wp\/v2\/media\/45447"}],"wp:attachment":[{"href":"https:\/\/soydeaqui.ddns.net\/pachuca\/index.php\/wp-json\/wp\/v2\/media?parent=45448"}],"wp:term":[{"taxonomy":"product_brand","embeddable":true,"href":"https:\/\/soydeaqui.ddns.net\/pachuca\/index.php\/wp-json\/wp\/v2\/product_brand?post=45448"},{"taxonomy":"product_cat","embeddable":true,"href":"https:\/\/soydeaqui.ddns.net\/pachuca\/index.php\/wp-json\/wp\/v2\/product_cat?post=45448"},{"taxonomy":"product_tag","embeddable":true,"href":"https:\/\/soydeaqui.ddns.net\/pachuca\/index.php\/wp-json\/wp\/v2\/product_tag?post=45448"}],"curies":[{"name":"wp","href":"https:\/\/api.w.org\/{rel}","templated":true}]}}