{"id":45440,"date":"2026-03-18T20:08:40","date_gmt":"2026-03-18T20:08:40","guid":{"rendered":"https:\/\/soydeaqui.ddns.net\/pachuca\/index.php\/producto\/refrigerador-combinado-solar-de-105l-3-7-ft3-12-24v-solucion-todo-en-uno-para-aplicaciones-aisladas-y-eficiencia-energetica\/"},"modified":"2026-03-18T20:08:51","modified_gmt":"2026-03-18T20:08:51","slug":"refrigerador-combinado-solar-de-105l-3-7-ft3-12-24v-solucion-todo-en-uno-para-aplicaciones-aisladas-y-eficiencia-energetica","status":"publish","type":"product","link":"https:\/\/soydeaqui.ddns.net\/pachuca\/index.php\/producto\/refrigerador-combinado-solar-de-105l-3-7-ft3-12-24v-solucion-todo-en-uno-para-aplicaciones-aisladas-y-eficiencia-energetica\/","title":{"rendered":"Refrigerador Combinado Solar de 105L (3.7 ft3) &#8211; 12\/24V, Soluci\u00f3n Todo en uno para Aplicaciones Aisladas y Eficiencia Energ\u00e9tica."},"content":{"rendered":"<div style='width: 100%; max-width: 1200px; margin: 0 auto; font-family: sans-serif; line-height: 1.6; color: inherit; background-color: transparent;'>\n<div style='width: 100%; margin-bottom: 30px;'> <img style='width: 100%; height: auto; border: 1px solid rgba(150&comma;150&comma;150&comma;0.3); border-radius: 8px;' src='https:\/\/ftp3.syscom.mx\/usuarios\/ftp\/single_page\/refri_epcom\/refri_1.jpg' alt='Refrigerador Combinado Solar'> <\/div>\n<div style='width: 100%; margin-bottom: 30px;'>\n<p style='font-size: 15px; color: inherit; text-align: justify;'>Nuestro refrigerador combinado solar de 105L es una soluci\u00f3n todo en uno para aplicaciones aisladas de la red el\u00e9ctrica. Opera en 12 o 24 Vcc&comma; lo que elimina la necesidad de un inversor y reduce costos y posibilidades de fallo en el sistema. Ofrece un dise\u00f1o compacto&comma; ahorro energ\u00e9tico y compatibilidad con sistemas de voltaje variable.<\/p>\n<\/p><\/div>\n<div style='display: flex; flex-wrap: wrap; gap: 30px; margin-bottom: 30px;'>\n<div style='flex: 1 1 300px; min-width: 280px;'>\n<h3 style='font-size: 20px; border-bottom: 2px solid currentColor; padding-bottom: 5px; margin-top: 0; color: inherit; opacity: 0.8;'>IMPORTANTE<\/h3>\n<div style='font-size: 15px; color: inherit;'>\n<p style='margin-top: 0;'>Cuando un refrigerador llega por paqueter\u00eda&comma; es crucial dejarlo reposar antes de conectarlo para evitar da\u00f1os en el compresor y en el sistema de refrigeraci\u00f3n. Esto se debe a que&comma; durante el transporte&comma; el aceite interno puede desplazarse hacia las tuber\u00edas.<\/p>\n<p>Tiempos recomendados:<\/p>\n<ul style='padding-left: 20px; margin: 0 0 15px 20px;'>\n<li>M\u00ednimo 4 horas si el refrigerador se transporta o recibe en posici\u00f3n vertical.<\/li>\n<li>Hasta 24 horas si el refrigerador en el transporte fue inclinado&comma; sometido a movimientos bruscos o si se recibe acostado.<\/li>\n<\/ul><\/div>\n<\/p><\/div>\n<div style='flex: 1 1 300px; min-width: 280px;'>\n<h3 style='font-size: 20px; border-bottom: 2px solid currentColor; padding-bottom: 5px; margin-top: 0; color: inherit; opacity: 0.8;'>Especificaciones t\u00e9cnicas<\/h3>\n<ul style='padding-left: 20px; margin: 0; font-size: 15px; color: inherit;'>\n<li style='margin-bottom: 5px;'><strong>Voltaje de entrada:<\/strong> 12\/24 Vcc<\/li>\n<li style='margin-bottom: 5px;'><strong>Capacidad (total):<\/strong> 105 L (3.7 ft3)<\/li>\n<li style='margin-bottom: 5px;'><strong>Capacidad (refrigerador):<\/strong> 70 L<\/li>\n<li style='margin-bottom: 5px;'><strong>Capacidad (congelador):<\/strong> 35 L<\/li>\n<li style='margin-bottom: 5px;'><strong>Consumo:<\/strong> 65 W<\/li>\n<li style='margin-bottom: 5px;'><strong>Rango de temperatura (refrigerador):<\/strong> 0 &#8211; 10 \u00b0C<\/li>\n<li style='margin-bottom: 5px;'><strong>Rango de temperatura (congelador):<\/strong> >-18 \u00b0C<\/li>\n<li style='margin-bottom: 5px;'><strong>Refrigerante:<\/strong> R600a<\/li>\n<li style='margin-bottom: 5px;'><strong>Dimensiones:<\/strong> 454 x 460 x 1122 mm<\/li>\n<li style='margin-bottom: 5px;'><strong>Peso:<\/strong> 31 kg<\/li>\n<\/ul><\/div>\n<div style='flex: 1 1 300px; min-width: 280px;'> <img style='width: 100%; height: auto; border: 1px solid rgba(150&comma;150&comma;150&comma;0.3); border-radius: 8px;' src='https:\/\/ftp3.syscom.mx\/usuarios\/ftp\/single_page\/refri_epcom\/re3.jpg' alt='Refrigerador Combinado Solar'> <\/div>\n<\/p><\/div>\n<div style='width: 100%; margin-bottom: 30px;'>\n<h3 style='font-size: 20px; border-bottom: 2px solid currentColor; padding-bottom: 5px; margin-top: 0; color: inherit; opacity: 0.8;'>Diagrama de conexi\u00f3n en 12 Vcc (Sistema de alimentaci\u00f3n NO incluido)<\/h3>\n<div style='width: 100%; margin: 20px 0;'> <img style='width: 100%; height: auto; border: 1px solid rgba(150&comma;150&comma;150&comma;0.3); border-radius: 8px;' src='https:\/\/ftp3.syscom.mx\/usuarios\/ftp\/single_page\/refri_epcom\/dia_1.jpg' alt='Diagrama de conexi\u00f3n 12V'> <\/div>\n<\/p><\/div>\n<div style='width: 100%; margin-bottom: 30px;'>\n<h3 style='font-size: 20px; border-bottom: 2px solid currentColor; padding-bottom: 5px; margin-top: 0; color: inherit; opacity: 0.8;'>Diagrama de conexi\u00f3n en 24 Vcc<\/h3>\n<div style='width: 100%; margin: 20px 0;'> <img style='width: 100%; height: auto; border: 1px solid rgba(150&comma;150&comma;150&comma;0.3); border-radius: 8px;' src='https:\/\/ftp3.syscom.mx\/usuarios\/ftp\/single_page\/refri_epcom\/dia_2.jpg' alt='Diagrama de conexi\u00f3n 24V'> <\/div>\n<\/p><\/div>\n<div style='width: 100%; margin-bottom: 30px;'>\n<p style='font-size: 14px; color: inherit; text-align: center;'>* Los diagramas son representativos&comma; para definir la capacidad del arreglo FV y la capacidad del banco de bater\u00edas es necesario realizar un dimensionamiento adecuado a cada zona&comma; para m\u00e1s informaci\u00f3n favor de comunicarse con el departamento de ingenier\u00eda.<\/p>\n<\/p><\/div>\n<div style='width: 100%; margin-bottom: 30px;'>\n<h3 style='font-size: 20px; border-bottom: 2px solid currentColor; padding-bottom: 5px; margin-top: 0; color: inherit; opacity: 0.8;'>Mantenimiento<\/h3>\n<p style='font-size: 15px; color: inherit;'>Debido a que el refrigerador genera escarcha se recomienda realizar mantenimiento para eliminar la escarcha en el interior del refrigerador por lo menos cada 15 d\u00edas para evitar un bajo rendimiento del equipo.<\/p>\n<\/p><\/div>\n<div style='width: 100%; margin-bottom: 30px; position: relative; padding-bottom: 56.25%; height: 0; overflow: hidden;'>\n<div style='position: absolute; top: 0; left: 0; width: 100%; height: 100%; background-image: url(https:\/\/ftp3.syscom.mx\/usuarios\/ftp\/single_page\/refri_epcom\/re1.jpg); background-size: cover; background-repeat: no-repeat; border-radius: 8px; background-position: center;'>\n<div style='padding: 30px; background: rgba(255&comma;255&comma;255&comma;0.8); position: absolute; bottom: 0; left: 0; right: 0;'>\n<h3 style='font-size: 20px; border-bottom: 2px solid currentColor; padding-bottom: 5px; margin-top: 0; color: inherit; opacity: 0.8;'>Consideraciones<\/h3>\n<p style='font-size: 15px; color: inherit; margin: 0;'>El refrigerador tiene una clasificaci\u00f3n clim\u00e1tica N ~ ST&comma; en la cual&comma; el rango de temperatura ambiente es de 18 &#8211; 38 \u00b0C&comma; distintas condiciones ambientales pueden afectar el desempe\u00f1o del equipo&comma; incrementando su consumo y tiempo de operaci\u00f3n. Tiempo de operaci\u00f3n: 10 horas (la temperatura ambiente puede afectar directamente el tiempo de operaci\u00f3n del equipo). 4 Horas solares pico&comma; (siendo esto un promedio para M\u00e9xico&comma; dependiendo de la ubicaci\u00f3n este valor puede variar).<\/p>\n<p style='font-size: 14px; color: inherit; margin-top: 15px;'>* Se sugiere aclarar dudas con el departamento de ingenier\u00eda.<\/p>\n<\/p><\/div>\n<\/p><\/div>\n<\/p><\/div>\n<\/p><\/div>\n","protected":false},"excerpt":{"rendered":"<p>Refrigerador Combinado Solar de 105L (3.7 ft3) &#8211; 12\/24V, Soluci\u00f3n Todo en uno para Aplicaciones Aisladas y Eficiencia Energ\u00e9tica.<\/p>\n","protected":false},"featured_media":45439,"comment_status":"open","ping_status":"closed","template":"","meta":[],"product_brand":[],"product_cat":[1155],"product_tag":[1156,1144,454],"class_list":{"0":"post-45440","1":"product","2":"type-product","3":"status-publish","4":"has-post-thumbnail","6":"product_cat-boilers-refrigeradores-congeladores","7":"product_tag-boilers-refrigeradores-congeladores","8":"product_tag-climatizacion-refrigeracion","9":"product_tag-epcom-powerline","11":"first","12":"instock","13":"sale","14":"shipping-taxable","15":"purchasable","16":"product-type-simple"},"_links":{"self":[{"href":"https:\/\/soydeaqui.ddns.net\/pachuca\/index.php\/wp-json\/wp\/v2\/product\/45440","targetHints":{"allow":["GET"]}}],"collection":[{"href":"https:\/\/soydeaqui.ddns.net\/pachuca\/index.php\/wp-json\/wp\/v2\/product"}],"about":[{"href":"https:\/\/soydeaqui.ddns.net\/pachuca\/index.php\/wp-json\/wp\/v2\/types\/product"}],"replies":[{"embeddable":true,"href":"https:\/\/soydeaqui.ddns.net\/pachuca\/index.php\/wp-json\/wp\/v2\/comments?post=45440"}],"wp:featuredmedia":[{"embeddable":true,"href":"https:\/\/soydeaqui.ddns.net\/pachuca\/index.php\/wp-json\/wp\/v2\/media\/45439"}],"wp:attachment":[{"href":"https:\/\/soydeaqui.ddns.net\/pachuca\/index.php\/wp-json\/wp\/v2\/media?parent=45440"}],"wp:term":[{"taxonomy":"product_brand","embeddable":true,"href":"https:\/\/soydeaqui.ddns.net\/pachuca\/index.php\/wp-json\/wp\/v2\/product_brand?post=45440"},{"taxonomy":"product_cat","embeddable":true,"href":"https:\/\/soydeaqui.ddns.net\/pachuca\/index.php\/wp-json\/wp\/v2\/product_cat?post=45440"},{"taxonomy":"product_tag","embeddable":true,"href":"https:\/\/soydeaqui.ddns.net\/pachuca\/index.php\/wp-json\/wp\/v2\/product_tag?post=45440"}],"curies":[{"name":"wp","href":"https:\/\/api.w.org\/{rel}","templated":true}]}}