{"id":45433,"date":"2026-03-18T20:08:30","date_gmt":"2026-03-18T20:08:30","guid":{"rendered":"https:\/\/soydeaqui.ddns.net\/pachuca\/index.php\/producto\/adaptador-plugin-zigbee-para-panel-akubox\/"},"modified":"2026-03-18T20:08:31","modified_gmt":"2026-03-18T20:08:31","slug":"adaptador-plugin-zigbee-para-panel-akubox","status":"publish","type":"product","link":"https:\/\/soydeaqui.ddns.net\/pachuca\/index.php\/producto\/adaptador-plugin-zigbee-para-panel-akubox\/","title":{"rendered":"Adaptador PlugIn ZigBee para panel Akubox"},"content":{"rendered":"<div style='width: 100%; max-width: 1200px; margin: 0 auto; font-family: sans-serif; line-height: 1.6; color: inherit;'>\n<p style='text-align: center; font-size: 16px; margin: 15px 0;'><strong>Introducci\u00f3n del producto<\/strong><\/p>\n<p style='text-align: justify; font-size: 14px; margin: 15px 0;'>Este enchufe inteligente&comma; dise\u00f1ado especialmente con el protocolo ZigBee. Puede integrarlo con l\u00e1mparas de piso&comma; de escritorio&comma; ventiladores o cualquier electrodom\u00e9stico inteligente. Integrable con <strong>HyPanel Akubela<\/strong>.<\/p>\n<div style='display: flex; flex-wrap: wrap; gap: 20px; margin: 30px 0;'>\n<div style='flex: 1 1 300px; min-width: 250px;'>\n<div style='border-left: 5px solid #0091ff; border-radius: 5px; padding: 10px; box-shadow: 2px 2px 10px rgba(216&comma; 216&comma; 216&comma; 0.5);'>\n<h3 style='margin-top: 0; margin-bottom: 15px; font-size: 18px; color: inherit; opacity: 0.8; border-bottom: 2px solid currentColor; padding-bottom: 5px;'>Caracter\u00edsticas principales<\/h3>\n<ul style='padding-left: 20px; margin: 0; font-size: 14px; color: inherit;'>\n<li style='margin-bottom: 8px;'>Alimentaci\u00f3n: 110 &#8211; 240 VCA&comma; 50\/60HZ<\/li>\n<li style='margin-bottom: 8px;'>Rango de operaci\u00f3n temperatura: -20 a 45 C<\/li>\n<li style='margin-bottom: 8px;'>Rango de operaci\u00f3n humedad: 0 a 80%RH<\/li>\n<li style='margin-bottom: 8px;'>Red inal\u00e1mbrica: ZigBee 3.0<\/li>\n<\/ul><\/div>\n<\/p><\/div>\n<div style='flex: 1 1 300px; min-width: 250px;'>\n<div style='border-left: 5px solid #0091ff; border-radius: 5px; padding: 10px; box-shadow: 2px 2px 10px rgba(216&comma; 216&comma; 216&comma; 0.5);'>\n<h3 style='margin-top: 0; margin-bottom: 15px; font-size: 18px; color: inherit; opacity: 0.8; border-bottom: 2px solid currentColor; padding-bottom: 5px;'>Caracter\u00edsticas F\u00edsicas y El\u00e9ctricas<\/h3>\n<ul style='padding-left: 20px; margin: 0; font-size: 14px; color: inherit;'>\n<li style='margin-bottom: 8px;'>Tama\u00f1o: 69.9&#215;39.8&#215;31.4 mm<\/li>\n<li style='margin-bottom: 8px;'>Carga m\u00e1xima: 1800W&comma; 10A<\/li>\n<li style='margin-bottom: 8px;'>Consumo: <0.3W<\/li>\n<\/ul><\/div>\n<\/p><\/div>\n<div style='flex: 1 1 300px; min-width: 250px;'>\n<div style='border-left: 5px solid #0091ff; border-radius: 5px; padding: 10px; box-shadow: 2px 2px 10px rgba(216&comma; 216&comma; 216&comma; 0.5);'>\n<h3 style='margin-top: 0; margin-bottom: 15px; font-size: 18px; color: inherit; opacity: 0.8; border-bottom: 2px solid currentColor; padding-bottom: 5px;'>Caracter\u00edsticas Destacadas<\/h3>\n<ul style='padding-left: 20px; margin: 0; font-size: 14px; color: inherit;'>\n<li style='margin-bottom: 8px;'>Material: ABS<\/li>\n<li style='margin-bottom: 8px;'>Cobertura inal\u00e1mbrica: 30m l\u00ednea de vista<\/li>\n<li style='margin-bottom: 8px;'>Es necesario el HUB de Akubela para su control desde App o tablero inteligente.<\/li>\n<\/ul><\/div>\n<\/p><\/div>\n<\/p><\/div>\n<\/p><\/div>\n","protected":false},"excerpt":{"rendered":"<p>Adaptador PlugIn ZigBee para panel Akubox<\/p>\n","protected":false},"featured_media":45432,"comment_status":"open","ping_status":"closed","template":"","meta":[],"product_brand":[],"product_cat":[56],"product_tag":[97,30,57],"class_list":{"0":"post-45433","1":"product","2":"type-product","3":"status-publish","4":"has-post-thumbnail","6":"product_cat-control-de-iluminacion","7":"product_tag-akubela","8":"product_tag-automatizacion-casa-inteligente","9":"product_tag-control-de-iluminacion","11":"first","12":"outofstock","13":"sale","14":"shipping-taxable","15":"purchasable","16":"product-type-simple"},"_links":{"self":[{"href":"https:\/\/soydeaqui.ddns.net\/pachuca\/index.php\/wp-json\/wp\/v2\/product\/45433","targetHints":{"allow":["GET"]}}],"collection":[{"href":"https:\/\/soydeaqui.ddns.net\/pachuca\/index.php\/wp-json\/wp\/v2\/product"}],"about":[{"href":"https:\/\/soydeaqui.ddns.net\/pachuca\/index.php\/wp-json\/wp\/v2\/types\/product"}],"replies":[{"embeddable":true,"href":"https:\/\/soydeaqui.ddns.net\/pachuca\/index.php\/wp-json\/wp\/v2\/comments?post=45433"}],"wp:featuredmedia":[{"embeddable":true,"href":"https:\/\/soydeaqui.ddns.net\/pachuca\/index.php\/wp-json\/wp\/v2\/media\/45432"}],"wp:attachment":[{"href":"https:\/\/soydeaqui.ddns.net\/pachuca\/index.php\/wp-json\/wp\/v2\/media?parent=45433"}],"wp:term":[{"taxonomy":"product_brand","embeddable":true,"href":"https:\/\/soydeaqui.ddns.net\/pachuca\/index.php\/wp-json\/wp\/v2\/product_brand?post=45433"},{"taxonomy":"product_cat","embeddable":true,"href":"https:\/\/soydeaqui.ddns.net\/pachuca\/index.php\/wp-json\/wp\/v2\/product_cat?post=45433"},{"taxonomy":"product_tag","embeddable":true,"href":"https:\/\/soydeaqui.ddns.net\/pachuca\/index.php\/wp-json\/wp\/v2\/product_tag?post=45433"}],"curies":[{"name":"wp","href":"https:\/\/api.w.org\/{rel}","templated":true}]}}