{"id":45428,"date":"2026-03-18T20:08:23","date_gmt":"2026-03-18T20:08:23","guid":{"rendered":"https:\/\/soydeaqui.ddns.net\/pachuca\/index.php\/producto\/soporte-para-colgar-el-control-remoto-mini-split-aufit-100-hecho-en-mexico\/"},"modified":"2026-03-18T20:08:28","modified_gmt":"2026-03-18T20:08:28","slug":"soporte-para-colgar-el-control-remoto-mini-split-aufit-100-hecho-en-mexico","status":"publish","type":"product","link":"https:\/\/soydeaqui.ddns.net\/pachuca\/index.php\/producto\/soporte-para-colgar-el-control-remoto-mini-split-aufit-100-hecho-en-mexico\/","title":{"rendered":"Soporte \/ Para colgar el control remoto \/ mini split AUFIT\/ 100% hecho en M\u00e9xico"},"content":{"rendered":"<div style='width: 100%; max-width: 1200px; margin: 0 auto; font-family: sans-serif; line-height: 1.6; color: inherit; background-color: transparent;'>\n<div style='display: flex; flex-wrap: wrap; gap: 30px; margin-bottom: 30px;'>\n<div style='flex: 1 1 300px; min-width: 280px;'>\n<h3 style='font-size: 22px; border-bottom: 2px solid currentColor; padding-bottom: 5px; margin-top: 0; color: inherit; opacity: 0.8;'>Caracter\u00edsticas<\/h3>\n<ul style='padding-left: 20px; font-size: 15px; color: inherit;'>\n<li style='margin-bottom: 5px;'>Material \u00e1cido poli-l\u00e1ctico<\/li>\n<li style='margin-bottom: 5px;'><a style='color: inherit; text-decoration: none;' href='https:\/\/www.google.com\/search?sca_esv=1ba2041d0738a613&#038;q=%C3%A1cido+polil%C3%A1ctico+f%C3%B3rmula&#038;stick=H4sIAAAAAAAAAOPgE-LUz9U3MDcsy67SUs9OttJPzkjNzSwuKaqEsJITc-KT83ML8kvzUqzS8otyS3MSF7HKHF6YnJmSr1CQn5OZA2SXZCbnK6Qd3gyWBgCv-fhfVQAAAA&#038;sa=X&#038;ved=2ahUKEwjYsYu22LeEAxXkM0QIHRKTCgAQ6BMoAHoECDUQAg' target='_blank' rel='noopener'>F\u00f3rmula<\/a>: (C<sub>3<\/sub>H<sub>4<\/sub>O<sub>2<\/sub>)<sub>n<\/sub><\/li>\n<li style='margin-bottom: 5px;'>Soporte para control remoto AUFIT<\/li>\n<li style='margin-bottom: 5px;'><strong>Control remoto: <\/strong>no incluido<\/li>\n<\/ul><\/div>\n<div style='flex: 1 1 300px; min-width: 280px;'>\n<h3 style='font-size: 22px; border-bottom: 2px solid currentColor; padding-bottom: 5px; margin-top: 0; color: inherit; opacity: 0.8;'>Especificaciones F\u00edsicas<\/h3>\n<ul style='padding-left: 20px; font-size: 15px; color: inherit;'>\n<li style='margin-bottom: 5px;'>Material Pl\u00e1stico PLA<\/li>\n<li style='margin-bottom: 5px;'>Color: Blanco<\/li>\n<li style='margin-bottom: 5px;'><strong>Bolsa Biodegradable<\/strong><\/li>\n<li style='margin-bottom: 5px;'><strong>Temperatura de operaci\u00f3n: <\/strong>-20 \u00b0C a 70 \u00b0C<\/li>\n<li style='margin-bottom: 5px;'><strong>Dimensiones (L x W x H): <\/strong>80 x 25 x 100 mm<\/li>\n<\/ul><\/div>\n<div style='flex: 1 1 300px; min-width: 280px;'>\n<h3 style='font-size: 22px; border-bottom: 2px solid currentColor; padding-bottom: 5px; margin-top: 0; color: inherit; opacity: 0.8;'>Aplicaciones<\/h3>\n<ul style='padding-left: 20px; font-size: 15px; color: inherit;'>\n<li style='margin-bottom: 5px;'><strong>Para uso en controles remotos AUFIT<\/strong><\/li>\n<\/ul><\/div>\n<\/p><\/div>\n<div style='display: flex; flex-wrap: wrap; gap: 30px; margin-bottom: 30px;'>\n<div style='flex: 1 1 300px; min-width: 280px;'>\n<h3 style='font-size: 22px; border-bottom: 2px solid currentColor; padding-bottom: 5px; margin-top: 0; color: inherit; opacity: 0.8;'>Descripci\u00f3n<\/h3>\n<p style='font-size: 15px; color: inherit;'>El portacontrol esta basado en la construcci\u00f3n de \u00e1cido poli-l\u00e1ctico&comma; este es un pol\u00edmero biodegradable derivado del \u00e1cido l\u00e1ctico. Es un material altamente vers\u00e1til&comma; que se hace a partir de recursos renovables al 100%&comma; como son: el ma\u00edz&comma; la remolacha&comma; el trigo y otros productos ricos en almid\u00f3n.<\/p>\n<\/p><\/div>\n<\/p><\/div>\n<div style='display: flex; flex-wrap: wrap; gap: 30px; margin-bottom: 30px;'>\n<div style='flex: 1 1 300px; min-width: 280px;'>\n<h3 style='font-size: 22px; border-bottom: 2px solid currentColor; padding-bottom: 5px; margin-top: 0; color: inherit; opacity: 0.8;'>Im\u00e1genes<\/h3>\n<div style='display: flex; flex-wrap: wrap; gap: 15px;'>\n<div style='flex: 1 1 200px; min-width: 180px;'> <img style='width: 100%; height: auto; border: 1px solid rgba(150&comma;150&comma;150&comma;0.3); border-radius: 8px;' src='https:\/\/ftp3.syscom.mx\/usuarios\/fotos\/BancoFotografiasSyscom\/SYSCOM\/BCRAUFIT\/BCRAUFIT-AD-3-p.PNG' alt=''> <\/div>\n<div style='flex: 1 1 200px; min-width: 180px;'> <img style='width: 100%; height: auto; border: 1px solid rgba(150&comma;150&comma;150&comma;0.3); border-radius: 8px;' src='https:\/\/ftp3.syscom.mx\/usuarios\/fotos\/BancoFotografiasSyscom\/SYSCOM\/BCRAUFIT\/BCRAUFIT-p.PNG' alt=''> <\/div>\n<div style='flex: 1 1 200px; min-width: 180px;'> <img style='width: 100%; height: auto; border: 1px solid rgba(150&comma;150&comma;150&comma;0.3); border-radius: 8px;' src='https:\/\/ftp3.syscom.mx\/usuarios\/fotos\/BancoFotografiasSyscom\/SYSCOM\/BCRAUFIT\/BCRAUFIT-AD-1-p.PNG' alt=''> <\/div>\n<\/p><\/div>\n<\/p><\/div>\n<\/p><\/div>\n<\/p><\/div>\n","protected":false},"excerpt":{"rendered":"<p>Soporte \/ Para colgar el control remoto \/ mini split AUFIT\/ 100% hecho en M\u00e9xico<\/p>\n","protected":false},"featured_media":45427,"comment_status":"open","ping_status":"closed","template":"","meta":[],"product_brand":[],"product_cat":[1146],"product_tag":[1144,1147,63],"class_list":{"0":"post-45428","1":"product","2":"type-product","3":"status-publish","4":"has-post-thumbnail","6":"product_cat-refrigeracion-casa-oficina-industrial","7":"product_tag-climatizacion-refrigeracion","8":"product_tag-refrigeracion-casa-oficina-industrial","9":"product_tag-syscom","11":"first","12":"instock","13":"sale","14":"shipping-taxable","15":"purchasable","16":"product-type-simple"},"_links":{"self":[{"href":"https:\/\/soydeaqui.ddns.net\/pachuca\/index.php\/wp-json\/wp\/v2\/product\/45428","targetHints":{"allow":["GET"]}}],"collection":[{"href":"https:\/\/soydeaqui.ddns.net\/pachuca\/index.php\/wp-json\/wp\/v2\/product"}],"about":[{"href":"https:\/\/soydeaqui.ddns.net\/pachuca\/index.php\/wp-json\/wp\/v2\/types\/product"}],"replies":[{"embeddable":true,"href":"https:\/\/soydeaqui.ddns.net\/pachuca\/index.php\/wp-json\/wp\/v2\/comments?post=45428"}],"wp:featuredmedia":[{"embeddable":true,"href":"https:\/\/soydeaqui.ddns.net\/pachuca\/index.php\/wp-json\/wp\/v2\/media\/45427"}],"wp:attachment":[{"href":"https:\/\/soydeaqui.ddns.net\/pachuca\/index.php\/wp-json\/wp\/v2\/media?parent=45428"}],"wp:term":[{"taxonomy":"product_brand","embeddable":true,"href":"https:\/\/soydeaqui.ddns.net\/pachuca\/index.php\/wp-json\/wp\/v2\/product_brand?post=45428"},{"taxonomy":"product_cat","embeddable":true,"href":"https:\/\/soydeaqui.ddns.net\/pachuca\/index.php\/wp-json\/wp\/v2\/product_cat?post=45428"},{"taxonomy":"product_tag","embeddable":true,"href":"https:\/\/soydeaqui.ddns.net\/pachuca\/index.php\/wp-json\/wp\/v2\/product_tag?post=45428"}],"curies":[{"name":"wp","href":"https:\/\/api.w.org\/{rel}","templated":true}]}}