{"id":45350,"date":"2026-03-18T20:06:01","date_gmt":"2026-03-18T20:06:01","guid":{"rendered":"https:\/\/soydeaqui.ddns.net\/pachuca\/index.php\/producto\/zapata-de-compresion-lca3-0-12-x-para-cal-3-0-awg-barreno-para-tornillo-prisionero-de-1-2-1-pz\/"},"modified":"2026-03-18T20:06:04","modified_gmt":"2026-03-18T20:06:04","slug":"zapata-de-compresion-lca3-0-12-x-para-cal-3-0-awg-barreno-para-tornillo-prisionero-de-1-2-1-pz","status":"publish","type":"product","link":"https:\/\/soydeaqui.ddns.net\/pachuca\/index.php\/producto\/zapata-de-compresion-lca3-0-12-x-para-cal-3-0-awg-barreno-para-tornillo-prisionero-de-1-2-1-pz\/","title":{"rendered":"Zapata de compresi\u00f3n LCA3\/0-12-X para cal. 3\/0 Awg, Barreno para tornillo prisionero de 1\/2, 1 Pz"},"content":{"rendered":"<div style='width: 100%; max-width: 1200px; margin: 0 auto; font-family: sans-serif; line-height: 1.6; color: inherit; background-color: transparent;'> <!-- Logo y t\u00edtulo --> <\/p>\n<div style='display: flex; flex-direction: column; align-items: center; text-align: center; margin-bottom: 30px;'> <img style='width: 100%; max-width: 300px; height: auto; border: 1px solid rgba(150&comma;150&comma;150&comma;0.3); border-radius: 8px;' src='https:\/\/ftp3.syscom.mx\/usuarios\/fotos\/SCL2\/0X\/214870-217843-panduit-logo-tm-negro-fondo_trans30-01_(002)_(1).png' alt='Logo Panduit'> <\/p>\n<h1 style='font-size: 26px; margin: 20px 0 10px 0; color: inherit; opacity: 0.9; font-weight: 500;'>Pan-Lug\u2122 Terminal de Compresi\u00f3n de Cobre con Orificio 1\/2&#8217;&comma; para Cable 3\/0 AWG.<\/h1>\n<h3 style='font-size: 22px; margin: 5px 0 0 0; color: inherit; opacity: 0.8;'>LCA3\/0-12-X<\/h3>\n<\/p><\/div>\n<p> <!-- Descripci\u00f3n principal --> <\/p>\n<div style='margin-bottom: 30px;'>\n<p style='font-size: 16px; color: inherit; margin: 0 0 15px 0;'> Tal\u00f3n de compresi\u00f3n de cobre esta\u00f1ado LCA3 0-12-X&comma; un orificio&comma; tambor est\u00e1ndar&comma; tambores codificados por color marcados con n\u00fameros de \u00edndice de dado de Panduit y de un competidor especificado para la adecuada selecci\u00f3n de dados. Una mirilla de inspecci\u00f3n ayuda a comprobar visualmente la inserci\u00f3n total del conductor&comma; y el material esta\u00f1ado previene la corrosi\u00f3n. Listado UL y certificado por CSA para 35 KV y con calificaci\u00f3n de temperatura hasta 90\u00b0C. <\/p>\n<\/p><\/div>\n<p> <!-- Imagen del producto --> <\/p>\n<div style='margin-bottom: 30px;'> <img style='width: 100%; height: auto; border: 1px solid rgba(150&comma;150&comma;150&comma;0.3); border-radius: 8px;' src='https:\/\/ftp3.syscom.mx\/usuarios\/fotos\/LCA3\/012X\/226499-captura_de_pantalla_2024-01-18_a_la(s)_1.00.21 p.m..png' alt='Pan-Lug\u2122 Terminal de Compresi\u00f3n de Cobre LCA3\/0-12-X'> <\/div>\n<p> <!-- Separador final --> <\/p>\n<hr style='border: 0; border-top: 1px solid rgba(150&comma;150&comma;150&comma;0.3); margin: 30px 0;'> <\/div>\n","protected":false},"excerpt":{"rendered":"<p>Zapata de compresi\u00f3n LCA3\/0-12-X para cal. 3\/0 Awg, Barreno para tornillo prisionero de 1\/2, 1 Pz<\/p>\n","protected":false},"featured_media":45349,"comment_status":"open","ping_status":"closed","template":"","meta":[],"product_brand":[],"product_cat":[1090],"product_tag":[1091,1088,445],"class_list":{"0":"post-45350","1":"product","2":"type-product","3":"status-publish","4":"has-post-thumbnail","6":"product_cat-accesorios-para-tierra-fisica","7":"product_tag-accesorios-para-tierra-fisica","8":"product_tag-calidad-de-la-energia","9":"product_tag-panduit","11":"first","12":"instock","13":"sale","14":"shipping-taxable","15":"purchasable","16":"product-type-simple"},"_links":{"self":[{"href":"https:\/\/soydeaqui.ddns.net\/pachuca\/index.php\/wp-json\/wp\/v2\/product\/45350","targetHints":{"allow":["GET"]}}],"collection":[{"href":"https:\/\/soydeaqui.ddns.net\/pachuca\/index.php\/wp-json\/wp\/v2\/product"}],"about":[{"href":"https:\/\/soydeaqui.ddns.net\/pachuca\/index.php\/wp-json\/wp\/v2\/types\/product"}],"replies":[{"embeddable":true,"href":"https:\/\/soydeaqui.ddns.net\/pachuca\/index.php\/wp-json\/wp\/v2\/comments?post=45350"}],"wp:featuredmedia":[{"embeddable":true,"href":"https:\/\/soydeaqui.ddns.net\/pachuca\/index.php\/wp-json\/wp\/v2\/media\/45349"}],"wp:attachment":[{"href":"https:\/\/soydeaqui.ddns.net\/pachuca\/index.php\/wp-json\/wp\/v2\/media?parent=45350"}],"wp:term":[{"taxonomy":"product_brand","embeddable":true,"href":"https:\/\/soydeaqui.ddns.net\/pachuca\/index.php\/wp-json\/wp\/v2\/product_brand?post=45350"},{"taxonomy":"product_cat","embeddable":true,"href":"https:\/\/soydeaqui.ddns.net\/pachuca\/index.php\/wp-json\/wp\/v2\/product_cat?post=45350"},{"taxonomy":"product_tag","embeddable":true,"href":"https:\/\/soydeaqui.ddns.net\/pachuca\/index.php\/wp-json\/wp\/v2\/product_tag?post=45350"}],"curies":[{"name":"wp","href":"https:\/\/api.w.org\/{rel}","templated":true}]}}