{"id":453,"date":"2026-03-18T05:39:49","date_gmt":"2026-03-18T05:39:49","guid":{"rendered":"https:\/\/soydeaqui.ddns.net\/pachuca\/index.php\/producto\/cerradura-inteligente-inalambrica-zigbee-ip65-compatible-con-pantallas-akubela\/"},"modified":"2026-03-18T05:39:51","modified_gmt":"2026-03-18T05:39:51","slug":"cerradura-inteligente-inalambrica-zigbee-ip65-compatible-con-pantallas-akubela","status":"publish","type":"product","link":"https:\/\/soydeaqui.ddns.net\/pachuca\/index.php\/producto\/cerradura-inteligente-inalambrica-zigbee-ip65-compatible-con-pantallas-akubela\/","title":{"rendered":"Cerradura inteligente inal\u00e1mbrica ZigBee. IP65, compatible con pantallas Akubela"},"content":{"rendered":"<div style='width: 100%; max-width: 1200px; margin: 0 auto; font-family: sans-serif; line-height: 1.6; color: inherit; background-color: transparent;'> <!-- Introducci\u00f3n --> <\/p>\n<div style='margin-bottom: 30px;'>\n<p style='text-align: center; font-weight: bold; color: inherit; margin-bottom: 15px;'>Introducci\u00f3n del producto<\/p>\n<p style='text-align: justify; color: inherit; margin-bottom: 15px;'>Cerradura Inteligente: con reconocimiento de huella dactilar de grado encriptado&comma; esta cerradura garantiza una experiencia de uso segura y fluida. Su tecnolog\u00eda avanzada de detecci\u00f3n de huellas mejora la precisi\u00f3n y la comodidad. Desbloquea mediante huella dactilar&comma; tarjeta IC&comma; contrase\u00f1a o llave mec\u00e1nica: cinco opciones en una.<\/p>\n<p style='text-align: justify; color: inherit; margin-bottom: 15px;'>El cilindro de cerradura antirrobo de clase C superior supera los est\u00e1ndares nacionales de m\u00e1xima seguridad. Su dise\u00f1o ergon\u00f3mico con manija libre integrada se adapta a la ingenier\u00eda humana. La manija intercambiable izquierda\/derecha se ajusta a tus necesidades. Eleva tu hogar con esta cerradura inteligente que combina tecnolog\u00eda de vanguardia y comodidad superior.<\/p>\n<p style='text-align: center; color: inherit; margin-bottom: 15px;'>La mezcla perfecta de seguridad y confort.<\/p>\n<\/p><\/div>\n<p> <!-- Secci\u00f3n de caracter\u00edsticas --> <\/p>\n<div style='display: flex; flex-wrap: wrap; gap: 20px; margin-bottom: 30px;'> <!-- Caracter\u00edstica 1 --> <\/p>\n<div style='flex: 1 1 300px; min-width: 280px; border: 1px solid rgba(150&comma; 150&comma; 150&comma; 0.4); border-radius: 8px; overflow: hidden;'>\n<div style='padding: 15px; border-bottom: 1px solid rgba(150&comma; 150&comma; 150&comma; 0.2); font-weight: bold; font-size: 18px; color: inherit;'>M\u00faltiples m\u00e9todos de acceso (5 en 1)<\/div>\n<div style='padding: 15px; color: inherit;'>\n<ul style='padding-left: 20px; margin: 0; font-size: 14px; list-style-type: disc; color: inherit;'>\n<li style='margin-bottom: 5px;'>Utiliza un algoritmo de huella dactilar vivo con detecci\u00f3n en 360\u00b0&comma; ofreciendo identificaci\u00f3n precisa y r\u00e1pida (\u22640.1 s).<\/li>\n<li style='margin-bottom: 5px;'>Huella dactilar<\/li>\n<li style='margin-bottom: 5px;'>Tarjeta IC<\/li>\n<li style='margin-bottom: 5px;'>Contrase\u00f1a (4\u20138 d\u00edgitos)<\/li>\n<li style='margin-bottom: 5px;'>Llave mec\u00e1nica<\/li>\n<li style='margin-bottom: 5px;'>Control remoto<\/li>\n<li style='margin-bottom: 5px; font-weight: bold;'>Es necesario el HUB Akubela&comma; Pantallas Akubela (PS52V2D1US&comma; PG71POEUS&comma; RT61D1US)<\/li>\n<\/ul><\/div>\n<\/p><\/div>\n<p> <!-- Caracter\u00edstica 2 --> <\/p>\n<div style='flex: 1 1 300px; min-width: 280px; border: 1px solid rgba(150&comma; 150&comma; 150&comma; 0.4); border-radius: 8px; overflow: hidden;'>\n<div style='padding: 15px; border-bottom: 1px solid rgba(150&comma; 150&comma; 150&comma; 0.2); font-weight: bold; font-size: 18px; color: inherit;'>M\u00e1xima seguridad y dise\u00f1o<\/div>\n<div style='padding: 15px; color: inherit;'>\n<ul style='padding-left: 20px; margin: 0; font-size: 14px; list-style-type: disc; color: inherit;'>\n<li style='margin-bottom: 5px;'>Cilindro antirrobo clase C superior a los est\u00e1ndares nacionales.<\/li>\n<li style='margin-bottom: 5px;'>Modo de seguridad avanzada que combina huella&comma; contrase\u00f1a y tarjeta IC.<\/li>\n<li style='margin-bottom: 5px;'>Bloqueo autom\u00e1tico por 30 s tras 5 intentos fallidos.<\/li>\n<li style='margin-bottom: 5px;'>Tasa de reconocimiento err\u00f3neo \u2264 0.0001 %.<\/li>\n<li style='margin-bottom: 5px;'>Manija libre e intercambiable (izquierda\/derecha).<\/li>\n<li style='margin-bottom: 5px;'>Compatible con cuerpo de cerradura 4585 (22\u00d7240 mm).<\/li>\n<li style='margin-bottom: 5px;'>Notificaci\u00f3n de timbre a la app.<\/li>\n<\/ul><\/div>\n<\/p><\/div>\n<p> <!-- Caracter\u00edstica 3 --> <\/p>\n<div style='flex: 1 1 300px; min-width: 280px; border: 1px solid rgba(150&comma; 150&comma; 150&comma; 0.4); border-radius: 8px; overflow: hidden;'>\n<div style='padding: 15px; border-bottom: 1px solid rgba(150&comma; 150&comma; 150&comma; 0.2); font-weight: bold; font-size: 18px; color: inherit;'>Resistencia&comma; alimentaci\u00f3n el\u00e9ctrica y almacenamiento<\/div>\n<div style='padding: 15px; color: inherit;'>\n<ul style='padding-left: 20px; margin: 0; font-size: 14px; list-style-type: disc; color: inherit;'>\n<li style='margin-bottom: 5px;'>Protecci\u00f3n IP65 (resistente al polvo y agua).<\/li>\n<li style='margin-bottom: 5px;'>Funcionamiento en temperaturas de \u221225 \u00b0C a +60 \u00b0C.<\/li>\n<li style='margin-bottom: 5px;'>Humedad operativa 20 % \u2013 90 % RH<\/li>\n<li style='margin-bottom: 5px;'>Alimentaci\u00f3n: 4 pilas AAA (6 V).<\/li>\n<li style='margin-bottom: 5px;'>Corriente din\u00e1mica \u2264 180 mA.<\/li>\n<li style='margin-bottom: 5px;'>Autonom\u00eda en espera: hasta 6 meses.<\/li>\n<li style='margin-bottom: 5px;'>Hasta 100 huellas dactilares registradas.<\/li>\n<li style='margin-bottom: 5px; font-weight: bold;'>Es necesario el HUB Akubela&comma; Pantallas Akubela (PS52V2D1US&comma; PG71POEUS&comma; RT61D1US)<\/li>\n<\/ul><\/div>\n<\/p><\/div>\n<\/p><\/div>\n<p> <!-- Video --> <\/p>\n<div style='margin-bottom: 30px;'>\n<div style='position: relative; padding-bottom: 56.25%; height: 0; overflow: hidden;'>   <\/div>\n<\/p><\/div>\n<\/p><\/div>\n","protected":false},"excerpt":{"rendered":"<p>Cerradura inteligente inal\u00e1mbrica ZigBee. IP65, compatible con pantallas Akubela<\/p>\n","protected":false},"featured_media":452,"comment_status":"open","ping_status":"closed","template":"","meta":[],"product_brand":[],"product_cat":[72],"product_tag":[97,30,73],"class_list":{"0":"post-453","1":"product","2":"type-product","3":"status-publish","4":"has-post-thumbnail","6":"product_cat-lutron-caseta-wireless","7":"product_tag-akubela","8":"product_tag-automatizacion-casa-inteligente","9":"product_tag-lutron-caseta-wireless","11":"first","12":"outofstock","13":"sale","14":"shipping-taxable","15":"purchasable","16":"product-type-simple"},"_links":{"self":[{"href":"https:\/\/soydeaqui.ddns.net\/pachuca\/index.php\/wp-json\/wp\/v2\/product\/453","targetHints":{"allow":["GET"]}}],"collection":[{"href":"https:\/\/soydeaqui.ddns.net\/pachuca\/index.php\/wp-json\/wp\/v2\/product"}],"about":[{"href":"https:\/\/soydeaqui.ddns.net\/pachuca\/index.php\/wp-json\/wp\/v2\/types\/product"}],"replies":[{"embeddable":true,"href":"https:\/\/soydeaqui.ddns.net\/pachuca\/index.php\/wp-json\/wp\/v2\/comments?post=453"}],"wp:featuredmedia":[{"embeddable":true,"href":"https:\/\/soydeaqui.ddns.net\/pachuca\/index.php\/wp-json\/wp\/v2\/media\/452"}],"wp:attachment":[{"href":"https:\/\/soydeaqui.ddns.net\/pachuca\/index.php\/wp-json\/wp\/v2\/media?parent=453"}],"wp:term":[{"taxonomy":"product_brand","embeddable":true,"href":"https:\/\/soydeaqui.ddns.net\/pachuca\/index.php\/wp-json\/wp\/v2\/product_brand?post=453"},{"taxonomy":"product_cat","embeddable":true,"href":"https:\/\/soydeaqui.ddns.net\/pachuca\/index.php\/wp-json\/wp\/v2\/product_cat?post=453"},{"taxonomy":"product_tag","embeddable":true,"href":"https:\/\/soydeaqui.ddns.net\/pachuca\/index.php\/wp-json\/wp\/v2\/product_tag?post=453"}],"curies":[{"name":"wp","href":"https:\/\/api.w.org\/{rel}","templated":true}]}}