{"id":45259,"date":"2026-03-18T20:03:20","date_gmt":"2026-03-18T20:03:20","guid":{"rendered":"https:\/\/soydeaqui.ddns.net\/pachuca\/index.php\/producto\/gama-premium-minisplit-wifi-dual-inverter-seer-21-2-ton-r32-frio-y-calor-220-vca-alexa-y-google-home\/"},"modified":"2026-03-18T20:03:24","modified_gmt":"2026-03-18T20:03:24","slug":"gama-premium-minisplit-wifi-dual-inverter-seer-21-2-ton-r32-frio-y-calor-220-vca-alexa-y-google-home","status":"publish","type":"product","link":"https:\/\/soydeaqui.ddns.net\/pachuca\/index.php\/producto\/gama-premium-minisplit-wifi-dual-inverter-seer-21-2-ton-r32-frio-y-calor-220-vca-alexa-y-google-home\/","title":{"rendered":"Gama PREMIUM \/ Minisplit WiFi \/ Dual inverter \/ SEER 21 \/ ( 2 TON ) \/ R32 \/ Fr\u00edo y Calor \/ 220 Vca \/ Alexa y Google Home"},"content":{"rendered":"<div style='width: 100%; max-width: 1200px; margin: 0 auto; font-family: sans-serif; line-height: 1.6; color: inherit; background-color: transparent;'>\n<div style='width: 100%; padding: 30px; border-radius: 12px; margin-bottom: 30px; background: linear-gradient(145deg&comma; #1e3c72&comma; #2a5298); border: 2px solid #2a5298; box-shadow: 0 8px 20px rgba(42&comma; 82&comma; 152&comma; 0.2);'>\n<div style='text-align: center;'>\n<h2 style='font-size: 24px; font-weight: bold; text-transform: uppercase; letter-spacing: 2px; text-shadow: 2px 2px 4px rgba(0&comma;0&comma;0&comma;0.3); margin: 0 0 20px 0; color: inherit;'>Tabla de Refacciones para Minisplit AUFIT<\/h2>\n<p style='font-size: 16px; margin: 0 0 25px 0; color: rgba(221&comma;221&comma;221&comma;0.9);'> <strong>Encuentra todas las herramientas y refacciones necesarias para la instalaci\u00f3n y mantenimiento de equipos Minisplit AUFIT. Kit de prueba el\u00e9ctrica&comma; juegos de llaves&comma; bombas de vac\u00edo y m\u00e1s.<\/strong> <\/p>\n<p> <a href='https:\/\/www.syscom.mx\/producto\/REFAUFIT-AUFIT-219435.html' style='display: inline-block; padding: 15px 30px; font-size: 16px; font-weight: bold; text-decoration: none; border-radius: 8px; background: linear-gradient(145deg&comma; #ffd700&comma; #ffa500); color: #000; box-shadow: 0 4px 15px rgba(255&comma;215&comma;0&comma;0.3); transition: all 0.3s ease;'> Ver Cat\u00e1logo Completo <\/a> <\/div>\n<\/p><\/div>\n<div style='display: flex; flex-wrap: wrap; gap: 30px; margin-bottom: 40px;'>\n<div style='flex: 1 1 300px; min-width: 280px;'>\n<div style='border-left: 5px solid #02D9DB; border-radius: 5px; padding: 15px; box-shadow: 0 2px 10px rgba(216&comma;216&comma;216&comma;0.3);'>\n<h3 style='font-size: 18px; margin-top: 0; margin-bottom: 15px; color: inherit; font-weight: bold;'>Caracter\u00edsticas principales:<\/h3>\n<ul style='padding-left: 20px; margin: 0; font-size: 14px; color: inherit; list-style-type: disc;'>\n<li style='margin-bottom: 8px;'>Gama : <strong>PREMIUM<\/strong><\/li>\n<li style='margin-bottom: 8px;'>M\u00f3dulo <strong>WIFI<\/strong><\/li>\n<li style='margin-bottom: 8px;'>Tecnolog\u00eda: <strong>DUAL<\/strong> <strong>INVERTER<\/strong><\/li>\n<li style='margin-bottom: 8px;'><strong>SEER: 21 <\/strong>( Relaci\u00f3n de eficiencia de energ\u00eda de estaci\u00f3n )<\/li>\n<li style='margin-bottom: 8px;'>Modo: Fr\u00edo y calor<\/li>\n<li style='margin-bottom: 8px;'>Filtro de alta densidad<\/li>\n<li style='margin-bottom: 8px;'>Limpieza autom\u00e1tica<\/li>\n<li style='margin-bottom: 8px;'>Auto diagn\u00f3stico<\/li>\n<li style='margin-bottom: 8px;'>Eco friendly<\/li>\n<li style='margin-bottom: 8px;'>Aplicaci\u00f3n m\u00f3vil gratuita<\/li>\n<li style='margin-bottom: 8px;'>Integraci\u00f3n: <strong>Alexa y Google Home<\/strong><\/li>\n<li style='margin-bottom: 8px;'>Compatible con est\u00e1ndar Wi-fi 2.4 GHz IEEE 802.11 b<\/li>\n<li style='margin-bottom: 8px;'>Garant\u00eda Unidad completa :<strong> 2 a\u00f1os<\/strong><\/li>\n<li style='margin-bottom: 8px;'>Garant\u00eda Compresor :<strong> 5 a\u00f1os<\/strong><\/li>\n<li style='margin-bottom: 8px;'>Garant\u00eda Resto de los componentes :<strong> 2 a\u00f1os<\/strong><\/li>\n<li style='margin-bottom: 8px;'><strong>Equipos clasificados como *B y *C<\/strong> ( Pueden tener o no tener l\u00edneas de refrigerante de Cobre &#8211; Aluminio )<\/li>\n<li style='margin-bottom: 8px;'><strong>Para recarga de refrigerante requerido&comma; el servicio es : SRV-R32-2T25T<\/strong><\/li>\n<li style='margin-bottom: 8px;'><strong>Para la instalaci\u00f3n&comma; vea el archivo de Gu\u00eda de Verificaci\u00f3n pasos AUFIT 2025<\/strong><\/li>\n<li style='margin-bottom: 8px;'><strong>Para obtener la garant\u00eda&comma; es necesario sea evaluada por centro de servicio<\/strong><\/li>\n<li style='margin-bottom: 8px;'><strong>No se incluye el cable el\u00e9ctrico.<\/strong><\/li>\n<\/ul><\/div>\n<\/p><\/div>\n<div style='flex: 1 1 300px; min-width: 280px;'>\n<div style='border-left: 5px solid #02D9DB; border-radius: 5px; padding: 15px; box-shadow: 0 2px 10px rgba(216&comma;216&comma;216&comma;0.3);'>\n<h3 style='font-size: 18px; margin-top: 0; margin-bottom: 15px; color: inherit; font-weight: bold;'>Caracter\u00edsticas F\u00edsicas y El\u00e9ctricas:<\/h3>\n<ul style='padding-left: 20px; margin: 0; font-size: 14px; color: inherit; list-style-type: disc;'>\n<li style='margin-bottom: 8px;'>Nueva tecnolog\u00eda con refrigerante ecol\u00f3gico : <strong>R32<\/strong><\/li>\n<li style='margin-bottom: 8px;'><strong>Capacidad: 2 Toneladas (24&comma;000 BTU)<\/strong><\/li>\n<li style='margin-bottom: 8px;'>Alimentaci\u00f3n: <strong>220 Vca \/ 60 Hz<\/strong><\/li>\n<li style='margin-bottom: 8px;'>Potencia en Calefacci\u00f3n : <strong>1&comma;650 W<\/strong><\/li>\n<li style='margin-bottom: 8px;'>Potencia en Enfr\u00edamiento : <strong>2&comma;230 W<\/strong><\/li>\n<li style='margin-bottom: 8px;'>Refrigerante ecol\u00f3gico : <strong>R32<\/strong><\/li>\n<li style='margin-bottom: 8px;'>Peso unidad interior : <strong>8 Kg<\/strong><\/li>\n<li style='margin-bottom: 8px;'>Peso unidad exterior : <strong>22.5 Kg<\/strong><\/li>\n<li style='margin-bottom: 8px;'>Medidas unidad interior : <strong>750 x 285 x 200 mm<\/strong><\/li>\n<li style='margin-bottom: 8px;'>Medidas unidad exterior : <strong>705 x 279 x 530 mm<\/strong><\/li>\n<li style='margin-bottom: 8px;'>Longitud de tuber\u00eda de cobre &#8211; aluminio :<strong> 3 metros<\/strong><\/li>\n<li style='margin-bottom: 8px;'>Di\u00e1metros tuber\u00edas de cobre &#8211; aluminio :<strong> 1\/4&#8242; y 5\/8&#8242;<\/strong><\/li>\n<li style='margin-bottom: 8px;'>Longitud de tuber\u00eda de desague : <strong>2.10 metros<\/strong><\/li>\n<li style='margin-bottom: 8px;'>Di\u00e1metro tuber\u00edas de desag\u00fce :<strong> 11 \/ 16 &#8216;<\/strong><\/li>\n<\/ul><\/div>\n<\/p><\/div>\n<div style='flex: 1 1 300px; min-width: 280px;'>\n<div style='border-left: 5px solid #02D9DB; border-radius: 5px; padding: 15px; box-shadow: 0 2px 10px rgba(216&comma;216&comma;216&comma;0.3);'>\n<h3 style='font-size: 18px; margin-top: 0; margin-bottom: 15px; color: inherit; font-weight: bold;'>Caracter\u00edsticas Destacadas:<\/h3>\n<p style='margin-bottom: 12px;'>Los aires acondicionados divididos <strong>AUFIT<\/strong> son ideales para controlar la temperatura de una forma sencilla&comma; r\u00e1pida y pr\u00e1ctica.<\/p>\n<p style='margin-bottom: 12px;'>Su dise\u00f1o interno permite mejorar la distribuci\u00f3n y el flujo de aire en cuatro direcciones logrando un r\u00e1pido enfriamiento en alrededor de 30s.<\/p>\n<p style='margin-bottom: 0;'>Super silencioso con un ruido tan bajo como 23 dB&comma; luz indicadora inteligente&comma; auto diagn\u00f3stico para facilitar servicio de manteniento&comma; auto reinicio&comma; entre otras m\u00e1s funciones que hacen del equipo potente y profesional.<\/p>\n<\/p><\/div>\n<\/p><\/div>\n<\/p><\/div>\n<div style='width: 100%; margin: 40px 0; padding: 25px; border-radius: 12px; background: linear-gradient(145deg&comma; #2a5298&comma; #1e3c72); border: 1px solid rgba(150&comma;150&comma;150&comma;0.3); display: flex; flex-wrap: wrap; align-items: center; gap: 20px;'>\n<div style='flex: 1 1 80px; min-width: 80px;'> <img style='height: 80px; width: 80px; border: 1px solid rgba(150&comma;150&comma;150&comma;0.3); border-radius: 8px;' src='https:\/\/play-lh.googleusercontent.com\/VbrcGeQCKgOo3oVvhmh8cx5tcSKTUipOByftoPD3-0CBQQVWA6xomkakF7N5AzutxCQi' alt='AC Freedom App'> <\/div>\n<div style='flex: 1 1 0; min-width: 200px;'>\n<h4 style='font-size: 18px; font-weight: bold; margin: 0 0 8px 0; color: inherit;'>Controla tu Minisplit con AC Freedom<\/h4>\n<p style='font-size: 15px; font-weight: bold; margin: 0; color: inherit;'>Maneja la temperatura desde cualquier lugar<\/p>\n<\/p><\/div>\n<div style='flex: 1 1 0; min-width: 180px;'>\n<div style='display: flex; gap: 12px;'> <a href='https:\/\/play.google.com\/store\/apps\/details?id=com.broadlink.acfreedom&#038;hl=es_419' target='_blank' rel='noopener' style='text-decoration: none;'> <img style='height: 40px; border: 1px solid rgba(150&comma;150&comma;150&comma;0.3); border-radius: 8px;' src='https:\/\/ftp3.syscom.mx\/usuarios\/ftp\/landingpage\/smarthome\/googleplay.png' alt='Google Play'> <\/a> <a href='https:\/\/apps.apple.com\/cl\/app\/ac-freedom\/id988314711' target='_blank' rel='noopener' style='text-decoration: none;'> <img style='height: 40px; border: 1px solid rgba(150&comma;150&comma;150&comma;0.3); border-radius: 8px;' src='https:\/\/ftp3.syscom.mx\/usuarios\/ftp\/landingpage\/smarthome\/appstore.png' alt='App Store'> <\/a> <\/div>\n<\/p><\/div>\n<\/p><\/div>\n<div style='width: 100%; margin-bottom: 30px;'> <img style='width: 100%; height: auto; border: 1px solid rgba(150&comma;150&comma;150&comma;0.3); border-radius: 8px;' src='https:\/\/ftp3.syscom.mx\/usuarios\/ftp\/web_img\/AIRE-ACONDICIONADO-MINISPLIT-PREMIUM-AUFIT-1.jpg' alt=''> <\/div>\n<div style='width: 100%; margin-bottom: 40px;'> <img style='width: 100%; height: auto; border: 1px solid rgba(150&comma;150&comma;150&comma;0.3); border-radius: 8px;' src='http:\/\/ftp3.syscom.mx\/usuarios\/maguilar\/Aufit\/PREMIUM2024.pdf' alt=''> <\/div>\n<div style='display: grid; grid-template-columns: repeat(auto-fill&comma; minmax(300px&comma; 1fr)); gap: 25px; margin-bottom: 40px;'> <img style='width: 100%; height: auto; border: 1px solid rgba(150&comma;150&comma;150&comma;0.3); border-radius: 8px;' src='http:\/\/ftp3.syscom.mx\/usuarios\/maguilar\/Aufit\/PREMIUM2024-1.jpg' alt=''> <img style='width: 100%; height: auto; border: 1px solid rgba(150&comma;150&comma;150&comma;0.3); border-radius: 8px;' src='http:\/\/ftp3.syscom.mx\/usuarios\/maguilar\/Aufit\/PREMIUM2024-2.jpg' alt=''> <img style='width: 100%; height: auto; border: 1px solid rgba(150&comma;150&comma;150&comma;0.3); border-radius: 8px;' src='http:\/\/ftp3.syscom.mx\/usuarios\/maguilar\/Aufit\/PREMIUM2024-3.jpg' alt=''> <img style='width: 100%; height: auto; border: 1px solid rgba(150&comma;150&comma;150&comma;0.3); border-radius: 8px;' src='http:\/\/ftp3.syscom.mx\/usuarios\/maguilar\/Aufit\/PREMIUM2024-4.jpg' alt=''> <img style='width: 100%; height: auto; border: 1px solid rgba(150&comma;150&comma;150&comma;0.3); border-radius: 8px;' src='http:\/\/ftp3.syscom.mx\/usuarios\/maguilar\/Aufit\/PREMIUM2024-5.jpg' alt=''> <img style='width: 100%; height: auto; border: 1px solid rgba(150&comma;150&comma;150&comma;0.3); border-radius: 8px;' src='http:\/\/ftp3.syscom.mx\/usuarios\/maguilar\/Aufit\/PREMIUM2024-6.jpg' alt=''> <img style='width: 100%; height: auto; border: 1px solid rgba(150&comma;150&comma;150&comma;0.3); border-radius: 8px;' src='http:\/\/ftp3.syscom.mx\/usuarios\/maguilar\/Aufit\/PREMIUM2024-7.jpg' alt=''> <img style='width: 100%; height: auto; border: 1px solid rgba(150&comma;150&comma;150&comma;0.3); border-radius: 8px;' src='http:\/\/ftp3.syscom.mx\/usuarios\/maguilar\/Aufit\/PREMIUM2024-8.jpg' alt=''> <img style='width: 100%; height: auto; border: 1px solid rgba(150&comma;150&comma;150&comma;0.3); border-radius: 8px;' src='http:\/\/ftp3.syscom.mx\/usuarios\/maguilar\/Aufit\/PREMIUM2024-9.jpg' alt=''> <img style='width: 100%; height: auto; border: 1px solid rgba(150&comma;150&comma;150&comma;0.3); border-radius: 8px;' src='http:\/\/ftp3.syscom.mx\/usuarios\/maguilar\/Aufit\/PREMIUM2024-10.jpg' alt=''> <img style='width: 100%; height: auto; border: 1px solid rgba(150&comma;150&comma;150&comma;0.3); border-radius: 8px;' src='http:\/\/ftp3.syscom.mx\/usuarios\/maguilar\/Aufit\/PREMIUM2024-11.jpg' alt=''> <img style='width: 100%; height: auto; border: 1px solid rgba(150&comma;150&comma;150&comma;0.3); border-radius: 8px;' src='http:\/\/ftp3.syscom.mx\/usuarios\/maguilar\/Aufit\/PREMIUM2024-12.jpg' alt=''> <img style='width: 100%; height: auto; border: 1px solid rgba(150&comma;150&comma;150&comma;0.3); border-radius: 8px;' src='http:\/\/ftp3.syscom.mx\/usuarios\/maguilar\/Aufit\/PREMIUM2024-13.jpg' alt=''> <img style='width: 100%; height: auto; border: 1px solid rgba(150&comma;150&comma;150&comma;0.3); border-radius: 8px;' src='http:\/\/ftp3.syscom.mx\/usuarios\/maguilar\/Aufit\/PREMIUM2024-14.jpg' alt=''> <img style='width: 100%; height: auto; border: 1px solid rgba(150&comma;150&comma;150&comma;0.3); border-radius: 8px;' src='http:\/\/ftp3.syscom.mx\/usuarios\/maguilar\/Aufit\/PREMIUM2024-15.jpg' alt=''> <img style='width: 100%; height: auto; border: 1px solid rgba(150&comma;150&comma;150&comma;0.3); border-radius: 8px;' src='http:\/\/ftp3.syscom.mx\/usuarios\/maguilar\/Aufit\/PREMIUM2024-16.jpg' alt=''> <img style='width: 100%; height: auto; border: 1px solid rgba(150&comma;150&comma;150&comma;0.3); border-radius: 8px;' src='http:\/\/ftp3.syscom.mx\/usuarios\/maguilar\/Aufit\/PREMIUM2024-17.jpg' alt=''> <img style='width: 100%; height: auto; border: 1px solid rgba(150&comma;150&comma;150&comma;0.3); border-radius: 8px;' src='http:\/\/ftp3.syscom.mx\/usuarios\/maguilar\/Aufit\/PREMIUM2024-18.jpg' alt=''> <\/div>\n<div style='width: 100%; margin-bottom: 30px;'>\n<div style='position: relative; padding-bottom: 56.25%; height: 0; overflow: hidden;'>   <\/div>\n<h4 style='text-align: center; margin-top: 15px; margin-bottom: 30px; font-size: 18px; color: inherit;'>Vac\u00edo con y sin vacu\u00f3metro<\/h4>\n<\/p><\/div>\n<div style='display: grid; grid-template-columns: repeat(auto-fit&comma; minmax(280px&comma; 1fr)); gap: 30px; margin-bottom: 40px;'>\n<div style='position: relative; padding-bottom: 56.25%; height: 0; overflow: hidden; border: 1px solid rgba(150&comma;150&comma;150&comma;0.3); border-radius: 8px;'>   <\/div>\n<div style='position: relative; padding-bottom: 56.25%; height: 0; overflow: hidden; border: 1px solid rgba(150&comma;150&comma;150&comma;0.3); border-radius: 8px;'>   <\/div>\n<div style='position: relative; padding-bottom: 56.25%; height: 0; overflow: hidden; border: 1px solid rgba(150&comma;150&comma;150&comma;0.3); border-radius: 8px;'>   <\/div>\n<div style='position: relative; padding-bottom: 56.25%; height: 0; overflow: hidden; border: 1px solid rgba(150&comma;150&comma;150&comma;0.3); border-radius: 8px;'>   <\/div>\n<div style='position: relative; padding-bottom: 56.25%; height: 0; overflow: hidden; border: 1px solid rgba(150&comma;150&comma;150&comma;0.3); border-radius: 8px;'>   <\/div>\n<div style='position: relative; padding-bottom: 56.25%; height: 0; overflow: hidden; border: 1px solid rgba(150&comma;150&comma;150&comma;0.3); border-radius: 8px;'>   <\/div>\n<div style='position: relative; padding-bottom: 56.25%; height: 0; overflow: hidden; border: 1px solid rgba(150&comma;150&comma;150&comma;0.3); border-radius: 8px;'>   <\/div>\n<\/p><\/div>\n<hr style='border: 0; border-top: 1px solid rgba(150&comma;150&comma;150&comma;0.3); margin: 40px 0;'> <\/div>\n","protected":false},"excerpt":{"rendered":"<p>Gama PREMIUM \/ Minisplit WiFi \/ Dual inverter \/ SEER 21 \/ ( 2 TON ) \/ R32 \/ Fr\u00edo y Calor \/ 220 Vca \/ Alexa y Google Home<\/p>\n","protected":false},"featured_media":45258,"comment_status":"open","ping_status":"closed","template":"","meta":[],"product_brand":[],"product_cat":[98],"product_tag":[186,30,99],"class_list":{"0":"post-45259","1":"product","2":"type-product","3":"status-publish","4":"has-post-thumbnail","6":"product_cat-climatizacion","7":"product_tag-aufit","8":"product_tag-automatizacion-casa-inteligente","9":"product_tag-climatizacion","11":"first","12":"outofstock","13":"sale","14":"shipping-taxable","15":"purchasable","16":"product-type-simple"},"_links":{"self":[{"href":"https:\/\/soydeaqui.ddns.net\/pachuca\/index.php\/wp-json\/wp\/v2\/product\/45259","targetHints":{"allow":["GET"]}}],"collection":[{"href":"https:\/\/soydeaqui.ddns.net\/pachuca\/index.php\/wp-json\/wp\/v2\/product"}],"about":[{"href":"https:\/\/soydeaqui.ddns.net\/pachuca\/index.php\/wp-json\/wp\/v2\/types\/product"}],"replies":[{"embeddable":true,"href":"https:\/\/soydeaqui.ddns.net\/pachuca\/index.php\/wp-json\/wp\/v2\/comments?post=45259"}],"wp:featuredmedia":[{"embeddable":true,"href":"https:\/\/soydeaqui.ddns.net\/pachuca\/index.php\/wp-json\/wp\/v2\/media\/45258"}],"wp:attachment":[{"href":"https:\/\/soydeaqui.ddns.net\/pachuca\/index.php\/wp-json\/wp\/v2\/media?parent=45259"}],"wp:term":[{"taxonomy":"product_brand","embeddable":true,"href":"https:\/\/soydeaqui.ddns.net\/pachuca\/index.php\/wp-json\/wp\/v2\/product_brand?post=45259"},{"taxonomy":"product_cat","embeddable":true,"href":"https:\/\/soydeaqui.ddns.net\/pachuca\/index.php\/wp-json\/wp\/v2\/product_cat?post=45259"},{"taxonomy":"product_tag","embeddable":true,"href":"https:\/\/soydeaqui.ddns.net\/pachuca\/index.php\/wp-json\/wp\/v2\/product_tag?post=45259"}],"curies":[{"name":"wp","href":"https:\/\/api.w.org\/{rel}","templated":true}]}}