{"id":45228,"date":"2026-03-18T20:02:31","date_gmt":"2026-03-18T20:02:31","guid":{"rendered":"https:\/\/soydeaqui.ddns.net\/pachuca\/index.php\/producto\/8-awg-bobina-de-100-metros-cobre-desnudo\/"},"modified":"2026-03-18T20:02:32","modified_gmt":"2026-03-18T20:02:32","slug":"8-awg-bobina-de-100-metros-cobre-desnudo","status":"publish","type":"product","link":"https:\/\/soydeaqui.ddns.net\/pachuca\/index.php\/producto\/8-awg-bobina-de-100-metros-cobre-desnudo\/","title":{"rendered":"8 AWG \/ Bobina de 100 metros \/ Cobre desnudo"},"content":{"rendered":"<div style='width: 100%; max-width: 1200px; margin: 0 auto; font-family: sans-serif; line-height: 1.6; color: inherit; background-color: transparent;'>\n<div style='display: flex; flex-wrap: wrap; gap: 30px; margin-bottom: 30px;'>\n<div style='flex: 1 1 300px; min-width: 280px;'>\n<h3 style='font-size: 22px; border-bottom: 2px solid currentColor; padding-bottom: 5px; margin-top: 0; color: inherit; opacity: 0.8;'>Descripci\u00f3n general<\/h3>\n<p style='font-size: 15px; color: inherit; margin-top: 0; margin-bottom: 15px;'>Conductor desnudo formado por varios hilos de cobre o aluminio en temple suave&comma; dispuestos en pares y cuadretes cableados entre s\u00ed.<\/p>\n<\/p><\/div>\n<\/p><\/div>\n<div style='display: flex; flex-wrap: wrap; gap: 30px; margin-bottom: 30px;'>\n<div style='flex: 1 1 300px; min-width: 280px;'>\n<h3 style='font-size: 22px; border-bottom: 2px solid currentColor; padding-bottom: 5px; margin-top: 0; color: inherit; opacity: 0.8;'>Especificaciones<\/h3>\n<ul style='padding-left: 20px; font-size: 15px; color: inherit; margin-top: 0;'>\n<li style='margin-bottom: 5px;'>UL 96A Installation requirements for Lightting Protection Systems ( Requerimientos de las instalaciones para sistenas de protecci\u00f3n de alumbrado ).<\/li>\n<\/ul><\/div>\n<\/p><\/div>\n<div style='display: flex; flex-wrap: wrap; gap: 30px; margin-bottom: 30px;'>\n<div style='flex: 1 1 300px; min-width: 280px;'>\n<h3 style='font-size: 22px; border-bottom: 2px solid currentColor; padding-bottom: 5px; margin-top: 0; color: inherit; opacity: 0.8;'>Principales Aplicaciones<\/h3>\n<ul style='padding-left: 20px; font-size: 15px; color: inherit; margin-top: 0;'>\n<li style='margin-bottom: 5px;'>Se utilizan para la interconexi\u00f3n de puntas&comma; bajadas y varillas de tierra en los sitemas de apartarrayos de edificios y construcciones en general.<\/li>\n<\/ul><\/div>\n<\/p><\/div>\n<div style='display: flex; flex-wrap: wrap; gap: 30px; margin-bottom: 30px;'>\n<div style='flex: 1 1 300px; min-width: 280px;'>\n<h3 style='font-size: 22px; border-bottom: 2px solid currentColor; padding-bottom: 5px; margin-top: 0; color: inherit; opacity: 0.8;'>Caracter\u00edsticas<\/h3>\n<ul style='padding-left: 20px; font-size: 15px; color: inherit; margin-top: 0;'>\n<li style='margin-bottom: 5px;'><strong>Calibre:<\/strong> 58.0 mm\u00b2<\/li>\n<li style='margin-bottom: 5px;'><strong>Metal:<\/strong> Cobre<\/li>\n<li style='margin-bottom: 5px;'><strong>Clase:<\/strong> II<\/li>\n<li style='margin-bottom: 5px;'><strong>N\u00famero de hilos:<\/strong> 28<\/li>\n<li style='margin-bottom: 5px;'><strong>Di\u00e1metro total aproximado:<\/strong> 13.7 mm<\/li>\n<li style='margin-bottom: 5px;'><strong>Peso total aproximado:<\/strong> 532.6 Kg\/Km<\/li>\n<li style='margin-bottom: 5px;'>El material de los alambres es cobre de alta pureza con un contenido m\u00ednimo de 99.9 % de cobre&comma; o aluminio con aleaci\u00f3n 1350.<\/li>\n<li style='margin-bottom: 5px;'><strong>Temple:<\/strong> Suave<\/li>\n<li style='margin-bottom: 5px;'><strong>Rango de calibres:<\/strong> 29.0 a 107.0 mm\u00b2<\/li>\n<\/ul><\/div>\n<\/p><\/div>\n<div style='display: flex; flex-wrap: wrap; gap: 30px; margin-bottom: 30px;'>\n<div style='flex: 1 1 300px; min-width: 280px;'>\n<h3 style='font-size: 22px; border-bottom: 2px solid currentColor; padding-bottom: 5px; margin-top: 0; color: inherit; opacity: 0.8;'>Ventajas<\/h3>\n<ul style='padding-left: 20px; font-size: 15px; color: inherit; margin-top: 0;'>\n<li style='margin-bottom: 5px;'>Por su alta conductividad f\u00e1cilmente da paso a descargas atmosf\u00e9ricas.<\/li>\n<li style='margin-bottom: 5px;'>Su construcci\u00f3n permite un r\u00e1pido enfriamiento o disipaci\u00f3n de calor.<\/li>\n<li style='margin-bottom: 5px;'>Alta resistencia a la corrosi\u00f3n.<\/li>\n<li style='margin-bottom: 5px;'>Su construcci\u00f3n flexible permite seguir el contorno de pretiles&comma; techos y aristas durante su instalaci\u00f3n.<\/li>\n<\/ul><\/div>\n<\/p><\/div>\n<div style='display: flex; flex-wrap: wrap; gap: 30px; margin-bottom: 30px;'>\n<div style='flex: 1 1 300px; min-width: 280px;'>\n<p style='font-size: 15px; color: inherit; margin-top: 0;'><strong>* Bobina de 100 metros.<\/strong><\/p>\n<\/p><\/div>\n<\/p><\/div>\n<hr style='border: 0; border-top: 1px solid rgba(150&comma; 150&comma; 150&comma; 0.3); margin: 30px 0;'> <\/div>\n","protected":false},"excerpt":{"rendered":"<p>8 AWG \/ Bobina de 100 metros \/ Cobre desnudo<\/p>\n","protected":false},"featured_media":45227,"comment_status":"open","ping_status":"closed","template":"","meta":[],"product_brand":[],"product_cat":[1122],"product_tag":[1066,1123,242],"class_list":{"0":"post-45228","1":"product","2":"type-product","3":"status-publish","4":"has-post-thumbnail","6":"product_cat-cableado-electrico","7":"product_tag-area-electrica","8":"product_tag-cableado-electrico","9":"product_tag-viakon","11":"first","12":"outofstock","13":"sale","14":"shipping-taxable","15":"purchasable","16":"product-type-simple"},"_links":{"self":[{"href":"https:\/\/soydeaqui.ddns.net\/pachuca\/index.php\/wp-json\/wp\/v2\/product\/45228","targetHints":{"allow":["GET"]}}],"collection":[{"href":"https:\/\/soydeaqui.ddns.net\/pachuca\/index.php\/wp-json\/wp\/v2\/product"}],"about":[{"href":"https:\/\/soydeaqui.ddns.net\/pachuca\/index.php\/wp-json\/wp\/v2\/types\/product"}],"replies":[{"embeddable":true,"href":"https:\/\/soydeaqui.ddns.net\/pachuca\/index.php\/wp-json\/wp\/v2\/comments?post=45228"}],"wp:featuredmedia":[{"embeddable":true,"href":"https:\/\/soydeaqui.ddns.net\/pachuca\/index.php\/wp-json\/wp\/v2\/media\/45227"}],"wp:attachment":[{"href":"https:\/\/soydeaqui.ddns.net\/pachuca\/index.php\/wp-json\/wp\/v2\/media?parent=45228"}],"wp:term":[{"taxonomy":"product_brand","embeddable":true,"href":"https:\/\/soydeaqui.ddns.net\/pachuca\/index.php\/wp-json\/wp\/v2\/product_brand?post=45228"},{"taxonomy":"product_cat","embeddable":true,"href":"https:\/\/soydeaqui.ddns.net\/pachuca\/index.php\/wp-json\/wp\/v2\/product_cat?post=45228"},{"taxonomy":"product_tag","embeddable":true,"href":"https:\/\/soydeaqui.ddns.net\/pachuca\/index.php\/wp-json\/wp\/v2\/product_tag?post=45228"}],"curies":[{"name":"wp","href":"https:\/\/api.w.org\/{rel}","templated":true}]}}