{"id":45128,"date":"2026-03-18T19:59:42","date_gmt":"2026-03-18T19:59:42","guid":{"rendered":"https:\/\/soydeaqui.ddns.net\/pachuca\/index.php\/producto\/candado-de-combinacion-no-requiere-llave-color-negro\/"},"modified":"2026-03-18T19:59:45","modified_gmt":"2026-03-18T19:59:45","slug":"candado-de-combinacion-no-requiere-llave-color-negro","status":"publish","type":"product","link":"https:\/\/soydeaqui.ddns.net\/pachuca\/index.php\/producto\/candado-de-combinacion-no-requiere-llave-color-negro\/","title":{"rendered":"Candado de Combinaci\u00f3n \/ No Requiere Llave \/ Color Negro."},"content":{"rendered":"<div style='width: 100%; max-width: 1200px; margin: 0 auto; font-family: sans-serif; line-height: 1.6; color: inherit; background-color: transparent;'>\n<div style='display: flex; flex-wrap: wrap; gap: 30px; margin-bottom: 30px;'>\n<div style='flex: 1 1 300px; min-width: 280px;'> <img style='width: 100%; height: auto; border: 1px solid rgba(150&comma;150&comma;150&comma;0.3); border-radius: 8px;' src='http:\/\/ftp3.syscom.mx\/usuarios\/ftp\/2017\/01\/03\/55edd\/phillips-logo.jpg' alt=''> <\/div>\n<\/p><\/div>\n<div style='display: flex; flex-wrap: wrap; gap: 30px; margin-bottom: 30px;'>\n<div style='flex: 1 1 300px; min-width: 280px;'>\n<h3 style='font-size: 22px; border-bottom: 2px solid currentColor; padding-bottom: 5px; margin-top: 0; color: inherit; opacity: 0.8;'>Caracter\u00edsticas<\/h3>\n<ul style='padding-left: 20px; font-size: 15px; color: inherit;'>\n<li style='margin-bottom: 5px;'>Candado de combinaci\u00f3n tipo caja fuerte de dial con 3 discos de combinaci\u00f3n (tres n\u00fameros de combinaci\u00f3n) 40 divisiones graduadas en el dial del candado<\/li>\n<li style='margin-bottom: 5px;'>Gancho de acero cementado y cromado<\/li>\n<li style='margin-bottom: 5px;'>Cubierta de acero inoxidable<\/li>\n<li style='margin-bottom: 5px;'>Dial o perilla de pl\u00e1stico<\/li>\n<li style='margin-bottom: 5px;'>Al cerrar el candado no es necesario mover el dial o perilla para desajustar los discos y borrar la combinaci\u00f3n<\/li>\n<li style='margin-bottom: 5px;'>Procedimiento para realizar la apertura del candado grabado en una etiqueta adherida en la parte posterior del mismo<\/li>\n<li style='margin-bottom: 5px;'>Cuerpo del candado de 50 mm (2&#8242;)<\/li>\n<li style='margin-bottom: 5px;'>Presentaci\u00f3n en empaque visual Blister Pack<\/li>\n<\/ul><\/div>\n<\/p><\/div>\n<div style='display: flex; flex-wrap: wrap; gap: 30px; margin-bottom: 30px;'>\n<div style='flex: 1 1 300px; min-width: 280px;'>\n<h3 style='font-size: 22px; border-bottom: 2px solid currentColor; padding-bottom: 5px; margin-top: 0; color: inherit; opacity: 0.8;'>ACABADO<\/h3>\n<ul style='padding-left: 20px; font-size: 15px; color: inherit;'>\n<li style='margin-bottom: 5px;'>Color Negro.<\/li>\n<\/ul><\/div>\n<\/p><\/div>\n<div style='display: flex; flex-wrap: wrap; gap: 30px; margin-bottom: 30px;'>\n<div style='flex: 1 1 300px; min-width: 280px;'>\n<h3 style='font-size: 22px; border-bottom: 2px solid currentColor; padding-bottom: 5px; margin-top: 0; color: inherit; opacity: 0.8;'>BENEFICIOS<\/h3>\n<ul style='padding-left: 20px; font-size: 15px; color: inherit;'>\n<li style='margin-bottom: 5px;'>Candado deportivo<\/li>\n<li style='margin-bottom: 5px;'>Protecci\u00f3n b\u00e1sica de uso ligero y cotidiano<\/li>\n<li style='margin-bottom: 5px;'>Para condiciones secas y protegidas<\/li>\n<\/ul><\/div>\n<\/p><\/div>\n<hr style='border: 0; border-top: 1px solid rgba(150&comma; 150&comma; 150&comma; 0.3); margin: 30px 0;'> <\/div>\n","protected":false},"excerpt":{"rendered":"<p>Candado de Combinaci\u00f3n \/ No Requiere Llave \/ Color Negro.<\/p>\n","protected":false},"featured_media":45127,"comment_status":"open","ping_status":"closed","template":"","meta":[],"product_brand":[],"product_cat":[868],"product_tag":[87,869,870],"class_list":{"0":"post-45128","1":"product","2":"type-product","3":"status-publish","4":"has-post-thumbnail","6":"product_cat-cerrojos-y-candados-digitales","7":"product_tag-cerraduras","8":"product_tag-cerrojos-y-candados-digitales","9":"product_tag-phillips-assa-abloy","11":"first","12":"instock","13":"sale","14":"shipping-taxable","15":"purchasable","16":"product-type-simple"},"_links":{"self":[{"href":"https:\/\/soydeaqui.ddns.net\/pachuca\/index.php\/wp-json\/wp\/v2\/product\/45128","targetHints":{"allow":["GET"]}}],"collection":[{"href":"https:\/\/soydeaqui.ddns.net\/pachuca\/index.php\/wp-json\/wp\/v2\/product"}],"about":[{"href":"https:\/\/soydeaqui.ddns.net\/pachuca\/index.php\/wp-json\/wp\/v2\/types\/product"}],"replies":[{"embeddable":true,"href":"https:\/\/soydeaqui.ddns.net\/pachuca\/index.php\/wp-json\/wp\/v2\/comments?post=45128"}],"wp:featuredmedia":[{"embeddable":true,"href":"https:\/\/soydeaqui.ddns.net\/pachuca\/index.php\/wp-json\/wp\/v2\/media\/45127"}],"wp:attachment":[{"href":"https:\/\/soydeaqui.ddns.net\/pachuca\/index.php\/wp-json\/wp\/v2\/media?parent=45128"}],"wp:term":[{"taxonomy":"product_brand","embeddable":true,"href":"https:\/\/soydeaqui.ddns.net\/pachuca\/index.php\/wp-json\/wp\/v2\/product_brand?post=45128"},{"taxonomy":"product_cat","embeddable":true,"href":"https:\/\/soydeaqui.ddns.net\/pachuca\/index.php\/wp-json\/wp\/v2\/product_cat?post=45128"},{"taxonomy":"product_tag","embeddable":true,"href":"https:\/\/soydeaqui.ddns.net\/pachuca\/index.php\/wp-json\/wp\/v2\/product_tag?post=45128"}],"curies":[{"name":"wp","href":"https:\/\/api.w.org\/{rel}","templated":true}]}}