{"id":45108,"date":"2026-03-18T19:59:10","date_gmt":"2026-03-18T19:59:10","guid":{"rendered":"https:\/\/soydeaqui.ddns.net\/pachuca\/index.php\/producto\/candado-digital-de-combinacion-m40-no-requiere-llave-combinacion-unica-integrada-por-4-digitos-color-negro\/"},"modified":"2026-03-18T19:59:19","modified_gmt":"2026-03-18T19:59:19","slug":"candado-digital-de-combinacion-m40-no-requiere-llave-combinacion-unica-integrada-por-4-digitos-color-negro","status":"publish","type":"product","link":"https:\/\/soydeaqui.ddns.net\/pachuca\/index.php\/producto\/candado-digital-de-combinacion-m40-no-requiere-llave-combinacion-unica-integrada-por-4-digitos-color-negro\/","title":{"rendered":"Candado Digital de Combinaci\u00f3n M40 \/ No Requiere Llave \/ Combinaci\u00f3n \u00fanica integrada por 4 d\u00edgitos \/ Color Negro."},"content":{"rendered":"<div style='width: 100%; max-width: 1200px; margin: 0 auto; font-family: sans-serif; line-height: 1.6; color: inherit; background-color: transparent;'>\n<div style='display: flex; flex-wrap: wrap; gap: 30px; margin-bottom: 30px;'>\n<div style='flex: 1 1 300px; min-width: 280px;'> <img style='width: 100%; height: auto; border: 1px solid rgba(150&comma;150&comma;150&comma;0.3); border-radius: 8px;' src='http:\/\/ftp3.syscom.mx\/usuarios\/ftp\/2017\/01\/03\/55edd\/phillips-logo.jpg' alt=''> <\/div>\n<div style='flex: 1 1 300px; min-width: 280px;'>\n<h3 style='font-size: 22px; border-bottom: 2px solid currentColor; padding-bottom: 5px; margin-top: 0; color: inherit; opacity: 0.8;'>Caracter\u00edsticas<\/h3>\n<ul style='padding-left: 20px; font-size: 15px; color: inherit;'>\n<li style='margin-bottom: 5px;'>Gancho de acero cromado<\/li>\n<li style='margin-bottom: 5px;'>Cuerpo de aleaci\u00f3n met\u00e1lica de 35 y 40 mm de ancho<\/li>\n<li style='margin-bottom: 5px;'>Componentes internos protegidos con recubrimiento met\u00e1lico&comma; para aumentar su resistencia a la corrosi\u00f3n<\/li>\n<li style='margin-bottom: 5px;'>Con combinaci\u00f3n \u00fanica (no ajustable) integrada por 4 d\u00edgitos para el candado de 35 mm y 5 para el de 40 mm<\/li>\n<li style='margin-bottom: 5px;'>Bot\u00f3n deslizable para liberaci\u00f3n del gancho. No requiere llave<\/li>\n<li style='margin-bottom: 5px;'>Con m\u00e1s de 50&comma;000 ciclos de apertura<\/li>\n<li style='margin-bottom: 5px;'>El sistema digital del candado 35 permite m\u00e1s de 4&comma;000 combinaciones posibles y el de 40 permite m\u00e1s de 100&comma;000<\/li>\n<\/ul><\/div>\n<\/p><\/div>\n<div style='display: flex; flex-wrap: wrap; gap: 20px; margin-bottom: 30px;'>\n<div style='flex: 1 1 250px; border: 1px solid rgba(150&comma; 150&comma; 150&comma; 0.4); border-radius: 8px; overflow: hidden; display: flex; flex-direction: column;'>\n<div style='padding: 15px; border-bottom: 1px solid rgba(150&comma; 150&comma; 150&comma; 0.2); font-weight: bold; font-size: 18px; color: inherit;'>Acabado<\/div>\n<div style='padding: 15px; color: inherit;'>\n<ul style='padding-left: 20px; margin: 0; font-size: 14px; list-style-type: disc;'>\n<li style='margin-bottom: 5px;'>Cromo (C)&comma; Azul (AAZ)&comma; Negro (ANE)<\/li>\n<\/ul><\/div>\n<\/p><\/div>\n<div style='flex: 1 1 250px; border: 1px solid rgba(150&comma; 150&comma; 150&comma; 0.4); border-radius: 8px; overflow: hidden; display: flex; flex-direction: column;'>\n<div style='padding: 15px; border-bottom: 1px solid rgba(150&comma; 150&comma; 150&comma; 0.2); font-weight: bold; font-size: 18px; color: inherit;'>Beneficios<\/div>\n<div style='padding: 15px; color: inherit;'>\n<ul style='padding-left: 20px; margin: 0; font-size: 14px; list-style-type: disc;'>\n<li style='margin-bottom: 5px;'>Candado deportivo<\/li>\n<li style='margin-bottom: 5px;'>Protecci\u00f3n b\u00e1sica de uso ligero y cotidiano<\/li>\n<li style='margin-bottom: 5px;'>Para condiciones secas y protegidas<\/li>\n<\/ul><\/div>\n<\/p><\/div>\n<\/p><\/div>\n<\/p><\/div>\n","protected":false},"excerpt":{"rendered":"<p>Candado Digital de Combinaci\u00f3n M40 \/ No Requiere Llave \/ Combinaci\u00f3n \u00fanica integrada por 4 d\u00edgitos \/ Color Negro.<\/p>\n","protected":false},"featured_media":45107,"comment_status":"open","ping_status":"closed","template":"","meta":[],"product_brand":[],"product_cat":[868],"product_tag":[87,869,870],"class_list":{"0":"post-45108","1":"product","2":"type-product","3":"status-publish","4":"has-post-thumbnail","6":"product_cat-cerrojos-y-candados-digitales","7":"product_tag-cerraduras","8":"product_tag-cerrojos-y-candados-digitales","9":"product_tag-phillips-assa-abloy","11":"first","12":"instock","13":"sale","14":"shipping-taxable","15":"purchasable","16":"product-type-simple"},"_links":{"self":[{"href":"https:\/\/soydeaqui.ddns.net\/pachuca\/index.php\/wp-json\/wp\/v2\/product\/45108","targetHints":{"allow":["GET"]}}],"collection":[{"href":"https:\/\/soydeaqui.ddns.net\/pachuca\/index.php\/wp-json\/wp\/v2\/product"}],"about":[{"href":"https:\/\/soydeaqui.ddns.net\/pachuca\/index.php\/wp-json\/wp\/v2\/types\/product"}],"replies":[{"embeddable":true,"href":"https:\/\/soydeaqui.ddns.net\/pachuca\/index.php\/wp-json\/wp\/v2\/comments?post=45108"}],"wp:featuredmedia":[{"embeddable":true,"href":"https:\/\/soydeaqui.ddns.net\/pachuca\/index.php\/wp-json\/wp\/v2\/media\/45107"}],"wp:attachment":[{"href":"https:\/\/soydeaqui.ddns.net\/pachuca\/index.php\/wp-json\/wp\/v2\/media?parent=45108"}],"wp:term":[{"taxonomy":"product_brand","embeddable":true,"href":"https:\/\/soydeaqui.ddns.net\/pachuca\/index.php\/wp-json\/wp\/v2\/product_brand?post=45108"},{"taxonomy":"product_cat","embeddable":true,"href":"https:\/\/soydeaqui.ddns.net\/pachuca\/index.php\/wp-json\/wp\/v2\/product_cat?post=45108"},{"taxonomy":"product_tag","embeddable":true,"href":"https:\/\/soydeaqui.ddns.net\/pachuca\/index.php\/wp-json\/wp\/v2\/product_tag?post=45108"}],"curies":[{"name":"wp","href":"https:\/\/api.w.org\/{rel}","templated":true}]}}