{"id":45086,"date":"2026-03-18T19:58:34","date_gmt":"2026-03-18T19:58:34","guid":{"rendered":"https:\/\/soydeaqui.ddns.net\/pachuca\/index.php\/producto\/inversor-para-interconexion-a-cfe-de-3-3-kw-con-salida-de-220-vca-modulo-wifi-incluido-2\/"},"modified":"2026-03-18T19:58:35","modified_gmt":"2026-03-18T19:58:35","slug":"inversor-para-interconexion-a-cfe-de-3-3-kw-con-salida-de-220-vca-modulo-wifi-incluido-2","status":"publish","type":"product","link":"https:\/\/soydeaqui.ddns.net\/pachuca\/index.php\/producto\/inversor-para-interconexion-a-cfe-de-3-3-kw-con-salida-de-220-vca-modulo-wifi-incluido-2\/","title":{"rendered":"Inversor para Interconexi\u00f3n a CFE de 3.3 kW con salida de 220 Vca, M\u00f3dulo WiFi incluido."},"content":{"rendered":"<div style='width: 100%; max-width: 1200px; margin: 0 auto; font-family: sans-serif; line-height: 1.6; color: inherit; background-color: transparent;'> <!-- Imagen principal --> <\/p>\n<div style='margin-bottom: 30px;'> <img style='width: 100%; height: auto; border: 1px solid rgba(150&comma;150&comma;150&comma;0.3); border-radius: 8px;' src='https:\/\/drive.google.com\/file\/d\/1rxzo-q4R_ONjMOeseIjjGuYA9AiDTmvw\/view?usp=sharing' alt=''> <\/div>\n<p> <!-- Descripci\u00f3n general --> <\/p>\n<div style='margin-bottom: 30px;'>\n<p style='text-align: justify; font-size: 15px; color: inherit;'> El <strong>Growatt MIC 3300TL-X2<\/strong> es un inversor solar de alto rendimiento dise\u00f1ado para maximizar la eficiencia en la conversi\u00f3n de energ\u00eda fotovoltaica a energ\u00eda el\u00e9ctrica utilizable. Con una combinaci\u00f3n de tecnolog\u00edas avanzadas y dise\u00f1o amigable&comma; el MIN 6000TL-X2 se establece como <u>la elecci\u00f3n ideal para sistemas fotovoltaicos residenciales y comerciales peque\u00f1os a medianos<\/u>. <\/p>\n<\/p><\/div>\n<p> <!-- Especificaciones principales --> <\/p>\n<div style='margin-bottom: 30px;'>\n<h2 style='font-size: 24px; border-bottom: 2px solid currentColor; padding-bottom: 5px; margin-top: 0; color: inherit; opacity: 0.8;'>Especificaciones<\/h2>\n<p> <!-- Grid de especificaciones --> <\/p>\n<div style='display: flex; flex-wrap: wrap; gap: 20px; margin-top: 20px;'> <!-- Caracter\u00edsticas Fotovoltaicas --> <\/p>\n<div style='flex: 1 1 300px; min-width: 280px;'>\n<div style='border: 1px solid rgba(150&comma; 150&comma; 150&comma; 0.4); border-radius: 8px; overflow: hidden;'>\n<div style='padding: 15px; border-bottom: 1px solid rgba(150&comma; 150&comma; 150&comma; 0.2); font-weight: bold; font-size: 16px; color: inherit; background-color: rgba(40&comma; 128&comma; 193&comma; 0.1);'>Caracter\u00edsticas Fotovoltaicas Principales<\/div>\n<ul style='padding: 15px; margin: 0; font-size: 14px; list-style-type: disc; color: inherit;'>\n<li style='margin-bottom: 5px;'><strong>M\u00e1xima potencia FV recomendada:<\/strong> 4&comma;900W (Permite conectar una extensa gama de paneles fotovoltaicos)<\/li>\n<li style='margin-bottom: 5px;'><strong>N\u00famero de MPPTs:<\/strong> 1<\/li>\n<li style='margin-bottom: 5px;'><strong>Cadenas por MPPT:<\/strong> 1<\/li>\n<li style='margin-bottom: 5px;'><strong>M\u00e1xima corriente en corto circuito por MPPT:<\/strong> 16A (permite conectar m\u00faltiples m\u00f3dulos en serie para alcanzar el m\u00e1ximo rendimiento del sistema)<\/li>\n<li style='margin-bottom: 5px;'><strong>Rango de voltaje de MPPT:<\/strong> 80V-550V (Brinda flexibilidad en la elecci\u00f3n de m\u00f3dulos fotovoltaicos)<\/li>\n<\/ul><\/div>\n<\/p><\/div>\n<p> <!-- Caracter\u00edsticas de Salida (CA) --> <\/p>\n<div style='flex: 1 1 300px; min-width: 280px;'>\n<div style='border: 1px solid rgba(150&comma; 150&comma; 150&comma; 0.4); border-radius: 8px; overflow: hidden;'>\n<div style='padding: 15px; border-bottom: 1px solid rgba(150&comma; 150&comma; 150&comma; 0.2); font-weight: bold; font-size: 16px; color: inherit; background-color: rgba(40&comma; 128&comma; 193&comma; 0.1);'>Caracter\u00edsticas de Salida (CA)<\/div>\n<ul style='padding: 15px; margin: 0; font-size: 14px; list-style-type: disc; color: inherit;'>\n<li style='margin-bottom: 5px;'><strong>Potencia nominal CA:<\/strong> 3&comma;000W (Proporciona suficiente energ\u00eda para cubrir las necesidades de hogares y PYMEs)<\/li>\n<li style='margin-bottom: 5px;'><strong>Voltaje nominal:<\/strong> 220<\/li>\n<li style='margin-bottom: 5px;'><strong>Corriente m\u00e1xima de salida:<\/strong> 14.3A (Asegura una transferencia efectiva de energ\u00eda a la red el\u00e9ctrica)<\/li>\n<li style='margin-bottom: 5px;'><strong>Rango de Frecuencia de red CA:<\/strong> 55Hz-65Hz<\/li>\n<\/ul><\/div>\n<\/p><\/div>\n<p> <!-- Caracter\u00edsticas Generales --> <\/p>\n<div style='flex: 1 1 300px; min-width: 280px;'>\n<div style='border: 1px solid rgba(150&comma; 150&comma; 150&comma; 0.4); border-radius: 8px; overflow: hidden;'>\n<div style='padding: 15px; border-bottom: 1px solid rgba(150&comma; 150&comma; 150&comma; 0.2); font-weight: bold; font-size: 16px; color: inherit; background-color: rgba(40&comma; 128&comma; 193&comma; 0.1);'>Caracter\u00edsticas Generales<\/div>\n<ul style='padding: 15px; margin: 0; font-size: 14px; list-style-type: disc; color: inherit;'>\n<li style='margin-bottom: 5px;'><strong>Dimensiones:<\/strong> 274 mm x 254 mm x 138 mm<\/li>\n<li style='margin-bottom: 5px;'><strong>Peso:<\/strong> 6.2kg<\/li>\n<li style='margin-bottom: 5px;'><strong>Grado de protecci\u00f3n:<\/strong> IP65 (Protegido contra polvo y agua)<\/li>\n<li style='margin-bottom: 5px;'><strong>Rango de temperatura:<\/strong> -25\u00b0C &#8211; 60\u00b0C (Rendimiento asegurado ante diversas condiciones clim\u00e1ticas)<\/li>\n<li style='margin-bottom: 5px;'><strong>Comunicaci\u00f3n WIFI para su monitorizaci\u00f3n remota<\/strong><\/li>\n<\/ul><\/div>\n<\/p><\/div>\n<\/p><\/div>\n<\/p><\/div>\n<p> <!-- Separador --> <\/p>\n<hr style='border: 0; border-top: 1px solid rgba(150&comma; 150&comma; 150&comma; 0.3); margin: 30px 0;'> <!-- Men\u00fa expandible - Secciones de informaci\u00f3n --> <\/p>\n<div style='margin-bottom: 30px;'>\n<h2 style='font-size: 20px; text-align: center; margin-bottom: 20px; color: inherit; opacity: 0.8;'>MEN\u00da EXPANDIBLE<\/h2>\n<p> <!-- Secci\u00f3n: Monitoreo OSS GROWATT --> <\/p>\n<div style='margin-bottom: 20px; border: 1px solid rgba(150&comma; 150&comma; 150&comma; 0.3); border-radius: 8px; overflow: hidden;'>\n<div style='background-color: rgba(40&comma; 128&comma; 193&comma; 0.8); padding: 12px 15px;'>\n<h3 style='margin: 0; font-size: 16px; color: #ffffff;'><strong>Monitoreo OSS GROWATT (PC)<\/strong><\/h3>\n<\/p><\/div>\n<div style='padding: 15px;'>\n<div style='display: flex; flex-wrap: wrap; gap: 15px; margin-bottom: 20px;'> <a style='flex: 1 1 200px; text-align: center;' href='http:\/\/server.growatt.com\/login\/toViewExamlePlant' target='_blank' rel='noopener'> <img style='width: 100%; height: auto; border: 1px solid rgba(150&comma;150&comma;150&comma;0.3); border-radius: 8px;' src='https:\/\/ftp3.syscom.mx\/usuarios\/mtopete\/Energia%20Solar\/Growatt\/monitoreo%20Growatt.png' alt=''> <\/a> <a style='flex: 1 1 200px; text-align: center;' href='http:\/\/server.growatt.com\/indexbC\/getInvPage' target='_blank' rel='noopener'> <img style='width: 100%; height: auto; border: 1px solid rgba(150&comma;150&comma;150&comma;0.3); border-radius: 8px;' src='https:\/\/ftp3.syscom.mx\/usuarios\/mtopete\/Energia%20Solar\/Growatt\/monitoreo%20Growatt%20planta.png' alt=''> <\/a> <a style='flex: 1 1 200px; text-align: center;' href='http:\/\/server.growatt.com\/login\/toViewExamlePlant' target='_blank' rel='noopener'> <img style='width: 100%; height: auto; border: 1px solid rgba(150&comma;150&comma;150&comma;0.3); border-radius: 8px;' src='https:\/\/ftp3.syscom.mx\/usuarios\/mtopete\/Energia%20Solar\/Growatt\/plantas%20monitoreo.PNG' alt=''> <\/a> <\/div>\n<p style='color: inherit; font-size: 14px; margin-bottom: 15px;'> El monitoreo con la plataforma OSS de Growatt nos permite supervisar y controlar nuestras plantas instaladas ya que es una potente plataforma O&#038;M para instaladores. Esta plataforma cuenta con un diagn\u00f3stico de curva I-V inteligente en l\u00ednea que hace m\u00e1s f\u00e1cil observar la producci\u00f3n de energ\u00eda del sistema. <\/p>\n<p style='text-align: center; font-size: 14px; margin: 0;'> <strong>\u00a1DA CLICK EN LAS IM\u00c1GENES Y PRUEBALO!<\/strong> <\/p>\n<\/p><\/div>\n<\/p><\/div>\n<p> <!-- Secci\u00f3n: Monitoreo Remoto por APP SHINE PHONE --> <\/p>\n<div style='margin-bottom: 20px; border: 1px solid rgba(150&comma; 150&comma; 150&comma; 0.3); border-radius: 8px; overflow: hidden;'>\n<div style='background-color: rgba(40&comma; 128&comma; 193&comma; 0.8); padding: 12px 15px;'>\n<h3 style='margin: 0; font-size: 16px; color: #ffffff;'><strong>Monitoreo Remoto por APP SHINE PHONE<\/strong><\/h3>\n<\/p><\/div>\n<div style='padding: 15px;'>\n<p style='color: inherit; font-size: 14px; margin-bottom: 15px;'> Si lo tuyo es lo port\u00e1til&comma; no dude en utilizar la aplicaci\u00f3n SHINEPHONE para la supervisi\u00f3n y control de par\u00e1metros de manera simple y r\u00e1pida. <\/p>\n<p style='color: inherit; font-size: 14px; margin-bottom: 15px;'> Con los siguientes videos te guiaremos para que comiences a utilizar el m\u00f3dulo de monitoreo y para orientarte con el registro del datalogger. <\/p>\n<p> <!-- Videos --> <\/p>\n<div style='display: flex; flex-wrap: wrap; gap: 15px; margin-bottom: 20px;'> <!-- Video 1 --> <\/p>\n<div style='flex: 1 1 300px; min-width: 280px;'>\n<div style='position: relative; padding-bottom: 56.25%; height: 0; overflow: hidden;'>   <\/div>\n<\/p><\/div>\n<p> <!-- Video 2 --> <\/p>\n<div style='flex: 1 1 300px; min-width: 280px;'>\n<div style='position: relative; padding-bottom: 56.25%; height: 0; overflow: hidden;'>   <\/div>\n<\/p><\/div>\n<\/p><\/div>\n<\/p><\/div>\n<\/p><\/div>\n<p> <!-- Secci\u00f3n: Diagrama de conexi\u00f3n --> <\/p>\n<div style='margin-bottom: 20px; border: 1px solid rgba(150&comma; 150&comma; 150&comma; 0.3); border-radius: 8px; overflow: hidden;'>\n<div style='background-color: rgba(40&comma; 128&comma; 193&comma; 0.8); padding: 12px 15px;'>\n<h3 style='margin: 0; font-size: 16px; color: #ffffff;'><strong>Diagrama de conexi\u00f3n<\/strong><\/h3>\n<\/p><\/div>\n<div style='padding: 15px;'>\n<div style='display: flex; flex-wrap: wrap; gap: 15px; margin-bottom: 20px;'>\n<div style='flex: 1 1 250px; min-width: 220px;'> <img style='width: 100%; height: auto; border: 1px solid rgba(150&comma;150&comma;150&comma;0.3); border-radius: 8px;' src='https:\/\/ftp3.syscom.mx\/usuarios\/fotos\/MIN6000TLX2\/222680-diagrama_growat.png' alt=''> <\/div>\n<div style='flex: 1 1 250px; min-width: 220px;'>\n<h4 style='text-align: center; margin-top: 0; font-size: 16px; color: inherit;'>MIN6000TLX2<\/h4>\n<p style='color: inherit; font-size: 14px; margin-bottom: 10px;'> Este equipo dispone de 1 MPPT. La conexi\u00f3n de estos equipos se realiza conectando una serie de m\u00f3dulos solares en cada cadena. <\/p>\n<p style='color: inherit; font-size: 14px; margin-bottom: 10px;'> Antes de conectarlos al inversor&comma; las series de paneles pueden ser conectadas a una pastilla t\u00e9rmica para la protecci\u00f3n del equipo. <\/p>\n<p style='color: inherit; font-size: 14px; margin-bottom: 0;'> Una vez que los paneles est\u00e9n conectados&comma; es necesario adaptar el cableado el\u00e9ctrico al conector del inversor. Este conector cuenta con una se\u00f1alizaci\u00f3n que indica &#8216;L&#8217;&comma; &#8216;N&#8217; y &#8216;PE&#8217;&comma; correspondientes a L\u00ednea 1&comma; L\u00ednea 2 y Tierra&comma; respectivamente. Esta conexi\u00f3n se dirige a otra pastilla t\u00e9rmica con el objetivo de proteger el equipo&comma; y desde esta protecci\u00f3n se debe realizar la conexi\u00f3n al medidor bidireccional. <\/p>\n<\/p><\/div>\n<\/p><\/div>\n<\/p><\/div>\n<\/p><\/div>\n<p> <!-- Secci\u00f3n: M\u00f3dulos Solares Compatibles --> <\/p>\n<div style='margin-bottom: 20px; border: 1px solid rgba(150&comma; 150&comma; 150&comma; 0.3); border-radius: 8px; overflow: hidden;'>\n<div style='background-color: rgba(40&comma; 128&comma; 193&comma; 0.8); padding: 12px 15px;'>\n<h3 style='margin: 0; font-size: 16px; color: #ffffff;'><strong>M\u00f3dulos Solares Compatibles<\/strong><\/h3>\n<\/p><\/div>\n<div style='padding: 15px;'>\n<div style='display: flex; flex-wrap: wrap; gap: 20px;'> <!-- M\u00f3dulo Solar LONGI 575W --> <\/p>\n<div style='flex: 1 1 250px; min-width: 220px;'>\n<div style='border: 1px solid rgba(150&comma;150&comma;150&comma;0.3); border-radius: 8px; overflow: hidden;'> <a style='display: block; text-align: center;' href='https:\/\/www.syscom.mx\/producto\/LR572HTH575M-LONGI-224263.html' target='_blank' rel='noopener'> <img style='width: 100%; height: auto;' src='https:\/\/ftp3.syscom.mx\/usuarios\/fotos\/MIN6000TLX2\/222680-panel_330.jpg' alt=''> <\/a> <\/p>\n<div style='padding: 10px;'>\n<h4 style='text-align: center; margin: 8px 0; font-size: 16px; color: inherit;'><strong>M\u00f3dulo Solar LONGI 575W<\/strong><\/h4>\n<p style='text-align: center; margin: 5px 0; font-size: 14px; color: inherit;'><strong>LR572HTH575M<\/strong><\/p>\n<ul style='padding-left: 20px; margin: 8px 0; font-size: 13px; color: inherit;'>\n<li style='margin-bottom: 3px;'><strong>Cantidad de modulos recomendados:<\/strong> 6<\/li>\n<li style='margin-bottom: 3px;'><strong>Voltaje de circuito abierto (Voc):<\/strong> 52.06 V<\/li>\n<li style='margin-bottom: 3px;'><strong>Corriente en corto circuito (Isc):<\/strong> 14.44 A<\/li>\n<li style='margin-bottom: 3px;'><strong>Dimensiones:<\/strong> 2278x1134x35 mm<\/li>\n<\/ul><\/div>\n<\/p><\/div>\n<\/p><\/div>\n<p> <!-- M\u00f3dulo Solar ETSOLAR 450W --> <\/p>\n<div style='flex: 1 1 250px; min-width: 220px;'>\n<div style='border: 1px solid rgba(150&comma;150&comma;150&comma;0.3); border-radius: 8px; overflow: hidden;'> <a style='display: block; text-align: center;' href='https:\/\/www.syscom.mx\/producto\/ETM760BH450WW\/WB-ETSOLAR-220698.html' target='_blank' rel='noopener'> <img style='width: 100%; height: auto;' src='https:\/\/ftp3.syscom.mx\/usuarios\/fotos\/MIN6000TLX2\/222680-panel_450.jpg' alt=''> <\/a> <\/p>\n<div style='padding: 10px;'>\n<h4 style='text-align: center; margin: 8px 0; font-size: 16px; color: inherit;'>M\u00f3dulo Solar ETSOLAR 450W<\/h4>\n<p style='text-align: center; margin: 5px 0; font-size: 14px; color: inherit;'><strong>ETM760BH450WW\/WB<\/strong><\/p>\n<ul style='padding-left: 20px; margin: 8px 0; font-size: 13px; color: inherit;'>\n<li style='margin-bottom: 3px;'><strong>Cantidad de modulos recomendados:<\/strong> 8<\/li>\n<li style='margin-bottom: 3px;'><strong>Voltaje de circuito abierto (Voc):<\/strong> 41.4 V<\/li>\n<li style='margin-bottom: 3px;'><strong>Corriente en corto circuito (Isc):<\/strong> 13.6 A<\/li>\n<li style='margin-bottom: 3px;'><strong>Dimensiones:<\/strong> 1909x1134x35 mm<\/li>\n<\/ul><\/div>\n<\/p><\/div>\n<\/p><\/div>\n<p> <!-- M\u00f3dulo Solar LONGI 580W --> <\/p>\n<div style='flex: 1 1 250px; min-width: 220px;'>\n<div style='border: 1px solid rgba(150&comma;150&comma;150&comma;0.3); border-radius: 8px; overflow: hidden;'> <a style='display: block; text-align: center;' href='https:\/\/www.syscom.mx\/producto\/LP182*182M72NH580W-LEAPTON-222349.html' target='_blank' rel='noopener'> <img style='width: 100%; height: auto;' src='https:\/\/ftp3.syscom.mx\/usuarios\/fotos\/MIN6000TLX2\/222680-panel_550.jpg' alt=''> <\/a> <\/p>\n<div style='padding: 10px;'>\n<h4 style='text-align: center; margin: 8px 0; font-size: 16px; color: inherit;'><strong>M\u00f3dulo Solar LONGI 580W<\/strong><\/h4>\n<p style='text-align: center; margin: 5px 0; font-size: 14px; color: inherit;'><strong>LP*182*182M72NH580W<\/strong><\/p>\n<ul style='padding-left: 20px; margin: 8px 0; font-size: 13px; color: inherit;'>\n<li style='margin-bottom: 3px;'><strong>Cantidad de modulos recomendados:<\/strong> 6<\/li>\n<li style='margin-bottom: 3px;'><strong>Voltaje de circuito abierto (Voc):<\/strong> 51.09 V<\/li>\n<li style='margin-bottom: 3px;'><strong>Corriente en corto circuito (Isc):<\/strong> 14.45 A<\/li>\n<li style='margin-bottom: 3px;'><strong>Dimensiones:<\/strong> 2279x1143x30 mm<\/li>\n<\/ul><\/div>\n<\/p><\/div>\n<\/p><\/div>\n<\/p><\/div>\n<\/p><\/div>\n<\/p><\/div>\n<\/p><\/div>\n<p> <!-- Iconos de beneficios --> <\/p>\n<div style='margin-bottom: 30px;'>\n<div style='display: flex; flex-wrap: wrap; gap: 15px; justify-content: center;'>\n<div style='flex: 1 1 150px; min-width: 140px; text-align: center; padding: 10px;'> <img style='max-width: 60px; height: auto;' src='https:\/\/ftp3.syscom.mx\/usuarios\/ftp\/single_page\/epcom_powerline\/limpia.png' alt=''> <\/p>\n<p style='margin-top: 8px; font-size: 14px; color: inherit;'>Energ\u00eda Limpia<\/p>\n<\/p><\/div>\n<div style='flex: 1 1 150px; min-width: 140px; text-align: center; padding: 10px;'> <img style='max-width: 60px; height: auto;' src='https:\/\/ftp3.syscom.mx\/usuarios\/ftp\/single_page\/epcom_powerline\/ahorro.png' alt=''> <\/p>\n<p style='margin-top: 8px; font-size: 14px; color: inherit;'>Ahorro de Energ\u00eda<\/p>\n<\/p><\/div>\n<div style='flex: 1 1 150px; min-width: 140px; text-align: center; padding: 10px;'> <img style='max-width: 60px; height: auto;' src='https:\/\/ftp3.syscom.mx\/usuarios\/ftp\/single_page\/epcom_powerline\/ciudad.png' alt=''> <\/p>\n<p style='margin-top: 8px; font-size: 14px; color: inherit;'>Cuidado del Medio Ambiente<\/p>\n<\/p><\/div>\n<div style='flex: 1 1 150px; min-width: 140px; text-align: center; padding: 10px;'> <img style='max-width: 60px; height: auto;' src='https:\/\/ftp3.syscom.mx\/usuarios\/ftp\/single_page\/epcom_powerline\/conexion.png' alt=''> <\/p>\n<p style='margin-top: 8px; font-size: 14px; color: inherit;'>Conexi\u00f3n sencilla<\/p>\n<\/p><\/div>\n<\/p><\/div>\n<\/p><\/div>\n<p> <!-- Caracter\u00edsticas T\u00e9cnicas Especiales --> <\/p>\n<div style='margin-bottom: 30px;'>\n<h2 style='font-size: 20px; text-align: center; margin-bottom: 20px; color: inherit; opacity: 0.8;'>Caracter\u00edsticas T\u00e9cnicas Especiales<\/h2>\n<p> <!-- Caracter\u00edstica: Eficiencia M\u00e1xima --> <\/p>\n<div style='margin-bottom: 15px;'>\n<h3 style='font-size: 16px; color: inherit; margin-top: 0; margin-bottom: 8px;'><strong>Eficiencia M\u00e1xima de 97.6%<\/strong><\/h3>\n<p style='margin: 0; font-size: 14px; color: inherit;'> El MIC3300TL-X2 ofrece una eficiencia m\u00e1xima l\u00edder de la industria&comma; asegurando el aprovechamiento \u00f3ptimo de la energ\u00eda solar capturada por los paneles fotovoltaicos. <\/p>\n<\/p><\/div>\n<p> <!-- Caracter\u00edstica: Control de Exportaci\u00f3n Opcional --> <\/p>\n<div style='margin-bottom: 15px;'>\n<h3 style='font-size: 16px; color: inherit; margin-top: 0; margin-bottom: 8px;'><strong>Control de Exportaci\u00f3n Opcional<\/strong><\/h3>\n<p style='margin: 0; font-size: 14px; color: inherit;'> El inversor integra un controlador de exportaci\u00f3n de energ\u00eda implantable que ajusta la generaci\u00f3n de energ\u00eda en funci\u00f3n de la demanda espec\u00edfica&comma; lo cual es esencial para el cumplimiento de regulaciones locales o personales para la exportaci\u00f3n a la red. <\/p>\n<\/p><\/div>\n<p> <!-- Caracter\u00edstica: Pantalla OLED --> <\/p>\n<div style='margin-bottom: 15px;'>\n<h3 style='font-size: 16px; color: inherit; margin-top: 0; margin-bottom: 8px;'><strong>Pantalla OLED y Bot\u00f3n T\u00e1ctil<\/strong><\/h3>\n<p style='margin: 0; font-size: 14px; color: inherit;'> Para un manejo e interacci\u00f3n amistosos&comma; el inversor Growatt MIN 6000TL-X est\u00e1 equipado con una pantalla OLED brillante y f\u00e1cil de leer&comma; junto con un interfaz de bot\u00f3n t\u00e1ctil que simplifica la navegaci\u00f3n y el control del dispositivo. <\/p>\n<\/p><\/div>\n<p> <!-- Caracter\u00edstica: Almacenamiento de Datos --> <\/p>\n<div style='margin-bottom: 15px;'>\n<h3 style='font-size: 16px; color: inherit; margin-top: 0; margin-bottom: 8px;'><strong>Amplia Capacidad de Almacenamiento de Datos (Hasta 25 a\u00f1os)<\/strong><\/h3>\n<p style='margin: 0; font-size: 14px; color: inherit;'> El inversor puede almacenar datos detallados de generaci\u00f3n y rendimiento&comma; asegurando una evaluaci\u00f3n exhaustiva a lo largo del tiempo y facilitando el mantenimiento preventivo del sistema. <\/p>\n<\/p><\/div>\n<p> <!-- Caracter\u00edstica: Certificaciones --> <\/p>\n<div style='margin-bottom: 15px;'>\n<h3 style='font-size: 16px; color: inherit; margin-top: 0; margin-bottom: 8px;'><strong>Certificaci\u00f3n Necesaria para Contratos de Interconexi\u00f3n<\/strong><\/h3>\n<ul style='margin: 8px 0 0 20px; font-size: 14px; color: inherit;'>\n<li style='margin-bottom: 3px;'>IEE1547<\/li>\n<li style='margin-bottom: 3px;'>UL171<\/li>\n<\/ul><\/div>\n<\/p><\/div>\n<p> <!-- Notas importantes --> <\/p>\n<div style='margin-bottom: 30px; border: 1px solid rgba(231&comma;76&comma;60&comma;0.5); border-left: 4px solid #e74c3c; border-radius: 8px; padding: 15px; background-color: rgba(231&comma;76&comma;60&comma;0.05);'>\n<h3 style='font-size: 16px; color: #e74c3c; margin-top: 0; margin-bottom: 15px;'><strong>Notas<\/strong><\/h3>\n<ul style='margin: 0; padding-left: 20px; color: #e74c3c; font-size: 14px;'>\n<li style='margin-bottom: 8px;'><em>Los equipos de interconexi\u00f3n a la red el\u00e9ctrica no pueden operar con generadores di\u00e9sel o a gasolina.<\/em><\/li>\n<li style='margin-bottom: 8px;'><em>Los inversores requieren sincronizarse para entregar voltaje&comma; de lo contrario el equipo no entregar\u00e1 voltaje&comma; si se miden las terminales con los paneles conectados el voltaje medido debe ser 0V.<\/em><\/li>\n<li style='margin-bottom: 0;'><em>No mezclar potencias de paneles en las cadenas.<\/em><\/li>\n<\/ul><\/div>\n<\/p><\/div>\n","protected":false},"excerpt":{"rendered":"<p>Inversor para Interconexi\u00f3n a CFE de 3.3 kW con salida de 220 Vca, M\u00f3dulo WiFi incluido.<\/p>\n","protected":false},"featured_media":45085,"comment_status":"open","ping_status":"closed","template":"","meta":[],"product_brand":[],"product_cat":[1092],"product_tag":[964,1157,1093],"class_list":{"0":"post-45086","1":"product","2":"type-product","3":"status-publish","4":"has-post-thumbnail","6":"product_cat-inversores-interconexion-on-grid","7":"product_tag-energia-solar","8":"product_tag-growatt","9":"product_tag-inversores-interconexion-on-grid","11":"first","12":"outofstock","13":"sale","14":"shipping-taxable","15":"purchasable","16":"product-type-simple"},"_links":{"self":[{"href":"https:\/\/soydeaqui.ddns.net\/pachuca\/index.php\/wp-json\/wp\/v2\/product\/45086","targetHints":{"allow":["GET"]}}],"collection":[{"href":"https:\/\/soydeaqui.ddns.net\/pachuca\/index.php\/wp-json\/wp\/v2\/product"}],"about":[{"href":"https:\/\/soydeaqui.ddns.net\/pachuca\/index.php\/wp-json\/wp\/v2\/types\/product"}],"replies":[{"embeddable":true,"href":"https:\/\/soydeaqui.ddns.net\/pachuca\/index.php\/wp-json\/wp\/v2\/comments?post=45086"}],"wp:featuredmedia":[{"embeddable":true,"href":"https:\/\/soydeaqui.ddns.net\/pachuca\/index.php\/wp-json\/wp\/v2\/media\/45085"}],"wp:attachment":[{"href":"https:\/\/soydeaqui.ddns.net\/pachuca\/index.php\/wp-json\/wp\/v2\/media?parent=45086"}],"wp:term":[{"taxonomy":"product_brand","embeddable":true,"href":"https:\/\/soydeaqui.ddns.net\/pachuca\/index.php\/wp-json\/wp\/v2\/product_brand?post=45086"},{"taxonomy":"product_cat","embeddable":true,"href":"https:\/\/soydeaqui.ddns.net\/pachuca\/index.php\/wp-json\/wp\/v2\/product_cat?post=45086"},{"taxonomy":"product_tag","embeddable":true,"href":"https:\/\/soydeaqui.ddns.net\/pachuca\/index.php\/wp-json\/wp\/v2\/product_tag?post=45086"}],"curies":[{"name":"wp","href":"https:\/\/api.w.org\/{rel}","templated":true}]}}