{"id":4508,"date":"2026-03-18T06:20:01","date_gmt":"2026-03-18T06:20:01","guid":{"rendered":"https:\/\/soydeaqui.ddns.net\/pachuca\/index.php\/producto\/detector-de-movimiento-pasivo-perimetral-largo-alcance-50m-x-30m-funcion-antimascaramiento-y-antirotacion\/"},"modified":"2026-03-18T06:20:02","modified_gmt":"2026-03-18T06:20:02","slug":"detector-de-movimiento-pasivo-perimetral-largo-alcance-50m-x-30m-funcion-antimascaramiento-y-antirotacion","status":"publish","type":"product","link":"https:\/\/soydeaqui.ddns.net\/pachuca\/index.php\/producto\/detector-de-movimiento-pasivo-perimetral-largo-alcance-50m-x-30m-funcion-antimascaramiento-y-antirotacion\/","title":{"rendered":"Detector de Movimiento Pasivo \/ Perimetral \/ Largo alcance (50m x 30m)\/ Funci\u00f3n Antimascaramiento y Antirotacion"},"content":{"rendered":"<div style='width: 100%; max-width: 1200px; margin: 0 auto; font-family: sans-serif; line-height: 1.6; color: inherit; background-color: transparent;'>\n<h2 style='font-size: 24px; margin-bottom: 20px; color: inherit; border-bottom: 2px solid currentColor; padding-bottom: 8px; opacity: 0.85;'>Detalles del producto<\/h2>\n<div style='margin-bottom: 30px;'>\n<p style='margin-bottom: 15px;'>El sensor de movimiento para exteriores SIP-5030 ofrece un \u00e1rea de detecci\u00f3n de 50 por 30 metros que resulta ideal para proteger establecimientos comerciales contra intrusiones. Al igual que todos los sensores de movimiento Redwall&comma; est\u00e1 dise\u00f1ado para conectarse a un sistema CCTV y ajustarse al campo de visi\u00f3n de la c\u00e1mara. Las zonas de detecci\u00f3n independientes de lejos y cerca activar\u00e1n las configuraciones preestablecidas de las c\u00e1maras para obtener la mejor vista de la escena&comma; mientras que la zona inmediata detectar\u00e1 al intruso justo en la zona de debajo y alrededor del sensor.<\/p>\n<p style='margin-bottom: 15px;'>La serie REDWALL SIP-IP-BOX incluye detectores PIR para exteriores IP de largo alcance&comma; compatible con PoE&comma; cuyo c\u00f3digo de alarma se ha integrado con plataformas de software de gesti\u00f3n de v\u00eddeo (VMS&comma; por sus siglas en ingl\u00e9s) y c\u00e1maras IP&comma; NVR y plataformas PSIM. El evento de alarma que generan los sensores IP activa una respuesta por parte del sistema de seguridad. Con una gran estabilidad en entornos exteriores&comma; los sensores Redwall SIP tienen un \u00edndice de alarmas falsas muy bajo y son fundamentales para proporcionar estabilidad a los sistemas de seguridad activados por eventos. El SIP-5030-IP ofrece detecci\u00f3n de gran angular para \u00e1reas exteriores de gran tama\u00f1o y cubre 50 x 30 metros. Adem\u00e1s&comma; dispone de un sistema de detecci\u00f3n inteligente que ajusta autom\u00e1ticamente la sensibilidad al entorno. Incluye el PIR SIP-5030&comma; el m\u00f3dulo codificador IP\/PoE (PIE-1) y una caja gabinete IP65.<\/p>\n<\/p><\/div>\n<p> <!-- Secci\u00f3n de caracter\u00edsticas con grid --> <\/p>\n<div style='display: grid; grid-template-columns: repeat(auto-fit&comma; minmax(280px&comma; 1fr)); gap: 25px; margin-bottom: 30px;'>\n<div>\n<h3 style='font-size: 20px; border-bottom: 2px solid currentColor; padding-bottom: 5px; margin-top: 0; color: inherit; opacity: 0.8;'>Dise\u00f1ado para activar los sistemas CCTV<\/h3>\n<p style='margin-top: 10px;'>La serie REDWALL SIP est\u00e1 dise\u00f1ada para conectarse a c\u00e1maras PTZ o fijas y activar el sistema CCTV cuando ocurre una intrusi\u00f3n. El SIP-100\/5030 tiene tres zonas de detecci\u00f3n independientes (lejos&comma; cerca e inmediata) con selecci\u00f3n de sensibilidad independiente que puede activar c\u00e1maras preestablecidas y proporcionar la mejor vista de la escena al personal de seguridad local o en las estaciones remotas de supervisi\u00f3n.<\/p>\n<\/p><\/div>\n<div>\n<h3 style='font-size: 20px; border-bottom: 2px solid currentColor; padding-bottom: 5px; margin-top: 0; color: inherit; opacity: 0.8;'>Resistente a la intemperie y al vandalismo<\/h3>\n<p style='margin-top: 10px;'>Los sensores de movimiento REDWALL SIP est\u00e1n dise\u00f1ados para utilizarse en entornos exteriores exigentes. La sensibilidad se puede ajustar autom\u00e1ticamente a la iluminaci\u00f3n y la temperatura ambientes&comma; y cuentan con clasificaci\u00f3n IP65 para la unidad principal. Los detectores de intrusiones de largo alcance SIP son resistentes al vandalismo ya que cuentan con una carcasa de policarbonato y funci\u00f3n de antienmascaramiento&comma; adem\u00e1s de tener un aceler\u00f3metro para detectar si se ha modificado o no la posici\u00f3n del sensor.<\/p>\n<\/p><\/div>\n<\/p><\/div>\n<p> <!-- Secci\u00f3n de especificaciones en cards --> <\/p>\n<div style='display: flex; flex-wrap: wrap; gap: 20px; margin-bottom: 30px;'>\n<div style='flex: 1 1 250px; border: 1px solid rgba(150&comma; 150&comma; 150&comma; 0.4); border-radius: 8px; overflow: hidden; display: flex; flex-direction: column;'>\n<div style='padding: 15px; border-bottom: 1px solid rgba(150&comma; 150&comma; 150&comma; 0.2); font-weight: bold; font-size: 18px; color: inherit;'>Aplicaciones<\/div>\n<div style='padding: 15px; color: inherit;'>\n<ul style='padding-left: 20px; margin: 0; font-size: 14px; list-style-type: disc;'>\n<li style='margin-bottom: 5px;'>Edificios<\/li>\n<li style='margin-bottom: 5px;'>Acceso<\/li>\n<li style='margin-bottom: 5px;'>Casa<\/li>\n<\/ul><\/div>\n<\/p><\/div>\n<div style='flex: 1 1 250px; border: 1px solid rgba(150&comma; 150&comma; 150&comma; 0.4); border-radius: 8px; overflow: hidden; display: flex; flex-direction: column;'>\n<div style='padding: 15px; border-bottom: 1px solid rgba(150&comma; 150&comma; 150&comma; 0.2); font-weight: bold; font-size: 18px; color: inherit;'>Caracter\u00edsticas<\/div>\n<div style='padding: 15px; color: inherit;'>\n<ul style='padding-left: 20px; margin: 0; font-size: 14px; list-style-type: disc;'>\n<li style='margin-bottom: 5px;'>PIR al aire libre con algoritmo de detecci\u00f3n avanzado<\/li>\n<li style='margin-bottom: 5px;'>Dise\u00f1ado para activar sistemas CCTV<\/li>\n<li style='margin-bottom: 5px;'>3 zonas de detecci\u00f3n independientes con 3 salidas (lejos\/cerca\/inmediata)<\/li>\n<li style='margin-bottom: 5px;'>Antienmascaramiento de infrarrojos activos y resistencia antivandalismo<\/li>\n<\/ul><\/div>\n<\/p><\/div>\n<\/p><\/div>\n<p> <!-- Nota de herramientas requeridas --> <\/p>\n<div style='margin-bottom: 30px; padding: 15px; border-left: 4px solid rgba(40&comma; 128&comma; 185&comma; 0.6); background-color: rgba(40&comma; 128&comma; 185&comma; 0.05);'>\n<p style='margin: 0; font-size: 14px; color: inherit;'> <strong style='color: inherit;'>AVF-1 y AWT-3 herramientas requeridas para una instalaci\u00f3n adecuada<\/strong> <\/p>\n<\/p><\/div>\n<p> <!-- Video de YouTube --> <\/p>\n<div style='position: relative; padding-bottom: 56.25%; height: 0; overflow: hidden; margin-bottom: 30px;'>   <\/div>\n<p> <!-- Separador final --> <\/p>\n<hr style='border: 0; border-top: 1px solid rgba(150&comma; 150&comma; 150&comma; 0.3); margin: 30px 0;'> <\/div>\n","protected":false},"excerpt":{"rendered":"<p>Detector de Movimiento Pasivo \/ Perimetral \/ Largo alcance (50m x 30m)\/ Funci\u00f3n Antimascaramiento y Antirotacion<\/p>\n","protected":false},"featured_media":4507,"comment_status":"open","ping_status":"closed","template":"","meta":[],"product_brand":[],"product_cat":[202],"product_tag":[19,203,106],"class_list":{"0":"post-4508","1":"product","2":"type-product","3":"status-publish","4":"has-post-thumbnail","6":"product_cat-movimiento-para-exterior","7":"product_tag-detectores-sensores","8":"product_tag-movimiento-para-exterior","9":"product_tag-optex","11":"first","12":"outofstock","13":"sale","14":"shipping-taxable","15":"purchasable","16":"product-type-simple"},"_links":{"self":[{"href":"https:\/\/soydeaqui.ddns.net\/pachuca\/index.php\/wp-json\/wp\/v2\/product\/4508","targetHints":{"allow":["GET"]}}],"collection":[{"href":"https:\/\/soydeaqui.ddns.net\/pachuca\/index.php\/wp-json\/wp\/v2\/product"}],"about":[{"href":"https:\/\/soydeaqui.ddns.net\/pachuca\/index.php\/wp-json\/wp\/v2\/types\/product"}],"replies":[{"embeddable":true,"href":"https:\/\/soydeaqui.ddns.net\/pachuca\/index.php\/wp-json\/wp\/v2\/comments?post=4508"}],"wp:featuredmedia":[{"embeddable":true,"href":"https:\/\/soydeaqui.ddns.net\/pachuca\/index.php\/wp-json\/wp\/v2\/media\/4507"}],"wp:attachment":[{"href":"https:\/\/soydeaqui.ddns.net\/pachuca\/index.php\/wp-json\/wp\/v2\/media?parent=4508"}],"wp:term":[{"taxonomy":"product_brand","embeddable":true,"href":"https:\/\/soydeaqui.ddns.net\/pachuca\/index.php\/wp-json\/wp\/v2\/product_brand?post=4508"},{"taxonomy":"product_cat","embeddable":true,"href":"https:\/\/soydeaqui.ddns.net\/pachuca\/index.php\/wp-json\/wp\/v2\/product_cat?post=4508"},{"taxonomy":"product_tag","embeddable":true,"href":"https:\/\/soydeaqui.ddns.net\/pachuca\/index.php\/wp-json\/wp\/v2\/product_tag?post=4508"}],"curies":[{"name":"wp","href":"https:\/\/api.w.org\/{rel}","templated":true}]}}