{"id":44992,"date":"2026-03-18T19:55:48","date_gmt":"2026-03-18T19:55:48","guid":{"rendered":"https:\/\/soydeaqui.ddns.net\/pachuca\/index.php\/producto\/500-metros-cable-electrico-8-awg-color-verde-cobre-suave-cableado-aislamiento-de-pvc-auto-extinguible\/"},"modified":"2026-03-18T19:55:49","modified_gmt":"2026-03-18T19:55:49","slug":"500-metros-cable-electrico-8-awg-color-verde-cobre-suave-cableado-aislamiento-de-pvc-auto-extinguible","status":"publish","type":"product","link":"https:\/\/soydeaqui.ddns.net\/pachuca\/index.php\/producto\/500-metros-cable-electrico-8-awg-color-verde-cobre-suave-cableado-aislamiento-de-pvc-auto-extinguible\/","title":{"rendered":"500 Metros \/ Cable El\u00e9ctrico \/  8  AWG \/ Color verde \/ Cobre suave cableado \/ Aislamiento de PVC \/ Auto extinguible"},"content":{"rendered":"<div style='width: 100%; max-width: 1200px; margin: 0 auto; font-family: sans-serif; line-height: 1.6; color: inherit; background-color: transparent;'>\n<div style='display: flex; flex-wrap: wrap; gap: 30px; margin-bottom: 30px;'>\n<div style='flex: 1 1 300px; min-width: 280px;'>\n<h3 style='font-size: 22px; border-bottom: 2px solid currentColor; padding-bottom: 5px; margin-top: 0; color: inherit; opacity: 0.8;'>Descripci\u00f3n General<\/h3>\n<p style='font-size: 14px; color: inherit; margin: 15px 0;'> <strong style='color: inherit;'>Conductor de cobre suave cableado con aislamiento de PVC autoextinguible. VENTA POR BOBINA DE 500 METROS<\/strong> <\/p>\n<\/p><\/div>\n<\/p><\/div>\n<div style='display: flex; flex-wrap: wrap; gap: 20px; margin-bottom: 30px;'>\n<div style='flex: 1 1 250px; border: 1px solid rgba(150&comma; 150&comma; 150&comma; 0.4); border-radius: 8px; overflow: hidden; display: flex; flex-direction: column;'>\n<div style='padding: 15px; border-bottom: 1px solid rgba(150&comma; 150&comma; 150&comma; 0.2); font-weight: bold; font-size: 18px; color: inherit;'>Caracter\u00edsticas F\u00edsicas<\/div>\n<div style='padding: 15px; color: inherit;'>\n<ul style='padding-left: 20px; margin: 0; font-size: 14px; list-style-type: disc;'>\n<li style='margin-bottom: 5px;'>Calibre: 8 AWG<\/li>\n<li style='margin-bottom: 5px;'>N\u00famero de Hilos: 19<\/li>\n<li style='margin-bottom: 5px;'>\u00c1rea de Conductor: 8.37 mm\u00b2<\/li>\n<li style='margin-bottom: 5px;'>Di\u00e1metro de Conductor: 3.71 mm<\/li>\n<li style='margin-bottom: 5px;'>Espesor del Aislamiento: 1.14 mm<\/li>\n<li style='margin-bottom: 5px;'>Di\u00e1metro Exterior: 5.9 mm<\/li>\n<li style='margin-bottom: 5px;'>Peso por Metro: 0.104 kg<\/li>\n<li style='margin-bottom: 5px;'>Color de Recubrimiento: Verde<\/li>\n<li style='margin-bottom: 5px; font-style: italic;'>Datos aproximados&comma; sujetos a tolerancias de manufactura<\/li>\n<\/ul><\/div>\n<\/p><\/div>\n<div style='flex: 1 1 250px; border: 1px solid rgba(150&comma; 150&comma; 150&comma; 0.4); border-radius: 8px; overflow: hidden; display: flex; flex-direction: column;'>\n<div style='padding: 15px; border-bottom: 1px solid rgba(150&comma; 150&comma; 150&comma; 0.2); font-weight: bold; font-size: 18px; color: inherit;'>Especificaciones<\/div>\n<div style='padding: 15px; color: inherit;'>\n<ul style='padding-left: 20px; margin: 0; font-size: 14px; list-style-type: disc;'>\n<li style='margin-bottom: 5px;'>Norma: NMX-J-010-ANCE<\/li>\n<\/ul><\/div>\n<\/p><\/div>\n<div style='flex: 1 1 250px; border: 1px solid rgba(150&comma; 150&comma; 150&comma; 0.4); border-radius: 8px; overflow: hidden; display: flex; flex-direction: column;'>\n<div style='padding: 15px; border-bottom: 1px solid rgba(150&comma; 150&comma; 150&comma; 0.2); font-weight: bold; font-size: 18px; color: inherit;'>Atributos<\/div>\n<div style='padding: 15px; color: inherit;'>\n<ul style='padding-left: 20px; margin: 0; font-size: 14px; list-style-type: disc;'>\n<li style='margin-bottom: 5px;'><strong>LS:<\/strong> Resistente a la propagaci\u00f3n del incendio&comma; baja emisi\u00f3n de humos y bajo contenido de gas \u00e1cido<\/li>\n<li style='margin-bottom: 5px;'><strong>FV2 (VW-1):<\/strong> Antiflama<\/li>\n<li style='margin-bottom: 5px;'><strong>Deslizable:<\/strong> Facilita la instalaci\u00f3n<\/li>\n<li style='margin-bottom: 5px;'><strong>CT:<\/strong> Aprobado para uso en charolas portacables<\/li>\n<li style='margin-bottom: 5px;'><strong>SR:<\/strong> Resistente a la intemperie y a la luz solar<\/li>\n<\/ul><\/div>\n<\/p><\/div>\n<\/p><\/div>\n<div style='display: flex; flex-wrap: wrap; gap: 30px; margin-bottom: 30px;'>\n<div style='flex: 1 1 300px; min-width: 280px;'>\n<h3 style='font-size: 22px; border-bottom: 2px solid currentColor; padding-bottom: 5px; margin-top: 0; color: inherit; opacity: 0.8;'>Aplicaciones<\/h3>\n<p style='font-size: 14px; color: inherit; margin: 15px 0;'> Los conductores THW-LS de alta seguridad son fabricados para uso confiable en lugares secos&comma; mojados o en aceite&comma; e instalados en ducto&comma; conduit o en charolas. Sus excelentes propiedades autoextinguibles lo hacen ideal para ser instalado en las construcciones de vivienda y peque\u00f1os comercios. Se recomienda para integraci\u00f3n de Tierras F\u00edsicas. <\/p>\n<\/p><\/div>\n<\/p><\/div>\n<div style='display: flex; flex-wrap: wrap; gap: 30px; margin-bottom: 30px;'>\n<div style='flex: 1 1 300px; min-width: 280px;'>\n<h3 style='font-size: 22px; border-bottom: 2px solid currentColor; padding-bottom: 5px; margin-top: 0; color: inherit; opacity: 0.8;'>Temperatura de Operaci\u00f3n<\/h3>\n<ul style='padding-left: 20px; font-size: 14px; color: inherit; margin: 15px 0;'>\n<li style='margin-bottom: 5px;'>En lugares secos: 90\u00b0 C<\/li>\n<li style='margin-bottom: 5px;'>En lugares mojados: 75\u00b0 C<\/li>\n<\/ul><\/div>\n<\/p><\/div>\n<\/p><\/div>\n","protected":false},"excerpt":{"rendered":"<p>500 Metros \/ Cable El\u00e9ctrico \/  8  AWG \/ Color verde \/ Cobre suave cableado \/ Aislamiento de PVC \/ Auto extinguible<\/p>\n","protected":false},"featured_media":44991,"comment_status":"open","ping_status":"closed","template":"","meta":[],"product_brand":[],"product_cat":[1122],"product_tag":[1066,1123,1124],"class_list":{"0":"post-44992","1":"product","2":"type-product","3":"status-publish","4":"has-post-thumbnail","6":"product_cat-cableado-electrico","7":"product_tag-area-electrica","8":"product_tag-cableado-electrico","9":"product_tag-indiana","11":"first","12":"outofstock","13":"sale","14":"shipping-taxable","15":"purchasable","16":"product-type-simple"},"_links":{"self":[{"href":"https:\/\/soydeaqui.ddns.net\/pachuca\/index.php\/wp-json\/wp\/v2\/product\/44992","targetHints":{"allow":["GET"]}}],"collection":[{"href":"https:\/\/soydeaqui.ddns.net\/pachuca\/index.php\/wp-json\/wp\/v2\/product"}],"about":[{"href":"https:\/\/soydeaqui.ddns.net\/pachuca\/index.php\/wp-json\/wp\/v2\/types\/product"}],"replies":[{"embeddable":true,"href":"https:\/\/soydeaqui.ddns.net\/pachuca\/index.php\/wp-json\/wp\/v2\/comments?post=44992"}],"wp:featuredmedia":[{"embeddable":true,"href":"https:\/\/soydeaqui.ddns.net\/pachuca\/index.php\/wp-json\/wp\/v2\/media\/44991"}],"wp:attachment":[{"href":"https:\/\/soydeaqui.ddns.net\/pachuca\/index.php\/wp-json\/wp\/v2\/media?parent=44992"}],"wp:term":[{"taxonomy":"product_brand","embeddable":true,"href":"https:\/\/soydeaqui.ddns.net\/pachuca\/index.php\/wp-json\/wp\/v2\/product_brand?post=44992"},{"taxonomy":"product_cat","embeddable":true,"href":"https:\/\/soydeaqui.ddns.net\/pachuca\/index.php\/wp-json\/wp\/v2\/product_cat?post=44992"},{"taxonomy":"product_tag","embeddable":true,"href":"https:\/\/soydeaqui.ddns.net\/pachuca\/index.php\/wp-json\/wp\/v2\/product_tag?post=44992"}],"curies":[{"name":"wp","href":"https:\/\/api.w.org\/{rel}","templated":true}]}}