{"id":44956,"date":"2026-03-18T19:54:54","date_gmt":"2026-03-18T19:54:54","guid":{"rendered":"https:\/\/soydeaqui.ddns.net\/pachuca\/index.php\/producto\/conector-mecanico-para-cable-calibre-8-sol-minimo-4-tre-maximo-90-o-en-paralelo-para-tubo-de-3-8-o-varilla-de-5-8-3-4\/"},"modified":"2026-03-18T19:54:54","modified_gmt":"2026-03-18T19:54:54","slug":"conector-mecanico-para-cable-calibre-8-sol-minimo-4-tre-maximo-90-o-en-paralelo-para-tubo-de-3-8-o-varilla-de-5-8-3-4","status":"publish","type":"product","link":"https:\/\/soydeaqui.ddns.net\/pachuca\/index.php\/producto\/conector-mecanico-para-cable-calibre-8-sol-minimo-4-tre-maximo-90-o-en-paralelo-para-tubo-de-3-8-o-varilla-de-5-8-3-4\/","title":{"rendered":"Conector Mec\u00e1nico para Cable Calibre 8 sol m\u00ednimo &#8211; 4 tre m\u00e1ximo \/ 90\u00b0 o en Paralelo para Tubo de 3\/8&#8243;  o Varilla de 5\/8&#8243; &#8211; 3\/4&#8243;."},"content":{"rendered":"<div style='width: 100%; max-width: 1200px; margin: 0 auto; font-family: sans-serif; line-height: 1.6; color: inherit; background-color: transparent;'>\n<div style='display: flex; flex-wrap: wrap; gap: 30px; margin-bottom: 30px;'>\n<div style='flex: 1 1 300px; min-width: 280px;'>\n<h3 style='font-size: 22px; border-bottom: 2px solid currentColor; padding-bottom: 5px; margin-top: 0; color: inherit; opacity: 0.8;'>Especificaciones<\/h3>\n<ul style='padding-left: 20px; font-size: 15px; color: inherit;'>\n<li style='margin-bottom: 5px;'><strong>Aplicaci\u00f3n:<\/strong> Para unir una variedad de cables&comma; paralelos o en \u00e1ngulo recto a varillas o tubos&comma; cables de enterramiento directo y postes para cercas.<\/li>\n<li style='margin-bottom: 5px;'><strong>Torque de instalaci\u00f3n recomendado:<\/strong> 240 lb-in<\/li>\n<li style='margin-bottom: 5px;'><strong>Indicador RoHS EU:<\/strong> S\u00ed<\/li>\n<li style='margin-bottom: 5px;'><strong>Tipo de tornillo en U:<\/strong> 269<\/li>\n<li style='margin-bottom: 5px;'><strong>Material:<\/strong> Aleaci\u00f3n de Cobre<\/li>\n<li style='margin-bottom: 5px;'><strong>Galvanizado:<\/strong> No<\/li>\n<li style='margin-bottom: 5px;'><strong>Tipo de Galvanizado:<\/strong> Sumergido en abrillantador<\/li>\n<li style='margin-bottom: 5px;'><strong>Altura:<\/strong> 2.88 in<\/li>\n<li style='margin-bottom: 5px;'><strong>Longitud Total:<\/strong> 33mm (1.31 in)<\/li>\n<li style='margin-bottom: 5px;'><strong>Di\u00e1metro externo:<\/strong> 2-1\/8 in<\/li>\n<li style='margin-bottom: 5px;'><strong>Ancho:<\/strong> 2.06 in (52 mm)<\/li>\n<li style='margin-bottom: 5px;'><strong>Tama\u00f1o de conductor:<\/strong> 8 &#8211; 4 AWG<\/li>\n<li style='margin-bottom: 5px;'><strong>Tipo de conductor:<\/strong> Cable de CU s\u00f3lido y trenzado<\/li>\n<\/ul><\/div>\n<\/p><\/div>\n<p> <!-- Separador --> <\/p>\n<hr style='border: 0; border-top: 1px solid rgba(150&comma; 150&comma; 150&comma; 0.3); margin: 30px 0;'> <\/div>\n","protected":false},"excerpt":{"rendered":"<p>Conector Mec\u00e1nico para Cable Calibre 8 sol m\u00ednimo &#8211; 4 tre m\u00e1ximo \/ 90\u00b0 o en Paralelo para Tubo de 3\/8&#8243;  o Varilla de 5\/8&#8243; &#8211; 3\/4&#8243;.<\/p>\n","protected":false},"featured_media":44955,"comment_status":"open","ping_status":"closed","template":"","meta":[],"product_brand":[],"product_cat":[1090],"product_tag":[1091,1088,732],"class_list":{"0":"post-44956","1":"product","2":"type-product","3":"status-publish","4":"has-post-thumbnail","6":"product_cat-accesorios-para-tierra-fisica","7":"product_tag-accesorios-para-tierra-fisica","8":"product_tag-calidad-de-la-energia","9":"product_tag-hubbell-burndy","11":"first","12":"outofstock","13":"sale","14":"shipping-taxable","15":"purchasable","16":"product-type-simple"},"_links":{"self":[{"href":"https:\/\/soydeaqui.ddns.net\/pachuca\/index.php\/wp-json\/wp\/v2\/product\/44956","targetHints":{"allow":["GET"]}}],"collection":[{"href":"https:\/\/soydeaqui.ddns.net\/pachuca\/index.php\/wp-json\/wp\/v2\/product"}],"about":[{"href":"https:\/\/soydeaqui.ddns.net\/pachuca\/index.php\/wp-json\/wp\/v2\/types\/product"}],"replies":[{"embeddable":true,"href":"https:\/\/soydeaqui.ddns.net\/pachuca\/index.php\/wp-json\/wp\/v2\/comments?post=44956"}],"wp:featuredmedia":[{"embeddable":true,"href":"https:\/\/soydeaqui.ddns.net\/pachuca\/index.php\/wp-json\/wp\/v2\/media\/44955"}],"wp:attachment":[{"href":"https:\/\/soydeaqui.ddns.net\/pachuca\/index.php\/wp-json\/wp\/v2\/media?parent=44956"}],"wp:term":[{"taxonomy":"product_brand","embeddable":true,"href":"https:\/\/soydeaqui.ddns.net\/pachuca\/index.php\/wp-json\/wp\/v2\/product_brand?post=44956"},{"taxonomy":"product_cat","embeddable":true,"href":"https:\/\/soydeaqui.ddns.net\/pachuca\/index.php\/wp-json\/wp\/v2\/product_cat?post=44956"},{"taxonomy":"product_tag","embeddable":true,"href":"https:\/\/soydeaqui.ddns.net\/pachuca\/index.php\/wp-json\/wp\/v2\/product_tag?post=44956"}],"curies":[{"name":"wp","href":"https:\/\/api.w.org\/{rel}","templated":true}]}}