{"id":44954,"date":"2026-03-18T19:54:51","date_gmt":"2026-03-18T19:54:51","guid":{"rendered":"https:\/\/soydeaqui.ddns.net\/pachuca\/index.php\/producto\/bateria-de-litio-lifepo4-48vdc-5kwh-instalacion-en-piso\/"},"modified":"2026-03-18T19:54:52","modified_gmt":"2026-03-18T19:54:52","slug":"bateria-de-litio-lifepo4-48vdc-5kwh-instalacion-en-piso","status":"publish","type":"product","link":"https:\/\/soydeaqui.ddns.net\/pachuca\/index.php\/producto\/bateria-de-litio-lifepo4-48vdc-5kwh-instalacion-en-piso\/","title":{"rendered":"Bater\u00eda de litio LiFePO4 48VDC, 5kWh, Instalaci\u00f3n en Piso"},"content":{"rendered":"<div style='width: 100%; max-width: 1200px; margin: 0 auto; font-family: sans-serif; line-height: 1.6; color: inherit; background-color: transparent;'> <!-- Carrusel de im\u00e1genes --> <\/p>\n<div style='width: 100%; margin-bottom: 30px;'>\n<div style='position: relative; width: 100%; overflow: hidden; border-radius: 8px;'> <img style='width: 100%; height: auto; border: 1px solid rgba(150&comma;150&comma;150&comma;0.3); border-radius: 8px;' src='https:\/\/ftp3.syscom.mx\/usuarios\/mtopete\/Imagen%20Pagina\/Growatt\/ARK%20editado.jpg' alt='Bater\u00eda GROWATT AXE5.0LC1'> <\/div>\n<\/p><\/div>\n<p> <!-- T\u00edtulo --> <\/p>\n<div style='text-align: center; margin: 30px 0;'> <span style='font-size: 24px; font-weight: bold; display: inline-block; border-bottom: 2px solid currentColor; padding-bottom: 8px; color: inherit; opacity: 0.9;'>BATER\u00cdA DE LITIO-FERROFOSTATO DE RENDIMIENTO SUPERIOR<\/span> <\/div>\n<p> <!-- Descripci\u00f3n principal --> <\/p>\n<div style='margin-bottom: 30px;'>\n<p style='text-align: center; font-size: 15px; color: inherit; opacity: 0.95; max-width: 800px; margin: 0 auto; padding: 0 15px;'> La familia ARK ofrece opciones de energ\u00eda flexibles para soluciones monof\u00e1sicas\/trif\u00e1sicas&comma; h\u00edbridas\/acopladas a CA y aptas para bater\u00eda para diferentes contextos. Incorpora la composici\u00f3n qu\u00edmica LiFePO4 sin cobalto&comma; junto con protecci\u00f3n de varios niveles del sistema de gesti\u00f3n de la bater\u00eda y de los inversores para garantizar su m\u00e1xima seguridad y fiabilidad&comma; un excepcional rendimiento y una prolongada vida \u00fatil. Cuenta con un dise\u00f1o modular apilado y es tan ligero que lo puede instalar una sola persona y&comma; as\u00ed&comma; ahorrar tiempo y costes. <\/p>\n<\/p><\/div>\n<p> <!-- Informaci\u00f3n de componentes requeridos --> <\/p>\n<div style='text-align: center; margin-bottom: 30px;'>\n<p style='font-size: 15px; color: inherit; margin: 0 auto 0 0; max-width: 700px; padding: 0 15px;'> Requiere cable <a style='color: inherit; text-decoration: none; font-weight: 600; background-color: transparent;' href='https:\/\/www.syscom.mx\/principal\/searchcont?route=AXE5.0LC1CABLES-GROWATT-223550&#038;autodetect=axe'> AXE5.0LC1CABLES <\/a> (Una pieza por torre)&comma; en caso de instalaci\u00f3n en suelo incluir <a style='color: inherit; text-decoration: none; font-weight: 600; background-color: transparent;' href='https:\/\/www.syscom.mx\/principal\/searchcont?route=AXE5.0LC1BASE-GROWATT-223551&#038;autodetect=axe'> AXE5.0LC1BASE <\/a> (Una pieza por torre). <\/p>\n<\/p><\/div>\n<\/p><\/div>\n","protected":false},"excerpt":{"rendered":"<p>Bater\u00eda de litio LiFePO4 48VDC, 5kWh, Instalaci\u00f3n en Piso<\/p>\n","protected":false},"featured_media":44953,"comment_status":"open","ping_status":"closed","template":"","meta":[],"product_brand":[],"product_cat":[1084],"product_tag":[143,1085,1157],"class_list":{"0":"post-44954","1":"product","2":"type-product","3":"status-publish","4":"has-post-thumbnail","6":"product_cat-baterias-baterias-y-cargadores","7":"product_tag-baterias","8":"product_tag-baterias-y-cargadores","9":"product_tag-growatt","11":"first","12":"instock","13":"sale","14":"shipping-taxable","15":"purchasable","16":"product-type-simple"},"_links":{"self":[{"href":"https:\/\/soydeaqui.ddns.net\/pachuca\/index.php\/wp-json\/wp\/v2\/product\/44954","targetHints":{"allow":["GET"]}}],"collection":[{"href":"https:\/\/soydeaqui.ddns.net\/pachuca\/index.php\/wp-json\/wp\/v2\/product"}],"about":[{"href":"https:\/\/soydeaqui.ddns.net\/pachuca\/index.php\/wp-json\/wp\/v2\/types\/product"}],"replies":[{"embeddable":true,"href":"https:\/\/soydeaqui.ddns.net\/pachuca\/index.php\/wp-json\/wp\/v2\/comments?post=44954"}],"wp:featuredmedia":[{"embeddable":true,"href":"https:\/\/soydeaqui.ddns.net\/pachuca\/index.php\/wp-json\/wp\/v2\/media\/44953"}],"wp:attachment":[{"href":"https:\/\/soydeaqui.ddns.net\/pachuca\/index.php\/wp-json\/wp\/v2\/media?parent=44954"}],"wp:term":[{"taxonomy":"product_brand","embeddable":true,"href":"https:\/\/soydeaqui.ddns.net\/pachuca\/index.php\/wp-json\/wp\/v2\/product_brand?post=44954"},{"taxonomy":"product_cat","embeddable":true,"href":"https:\/\/soydeaqui.ddns.net\/pachuca\/index.php\/wp-json\/wp\/v2\/product_cat?post=44954"},{"taxonomy":"product_tag","embeddable":true,"href":"https:\/\/soydeaqui.ddns.net\/pachuca\/index.php\/wp-json\/wp\/v2\/product_tag?post=44954"}],"curies":[{"name":"wp","href":"https:\/\/api.w.org\/{rel}","templated":true}]}}