{"id":44928,"date":"2026-03-18T19:54:18","date_gmt":"2026-03-18T19:54:18","guid":{"rendered":"https:\/\/soydeaqui.ddns.net\/pachuca\/index.php\/producto\/pedestal-para-montar-baterias-serie-apx\/"},"modified":"2026-03-18T19:54:18","modified_gmt":"2026-03-18T19:54:18","slug":"pedestal-para-montar-baterias-serie-apx","status":"publish","type":"product","link":"https:\/\/soydeaqui.ddns.net\/pachuca\/index.php\/producto\/pedestal-para-montar-baterias-serie-apx\/","title":{"rendered":"Pedestal para montar Bater\u00edas Serie APX"},"content":{"rendered":"<div style='width: 100%; max-width: 1200px; margin: 0 auto; font-family: sans-serif; line-height: 1.6; color: inherit; background-color: transparent;'> <!-- Secci\u00f3n de im\u00e1genes --> <\/p>\n<div style='display: flex; flex-wrap: wrap; gap: 20px; margin-bottom: 30px;'>\n<div style='flex: 1 1 300px; min-width: 280px;'> <img style='width: 100%; height: auto; border: 1px solid rgba(150&comma;150&comma;150&comma;0.3); border-radius: 8px;' src='https:\/\/ftp3.syscom.mx\/usuarios\/mtopete\/Energia%20Solar\/Growatt\/ARK2.5LA1PEDESTAL\/PEDESTAL%20ARK.JPG' alt=''> <\/div>\n<div style='flex: 1 1 300px; min-width: 280px;'> <img style='width: 100%; height: auto; border: 1px solid rgba(150&comma;150&comma;150&comma;0.3); border-radius: 8px;' src='https:\/\/cdn-ippif.nitrocdn.com\/JVuCrBdwdeowOuySLHZqVbbTCaBMRTLS\/assets\/images\/optimized\/rev-07d493c\/growatt.tech\/wp-content\/uploads\/2023\/03\/podstawa-do-baterii-growatt-ark-2-5h-a1.jpeg' alt='Growatt base'> <\/div>\n<\/p><\/div>\n<p> <!-- Secci\u00f3n de descripci\u00f3n --> <\/p>\n<div style='margin-bottom: 30px;'>\n<h2 style='font-size: 24px; color: inherit; margin-top: 0; margin-bottom: 15px;'>Pedestal para montar Bater\u00edas Serie APX<\/h2>\n<p style='font-size: 15px; color: inherit; margin-bottom: 15px;'>Pedestal para montar Bateria APX<\/p>\n<\/p><\/div>\n<p> <!-- Secci\u00f3n de caracter\u00edsticas --> <\/p>\n<div style='display: flex; flex-wrap: wrap; gap: 30px; margin-bottom: 30px;'>\n<div style='flex: 1 1 300px; min-width: 280px;'>\n<h3 style='font-size: 22px; border-bottom: 2px solid currentColor; padding-bottom: 5px; margin-top: 0; color: inherit; opacity: 0.8;'>Caracter\u00edsticas principales<\/h3>\n<ul style='padding-left: 20px; font-size: 15px; color: inherit;'>\n<li style='margin-bottom: 5px;'>Compatible con bater\u00edas APX-ARK para f\u00e1cil instalaci\u00f3n<\/li>\n<li style='margin-bottom: 5px;'>Soporte de alta resistencia para cargas pesadas<\/li>\n<li style='margin-bottom: 5px;'>Dise\u00f1o compacto que ahorra espacio<\/li>\n<li style='margin-bottom: 5px;'>Materiales anticorrosivos para mayor durabilidad<\/li>\n<li style='margin-bottom: 5px;'>Sistema de ajuste seguro y estable<\/li>\n<\/ul><\/div>\n<\/p><\/div>\n<p> <!-- Separador --> <\/p>\n<hr style='border: 0; border-top: 1px solid rgba(150&comma; 150&comma; 150&comma; 0.3); margin: 30px 0;'> <\/div>\n","protected":false},"excerpt":{"rendered":"<p>Pedestal para montar Bater\u00edas Serie APX<\/p>\n","protected":false},"featured_media":44927,"comment_status":"open","ping_status":"closed","template":"","meta":[],"product_brand":[],"product_cat":[1067],"product_tag":[1068,964,1157],"class_list":{"0":"post-44928","1":"product","2":"type-product","3":"status-publish","4":"has-post-thumbnail","6":"product_cat-accesorios-cables-jumpers","7":"product_tag-accesorios-cables-jumpers","8":"product_tag-energia-solar","9":"product_tag-growatt","11":"first","12":"instock","13":"sale","14":"shipping-taxable","15":"purchasable","16":"product-type-simple"},"_links":{"self":[{"href":"https:\/\/soydeaqui.ddns.net\/pachuca\/index.php\/wp-json\/wp\/v2\/product\/44928","targetHints":{"allow":["GET"]}}],"collection":[{"href":"https:\/\/soydeaqui.ddns.net\/pachuca\/index.php\/wp-json\/wp\/v2\/product"}],"about":[{"href":"https:\/\/soydeaqui.ddns.net\/pachuca\/index.php\/wp-json\/wp\/v2\/types\/product"}],"replies":[{"embeddable":true,"href":"https:\/\/soydeaqui.ddns.net\/pachuca\/index.php\/wp-json\/wp\/v2\/comments?post=44928"}],"wp:featuredmedia":[{"embeddable":true,"href":"https:\/\/soydeaqui.ddns.net\/pachuca\/index.php\/wp-json\/wp\/v2\/media\/44927"}],"wp:attachment":[{"href":"https:\/\/soydeaqui.ddns.net\/pachuca\/index.php\/wp-json\/wp\/v2\/media?parent=44928"}],"wp:term":[{"taxonomy":"product_brand","embeddable":true,"href":"https:\/\/soydeaqui.ddns.net\/pachuca\/index.php\/wp-json\/wp\/v2\/product_brand?post=44928"},{"taxonomy":"product_cat","embeddable":true,"href":"https:\/\/soydeaqui.ddns.net\/pachuca\/index.php\/wp-json\/wp\/v2\/product_cat?post=44928"},{"taxonomy":"product_tag","embeddable":true,"href":"https:\/\/soydeaqui.ddns.net\/pachuca\/index.php\/wp-json\/wp\/v2\/product_tag?post=44928"}],"curies":[{"name":"wp","href":"https:\/\/api.w.org\/{rel}","templated":true}]}}