{"id":44921,"date":"2026-03-18T19:54:06","date_gmt":"2026-03-18T19:54:06","guid":{"rendered":"https:\/\/soydeaqui.ddns.net\/pachuca\/index.php\/producto\/terminal-hembra-aislada-completa-baterias-con-terminal-macho-f1-para-cables-22-16-awg-paquete-de-25-piezas\/"},"modified":"2026-03-18T19:54:12","modified_gmt":"2026-03-18T19:54:12","slug":"terminal-hembra-aislada-completa-baterias-con-terminal-macho-f1-para-cables-22-16-awg-paquete-de-25-piezas","status":"publish","type":"product","link":"https:\/\/soydeaqui.ddns.net\/pachuca\/index.php\/producto\/terminal-hembra-aislada-completa-baterias-con-terminal-macho-f1-para-cables-22-16-awg-paquete-de-25-piezas\/","title":{"rendered":"Terminal hembra aislada completa \/ Bater\u00edas con terminal macho F1 \/ para cables 22-16 AWG \/ Paquete de 25 piezas"},"content":{"rendered":"<div style='width: 100%; max-width: 1200px; margin: 0 auto; font-family: sans-serif; line-height: 1.6; color: inherit; background-color: transparent;'> <!-- Secci\u00f3n de descripci\u00f3n --> <\/p>\n<div style='margin-bottom: 30px;'>\n<h2 style='font-size: 24px; margin-top: 0; color: inherit;'>Terminal hembra aislada completa \/ Bater\u00edas con terminal macho F1 \/ para cables 22-16 AWG \/ Paquete de 25 piezas<\/h2>\n<p style='font-size: 16px; color: inherit;'><strong>Marca:<\/strong> EPCOM POWERLINE<\/p>\n<p style='font-size: 16px; color: inherit;'><strong>Modelo:<\/strong> CON1013A01<\/p>\n<p style='font-size: 16px; color: inherit;'><strong>Terminal hembra aislada para cables 22-16 AWG<\/strong><\/p>\n<p style='font-size: 16px; color: inherit;'><strong>Venta por paquete de 25 piezas.<\/strong><\/p>\n<\/p><\/div>\n<p> <!-- Secci\u00f3n de caracter\u00edsticas --> <\/p>\n<div style='display: flex; flex-wrap: wrap; gap: 30px; margin-bottom: 30px;'>\n<div style='flex: 1 1 300px; min-width: 280px;'>\n<h3 style='font-size: 22px; border-bottom: 2px solid currentColor; padding-bottom: 5px; margin-top: 0; color: inherit; opacity: 0.8;'>Caracter\u00edsticas principales<\/h3>\n<ul style='padding-left: 20px; font-size: 15px; color: inherit;'>\n<li style='margin-bottom: 5px;'>Terminal hembra aislada para cables 22-16 AWG<\/li>\n<li style='margin-bottom: 5px;'>Venta en paquete de 25 piezas<\/li>\n<li style='margin-bottom: 5px;'>Aislamiento completo para m\u00e1xima seguridad<\/li>\n<li style='margin-bottom: 5px;'>Facilita conexiones el\u00e9ctricas seguras y confiables<\/li>\n<li style='margin-bottom: 5px;'>Dise\u00f1o eficiente para f\u00e1cil instalaci\u00f3n<\/li>\n<\/ul><\/div>\n<\/p><\/div>\n<p> <!-- Secci\u00f3n de imagen --> <\/p>\n<div style='margin-bottom: 30px;'> <img style='width: 100%; height: auto; border: 1px solid rgba(150&comma;150&comma;150&comma;0.3); border-radius: 8px;' src='https:\/\/ftp3.syscom.mx\/usuarios\/ftp\/web_img\/TABLA-DE-TERMINALES-EPCOM-POWER-LINE-1.png' alt=''> <\/div>\n<p> <!-- Separador --> <\/p>\n<hr style='border: 0; border-top: 1px solid rgba(150&comma; 150&comma; 150&comma; 0.3); margin: 30px 0;'> <\/div>\n","protected":false},"excerpt":{"rendered":"<p>Terminal hembra aislada completa \/ Bater\u00edas con terminal macho F1 \/ para cables 22-16 AWG \/ Paquete de 25 piezas<\/p>\n","protected":false},"featured_media":44920,"comment_status":"open","ping_status":"closed","template":"","meta":[],"product_brand":[],"product_cat":[1127],"product_tag":[1085,454,1128],"class_list":{"0":"post-44921","1":"product","2":"type-product","3":"status-publish","4":"has-post-thumbnail","6":"product_cat-terminales-y-accesorios","7":"product_tag-baterias-y-cargadores","8":"product_tag-epcom-powerline","9":"product_tag-terminales-y-accesorios","11":"first","12":"outofstock","13":"sale","14":"shipping-taxable","15":"purchasable","16":"product-type-simple"},"_links":{"self":[{"href":"https:\/\/soydeaqui.ddns.net\/pachuca\/index.php\/wp-json\/wp\/v2\/product\/44921","targetHints":{"allow":["GET"]}}],"collection":[{"href":"https:\/\/soydeaqui.ddns.net\/pachuca\/index.php\/wp-json\/wp\/v2\/product"}],"about":[{"href":"https:\/\/soydeaqui.ddns.net\/pachuca\/index.php\/wp-json\/wp\/v2\/types\/product"}],"replies":[{"embeddable":true,"href":"https:\/\/soydeaqui.ddns.net\/pachuca\/index.php\/wp-json\/wp\/v2\/comments?post=44921"}],"wp:featuredmedia":[{"embeddable":true,"href":"https:\/\/soydeaqui.ddns.net\/pachuca\/index.php\/wp-json\/wp\/v2\/media\/44920"}],"wp:attachment":[{"href":"https:\/\/soydeaqui.ddns.net\/pachuca\/index.php\/wp-json\/wp\/v2\/media?parent=44921"}],"wp:term":[{"taxonomy":"product_brand","embeddable":true,"href":"https:\/\/soydeaqui.ddns.net\/pachuca\/index.php\/wp-json\/wp\/v2\/product_brand?post=44921"},{"taxonomy":"product_cat","embeddable":true,"href":"https:\/\/soydeaqui.ddns.net\/pachuca\/index.php\/wp-json\/wp\/v2\/product_cat?post=44921"},{"taxonomy":"product_tag","embeddable":true,"href":"https:\/\/soydeaqui.ddns.net\/pachuca\/index.php\/wp-json\/wp\/v2\/product_tag?post=44921"}],"curies":[{"name":"wp","href":"https:\/\/api.w.org\/{rel}","templated":true}]}}