{"id":44904,"date":"2026-03-18T19:53:36","date_gmt":"2026-03-18T19:53:36","guid":{"rendered":"https:\/\/soydeaqui.ddns.net\/pachuca\/index.php\/producto\/bateria-de-litio-lifepo4-650vdc-bateria-5kwh-compatible-con-serie-xhus\/"},"modified":"2026-03-18T19:53:39","modified_gmt":"2026-03-18T19:53:39","slug":"bateria-de-litio-lifepo4-650vdc-bateria-5kwh-compatible-con-serie-xhus","status":"publish","type":"product","link":"https:\/\/soydeaqui.ddns.net\/pachuca\/index.php\/producto\/bateria-de-litio-lifepo4-650vdc-bateria-5kwh-compatible-con-serie-xhus\/","title":{"rendered":"Bater\u00eda de Litio LiFePO4 650Vdc Bater\u00eda 5kWh, Compatible con Serie XHUS"},"content":{"rendered":"<div style='width: 100%; max-width: 1200px; margin: 0 auto; font-family: sans-serif; line-height: 1.6; color: inherit; background-color: transparent;'> <!-- Im\u00e1genes principales --> <\/p>\n<div style='display: flex; flex-wrap: wrap; gap: 20px; justify-content: center; margin-bottom: 30px;'> <img style='width: 100%; max-width: 602px; height: auto; border: 1px solid rgba(150&comma;150&comma;150&comma;0.3); border-radius: 8px;' src='https:\/\/lh7-us.googleusercontent.com\/oqxdCXgw3MsUVVx0F5Pz7l4bGnL0-Pp9Usjio8KwyiD-7JQqVPZwQgLDupRkQLv2STf3pnmftuRvv1WIUBbacrQPrmEyj-uMqQNleegU5iDXFnFSm-uHUwQkH54MN4dxWs4Uh1o1_qCtxpZPPKcVwcQ' alt='Bater\u00eda APX HV'> <img style='width: 100%; max-width: 675px; height: auto; border: 1px solid rgba(150&comma;150&comma;150&comma;0.3); border-radius: 8px;' src='https:\/\/ftp3.syscom.mx\/usuarios\/mtopete\/Growatt\/Acomodo%20APX.png' alt='Dise\u00f1o Modular APX'> <img style='width: 100%; max-width: 602px; height: auto; border: 1px solid rgba(150&comma;150&comma;150&comma;0.3); border-radius: 8px;' src='https:\/\/lh7-us.googleusercontent.com\/ldir6AbyzW65xC0J4DGUNt9ThIRArXrlOYTvFqx2EY9GBWGPMDMzf-ErLBISUfG5O-SQNoQDZY9XqDhaoyp1CpryN5CdHaQTGOSUofmbdcg5kEhH3GSONAGvuUq2CTWMSC76G9xLTGtKZAyzTwdn-TU' alt='Par\u00e1metros de Monitoreo'> <\/div>\n<p> <!-- Secci\u00f3n de caracter\u00edsticas --> <\/p>\n<div style='display: flex; flex-wrap: wrap; gap: 30px; margin-bottom: 30px;'>\n<div style='flex: 1 1 300px; min-width: 280px;'>\n<h3 style='font-size: 22px; border-bottom: 2px solid currentColor; padding-bottom: 5px; margin-top: 0; color: inherit; opacity: 0.8;'>Caracter\u00edsticas Principales<\/h3>\n<ul style='padding-left: 20px; font-size: 15px; color: inherit;'>\n<li style='margin-bottom: 5px;'>Bater\u00eda LiFePO4 libre de cobalto<\/li>\n<li style='margin-bottom: 5px;'>Protecci\u00f3n de cuatro niveles por BMS<\/li>\n<li style='margin-bottom: 5px;'>Optimizador de energ\u00eda modular<\/li>\n<li style='margin-bottom: 5px;'>Sistema de protecci\u00f3n con fusible y aerosol<\/li>\n<li style='margin-bottom: 5px;'>Compatibilidad con m\u00f3dulos nuevos y antiguos<\/li>\n<li style='margin-bottom: 5px;'>Dise\u00f1o modular y apilable<\/li>\n<li style='margin-bottom: 5px;'>Garant\u00eda de 10 a\u00f1os<\/li>\n<\/ul><\/div>\n<p> <!-- Secci\u00f3n de capacidades --> <\/p>\n<div style='flex: 1 1 300px; min-width: 280px;'>\n<h3 style='font-size: 22px; border-bottom: 2px solid currentColor; padding-bottom: 5px; margin-top: 0; color: inherit; opacity: 0.8;'>Capacidades Disponibles<\/h3>\n<ul style='padding-left: 20px; font-size: 15px; color: inherit;'>\n<li style='margin-bottom: 5px;'>5 kWh &#8211; 30 kWh de capacidad ajustable<\/li>\n<li style='margin-bottom: 5px;'>APX 5.0P-B1: 5 kWh (individual)<\/li>\n<li style='margin-bottom: 5px;'>APX 10.0P: 10 kWh (1 APX55042P0US + 2 APX5.0PB1US)<\/li>\n<li style='margin-bottom: 5px;'>APX 15.0P: 15 kWh (1 APX55042P0US + 3 APX5.0PB1US)<\/li>\n<li style='margin-bottom: 5px;'>APX 20.0P: 20 kWh (1 APX55042P0US + 4 APX5.0PB1US)<\/li>\n<li style='margin-bottom: 5px;'>APX 25.0P: 25 kWh (1 APX55042P0US + 5 APX5.0PB1US)<\/li>\n<li style='margin-bottom: 5px;'>APX 30.0P: 30 kWh (1 APX55042P0US + 6 APX5.0PB1US)<\/li>\n<\/ul><\/div>\n<p> <!-- Secci\u00f3n de especificaciones t\u00e9cnicas --> <\/p>\n<div style='flex: 1 1 300px; min-width: 280px;'>\n<h3 style='font-size: 22px; border-bottom: 2px solid currentColor; padding-bottom: 5px; margin-top: 0; color: inherit; opacity: 0.8;'>Especificaciones T\u00e9cnicas<\/h3>\n<ul style='padding-left: 20px; font-size: 15px; color: inherit;'>\n<li style='margin-bottom: 5px;'><strong>Voltaje Nominal:<\/strong> 650V<\/li>\n<li style='margin-bottom: 5px;'><strong>Tipo:<\/strong> Fosfato de litio y hierro (LFP)<\/li>\n<li style='margin-bottom: 5px;'><strong>Dimensiones:<\/strong> 690 x 185 x 295 mm<\/li>\n<li style='margin-bottom: 5px;'><strong>Peso:<\/strong> 50 kg<\/li>\n<li style='margin-bottom: 5px;'><strong>Temperatura Operaci\u00f3n:<\/strong> -10\u00b0C a 50\u00b0C<\/li>\n<li style='margin-bottom: 5px;'><strong>Humedad Relativa:<\/strong> 5% &#8211; 95%<\/li>\n<li style='margin-bottom: 5px;'><strong>Altura M\u00e1xima:<\/strong> 4000m<\/li>\n<li style='margin-bottom: 5px;'><strong>Grado de Protecci\u00f3n:<\/strong> IP66<\/li>\n<\/ul><\/div>\n<\/p><\/div>\n<p> <!-- Secci\u00f3n de monitoreo y control --> <\/p>\n<div style='display: flex; flex-wrap: wrap; gap: 30px; margin-bottom: 30px;'>\n<div style='flex: 1 1 300px; min-width: 280px;'>\n<h3 style='font-size: 22px; border-bottom: 2px solid currentColor; padding-bottom: 5px; margin-top: 0; color: inherit; opacity: 0.8;'>Monitoreo<\/h3>\n<ul style='padding-left: 20px; font-size: 15px; color: inherit;'>\n<li style='margin-bottom: 5px;'>SOC (Estado de Carga)<\/li>\n<li style='margin-bottom: 5px;'>SOH (Estado de Salud)<\/li>\n<li style='margin-bottom: 5px;'>Voltaje del Sistema<\/li>\n<li style='margin-bottom: 5px;'>Corriente del Sistema<\/li>\n<li style='margin-bottom: 5px;'>Temperatura de la Celda<\/li>\n<\/ul><\/div>\n<p> <!-- Secci\u00f3n de controlador --> <\/p>\n<div style='flex: 1 1 300px; min-width: 280px;'>\n<h3 style='font-size: 22px; border-bottom: 2px solid currentColor; padding-bottom: 5px; margin-top: 0; color: inherit; opacity: 0.8;'>Controlador de Alto Voltaje<\/h3>\n<ul style='padding-left: 20px; font-size: 15px; color: inherit;'>\n<li style='margin-bottom: 5px;'>Modelos: APX 98020-P1&comma; APX 98034-P2<\/li>\n<li style='margin-bottom: 5px;'>M\u00e1xima potencia de salida: Hasta 15 kW<\/li>\n<\/ul><\/div>\n<p> <!-- Secci\u00f3n de certificaciones --> <\/p>\n<div style='flex: 1 1 300px; min-width: 280px;'>\n<h3 style='font-size: 22px; border-bottom: 2px solid currentColor; padding-bottom: 5px; margin-top: 0; color: inherit; opacity: 0.8;'>Certificaciones<\/h3>\n<ul style='padding-left: 20px; font-size: 15px; color: inherit;'>\n<li style='margin-bottom: 5px;'>IEC62619<\/li>\n<li style='margin-bottom: 5px;'>IEC60730<\/li>\n<li style='margin-bottom: 5px;'>VDE2510-50<\/li>\n<li style='margin-bottom: 5px;'>CE<\/li>\n<li style='margin-bottom: 5px;'>CEC<\/li>\n<li style='margin-bottom: 5px;'>RCM<\/li>\n<li style='margin-bottom: 5px;'>UN38.3<\/li>\n<li style='margin-bottom: 5px;'>UL1973<\/li>\n<li style='margin-bottom: 5px;'>UL9540A<\/li>\n<li style='margin-bottom: 5px;'>FCC<\/li>\n<\/ul><\/div>\n<\/p><\/div>\n<p> <!-- Secci\u00f3n de instalaci\u00f3n --> <\/p>\n<div style='margin-bottom: 30px;'>\n<h3 style='font-size: 22px; border-bottom: 2px solid currentColor; padding-bottom: 5px; margin-top: 0; color: inherit; opacity: 0.8;'>Instalaci\u00f3n<\/h3>\n<ul style='padding-left: 20px; font-size: 15px; color: inherit;'>\n<li style='margin-bottom: 5px;'>Dise\u00f1ado para instalaci\u00f3n en el suelo<\/li>\n<li style='margin-bottom: 5px;'>Opciones de bases adicionales seg\u00fan dimensiones del m\u00f3dulo<\/li>\n<\/ul><\/div>\n<p> <!-- Secci\u00f3n de beneficios --> <\/p>\n<div style='margin-bottom: 30px;'>\n<h3 style='font-size: 22px; border-bottom: 2px solid currentColor; padding-bottom: 5px; margin-top: 0; color: inherit; opacity: 0.8;'>Beneficios del Sistema<\/h3>\n<ul style='padding-left: 20px; font-size: 15px; color: inherit;'>\n<li style='margin-bottom: 5px;'>Sistema modular y escalable<\/li>\n<li style='margin-bottom: 5px;'>M\u00e1xima utilizaci\u00f3n de energ\u00eda de cada paquete<\/li>\n<li style='margin-bottom: 5px;'>Capacidad de mezcla de paquetes nuevos y antiguos<\/li>\n<li style='margin-bottom: 5px;'>F\u00e1cil expansi\u00f3n y actualizaci\u00f3n<\/li>\n<li style='margin-bottom: 5px;'>Dise\u00f1o compacto para diferentes configuraciones de espacio<\/li>\n<\/ul><\/div>\n<p> <!-- Separador final --> <\/p>\n<hr style='border: 0; border-top: 1px solid rgba(150&comma; 150&comma; 150&comma; 0.3); margin: 30px 0;'> <\/div>\n","protected":false},"excerpt":{"rendered":"<p>Bater\u00eda de Litio LiFePO4 650Vdc Bater\u00eda 5kWh, Compatible con Serie XHUS<\/p>\n","protected":false},"featured_media":44903,"comment_status":"open","ping_status":"closed","template":"","meta":[],"product_brand":[],"product_cat":[1084],"product_tag":[143,1085,1157],"class_list":{"0":"post-44904","1":"product","2":"type-product","3":"status-publish","4":"has-post-thumbnail","6":"product_cat-baterias-baterias-y-cargadores","7":"product_tag-baterias","8":"product_tag-baterias-y-cargadores","9":"product_tag-growatt","11":"first","12":"outofstock","13":"sale","14":"shipping-taxable","15":"purchasable","16":"product-type-simple"},"_links":{"self":[{"href":"https:\/\/soydeaqui.ddns.net\/pachuca\/index.php\/wp-json\/wp\/v2\/product\/44904","targetHints":{"allow":["GET"]}}],"collection":[{"href":"https:\/\/soydeaqui.ddns.net\/pachuca\/index.php\/wp-json\/wp\/v2\/product"}],"about":[{"href":"https:\/\/soydeaqui.ddns.net\/pachuca\/index.php\/wp-json\/wp\/v2\/types\/product"}],"replies":[{"embeddable":true,"href":"https:\/\/soydeaqui.ddns.net\/pachuca\/index.php\/wp-json\/wp\/v2\/comments?post=44904"}],"wp:featuredmedia":[{"embeddable":true,"href":"https:\/\/soydeaqui.ddns.net\/pachuca\/index.php\/wp-json\/wp\/v2\/media\/44903"}],"wp:attachment":[{"href":"https:\/\/soydeaqui.ddns.net\/pachuca\/index.php\/wp-json\/wp\/v2\/media?parent=44904"}],"wp:term":[{"taxonomy":"product_brand","embeddable":true,"href":"https:\/\/soydeaqui.ddns.net\/pachuca\/index.php\/wp-json\/wp\/v2\/product_brand?post=44904"},{"taxonomy":"product_cat","embeddable":true,"href":"https:\/\/soydeaqui.ddns.net\/pachuca\/index.php\/wp-json\/wp\/v2\/product_cat?post=44904"},{"taxonomy":"product_tag","embeddable":true,"href":"https:\/\/soydeaqui.ddns.net\/pachuca\/index.php\/wp-json\/wp\/v2\/product_tag?post=44904"}],"curies":[{"name":"wp","href":"https:\/\/api.w.org\/{rel}","templated":true}]}}