{"id":44867,"date":"2026-03-18T19:52:36","date_gmt":"2026-03-18T19:52:36","guid":{"rendered":"https:\/\/soydeaqui.ddns.net\/pachuca\/index.php\/producto\/inversor-cargador-3kw-compatible-con-baterias-de-litio-monitoreo-remoto-y-sincronizacion-para-mayor-potencia-operacion-48vcc-2\/"},"modified":"2026-03-18T19:52:37","modified_gmt":"2026-03-18T19:52:37","slug":"inversor-cargador-3kw-compatible-con-baterias-de-litio-monitoreo-remoto-y-sincronizacion-para-mayor-potencia-operacion-48vcc-2","status":"publish","type":"product","link":"https:\/\/soydeaqui.ddns.net\/pachuca\/index.php\/producto\/inversor-cargador-3kw-compatible-con-baterias-de-litio-monitoreo-remoto-y-sincronizacion-para-mayor-potencia-operacion-48vcc-2\/","title":{"rendered":"Inversor Cargador 3kW Compatible con Bater\u00edas de Litio, Monitoreo Remoto y Sincronizaci\u00f3n para Mayor Potencia, Operaci\u00f3n 48Vcc"},"content":{"rendered":"<div style='width: 100%; max-width: 1200px; margin: 0 auto; font-family: sans-serif; line-height: 1.6; color: inherit; background-color: transparent;'> <!-- T\u00edtulo principal --> <\/p>\n<div style='text-align: center; margin-bottom: 30px;'>\n<h1 style='font-size: 24px; margin: 0; color: inherit;'>Inversor Cargador 3kW Compatible con Bater\u00edas de Litio&comma; Monitoreo Remoto y Sincronizaci\u00f3n para Mayor Potencia&comma; Operaci\u00f3n 48Vcc<\/h1>\n<\/p><\/div>\n<p> <!-- Secci\u00f3n de especificaciones en tres columnas --> <\/p>\n<div style='display: flex; flex-wrap: wrap; gap: 30px; margin-bottom: 40px;'> <!-- Cargador CA --> <\/p>\n<div style='flex: 1 1 300px; min-width: 280px;'>\n<div style='border-left: 5px solid #0091ff; border-radius: 8px; padding: 15px; box-shadow: 2px 2px 10px rgba(216&comma;216&comma;216&comma;0.4);'>\n<h3 style='font-size: 18px; margin-top: 0; margin-bottom: 15px; color: inherit;'><strong>Cargador CA<\/strong><\/h3>\n<ul style='padding-left: 20px; font-size: 14px; color: inherit; list-style-type: disc;'>\n<li style='margin-bottom: 8px;'>Corriente de carga 40A<\/li>\n<li style='margin-bottom: 8px;'>Voltaje de entrada CA: 120Vca<\/li>\n<li style='margin-bottom: 8px;'>Rango de voltaje: 65 &#8211; 140Vca<\/li>\n<li>Rango de frecuencia: 50Hz \/ 60Hz sensado autom\u00e1tico<\/li>\n<\/ul><\/div>\n<\/p><\/div>\n<p> <!-- Salida del Inversor --> <\/p>\n<div style='flex: 1 1 300px; min-width: 280px;'>\n<div style='border-left: 5px solid #0091ff; border-radius: 8px; padding: 15px; box-shadow: 2px 2px 10px rgba(216&comma;216&comma;216&comma;0.4);'>\n<h3 style='font-size: 18px; margin-top: 0; margin-bottom: 15px; color: inherit;'><strong>Salida del Inversor<\/strong><\/h3>\n<ul style='padding-left: 20px; font-size: 14px; color: inherit; list-style-type: disc;'>\n<li style='margin-bottom: 8px;'>Potencia de salida de 3kW<\/li>\n<li style='margin-bottom: 8px;'>Regulaci\u00f3n de Voltaje de Salida: 120Vac \u00b1 5%<\/li>\n<li style='margin-bottom: 8px;'>Conexi\u00f3n en paralelo hasta 6 unidades<\/li>\n<li style='margin-bottom: 8px;'>Eficiencia m\u00e1xima 93%<\/li>\n<li style='margin-bottom: 8px;'>Tiempo de transferencia 10ms<\/li>\n<li style='margin-bottom: 8px;'>Frecuencia de Salida: 50Hz \/ 60Hz (pre determinado)<\/li>\n<li>Bajo Voltaje CD de Corte (solo \u00e1cido de plomo): 42.0Vdc @ carga < 20% 40.8Vdc@20%\u2264carga<50% 38.4Vdc \u00a9 carga \u2265 50%<\/li>\n<\/ul><\/div>\n<\/p><\/div>\n<p> <!-- Cargador Solar --> <\/p>\n<div style='flex: 1 1 300px; min-width: 280px;'>\n<div style='border-left: 5px solid #0091ff; border-radius: 8px; padding: 15px; box-shadow: 2px 2px 10px rgba(216&comma;216&comma;216&comma;0.4);'>\n<h3 style='font-size: 18px; margin-top: 0; margin-bottom: 15px; color: inherit;'><strong>Cargador Solar<\/strong><\/h3>\n<ul style='padding-left: 20px; font-size: 14px; color: inherit; list-style-type: disc;'>\n<li style='margin-bottom: 8px;'>Max. Potencia PV 4.5kW<\/li>\n<li style='margin-bottom: 8px;'>Rango de Voltaje del MPPT: 60 Vcc &#8211; 115Vcc<\/li>\n<li style='margin-bottom: 8px;'>Voltaje M\u00e1ximo de Circuito Abierto: 145Vcc<\/li>\n<li style='margin-bottom: 8px;'>Corriente M\u00e1xima de Carga 80A<\/li>\n<li style='margin-bottom: 8px;'>Eficiencia m\u00e1xima 97%<\/li>\n<li>Consumo de Energ\u00eda en Espera: 2w<\/li>\n<\/ul><\/div>\n<\/p><\/div>\n<\/p><\/div>\n<p> <!-- Separador --> <\/p>\n<hr style='border: 0; border-top: 1px solid rgba(150&comma; 150&comma; 150&comma; 0.3); margin: 40px 0;'> <!-- Secci\u00f3n de funcionamiento --> <\/p>\n<div style='margin-bottom: 40px;'>\n<h2 style='text-align: center; font-size: 20px; margin-bottom: 30px; color: inherit;'>\u00bfC\u00d3MO FUNCIONA?<\/h2>\n<p> <!-- Im\u00e1genes --> <\/p>\n<div style='display: flex; flex-direction: column; gap: 20px; margin-bottom: 30px;'> <img style='width: 100%; height: auto; border: 1px solid rgba(150&comma;150&comma;150&comma;0.3); border-radius: 8px;' src='https:\/\/ftp3.syscom.mx\/usuarios\/mtopete\/Imagen%20Pagina\/Growatt\/Ciclo%20Growatt.png' alt='Ciclo de funcionamiento Growatt'> <img style='width: 100%; height: auto; border: 1px solid rgba(150&comma;150&comma;150&comma;0.3); border-radius: 8px;' src='https:\/\/ftp3.syscom.mx\/usuarios\/mtopete\/Imagen%20Pagina\/Growatt\/Planta%20solar.jpg' alt='Planta solar'> <\/div>\n<p> <!-- Descripci\u00f3n funcional --> <\/p>\n<div style='font-size: 15px; margin-bottom: 25px; color: inherit;'>\n<p>El inversor Growatt SPF 3000TL serie LVM tiene una salida de alimentaci\u00f3n de onda sinusoidal pura a 120VAC.<\/p>\n<p>Es perfecto para aplicaciones fuera de la red&comma; de energ\u00eda de reserva y de autoconsumo&comma; aunque no es un inversor de interconexi\u00f3n. El SPF3000TLLVM48P es capaz de generar ahorros en nuestra factura de CFE gracias a que nos alimenta las cargas de salida desde el arreglo fotovoltaico mientras se tiene potencia suficiente para hacerlo&comma; de esta manera mitiga el consumo energ\u00e9tico durante las horas efectivas de sol.<\/p>\n<\/p><\/div>\n<p> <!-- Imagen del sistema --> <\/p>\n<div style='margin-bottom: 30px;'> <img style='width: 100%; height: auto; border: 1px solid rgba(150&comma;150&comma;150&comma;0.3); border-radius: 8px;' src='https:\/\/www.growatt.com\/upload\/file\/contents\/2021\/05\/60a75303e56d5.png' alt='Sistema Growatt'> <\/div>\n<p> <!-- Descripci\u00f3n de conexi\u00f3n paralela --> <\/p>\n<div style='font-size: 15px; margin-bottom: 25px; color: inherit;'>\n<p>El SPF3000TLLVM48P puede conectarse en paralelo hasta 6 unidades&comma; para lograr arreglos de hasta 18kW&comma; esta configuraci\u00f3n la podemos realizar en arreglos a 110Vca&comma; 220Vca bif\u00e1sicos o 220Vca trif\u00e1sicos&comma; todo depender\u00e1 de la conexi\u00f3n que realicemos y las configuraciones que hagamos en el equipo.<\/p>\n<\/p><\/div>\n<p> <!-- Nota importante --> <\/p>\n<div style='margin-top: 30px; padding: 15px; border-left: 5px solid #0091ff; background-color: rgba(0&comma; 145&comma; 255&comma; 0.05); font-size: 14px; color: inherit;'> <strong>*Bater\u00edas no incluidas:<\/strong> El banco de bater\u00edas es obligatorio y requiere un voltaje de operaci\u00f3n de 48Vcc. <\/div>\n<\/p><\/div>\n<p> <!-- Secci\u00f3n de monitoreo remoto --> <\/p>\n<div style='margin-bottom: 30px;'>\n<h3 style='font-size: 18px; border-bottom: 2px solid currentColor; padding-bottom: 5px; margin-top: 0; color: inherit; opacity: 0.8;'>Monitoreo Remoto<\/h3>\n<div style='font-size: 15px; color: inherit;'>\n<p>Gracias a su sistema de monitoreo podemos realizar el seguimiento de generaci\u00f3n&comma; consumos y niveles de bater\u00eda v\u00eda remota&comma; todo esto desde la aplicaci\u00f3n ShinePhone o bien desde el <a href='https:\/\/server.growatt.com\/login\/toViewExamlePlant' style='color: #0091ff; text-decoration: none;' target='_blank'>servidor de Growatt<\/a>.<\/p>\n<\/p><\/div>\n<\/p><\/div>\n<p> <!-- Separador final --> <\/p>\n<hr style='border: 0; border-top: 1px solid rgba(150&comma; 150&comma; 150&comma; 0.3); margin: 40px 0;'> <\/div>\n","protected":false},"excerpt":{"rendered":"<p>Inversor Cargador 3kW Compatible con Bater\u00edas de Litio, Monitoreo Remoto y Sincronizaci\u00f3n para Mayor Potencia, Operaci\u00f3n 48Vcc<\/p>\n","protected":false},"featured_media":32,"comment_status":"open","ping_status":"closed","template":"","meta":[],"product_brand":[],"product_cat":[1120],"product_tag":[964,1182,1121],"class_list":{"0":"post-44867","1":"product","2":"type-product","3":"status-publish","4":"has-post-thumbnail","6":"product_cat-inversores-aislados-off-grid","7":"product_tag-energia-solar","8":"product_tag-epever","9":"product_tag-inversores-aislados-off-grid","11":"first","12":"outofstock","13":"sale","14":"shipping-taxable","15":"purchasable","16":"product-type-simple"},"_links":{"self":[{"href":"https:\/\/soydeaqui.ddns.net\/pachuca\/index.php\/wp-json\/wp\/v2\/product\/44867","targetHints":{"allow":["GET"]}}],"collection":[{"href":"https:\/\/soydeaqui.ddns.net\/pachuca\/index.php\/wp-json\/wp\/v2\/product"}],"about":[{"href":"https:\/\/soydeaqui.ddns.net\/pachuca\/index.php\/wp-json\/wp\/v2\/types\/product"}],"replies":[{"embeddable":true,"href":"https:\/\/soydeaqui.ddns.net\/pachuca\/index.php\/wp-json\/wp\/v2\/comments?post=44867"}],"wp:featuredmedia":[{"embeddable":true,"href":"https:\/\/soydeaqui.ddns.net\/pachuca\/index.php\/wp-json\/wp\/v2\/media\/32"}],"wp:attachment":[{"href":"https:\/\/soydeaqui.ddns.net\/pachuca\/index.php\/wp-json\/wp\/v2\/media?parent=44867"}],"wp:term":[{"taxonomy":"product_brand","embeddable":true,"href":"https:\/\/soydeaqui.ddns.net\/pachuca\/index.php\/wp-json\/wp\/v2\/product_brand?post=44867"},{"taxonomy":"product_cat","embeddable":true,"href":"https:\/\/soydeaqui.ddns.net\/pachuca\/index.php\/wp-json\/wp\/v2\/product_cat?post=44867"},{"taxonomy":"product_tag","embeddable":true,"href":"https:\/\/soydeaqui.ddns.net\/pachuca\/index.php\/wp-json\/wp\/v2\/product_tag?post=44867"}],"curies":[{"name":"wp","href":"https:\/\/api.w.org\/{rel}","templated":true}]}}