{"id":44863,"date":"2026-03-18T19:52:29","date_gmt":"2026-03-18T19:52:29","guid":{"rendered":"https:\/\/soydeaqui.ddns.net\/pachuca\/index.php\/producto\/inversor-hibrido-para-interconexion-a-cfe-de-7-6-kw-con-salida-de-220-vca-modulo-wifi-incluido-3\/"},"modified":"2026-03-18T19:52:29","modified_gmt":"2026-03-18T19:52:29","slug":"inversor-hibrido-para-interconexion-a-cfe-de-7-6-kw-con-salida-de-220-vca-modulo-wifi-incluido-3","status":"publish","type":"product","link":"https:\/\/soydeaqui.ddns.net\/pachuca\/index.php\/producto\/inversor-hibrido-para-interconexion-a-cfe-de-7-6-kw-con-salida-de-220-vca-modulo-wifi-incluido-3\/","title":{"rendered":"Inversor H\u00edbrido para Interconexi\u00f3n a CFE de 7.6 kW con Salida de 220 Vca, M\u00f3dulo Wifi Incluido"},"content":{"rendered":"<div style=\"width: 100%; max-width: 1200px; margin: 0 auto; font-family: sans-serif; line-height: 1.6; color: inherit; background-color: transparent;\"><!-- Secci\u00f3n de advertencia --> <\/p>\n<div style=\"width: 100%; margin-bottom: 30px;\">\n<div style=\"width: 100%; padding: 15px; background-color: rgba(150&comma;150&comma;150&comma;0.1); border-left: 4px solid rgba(255&comma;165&comma;0&comma;0.8);\">\n<p style=\"margin: 0; font-size: 15px; color: inherit;\">Antes de adquirir cualquier inversor h&iacute;brido consulta los requerimientos de instalaci&oacute;n con el departamento de ingenier&iacute;a <a style=\"color: inherit; text-decoration: underline;\" href=\"mailto:solarsyscomgroup@syscom.mx\">energia@syscom.mx&nbsp;<\/a><\/p>\n<\/p><\/div>\n<\/p><\/div>\n<p> <!-- Secci\u00f3n de caracter\u00edsticas --> <\/p>\n<div style=\"margin-bottom: 30px;\">\n<h3 style=\"font-size: 20px; border-bottom: 2px solid currentColor; padding-bottom: 5px; margin-top: 0; color: inherit; opacity: 0.8;\">&iquest;Por qu&eacute; utilizar inversores Growatt?<\/h3>\n<ul style=\"padding-left: 20px; font-size: 15px; color: inherit;\">\n<li style=\"margin-bottom: 8px;\"><strong>M&aacute;xima eficiencia de conversi&oacute;n:<\/strong> Hasta un 99.5%<\/li>\n<li style=\"margin-bottom: 8px;\"><strong>Ahorros:<\/strong> Hasta un 98% en el pago de recibo de luz<\/li>\n<li style=\"margin-bottom: 8px;\"><strong>Tecnolog&iacute;a MPPT:<\/strong> Aproveche al m&aacute;ximo la potencia del sol<\/li>\n<li style=\"margin-bottom: 8px;\"><strong>Rango de Vcc de entrada:<\/strong> Amplio rango<\/li>\n<li style=\"margin-bottom: 8px;\"><strong>Configuraci&oacute;n:<\/strong> F&aacute;cil configuraci&oacute;n para el dise&ntilde;ador<\/li>\n<li style=\"margin-bottom: 8px;\"><strong>Uso de paneles:<\/strong> No mezclar potencias de paneles en las cadenas<\/li>\n<li style=\"margin-bottom: 8px;\"><strong>Protecci&oacute;n:<\/strong> Garant&iacute;a contra defectos de f&aacute;brica<\/li>\n<li style=\"margin-bottom: 8px;\"><strong>Protecci&oacute;n adicional:<\/strong> Utilice los protectores de picos <a style=\"color: inherit; text-decoration: underline;\" href=\"https:\/\/www.syscom.mx\/producto\/SP-50-240S-P-LEA-INTERNATIONAL-144712.html\">SP50-240SP<\/a>&comma; para alargar la vida de su inversor<\/li>\n<li style=\"margin-bottom: 8px;\"><strong>Beneficio:<\/strong> Excelente beneficio<\/li>\n<li style=\"margin-bottom: 8px;\"><strong>Certificaci&oacute;n:<\/strong> Cuenta con la certificaci&oacute;n necesaria para realizar contratos de interconexi&oacute;n con la red de CFE (IEE1547 y UL1741)<\/li>\n<\/ul><\/div>\n<p> <!-- Secci\u00f3n de garant\u00eda --> <\/p>\n<div style=\"margin-bottom: 30px; text-align: center;\">\n<h2 style=\"font-size: 24px; color: inherit; margin: 0 0 15px;\"><strong>Garant&iacute;a de 10 a&ntilde;os contra defectos de fabricaci&oacute;n<\/strong><\/h2>\n<\/p><\/div>\n<p> <!-- Secci\u00f3n de monitoreo --> <\/p>\n<div style=\"margin-bottom: 30px;\">\n<h3 style=\"font-size: 20px; border-bottom: 2px solid currentColor; padding-bottom: 5px; margin-top: 0; color: inherit; opacity: 0.8;\">Monitoreo desde P&aacute;gina Web<\/h3>\n<div style=\"margin-top: 15px; margin-bottom: 15px;\"><a style=\"display: block; text-align: center; color: inherit; text-decoration: underline;\" href=\"http:\/\/server.growatt.com\/login\/toViewExamlePlant\"> <img decoding=\"async\" style=\"width: 100%; height: auto; border: 1px solid rgba(150&comma;150&comma;150&comma;0.3); border-radius: 8px; max-width: 800px; margin: 0 auto;\" src=\"https:\/\/ftp3.syscom.mx\/usuarios\/mtopete\/Energia%20Solar\/Growatt\/monitoreo%20Growatt.png\" alt=\"\" \/> <\/a><\/div>\n<div style=\"margin-top: 15px; margin-bottom: 15px;\"><a style=\"display: block; text-align: center; color: inherit; text-decoration: underline;\" href=\"http:\/\/server.growatt.com\/indexbC\/getInvPage\"> <img decoding=\"async\" style=\"width: 100%; height: auto; border: 1px solid rgba(150&comma;150&comma;150&comma;0.3); border-radius: 8px; max-width: 1300px; margin: 0 auto;\" src=\"https:\/\/ftp3.syscom.mx\/usuarios\/mtopete\/Energia%20Solar\/Growatt\/monitoreo%20Growatt%20planta.png\" alt=\"\" \/> <\/a><\/div>\n<div style=\"margin-top: 15px; margin-bottom: 15px;\"><a style=\"display: block; text-align: center; color: inherit; text-decoration: underline;\" href=\"http:\/\/server.growatt.com\/login\/toViewExamlePlant\"> <img decoding=\"async\" style=\"width: 100%; height: auto; border: 1px solid rgba(150&comma;150&comma;150&comma;0.3); border-radius: 8px; max-width: 1100px; margin: 0 auto;\" src=\"https:\/\/ftp3.syscom.mx\/usuarios\/mtopete\/Energia%20Solar\/Growatt\/plantas%20monitoreo.PNG\" alt=\"\" \/> <\/a><\/div>\n<div style=\"margin-top: 15px; margin-bottom: 15px; text-align: center;\"><a style=\"color: inherit; text-decoration: underline;\" href=\"http:\/\/server.growatt.com\/login\/toViewExamlePlant\"> <strong style=\"font-size: 20px; color: inherit;\">De Click en la Imagen Para Acceder a las Plantas Demo<\/strong> <\/a><\/div>\n<\/p><\/div>\n<p> <!-- Secci\u00f3n de videos --> <\/p>\n<div style=\"margin-bottom: 30px;\">\n<div style=\"position: relative; padding-bottom: 56.25%; height: 0; overflow: hidden; margin-bottom: 15px;\"> <\/div>\n<div style=\"display: flex; flex-wrap: wrap; gap: 15px;\">\n<div style=\"flex: 1 1 50%; min-width: 280px;\">\n<div style=\"position: relative; padding-bottom: 56.25%; height: 0; overflow: hidden;\"> <\/div>\n<\/p><\/div>\n<div style=\"flex: 1 1 50%; min-width: 280px;\">\n<div style=\"position: relative; padding-bottom: 56.25%; height: 0; overflow: hidden;\"> <\/div>\n<\/p><\/div>\n<\/p><\/div>\n<\/p><\/div>\n<p> <!-- Secci\u00f3n de beneficios --> <\/p>\n<div style=\"margin-bottom: 30px;\">\n<div style=\"display: flex; flex-wrap: wrap; gap: 20px;\">\n<div style=\"flex: 1 1 200px; text-align: center;\"><img decoding=\"async\" style=\"width: 100%; height: auto; border: 1px solid rgba(150&comma;150&comma;150&comma;0.3); border-radius: 8px; max-width: 150px; margin: 0 auto 10px;\" src=\"https:\/\/ftp3.syscom.mx\/usuarios\/ftp\/single_page\/epcom_powerline\/limpia.png\" alt=\"Energ&iacute;a Limpia\" \/> <\/p>\n<p style=\"margin: 0; font-size: 15px; color: inherit;\">Energ&iacute;a Limpia<\/p>\n<\/p><\/div>\n<div style=\"flex: 1 1 200px; text-align: center;\"><img decoding=\"async\" style=\"width: 100%; height: auto; border: 1px solid rgba(150&comma;150&comma;150&comma;0.3); border-radius: 8px; max-width: 150px; margin: 0 auto 10px;\" src=\"https:\/\/ftp3.syscom.mx\/usuarios\/ftp\/single_page\/epcom_powerline\/ahorro.png\" alt=\"Ahorro de Energ&iacute;a\" \/> <\/p>\n<p style=\"margin: 0; font-size: 15px; color: inherit;\">Ahorro de Energ&iacute;a<\/p>\n<\/p><\/div>\n<div style=\"flex: 1 1 200px; text-align: center;\"><img decoding=\"async\" style=\"width: 100%; height: auto; border: 1px solid rgba(150&comma;150&comma;150&comma;0.3); border-radius: 8px; max-width: 150px; margin: 0 auto 10px;\" src=\"https:\/\/ftp3.syscom.mx\/usuarios\/ftp\/single_page\/epcom_powerline\/ciudad.png\" alt=\"Cuidado del Medio Ambiente\" \/> <\/p>\n<p style=\"margin: 0; font-size: 15px; color: inherit;\">Cuidado del Medio Ambiente<\/p>\n<\/p><\/div>\n<div style=\"flex: 1 1 200px; text-align: center;\"><img decoding=\"async\" style=\"width: 100%; height: auto; border: 1px solid rgba(150&comma;150&comma;150&comma;0.3); border-radius: 8px; max-width: 150px; margin: 0 auto 10px;\" src=\"https:\/\/ftp3.syscom.mx\/usuarios\/ftp\/single_page\/epcom_powerline\/conexion.png\" alt=\"Conexi&oacute;n sencilla\" \/> <\/p>\n<p style=\"margin: 0; font-size: 15px; color: inherit;\">Conexi&oacute;n sencilla<\/p>\n<\/p><\/div>\n<\/p><\/div>\n<\/p><\/div>\n<p> <!-- Secci\u00f3n de diagramas --> <\/p>\n<div style=\"margin-bottom: 30px;\">\n<div style=\"display: flex; flex-wrap: wrap; gap: 30px;\">\n<div style=\"flex: 1 1 450px; min-width: 300px;\">\n<h4 style=\"font-size: 18px; text-align: center; border-bottom: 2px solid currentColor; padding-bottom: 5px; margin: 0 0 15px; color: inherit; opacity: 0.8;\">Diagrama de Conexi&oacute;n para Soluci&oacute;n con Inversores de Cadena<\/h4>\n<p> <img decoding=\"async\" style=\"width: 100%; height: auto; border: 1px solid rgba(150&comma;150&comma;150&comma;0.3); border-radius: 8px; max-width: 100%;\" src=\"https:\/\/ftp3.syscom.mx\/usuarios\/ftp\/single_page\/epcom_powerline\/DIAG-2.png\" alt=\"\" \/><\/div>\n<div style=\"flex: 1 1 450px; min-width: 300px;\">\n<h4 style=\"font-size: 18px; text-align: center; border-bottom: 2px solid currentColor; padding-bottom: 5px; margin: 0 0 15px; color: inherit; opacity: 0.8;\">Diagrama de Conexi&oacute;n para Soluci&oacute;n con Microinversores<\/h4>\n<p> <img decoding=\"async\" style=\"width: 100%; height: auto; border: 1px solid rgba(150&comma;150&comma;150&comma;0.3); border-radius: 8px; max-width: 100%;\" src=\"https:\/\/ftp3.syscom.mx\/usuarios\/ftp\/single_page\/epcom_powerline\/diagrama-1.png\" alt=\"\" \/><\/div>\n<\/p><\/div>\n<\/p><\/div>\n<p> <!-- Secci\u00f3n de an\u00e1lisis de consumo --> <\/p>\n<div style=\"margin-bottom: 30px;\">\n<h4 style=\"font-size: 18px; border-bottom: 2px solid currentColor; padding-bottom: 5px; margin-top: 0; color: inherit; opacity: 0.8;\">Revise en el consumo bimestral de su recibo de luz y tabule lo siguiente con nuestros KITS&comma; para saber que kit necesita.<\/h4>\n<p> <img decoding=\"async\" style=\"width: 100%; height: auto; border: 1px solid rgba(150&comma;150&comma;150&comma;0.3); border-radius: 8px; max-width: 100%; margin-top: 15px;\" src=\"https:\/\/ftp3.syscom.mx\/usuarios\/ftp\/single_page\/epcom_powerline\/recibo.png\" alt=\"\" \/><\/div>\n<p> <!-- Secci\u00f3n de notas --> <\/p>\n<div style=\"margin-bottom: 30px;\">\n<h3 style=\"font-size: 20px; border-bottom: 2px solid currentColor; padding-bottom: 5px; margin-top: 0; color: inherit; opacity: 0.8;\">Notas<\/h3>\n<ul style=\"padding-left: 20px; font-size: 15px; color: inherit; margin-top: 15px;\">\n<li style=\"margin-bottom: 8px;\"><strong>Equipos de interconexi&oacute;n:<\/strong> Los equipos de interconexi&oacute;n a la red el&eacute;ctrica no pueden operar con generadores di&eacute;sel o a gasolina<\/li>\n<li style=\"margin-bottom: 8px;\"><strong>Sincronizaci&oacute;n:<\/strong> Los inversores requieren sincronizarse para entregar voltaje&comma; de lo contrario el equipo no entregar&aacute; voltaje&comma; si se miden las terminales con los paneles conectados el voltaje medido debe ser 0V<\/li>\n<\/ul><\/div>\n<p> <!-- Secci\u00f3n de recomendaciones --> <\/p>\n<div style=\"margin-bottom: 30px;\">\n<div style=\"width: 100%; padding: 15px; background-color: rgba(150&comma;150&comma;150&comma;0.05); border-left: 4px solid rgba(255&comma;165&comma;0&comma;0.5);\">\n<p style=\"margin: 0; font-size: 14px; color: inherit;\"><strong>Nota:<\/strong> Se recomienda utilizar sistemas de tierra f&iacute;sica (<a style=\"color: inherit; text-decoration: underline;\" href=\"https:\/\/www.syscom.mx\/principal\/searchcont?route=LP-GROUND-30A-LINKEDPRO-172180&amp;autodetect=lpground30a\">LP-GROUND-30A<\/a>)&comma; colocar supresores de picos (<a style=\"color: inherit; text-decoration: underline;\" href=\"https:\/\/www.syscom.mx\/principal\/searchcont?route=LA302R-DELTA-167343&amp;autodetect=la302\">LA302R<\/a>) y verificar voltajes de operaci&oacute;n.<\/p>\n<p style=\"margin-top: 8px; font-size: 14px; color: inherit;\">Consultarlo con el departamento de ingenier&iacute;a en energ&iacute;a solar.<\/p>\n<\/p><\/div>\n<\/p><\/div>\n<p> <!-- Separador final --><\/p>\n<hr style=\"border: 0; border-top: 1px solid rgba(150&comma; 150&comma; 150&comma; 0.3); margin: 30px 0;\" \/><\/div>\n","protected":false},"excerpt":{"rendered":"<p>Inversor H\u00edbrido para Interconexi\u00f3n a CFE de 7.6 kW con Salida de 220 Vca, M\u00f3dulo Wifi Incluido<\/p>\n","protected":false},"featured_media":44862,"comment_status":"open","ping_status":"closed","template":"","meta":[],"product_brand":[],"product_cat":[1092],"product_tag":[964,1157,1093],"class_list":{"0":"post-44863","1":"product","2":"type-product","3":"status-publish","4":"has-post-thumbnail","6":"product_cat-inversores-interconexion-on-grid","7":"product_tag-energia-solar","8":"product_tag-growatt","9":"product_tag-inversores-interconexion-on-grid","11":"first","12":"instock","13":"sale","14":"shipping-taxable","15":"purchasable","16":"product-type-simple"},"_links":{"self":[{"href":"https:\/\/soydeaqui.ddns.net\/pachuca\/index.php\/wp-json\/wp\/v2\/product\/44863","targetHints":{"allow":["GET"]}}],"collection":[{"href":"https:\/\/soydeaqui.ddns.net\/pachuca\/index.php\/wp-json\/wp\/v2\/product"}],"about":[{"href":"https:\/\/soydeaqui.ddns.net\/pachuca\/index.php\/wp-json\/wp\/v2\/types\/product"}],"replies":[{"embeddable":true,"href":"https:\/\/soydeaqui.ddns.net\/pachuca\/index.php\/wp-json\/wp\/v2\/comments?post=44863"}],"wp:featuredmedia":[{"embeddable":true,"href":"https:\/\/soydeaqui.ddns.net\/pachuca\/index.php\/wp-json\/wp\/v2\/media\/44862"}],"wp:attachment":[{"href":"https:\/\/soydeaqui.ddns.net\/pachuca\/index.php\/wp-json\/wp\/v2\/media?parent=44863"}],"wp:term":[{"taxonomy":"product_brand","embeddable":true,"href":"https:\/\/soydeaqui.ddns.net\/pachuca\/index.php\/wp-json\/wp\/v2\/product_brand?post=44863"},{"taxonomy":"product_cat","embeddable":true,"href":"https:\/\/soydeaqui.ddns.net\/pachuca\/index.php\/wp-json\/wp\/v2\/product_cat?post=44863"},{"taxonomy":"product_tag","embeddable":true,"href":"https:\/\/soydeaqui.ddns.net\/pachuca\/index.php\/wp-json\/wp\/v2\/product_tag?post=44863"}],"curies":[{"name":"wp","href":"https:\/\/api.w.org\/{rel}","templated":true}]}}