{"id":44861,"date":"2026-03-18T19:52:26","date_gmt":"2026-03-18T19:52:26","guid":{"rendered":"https:\/\/soydeaqui.ddns.net\/pachuca\/index.php\/producto\/inversor-hibrido-para-interconexion-a-cfe-de-10-kw-con-salida-de-220-vca-modulo-wifi-incluido\/"},"modified":"2026-03-18T19:52:27","modified_gmt":"2026-03-18T19:52:27","slug":"inversor-hibrido-para-interconexion-a-cfe-de-10-kw-con-salida-de-220-vca-modulo-wifi-incluido","status":"publish","type":"product","link":"https:\/\/soydeaqui.ddns.net\/pachuca\/index.php\/producto\/inversor-hibrido-para-interconexion-a-cfe-de-10-kw-con-salida-de-220-vca-modulo-wifi-incluido\/","title":{"rendered":"Inversor H\u00edbrido para Interconexi\u00f3n a CFE de 10 kW con Salida de 220 Vca, M\u00f3dulo Wifi Incluido"},"content":{"rendered":"<div style='width: 100%; max-width: 1200px; margin: 0 auto; font-family: sans-serif; line-height: 1.6; color: inherit; background-color: transparent;'> <!-- Secci\u00f3n de caracter\u00edsticas --> <\/p>\n<div style='display: flex; flex-wrap: wrap; gap: 30px; margin-bottom: 30px;'>\n<div style='flex: 1 1 300px; min-width: 280px;'>\n<h3 style='font-size: 22px; border-bottom: 2px solid currentColor; padding-bottom: 5px; margin-top: 0; color: inherit; opacity: 0.8;'>\u00bfPor qu\u00e9 utilizar inversores Growatt?<\/h3>\n<ul style='padding-left: 20px; font-size: 15px; color: inherit;'>\n<li style='margin-bottom: 5px;'><span style='font-size: 14pt;'><em><span style='font-family: Verdana&comma; Geneva&comma; sans-serif;'>M\u00e1xima eficiencia de conversi\u00f3n de hasta un 99.5%.<\/span><\/em><\/span><\/li>\n<li style='margin-bottom: 5px;'><span style='font-size: 14pt;'><em><span style='font-family: Verdana&comma; Geneva&comma; sans-serif;'>Ahorros de hasta un 98% en el pago de recibo de luz.<\/span><\/em><\/span><\/li>\n<li style='margin-bottom: 5px;'><span style='font-size: 14pt;'><em><span style='font-family: Verdana&comma; Geneva&comma; sans-serif;'>Aproveche al m\u00e1ximo la potencia del sol con la tecnolog\u00eda MPPT.<\/span><\/em><\/span><\/li>\n<li style='margin-bottom: 5px;'><span style='font-size: 14pt;'><em><span style='font-family: Verdana&comma; Geneva&comma; sans-serif;'>Amplio rango de Vcc de entrada.<\/span><\/em><\/span><\/li>\n<li style='margin-bottom: 5px;'><span style='font-size: 14pt;'><em><span style='font-family: Verdana&comma; Geneva&comma; sans-serif;'>F\u00e1cil configuraci\u00f3n para el dise\u00f1ador.<\/span><\/em><\/span><\/li>\n<li style='margin-bottom: 5px;'><span style='font-size: 14pt;'><em><span style='font-family: Verdana&comma; Geneva&comma; sans-serif;'>No mezclar potencias de paneles en las cadenas.<\/span><\/em><\/span><\/li>\n<li style='margin-bottom: 5px;'><span style='font-size: 14pt;'><em><span style='font-family: Verdana&comma; Geneva&comma; sans-serif;'> contra defectos de f\u00e1brica.<\/span><\/em><\/span><\/li>\n<li style='margin-bottom: 5px;'><span style='font-size: 14pt;'><span style='font-family: Verdana&comma; Geneva&comma; sans-serif;'><em>Utilice los protectores de picos <a href='https:\/\/www.syscom.mx\/producto\/SP-50-240S-P-LEA-INTERNATIONAL-144712.html' style='color: inherit; text-decoration: underline;'>SP50-240SP<\/a>&comma; para alargar la vida de su inversor.<\/em><\/span><\/span><\/li>\n<li style='margin-bottom: 5px;'><span style='font-size: 14pt;'><span style='font-family: Verdana&comma; Geneva&comma; sans-serif;'><em>Excelente beneficio.<\/em><\/span><\/span><\/li>\n<li style='margin-bottom: 5px;'><span style='font-size: 14pt;'><span style='font-family: Verdana&comma; Geneva&comma; sans-serif;'><em>Cuenta con la certificaci\u00f3n necesaria para realizar contratos de interconexi\u00f3n con la red de CFE (IEE1547 y UL1741).<\/em><\/span><\/span><\/li>\n<\/ul><\/div>\n<\/p><\/div>\n<p> <!-- Garant\u00eda --> <\/p>\n<div style='margin-bottom: 30px; text-align: center;'>\n<h2 style='font-size: 24px; color: inherit;'><strong>Garant\u00eda de 10 a\u00f1os contra defectos de fabricaci\u00f3n&#8230;!<\/strong><\/h2>\n<\/p><\/div>\n<p> <!-- Monitoreo --> <\/p>\n<div style='margin-bottom: 30px;'>\n<h2 style='font-size: 20px; color: inherit; margin-top: 0;'><em>Monitoreo desde P\u00e1gina Web<\/em><\/h2>\n<div style='margin: 20px 0;'> <a href='http:\/\/server.growatt.com\/login\/toViewExamlePlant' style='display: block; text-align: center;'> <img style='width: 100%; height: auto; border: 1px solid rgba(150&comma;150&comma;150&comma;0.3); border-radius: 8px; max-width: 600px; margin: 10px auto;' src='https:\/\/ftp3.syscom.mx\/usuarios\/mtopete\/Energia%20Solar\/Growatt\/monitoreo%20Growatt.png' alt=''> <\/a> <\/div>\n<div style='margin: 20px 0;'> <a href='http:\/\/server.growatt.com\/indexbC\/getInvPage' style='display: block; text-align: center;'> <img style='width: 100%; height: auto; border: 1px solid rgba(150&comma;150&comma;150&comma;0.3); border-radius: 8px; max-width: 600px; margin: 10px auto;' src='https:\/\/ftp3.syscom.mx\/usuarios\/mtopete\/Energia%20Solar\/Growatt\/monitoreo%20Growatt%20planta.png' alt=''> <\/a> <\/div>\n<div style='margin: 20px 0;'> <a href='http:\/\/server.growatt.com\/login\/toViewExamlePlant' style='display: block; text-align: center;'> <img style='width: 100%; height: auto; border: 1px solid rgba(150&comma;150&comma;150&comma;0.3); border-radius: 8px; max-width: 600px; margin: 10px auto;' src='https:\/\/ftp3.syscom.mx\/usuarios\/mtopete\/Energia%20Solar\/Growatt\/plantas%20monitoreo.PNG' alt=''> <\/a> <\/div>\n<div style='text-align: center; margin: 20px 0;'> <a href='http:\/\/server.growatt.com\/login\/toViewExamlePlant' style='color: inherit; text-decoration: underline; font-weight: bold; display: inline-block;'> De Click en la Imagen Para Acceder a las Plantas Demo <\/a> <\/div>\n<\/p><\/div>\n<p> <!-- Videos --> <\/p>\n<div style='margin-bottom: 30px;'>\n<div style='position: relative; padding-bottom: 56.25%; height: 0; overflow: hidden; margin-bottom: 30px;'>   <\/div>\n<div style='position: relative; padding-bottom: 56.25%; height: 0; overflow: hidden; margin-bottom: 30px;'>   <\/div>\n<div style='position: relative; padding-bottom: 56.25%; height: 0; overflow: hidden; margin-bottom: 30px;'>   <\/div>\n<\/p><\/div>\n<p> <!-- Recomendaciones --> <\/p>\n<div style='margin-bottom: 30px;'>\n<p style='font-size: 10pt; color: inherit;'> <strong>Nota:<\/strong> Se recomienda utilizar sistemas de tierra f\u00edsica (<a href='https:\/\/www.syscom.mx\/principal\/searchcont?route=LP-GROUND-30A-LINKEDPRO-172180&#038;autodetect=lpground30a' style='color: inherit; text-decoration: underline;'>LP-GROUND-30A<\/a>)&comma; colocar supresores de picos (<a href='https:\/\/www.syscom.mx\/principal\/searchcont?route=LA302R-DELTA-167343&#038;autodetect=la302' style='color: inherit; text-decoration: underline;'>LA302R<\/a>) y verificar voltajes de operaci\u00f3n. <\/p>\n<p style='font-size: 10pt; color: inherit; margin-top: 10px; text-align: center;'> Consultarlo con el departamento de ingenier\u00eda en energ\u00eda solar. <\/p>\n<\/p><\/div>\n<p> <!-- Iconos --> <\/p>\n<div style='display: flex; flex-wrap: wrap; gap: 20px; margin-bottom: 30px;'>\n<div style='flex: 1 1 200px; text-align: center;'> <img style='width: 100%; max-width: 150px; height: auto; border: 1px solid rgba(150&comma;150&comma;150&comma;0.3); border-radius: 8px; margin: 0 auto 10px;' src='https:\/\/ftp3.syscom.mx\/usuarios\/ftp\/single_page\/epcom_powerline\/limpia.png' alt=''> <\/p>\n<p style='color: inherit; font-size: 14px;'>Energ\u00eda Limpia<\/p>\n<\/p><\/div>\n<div style='flex: 1 1 200px; text-align: center;'> <img style='width: 100%; max-width: 150px; height: auto; border: 1px solid rgba(150&comma;150&comma;150&comma;0.3); border-radius: 8px; margin: 0 auto 10px;' src='https:\/\/ftp3.syscom.mx\/usuarios\/ftp\/single_page\/epcom_powerline\/ahorro.png' alt=''> <\/p>\n<p style='color: inherit; font-size: 14px;'>Ahorro de Energ\u00eda<\/p>\n<\/p><\/div>\n<div style='flex: 1 1 200px; text-align: center;'> <img style='width: 100%; max-width: 150px; height: auto; border: 1px solid rgba(150&comma;150&comma;150&comma;0.3); border-radius: 8px; margin: 0 auto 10px;' src='https:\/\/ftp3.syscom.mx\/usuarios\/ftp\/single_page\/epcom_powerline\/ciudad.png' alt=''> <\/p>\n<p style='color: inherit; font-size: 14px;'>Cuidado del Medio Ambiente<\/p>\n<\/p><\/div>\n<div style='flex: 1 1 200px; text-align: center;'> <img style='width: 100%; max-width: 150px; height: auto; border: 1px solid rgba(150&comma;150&comma;150&comma;0.3); border-radius: 8px; margin: 0 auto 10px;' src='https:\/\/ftp3.syscom.mx\/usuarios\/ftp\/single_page\/epcom_powerline\/conexion.png' alt=''> <\/p>\n<p style='color: inherit; font-size: 14px;'>Conexi\u00f3n sencilla<\/p>\n<\/p><\/div>\n<\/p><\/div>\n<p> <!-- Diagramas --> <\/p>\n<div style='display: flex; flex-wrap: wrap; gap: 30px; margin-bottom: 30px;'>\n<div style='flex: 1 1 400px; min-width: 300px;'>\n<h3 style='font-size: 18px; color: inherit; margin-top: 0; text-align: center; margin-bottom: 15px;'>Diagrama de Conexi\u00f3n para Soluci\u00f3n con Inversores de Cadena<\/h3>\n<p> <img style='width: 100%; height: auto; border: 1px solid rgba(150&comma;150&comma;150&comma;0.3); border-radius: 8px;' src='https:\/\/ftp3.syscom.mx\/usuarios\/ftp\/single_page\/epcom_powerline\/DIAG-2.png' alt=''> <\/div>\n<div style='flex: 1 1 400px; min-width: 300px;'>\n<h3 style='font-size: 18px; color: inherit; margin-top: 0; text-align: center; margin-bottom: 15px;'>Diagrama de Conexi\u00f3n para Soluci\u00f3n con Microinversores<\/h3>\n<p> <img style='width: 100%; height: auto; border: 1px solid rgba(150&comma;150&comma;150&comma;0.3); border-radius: 8px;' src='https:\/\/ftp3.syscom.mx\/usuarios\/ftp\/single_page\/epcom_powerline\/diagrama-1.png' alt=''> <\/div>\n<\/p><\/div>\n<p> <!-- Recibo --> <\/p>\n<div style='margin-bottom: 30px;'>\n<h3 style='font-size: 18px; color: inherit; margin-top: 0; margin-bottom: 15px;'>Revise en el consumo bimestral de su recibo de luz y tabule lo siguiente con nuestros KITS&comma; para saber que kit necesita.<\/h3>\n<p> <img style='width: 100%; height: auto; border: 1px solid rgba(150&comma;150&comma;150&comma;0.3); border-radius: 8px;' src='https:\/\/ftp3.syscom.mx\/usuarios\/ftp\/single_page\/epcom_powerline\/recibo.png' alt=''> <\/div>\n<p> <!-- Notas --> <\/p>\n<div style='margin-bottom: 30px;'>\n<h3 style='font-size: 18px; color: inherit; margin-top: 0; margin-bottom: 15px;'>Notas<\/h3>\n<ul style='padding-left: 20px; font-size: 14px; color: inherit;'>\n<li style='margin-bottom: 5px;'><span style='font-family: 'times new roman'&comma; times&comma; serif; font-size: 14pt;'><em>Los equipos de interconexi\u00f3n a la red el\u00e9ctrica no pueden operar con generadores di\u00e9sel o a gasolina.<\/em><\/span><\/li>\n<li style='margin-bottom: 5px;'><span style='font-family: 'times new roman'&comma; times&comma; serif; font-size: 14pt;'><em>Los inversores requieren sincronizarse para entregar voltaje&comma; de lo contrario el equipo no entregara voltaje&comma; si se miden las terminales con los paneles conectados el voltaje medido debe ser 0V.<\/em><\/span><\/li>\n<\/ul><\/div>\n<\/p><\/div>\n","protected":false},"excerpt":{"rendered":"<p>Inversor H\u00edbrido para Interconexi\u00f3n a CFE de 10 kW con Salida de 220 Vca, M\u00f3dulo Wifi Incluido<\/p>\n","protected":false},"featured_media":44860,"comment_status":"open","ping_status":"closed","template":"","meta":[],"product_brand":[],"product_cat":[1092],"product_tag":[964,1157,1093],"class_list":{"0":"post-44861","1":"product","2":"type-product","3":"status-publish","4":"has-post-thumbnail","6":"product_cat-inversores-interconexion-on-grid","7":"product_tag-energia-solar","8":"product_tag-growatt","9":"product_tag-inversores-interconexion-on-grid","11":"first","12":"outofstock","13":"sale","14":"shipping-taxable","15":"purchasable","16":"product-type-simple"},"_links":{"self":[{"href":"https:\/\/soydeaqui.ddns.net\/pachuca\/index.php\/wp-json\/wp\/v2\/product\/44861","targetHints":{"allow":["GET"]}}],"collection":[{"href":"https:\/\/soydeaqui.ddns.net\/pachuca\/index.php\/wp-json\/wp\/v2\/product"}],"about":[{"href":"https:\/\/soydeaqui.ddns.net\/pachuca\/index.php\/wp-json\/wp\/v2\/types\/product"}],"replies":[{"embeddable":true,"href":"https:\/\/soydeaqui.ddns.net\/pachuca\/index.php\/wp-json\/wp\/v2\/comments?post=44861"}],"wp:featuredmedia":[{"embeddable":true,"href":"https:\/\/soydeaqui.ddns.net\/pachuca\/index.php\/wp-json\/wp\/v2\/media\/44860"}],"wp:attachment":[{"href":"https:\/\/soydeaqui.ddns.net\/pachuca\/index.php\/wp-json\/wp\/v2\/media?parent=44861"}],"wp:term":[{"taxonomy":"product_brand","embeddable":true,"href":"https:\/\/soydeaqui.ddns.net\/pachuca\/index.php\/wp-json\/wp\/v2\/product_brand?post=44861"},{"taxonomy":"product_cat","embeddable":true,"href":"https:\/\/soydeaqui.ddns.net\/pachuca\/index.php\/wp-json\/wp\/v2\/product_cat?post=44861"},{"taxonomy":"product_tag","embeddable":true,"href":"https:\/\/soydeaqui.ddns.net\/pachuca\/index.php\/wp-json\/wp\/v2\/product_tag?post=44861"}],"curies":[{"name":"wp","href":"https:\/\/api.w.org\/{rel}","templated":true}]}}