{"id":44858,"date":"2026-03-18T19:52:22","date_gmt":"2026-03-18T19:52:22","guid":{"rendered":"https:\/\/soydeaqui.ddns.net\/pachuca\/index.php\/producto\/transformador-reductor-de-208-vca-a-120-vca-para-equipos-growat-serie-xh-us\/"},"modified":"2026-03-18T19:52:24","modified_gmt":"2026-03-18T19:52:24","slug":"transformador-reductor-de-208-vca-a-120-vca-para-equipos-growat-serie-xh-us","status":"publish","type":"product","link":"https:\/\/soydeaqui.ddns.net\/pachuca\/index.php\/producto\/transformador-reductor-de-208-vca-a-120-vca-para-equipos-growat-serie-xh-us\/","title":{"rendered":"Transformador Reductor de 208 Vca a 120 Vca, para equipos GROWAT SERIE XH-US"},"content":{"rendered":"<div style='width: 100%; max-width: 1200px; margin: 0 auto; font-family: sans-serif; line-height: 1.6; color: inherit; background-color: transparent;'> <!-- Aviso importante --> <\/p>\n<div style='background-color: rgba(255&comma; 87&comma; 34&comma; 0.1); border: 1px solid rgba(255&comma; 87&comma; 34&comma; 0.3); border-radius: 8px; padding: 15px; margin-bottom: 30px; text-align: center;'>\n<h2 style='font-size: 20px; margin: 0; color: inherit; font-weight: bold; opacity: 0.9;'>COMPATIBLE SOLO CON INVERSORES HIBRIDOS GROWATT VERSION 2<\/h2>\n<\/p><\/div>\n<p> <!-- Descripci\u00f3n general --> <\/p>\n<div style='margin-bottom: 30px;'>\n<h2 style='font-size: 22px; border-bottom: 2px solid currentColor; padding-bottom: 5px; margin-top: 0; color: inherit; opacity: 0.8;'>Growatt ATS11400T-US \u2013 Interruptor de Transferencia Autom\u00e1tica con Transformador Integrado<\/h2>\n<p style='font-size: 15px; color: inherit; margin-top: 15px; margin-bottom: 15px;'>El <strong style='color: inherit; font-weight: bold;'>Growatt ATS11400T-US<\/strong> es un <strong style='color: inherit; font-weight: bold;'>interruptor de transferencia autom\u00e1tica (ATS)<\/strong> dise\u00f1ado para garantizar un suministro de energ\u00eda confiable y continuo en instalaciones con sistemas fotovoltaicos&comma; respaldo y red el\u00e9ctrica.<\/p>\n<p style='font-size: 15px; color: inherit; margin-top: 15px; margin-bottom: 15px;'>Gracias a su <strong style='color: inherit; font-weight: bold;'>transformador de fase dividida incorporado<\/strong>&comma; este equipo permite manejar cargas en 120\/240 V&comma; brindando versatilidad y seguridad en aplicaciones residenciales y comerciales en Estados Unidos y Latinoam\u00e9rica.<\/p>\n<\/p><\/div>\n<p> <!-- Caracter\u00edsticas principales --> <\/p>\n<div style='display: flex; flex-wrap: wrap; gap: 30px; margin-bottom: 30px;'>\n<div style='flex: 1 1 300px; min-width: 280px;'>\n<h3 style='font-size: 20px; border-bottom: 2px solid currentColor; padding-bottom: 5px; margin-top: 0; color: inherit; opacity: 0.8;'>Principales caracter\u00edsticas<\/h3>\n<ul style='padding-left: 20px; font-size: 15px; color: inherit; margin-top: 15px;'>\n<li style='margin-bottom: 5px;'><strong style='color: inherit; font-weight: bold;'>Alta capacidad de potencia:<\/strong> hasta <strong style='color: inherit; font-weight: bold;'>11&comma;400 VA<\/strong>.<\/li>\n<li style='margin-bottom: 5px;'><strong style='color: inherit; font-weight: bold;'>Compatibilidad total con sistemas split-phase<\/strong> (120\/240 V).<\/li>\n<li style='margin-bottom: 5px;'><strong style='color: inherit; font-weight: bold;'>Transferencia autom\u00e1tica<\/strong> entre la red y el sistema de energ\u00eda de respaldo.<\/li>\n<li style='margin-bottom: 5px;'><strong style='color: inherit; font-weight: bold;'>Protecci\u00f3n robusta:<\/strong> cumple con normas <strong style='color: inherit; font-weight: bold;'>UL1741:2018<\/strong> y <strong style='color: inherit; font-weight: bold;'>CSA C22.2 NO 107.1:2016<\/strong>.<\/li>\n<li style='margin-bottom: 5px;'><strong style='color: inherit; font-weight: bold;'>Construcci\u00f3n resistente:<\/strong> carcasa con protecci\u00f3n <strong style='color: inherit; font-weight: bold;'>NEMA 4X (IP65)<\/strong>&comma; ideal para instalaciones en interiores y exteriores.<\/li>\n<li style='margin-bottom: 5px;'><strong style='color: inherit; font-weight: bold;'>Rango de operaci\u00f3n amplio:<\/strong> funciona de <strong style='color: inherit; font-weight: bold;'>-25 \u00b0C a +55 \u00b0C<\/strong>.<\/li>\n<li style='margin-bottom: 5px;'><strong style='color: inherit; font-weight: bold;'>Dise\u00f1o pr\u00e1ctico y confiable:<\/strong> refrigeraci\u00f3n por <strong style='color: inherit; font-weight: bold;'>convecci\u00f3n natural<\/strong> y <strong style='color: inherit; font-weight: bold;'>montaje en pared<\/strong>.<\/li>\n<\/ul><\/div>\n<\/p><\/div>\n<p> <!-- Separador --> <\/p>\n<hr style='border: 0; border-top: 1px solid rgba(150&comma; 150&comma; 150&comma; 0.3); margin: 30px 0;'> <!-- Especificaciones t\u00e9cnicas --> <\/p>\n<div style='display: flex; flex-wrap: wrap; gap: 20px; margin-bottom: 30px;'>\n<div style='flex: 1 1 250px; border: 1px solid rgba(150&comma; 150&comma; 150&comma; 0.4); border-radius: 8px; overflow: hidden; display: flex; flex-direction: column;'>\n<div style='padding: 15px; border-bottom: 1px solid rgba(150&comma; 150&comma; 150&comma; 0.2); font-weight: bold; font-size: 18px; color: inherit;'>Especificaciones t\u00e9cnicas destacadas<\/div>\n<div style='padding: 15px; color: inherit;'>\n<ul style='padding-left: 20px; margin: 0; font-size: 14px; list-style-type: disc;'>\n<li style='margin-bottom: 5px;'><strong style='color: inherit; font-weight: bold;'>Potencia nominal:<\/strong> 11&comma;400 VA<\/li>\n<li style='margin-bottom: 5px;'><strong style='color: inherit; font-weight: bold;'>Voltaje nominal:<\/strong> 240 V<\/li>\n<li style='margin-bottom: 5px;'><strong style='color: inherit; font-weight: bold;'>Frecuencia nominal:<\/strong> 50\/60 Hz<\/li>\n<li style='margin-bottom: 5px;'><strong style='color: inherit; font-weight: bold;'>Corriente m\u00e1xima (L-L):<\/strong> 48 A @ 240 V<\/li>\n<li style='margin-bottom: 5px;'><strong style='color: inherit; font-weight: bold;'>Corriente m\u00e1xima (L-N):<\/strong> 25 A @ 120 V<\/li>\n<li style='margin-bottom: 5px;'><strong style='color: inherit; font-weight: bold;'>Dimensiones:<\/strong> 480 \u00d7 275 \u00d7 105 mm<\/li>\n<li style='margin-bottom: 5px;'><strong style='color: inherit; font-weight: bold;'>Peso:<\/strong> 15.6 kg<\/li>\n<li style='margin-bottom: 5px;'><strong style='color: inherit; font-weight: bold;'>Garant\u00eda:<\/strong> 1 a\u00f1o<\/li>\n<\/ul><\/div>\n<\/p><\/div>\n<\/p><\/div>\n<\/p><\/div>\n","protected":false},"excerpt":{"rendered":"<p>Transformador Reductor de 208 Vca a 120 Vca, para equipos GROWAT SERIE XH-US<\/p>\n","protected":false},"featured_media":44857,"comment_status":"open","ping_status":"closed","template":"","meta":[],"product_brand":[],"product_cat":[1217],"product_tag":[964,1157,1218],"class_list":{"0":"post-44858","1":"product","2":"type-product","3":"status-publish","4":"has-post-thumbnail","6":"product_cat-inversores-hibridos","7":"product_tag-energia-solar","8":"product_tag-growatt","9":"product_tag-inversores-hibridos","11":"first","12":"instock","13":"sale","14":"shipping-taxable","15":"purchasable","16":"product-type-simple"},"_links":{"self":[{"href":"https:\/\/soydeaqui.ddns.net\/pachuca\/index.php\/wp-json\/wp\/v2\/product\/44858","targetHints":{"allow":["GET"]}}],"collection":[{"href":"https:\/\/soydeaqui.ddns.net\/pachuca\/index.php\/wp-json\/wp\/v2\/product"}],"about":[{"href":"https:\/\/soydeaqui.ddns.net\/pachuca\/index.php\/wp-json\/wp\/v2\/types\/product"}],"replies":[{"embeddable":true,"href":"https:\/\/soydeaqui.ddns.net\/pachuca\/index.php\/wp-json\/wp\/v2\/comments?post=44858"}],"wp:featuredmedia":[{"embeddable":true,"href":"https:\/\/soydeaqui.ddns.net\/pachuca\/index.php\/wp-json\/wp\/v2\/media\/44857"}],"wp:attachment":[{"href":"https:\/\/soydeaqui.ddns.net\/pachuca\/index.php\/wp-json\/wp\/v2\/media?parent=44858"}],"wp:term":[{"taxonomy":"product_brand","embeddable":true,"href":"https:\/\/soydeaqui.ddns.net\/pachuca\/index.php\/wp-json\/wp\/v2\/product_brand?post=44858"},{"taxonomy":"product_cat","embeddable":true,"href":"https:\/\/soydeaqui.ddns.net\/pachuca\/index.php\/wp-json\/wp\/v2\/product_cat?post=44858"},{"taxonomy":"product_tag","embeddable":true,"href":"https:\/\/soydeaqui.ddns.net\/pachuca\/index.php\/wp-json\/wp\/v2\/product_tag?post=44858"}],"curies":[{"name":"wp","href":"https:\/\/api.w.org\/{rel}","templated":true}]}}