{"id":44855,"date":"2026-03-18T19:52:17","date_gmt":"2026-03-18T19:52:17","guid":{"rendered":"https:\/\/soydeaqui.ddns.net\/pachuca\/index.php\/producto\/controlador-solar-de-carga-pwm-12-24v-36-48v-60-a-60-a-salida-usb-con-display\/"},"modified":"2026-03-18T19:52:20","modified_gmt":"2026-03-18T19:52:20","slug":"controlador-solar-de-carga-pwm-12-24v-36-48v-60-a-60-a-salida-usb-con-display","status":"publish","type":"product","link":"https:\/\/soydeaqui.ddns.net\/pachuca\/index.php\/producto\/controlador-solar-de-carga-pwm-12-24v-36-48v-60-a-60-a-salida-usb-con-display\/","title":{"rendered":"Controlador Solar de Carga PWM 12\/24V\/36\/48V 60 A 60 A, Salida USB, con Display"},"content":{"rendered":"<div style='width: 100%; max-width: 1200px; margin: 0 auto; font-family: sans-serif; line-height: 1.6; color: inherit; background-color: transparent;'> <!-- Logo --> <\/p>\n<div style='text-align: center; margin: 30px 0;'> <img style='width: 100%; max-width: 500px; height: auto; border: 1px solid rgba(150&comma;150&comma;150&comma;0.3); border-radius: 8px;' src='https:\/\/ftp3.syscom.mx\/usuarios\/anavarro\/EPEVER\/IPOWER\/LOGOEPEVER.png' alt='Logo EPEVER'> <\/div>\n<p> <!-- Descripci\u00f3n principal --> <\/p>\n<div style='margin-bottom: 30px; font-size: 15px;'>\n<p style='text-align: justify; color: inherit; margin: 0 0 15px 0;'>La serie VS-AU es un controlador de carga PWM con pantalla LCD y dos puertos USB. Cuando la brecha entre el voltaje de funcionamiento del panel solar y el voltaje de la bater\u00eda no es grande&comma; elegir esta serie PWM es una soluci\u00f3n igualmente confiable pero m\u00e1s rentable. Se aplica ampliamente a la electrificaci\u00f3n rural y a los sistemas de energ\u00eda dom\u00e9sticos&comma; etc.<\/p>\n<\/p><\/div>\n<p> <!-- Imagen frontal --> <\/p>\n<div style='text-align: center; margin: 30px 0;'> <img style='width: 100%; max-width: 400px; height: auto; border: 1px solid rgba(150&comma;150&comma;150&comma;0.3); border-radius: 8px;' src='https:\/\/www.epever.com\/wp-content\/uploads\/2021\/05\/w_VS-AU-Front.jpg' alt='Vista frontal del controlador'> <\/div>\n<p> <!-- Especificaciones t\u00e9cnicas --> <\/p>\n<div style='margin-bottom: 30px;'>\n<h3 style='font-size: 22px; border-bottom: 2px solid currentColor; padding-bottom: 5px; margin-top: 0; color: inherit; opacity: 0.8;'>Especificaciones t\u00e9cnicas:<\/h3>\n<ul style='padding-left: 20px; font-size: 15px; color: inherit; list-style-type: square;'>\n<li style='margin-bottom: 5px;'>Voltaje nominal del sistema: 12\/24\/36\/48VDC Auto<\/li>\n<li style='margin-bottom: 5px;'>Corriente de carga: 60Amp<\/li>\n<li style='margin-bottom: 5px;'>Salida USB: 5Vdc \/ 2.4A<\/li>\n<li style='margin-bottom: 5px;'>Dimensiones: 214&#215;128.7&#215;72.2(mm)<\/li>\n<\/ul><\/div>\n<p> <!-- Caracter\u00edsticas adicionales --> <\/p>\n<div style='margin-bottom: 30px;'>\n<h3 style='font-size: 22px; border-bottom: 2px solid currentColor; padding-bottom: 5px; margin-top: 0; color: inherit; opacity: 0.8;'>Caracter\u00edsticas adicionales<\/h3>\n<ul style='padding-left: 20px; font-size: 15px; color: inherit; list-style-type: square;'>\n<li style='margin-bottom: 5px;'>Controlador de carga inteligente PWM&comma; tierra positivo com\u00fan<\/li>\n<li style='margin-bottom: 5px;'>Doble salida USB&comma; para carga de dispositivos USB<\/li>\n<li style='margin-bottom: 5px;'>Dise\u00f1o de la pantalla LCD&comma; que muestra din\u00e1micamente el funcionamiento del dispositivo<\/li>\n<li style='margin-bottom: 5px;'>M\u00faltiples modos de control de carga<\/li>\n<li style='margin-bottom: 5px;'>Amplia protecci\u00f3n electr\u00f3nica<\/li>\n<\/ul><\/div>\n<p> <!-- Separador final --> <\/p>\n<hr style='border: 0; border-top: 1px solid rgba(150&comma; 150&comma; 150&comma; 0.3); margin: 30px 0;'> <\/div>\n","protected":false},"excerpt":{"rendered":"<p>Controlador Solar de Carga PWM 12\/24V\/36\/48V 60 A 60 A, Salida USB, con Display<\/p>\n","protected":false},"featured_media":44854,"comment_status":"open","ping_status":"closed","template":"","meta":[],"product_brand":[],"product_cat":[1242],"product_tag":[1243,964,1182],"class_list":{"0":"post-44855","1":"product","2":"type-product","3":"status-publish","4":"has-post-thumbnail","6":"product_cat-controladores-de-carga-pwm","7":"product_tag-controladores-de-carga-pwm","8":"product_tag-energia-solar","9":"product_tag-epever","11":"first","12":"instock","13":"sale","14":"shipping-taxable","15":"purchasable","16":"product-type-simple"},"_links":{"self":[{"href":"https:\/\/soydeaqui.ddns.net\/pachuca\/index.php\/wp-json\/wp\/v2\/product\/44855","targetHints":{"allow":["GET"]}}],"collection":[{"href":"https:\/\/soydeaqui.ddns.net\/pachuca\/index.php\/wp-json\/wp\/v2\/product"}],"about":[{"href":"https:\/\/soydeaqui.ddns.net\/pachuca\/index.php\/wp-json\/wp\/v2\/types\/product"}],"replies":[{"embeddable":true,"href":"https:\/\/soydeaqui.ddns.net\/pachuca\/index.php\/wp-json\/wp\/v2\/comments?post=44855"}],"wp:featuredmedia":[{"embeddable":true,"href":"https:\/\/soydeaqui.ddns.net\/pachuca\/index.php\/wp-json\/wp\/v2\/media\/44854"}],"wp:attachment":[{"href":"https:\/\/soydeaqui.ddns.net\/pachuca\/index.php\/wp-json\/wp\/v2\/media?parent=44855"}],"wp:term":[{"taxonomy":"product_brand","embeddable":true,"href":"https:\/\/soydeaqui.ddns.net\/pachuca\/index.php\/wp-json\/wp\/v2\/product_brand?post=44855"},{"taxonomy":"product_cat","embeddable":true,"href":"https:\/\/soydeaqui.ddns.net\/pachuca\/index.php\/wp-json\/wp\/v2\/product_cat?post=44855"},{"taxonomy":"product_tag","embeddable":true,"href":"https:\/\/soydeaqui.ddns.net\/pachuca\/index.php\/wp-json\/wp\/v2\/product_tag?post=44855"}],"curies":[{"name":"wp","href":"https:\/\/api.w.org\/{rel}","templated":true}]}}