{"id":44835,"date":"2026-03-18T19:51:45","date_gmt":"2026-03-18T19:51:45","guid":{"rendered":"https:\/\/soydeaqui.ddns.net\/pachuca\/index.php\/producto\/base-mini-split-montaje-de-pared-capacidad-de-1-a-2-5-toneladas-epcom-industrial\/"},"modified":"2026-03-18T19:51:52","modified_gmt":"2026-03-18T19:51:52","slug":"base-mini-split-montaje-de-pared-capacidad-de-1-a-2-5-toneladas-epcom-industrial","status":"publish","type":"product","link":"https:\/\/soydeaqui.ddns.net\/pachuca\/index.php\/producto\/base-mini-split-montaje-de-pared-capacidad-de-1-a-2-5-toneladas-epcom-industrial\/","title":{"rendered":"Base Mini split \/ Montaje de pared \/ Capacidad de 1 a 2.5 toneladas \/ EPCOM INDUSTRIAL"},"content":{"rendered":"<div style='width: 100%; max-width: 1200px; margin: 0 auto; font-family: sans-serif; line-height: 1.6; color: inherit; background-color: transparent;'> <!-- T\u00edtulos (ocultos ya que est\u00e1n en otra parte de la p\u00e1gina) --> <\/p>\n<div style='display: none;'>\n<h1 style='color: inherit; text-align: center;'><strong>BMP125T<\/strong><\/h1>\n<h3 style='color: inherit; text-align: center;'>BASE PARA PARED DE UNIDAD EXTERNA MINISPLIT DE 1 A 2.5 TONELADAS<\/h3>\n<\/p><\/div>\n<p> <!-- Introducci\u00f3n --> <\/p>\n<div style='margin-bottom: 30px;'>\n<p style='text-align: justify; color: inherit; font-size: 15px; margin: 0 0 15px 0;'>El objetivo de brindar a los instaladores y t\u00e9cnicos&comma; las herramientas necesarias para llevar a cabo una instalaci\u00f3n precisa y asimismo&comma; se hace incapi\u00e9 en la importancia de seguir todas las instrucciones y recomendaciones proporcionadas por el fabricante de los minisplit y de las bases de pared&comma; con el fin de mantener la eficiencia energ\u00e9tica&comma; la funcionalidad y la longevidad de estos sistemas de climatizaci\u00f3n.<\/p>\n<p style='text-align: center; color: inherit; font-size: 15px; margin: 10px 70px 50px 70px;'><strong>Accesorios de instalaci\u00f3n para unidad externa Minisplit AUFIT<\/strong><\/p>\n<\/p><\/div>\n<p> <!-- Secci\u00f3n de caracter\u00edsticas&comma; especificaciones y aplicaciones --> <\/p>\n<div style='display: flex; flex-wrap: wrap; gap: 30px; margin-bottom: 30px;'> <!-- Caracter\u00edsticas --> <\/p>\n<div style='flex: 1 1 300px; min-width: 280px;'>\n<div style='width: 100%;'> <img style='width: 100%; height: auto; border: 1px solid rgba(150&comma;150&comma;150&comma;0.3); border-radius: 8px;' src='https:\/\/ftp3.syscom.mx\/usuarios\/fotos\/BancoFotografiasSyscom\/EPCOM\/BMP225T\/BMP225T-AD-1-p.PNG' alt=''> <\/div>\n<div style='border: 1px solid rgba(150&comma; 150&comma; 150&comma; 0.4); border-radius: 8px; overflow: hidden; margin-top: -1px;'>\n<div style='padding: 15px; border-bottom: 1px solid rgba(150&comma; 150&comma; 150&comma; 0.2); font-weight: bold; font-size: 18px; color: inherit;'>Caracter\u00edsticas<\/div>\n<div style='padding: 15px; color: inherit;'>\n<ul style='padding-left: 20px; margin: 0; font-size: 14px; list-style-type: disc;'>\n<li style='margin-bottom: 5px;'>Resistencia y durabilidad: Dise\u00f1adas con material robusto de acero galvanizado y aluminio.<\/li>\n<li style='margin-bottom: 5px;'>Ajustabilidad: Ajustables en altura y \u00e1ngulo<\/li>\n<li style='margin-bottom: 5px;'>Dise\u00f1o antivibraciones: Reducen la transmisi\u00f3n de vibraciones y ruido de la estructura de la pared y el interior de la vivienda.<\/li>\n<li style='margin-bottom: 5px;'>Capacidad de carga: Capacidad de soporte de 1 a 2.5 toneladas<\/li>\n<li style='margin-bottom: 5px;'>Facilidad en la instalaci\u00f3n: Instrucciones detalladas para una instalaci\u00f3n segura y eficiente.<\/li>\n<\/ul><\/div>\n<\/p><\/div>\n<\/p><\/div>\n<p> <!-- Especificaciones F\u00edsicas --> <\/p>\n<div style='flex: 1 1 300px; min-width: 280px;'>\n<div style='width: 100%;'> <img style='width: 100%; height: auto; border: 1px solid rgba(150&comma;150&comma;150&comma;0.3); border-radius: 8px;' src='https:\/\/ftp3.syscom.mx\/usuarios\/fotos\/BancoFotografiasSyscom\/EPCOM\/BMP225T\/BMP225T-p.PNG' alt=''> <\/div>\n<div style='border: 1px solid rgba(150&comma; 150&comma; 150&comma; 0.4); border-radius: 8px; overflow: hidden; margin-top: -1px;'>\n<div style='padding: 15px; border-bottom: 1px solid rgba(150&comma; 150&comma; 150&comma; 0.2); font-weight: bold; font-size: 18px; color: inherit;'>Especificaciones F\u00edsicas<\/div>\n<div style='padding: 15px; color: inherit;'>\n<ul style='padding-left: 20px; margin: 0; font-size: 14px; list-style-type: disc;'>\n<li style='margin-bottom: 5px;'>Tipo: Pared<\/li>\n<li style='margin-bottom: 5px;'>Material: Met\u00e1lico<\/li>\n<li style='margin-bottom: 5px;'>Color: Blanco<\/li>\n<li style='margin-bottom: 5px;'>Dimensiones (largo x ancho x alto): 542 x 46 x 235 mm.<\/li>\n<li style='margin-bottom: 5px;'><strong>La Torniller\u00eda incluye:<\/strong> 4 tornillos hexagonales 5\/16&#8242; x 2&#8242; <br \/>8 tuercas dentadas 5\/16&#8242; Zinc Ningbo <br \/>4 barrenancla tx 5\/16&#8242; x 2 1\/2&#8242; <br \/>4 Nivelador de piso 11\/2&#8242; x 5\/16&#8242;<\/li>\n<\/ul><\/div>\n<\/p><\/div>\n<\/p><\/div>\n<p> <!-- Aplicaciones --> <\/p>\n<div style='flex: 1 1 300px; min-width: 280px;'>\n<div style='width: 100%;'> <img style='width: 100%; height: auto; border: 1px solid rgba(150&comma;150&comma;150&comma;0.3); border-radius: 8px;' src='https:\/\/ftp3.syscom.mx\/usuarios\/fotos\/BancoFotografiasSyscom\/EPCOM\/BMP225T\/BMP225T-AD-1-p.PNG' alt=''> <\/div>\n<div style='border: 1px solid rgba(150&comma; 150&comma; 150&comma; 0.4); border-radius: 8px; overflow: hidden; margin-top: -1px;'>\n<div style='padding: 15px; border-bottom: 1px solid rgba(150&comma; 150&comma; 150&comma; 0.2); font-weight: bold; font-size: 18px; color: inherit;'>Aplicaciones<\/div>\n<div style='padding: 15px; color: inherit;'>\n<ul style='padding-left: 20px; margin: 0; font-size: 14px; list-style-type: disc;'>\n<li style='margin-bottom: 5px;'>Sistemas de soporte para unidad externa en pared Minisplit AUFIT.<\/li>\n<\/ul><\/div>\n<\/p><\/div>\n<\/p><\/div>\n<\/p><\/div>\n<p> <!-- Separador --> <\/p>\n<hr style='border: 0; border-top: 1px solid rgba(150&comma; 150&comma; 150&comma; 0.3); margin: 30px 0;'> <\/div>\n","protected":false},"excerpt":{"rendered":"<p>Base Mini split \/ Montaje de pared \/ Capacidad de 1 a 2.5 toneladas \/ EPCOM INDUSTRIAL<\/p>\n","protected":false},"featured_media":44834,"comment_status":"open","ping_status":"closed","template":"","meta":[],"product_brand":[],"product_cat":[1146],"product_tag":[1144,181,1147],"class_list":{"0":"post-44835","1":"product","2":"type-product","3":"status-publish","4":"has-post-thumbnail","6":"product_cat-refrigeracion-casa-oficina-industrial","7":"product_tag-climatizacion-refrigeracion","8":"product_tag-epcom-industrial","9":"product_tag-refrigeracion-casa-oficina-industrial","11":"first","12":"outofstock","13":"sale","14":"shipping-taxable","15":"purchasable","16":"product-type-simple"},"_links":{"self":[{"href":"https:\/\/soydeaqui.ddns.net\/pachuca\/index.php\/wp-json\/wp\/v2\/product\/44835","targetHints":{"allow":["GET"]}}],"collection":[{"href":"https:\/\/soydeaqui.ddns.net\/pachuca\/index.php\/wp-json\/wp\/v2\/product"}],"about":[{"href":"https:\/\/soydeaqui.ddns.net\/pachuca\/index.php\/wp-json\/wp\/v2\/types\/product"}],"replies":[{"embeddable":true,"href":"https:\/\/soydeaqui.ddns.net\/pachuca\/index.php\/wp-json\/wp\/v2\/comments?post=44835"}],"wp:featuredmedia":[{"embeddable":true,"href":"https:\/\/soydeaqui.ddns.net\/pachuca\/index.php\/wp-json\/wp\/v2\/media\/44834"}],"wp:attachment":[{"href":"https:\/\/soydeaqui.ddns.net\/pachuca\/index.php\/wp-json\/wp\/v2\/media?parent=44835"}],"wp:term":[{"taxonomy":"product_brand","embeddable":true,"href":"https:\/\/soydeaqui.ddns.net\/pachuca\/index.php\/wp-json\/wp\/v2\/product_brand?post=44835"},{"taxonomy":"product_cat","embeddable":true,"href":"https:\/\/soydeaqui.ddns.net\/pachuca\/index.php\/wp-json\/wp\/v2\/product_cat?post=44835"},{"taxonomy":"product_tag","embeddable":true,"href":"https:\/\/soydeaqui.ddns.net\/pachuca\/index.php\/wp-json\/wp\/v2\/product_tag?post=44835"}],"curies":[{"name":"wp","href":"https:\/\/api.w.org\/{rel}","templated":true}]}}