{"id":44827,"date":"2026-03-18T19:51:31","date_gmt":"2026-03-18T19:51:31","guid":{"rendered":"https:\/\/soydeaqui.ddns.net\/pachuca\/index.php\/producto\/kit-fuente-plk12dc4abk-bateria-incluida-lk712\/"},"modified":"2026-03-18T19:51:32","modified_gmt":"2026-03-18T19:51:32","slug":"kit-fuente-plk12dc4abk-bateria-incluida-lk712","status":"publish","type":"product","link":"https:\/\/soydeaqui.ddns.net\/pachuca\/index.php\/producto\/kit-fuente-plk12dc4abk-bateria-incluida-lk712\/","title":{"rendered":"Kit \/ Fuente PLK12DC4ABK  + Bater\u00eda inclu\u00edda LK712"},"content":{"rendered":"<div style='width: 100%; max-width: 1200px; margin: 0 auto; font-family: sans-serif; line-height: 1.6; color: inherit; background-color: transparent;'>\n<div style='text-align: center; margin-bottom: 30px;'>\n<h1 style='font-size: 28px; color: inherit; margin: 0 0 10px;'><strong>PLK12DC4ABK\/K<\/strong><\/h1>\n<h3 style='font-size: 18px; color: inherit; margin: 0 0 5px;'>Fuente de alimentaci\u00f3n 11- 15 Vcc @ 4 Amper<\/h3>\n<h3 style='font-size: 16px; color: inherit; margin: 5px 0 15px;'>Incluye bater\u00eda de respaldo de 12 Vcc @ 7 Ah LK712<\/h3>\n<p style='text-align: center; margin: 10px 70px 20px;'>Sistemas de alimentaci\u00f3n para aplicaciones en sistemas de seguridad electr\u00f3nica y comunicaci\u00f3n.<\/p>\n<\/p><\/div>\n<div style='display: flex; flex-wrap: wrap; gap: 30px; margin-bottom: 40px;'>\n<div style='flex: 1 1 300px; min-width: 280px;'> <img style='width: 100%; height: auto; border: 1px solid rgba(150&comma;150&comma;150&comma;0.3); border-radius: 8px;' src='https:\/\/ftp3.syscom.mx\/usuarios\/fotos\/BancoFotografiasSyscom\/EPCOMPOWERLINE\/PLK12DC4ABK\/PLK12DC4ABK-p.PNG' alt='Fuente PLK12DC4ABK'> <\/p>\n<div style='margin-top: 15px;'>\n<h3 style='font-size: 22px; border-bottom: 2px solid currentColor; padding-bottom: 5px; margin-top: 0; color: inherit; opacity: 0.8;'>Caracter\u00edsticas de la Fuente<\/h3>\n<ul style='padding-left: 20px; font-size: 15px; color: inherit;'>\n<li style='margin-bottom: 5px;'>Voltaje de entrada: 96-264 Vca<\/li>\n<li style='margin-bottom: 5px;'><strong>Voltaje de salida: 11- 15 Vcc<\/strong><\/li>\n<li style='margin-bottom: 5px;'><strong>Corriente de salida: 4 Amper<\/strong><\/li>\n<li style='margin-bottom: 5px;'>Frecuencia nominal: 50-60 Hz<\/li>\n<li style='margin-bottom: 5px;'>Salida temporizada de: 0 a 45 segundos<\/li>\n<li style='margin-bottom: 5px;'>Dimensiones (mm): 214.5 x 200 x 71<\/li>\n<li style='margin-bottom: 5px;'>Peso: 1.94 Kgs.<\/li>\n<\/ul><\/div>\n<\/p><\/div>\n<div style='flex: 1 1 300px; min-width: 280px;'> <img style='width: 100%; height: auto; border: 1px solid rgba(150&comma;150&comma;150&comma;0.3); border-radius: 8px;' src='https:\/\/ftp3.syscom.mx\/cdn-cgi\/image\/format=png&comma;width=700&comma;height=700\/usuarios\/fotos\/BancoFotografiasSyscom\/LINKEDPROBYEPCOM\/LK712\/LK712-l.PNG' alt='Bater\u00eda LK712'> <\/p>\n<div style='margin-top: 15px;'>\n<h3 style='font-size: 22px; border-bottom: 2px solid currentColor; padding-bottom: 5px; margin-top: 0; color: inherit; opacity: 0.8;'>Caracter\u00edsticas de la Bater\u00eda<\/h3>\n<ul style='padding-left: 20px; font-size: 15px; color: inherit;'>\n<li style='margin-bottom: 5px;'><strong>Capacidad en Ah: 7<\/strong><\/li>\n<li style='margin-bottom: 5px;'>Tipo de terminal: F1<\/li>\n<li style='margin-bottom: 5px;'><strong>Voltaje (Vcc): 12<\/strong><\/li>\n<li style='margin-bottom: 5px;'>Tipo: AGM\/VRLA<\/li>\n<li style='margin-bottom: 5px;'>Dimensiones (mm): 65 x 101 x 151<\/li>\n<li style='margin-bottom: 5px;'>Peso (kg): 2.05<\/li>\n<\/ul><\/div>\n<\/p><\/div>\n<div style='flex: 1 1 300px; min-width: 280px;'> <img style='width: 100%; height: auto; border: 1px solid rgba(150&comma;150&comma;150&comma;0.3); border-radius: 8px;' src='https:\/\/ftp3.syscom.mx\/usuarios\/fotos\/BancoFotografiasSyscom\/EPCOMPOWERLINE\/PL12DC5ABK_K\/PL12DC5ABK_K-p.PNG' alt='Producto relacionado'> <\/p>\n<div style='margin-top: 15px;'>\n<h3 style='font-size: 22px; border-bottom: 2px solid currentColor; padding-bottom: 5px; margin-top: 0; color: inherit; opacity: 0.8;'>Productos relacionados<\/h3>\n<ul style='padding-left: 20px; font-size: 15px; color: inherit;'>\n<li style='margin-bottom: 5px;'><span style='color: #3598db;'><strong>PL-12DC-3A-BK\/K<\/strong><\/span><\/li>\n<li style='margin-bottom: 5px;'><span style='color: #3598db;'><strong>PL-12DC-5A-BK\/K<\/strong><\/span><\/li>\n<li style='margin-bottom: 5px;'><span style='color: #3598db;'><strong>PS-12DC-4P-BK\/K<\/strong><\/span><\/li>\n<li style='margin-bottom: 5px;'><span style='color: #3598db;'><strong>PLK-12DC-8A-BK\/K<\/strong><\/span><\/li>\n<li style='margin-bottom: 5px;'><span style='color: #3598db;'><strong>PLK-12DC-20A-BK\/K<\/strong><\/span><\/li>\n<\/ul><\/div>\n<\/p><\/div>\n<\/p><\/div>\n<\/p><\/div>\n","protected":false},"excerpt":{"rendered":"<p>Kit \/ Fuente PLK12DC4ABK  + Bater\u00eda inclu\u00edda LK712<\/p>\n","protected":false},"featured_media":44826,"comment_status":"open","ping_status":"closed","template":"","meta":[],"product_brand":[],"product_cat":[1081],"product_tag":[454,1082,405],"class_list":{"0":"post-44827","1":"product","2":"type-product","3":"status-publish","4":"has-post-thumbnail","6":"product_cat-fuentes-con-distribuidor","7":"product_tag-epcom-powerline","8":"product_tag-fuentes-con-distribuidor","9":"product_tag-fuentes-de-poder","11":"first","12":"instock","13":"sale","14":"shipping-taxable","15":"purchasable","16":"product-type-simple"},"_links":{"self":[{"href":"https:\/\/soydeaqui.ddns.net\/pachuca\/index.php\/wp-json\/wp\/v2\/product\/44827","targetHints":{"allow":["GET"]}}],"collection":[{"href":"https:\/\/soydeaqui.ddns.net\/pachuca\/index.php\/wp-json\/wp\/v2\/product"}],"about":[{"href":"https:\/\/soydeaqui.ddns.net\/pachuca\/index.php\/wp-json\/wp\/v2\/types\/product"}],"replies":[{"embeddable":true,"href":"https:\/\/soydeaqui.ddns.net\/pachuca\/index.php\/wp-json\/wp\/v2\/comments?post=44827"}],"wp:featuredmedia":[{"embeddable":true,"href":"https:\/\/soydeaqui.ddns.net\/pachuca\/index.php\/wp-json\/wp\/v2\/media\/44826"}],"wp:attachment":[{"href":"https:\/\/soydeaqui.ddns.net\/pachuca\/index.php\/wp-json\/wp\/v2\/media?parent=44827"}],"wp:term":[{"taxonomy":"product_brand","embeddable":true,"href":"https:\/\/soydeaqui.ddns.net\/pachuca\/index.php\/wp-json\/wp\/v2\/product_brand?post=44827"},{"taxonomy":"product_cat","embeddable":true,"href":"https:\/\/soydeaqui.ddns.net\/pachuca\/index.php\/wp-json\/wp\/v2\/product_cat?post=44827"},{"taxonomy":"product_tag","embeddable":true,"href":"https:\/\/soydeaqui.ddns.net\/pachuca\/index.php\/wp-json\/wp\/v2\/product_tag?post=44827"}],"curies":[{"name":"wp","href":"https:\/\/api.w.org\/{rel}","templated":true}]}}