{"id":44799,"date":"2026-03-18T19:50:47","date_gmt":"2026-03-18T19:50:47","guid":{"rendered":"https:\/\/soydeaqui.ddns.net\/pachuca\/index.php\/producto\/kit-fuente-plk12dc8abk-bateria-incluida-lk712\/"},"modified":"2026-03-18T19:50:48","modified_gmt":"2026-03-18T19:50:48","slug":"kit-fuente-plk12dc8abk-bateria-incluida-lk712","status":"publish","type":"product","link":"https:\/\/soydeaqui.ddns.net\/pachuca\/index.php\/producto\/kit-fuente-plk12dc8abk-bateria-incluida-lk712\/","title":{"rendered":"Kit \/ Fuente PLK12DC8ABK + Bater\u00eda inclu\u00edda LK712"},"content":{"rendered":"<div style='width: 100%; max-width: 1200px; margin: 0 auto; font-family: sans-serif; line-height: 1.6; color: inherit; background-color: transparent;'>\n<div style='display: flex; flex-wrap: wrap; gap: 30px; margin-bottom: 30px;'>\n<div style='flex: 1 1 300px; min-width: 280px;'>\n<h1 style='font-size: 28px; text-align: center; margin: 0; color: inherit;'><strong>PLK12DC8ABK\/K<\/strong><\/h1>\n<h3 style='font-size: 20px; text-align: center; margin: 10px 0; color: inherit;'>Fuente de alimentaci\u00f3n 11-15 Vcc @ 10 Amper<\/h3>\n<h3 style='font-size: 18px; text-align: center; margin: 10px 0; color: inherit;'>Incluye bater\u00eda de respaldo de 12 Vcc @ 7 Ah modelo LK712<\/h3>\n<p style='text-align: center; margin: 20px 0; color: inherit; font-style: italic; opacity: 0.85;'> Sistemas de alimentaci\u00f3n para aplicaciones en sistemas de seguridad electr\u00f3nica y comunicaci\u00f3n. <\/p>\n<\/p><\/div>\n<\/p><\/div>\n<div style='display: flex; flex-wrap: wrap; gap: 20px; margin-bottom: 40px;'> <!-- Fuente --> <\/p>\n<div style='flex: 1 1 300px; min-width: 280px;'>\n<div style='border: 1px solid rgba(150&comma; 150&comma; 150&comma; 0.4); border-radius: 8px; overflow: hidden; display: flex; flex-direction: column; height: 100%;'> <img style='width: 100%; height: auto; border: 1px solid rgba(150&comma;150&comma;150&comma;0.3); border-radius: 8px;' src='https:\/\/ftp3.syscom.mx\/usuarios\/fotos\/BancoFotografiasSyscom\/EPCOMPOWERLINE\/PLK12DC8ABK\/PLK12DC8ABK-p.PNG' alt='Fuente PLK12DC8ABK'> <\/p>\n<div style='padding: 15px; border-bottom: 1px solid rgba(150&comma; 150&comma; 150&comma; 0.2); font-weight: bold; font-size: 18px; color: inherit; background-color: rgba(240&comma; 240&comma; 240&comma; 0.05);'>Caracter\u00edsticas de la Fuente :<\/div>\n<div style='padding: 15px; color: inherit; flex: 1 1 auto;'>\n<ul style='padding-left: 20px; margin: 0; font-size: 14px; list-style-type: disc;'>\n<li style='margin-bottom: 5px;'>Voltaje de entrada: 96-264 Vca<\/li>\n<li style='margin-bottom: 5px;'><strong>Voltaje de salida: 11-15 Vcc<\/strong><\/li>\n<li style='margin-bottom: 5px;'><strong>Corriente de salida: 10 Amper<\/strong><\/li>\n<li style='margin-bottom: 5px;'>Frecuencia nominal: 50-60 Hz<\/li>\n<li style='margin-bottom: 5px;'><strong>Canales de salida: 9<\/strong><\/li>\n<li style='margin-bottom: 5px;'>Dimensiones (mm): 202 x 216 x 73<\/li>\n<li style='margin-bottom: 5px;'>Peso: 1.94 Kgs.<\/li>\n<\/ul><\/div>\n<\/p><\/div>\n<\/p><\/div>\n<p> <!-- Bater\u00eda --> <\/p>\n<div style='flex: 1 1 300px; min-width: 280px;'>\n<div style='border: 1px solid rgba(150&comma; 150&comma; 150&comma; 0.4); border-radius: 8px; overflow: hidden; display: flex; flex-direction: column; height: 100%;'> <img style='width: 100%; height: auto; border: 1px solid rgba(150&comma;150&comma;150&comma;0.3); border-radius: 8px;' src='https:\/\/ftp3.syscom.mx\/usuarios\/fotos\/BancoFotografiasSyscom\/EPCOMPOWERLINE\/PL712\/PL712-p.PNG' alt='Bater\u00eda LK712'> <\/p>\n<div style='padding: 15px; border-bottom: 1px solid rgba(150&comma; 150&comma; 150&comma; 0.2); font-weight: bold; font-size: 18px; color: inherit; background-color: rgba(240&comma; 240&comma; 240&comma; 0.05);'>Caracter\u00edsticas de la Bater\u00eda :<\/div>\n<div style='padding: 15px; color: inherit; flex: 1 1 auto;'>\n<ul style='padding-left: 20px; margin: 0; font-size: 14px; list-style-type: disc;'>\n<li style='margin-bottom: 5px;'><strong>Capacidad en Ah: 7<\/strong><\/li>\n<li style='margin-bottom: 5px;'>Tipo de terminal: F1<\/li>\n<li style='margin-bottom: 5px;'><strong>Voltaje (Vcc): 12<\/strong><\/li>\n<li style='margin-bottom: 5px;'>Tipo: AGM\/VRLA.<\/li>\n<li style='margin-bottom: 5px;'>Dimensiones (mm): 65 x 101 x 151<\/li>\n<li style='margin-bottom: 5px;'>Peso (kg): 2.05<\/li>\n<\/ul><\/div>\n<\/p><\/div>\n<\/p><\/div>\n<p> <!-- Productos relacionados --> <\/p>\n<div style='flex: 1 1 300px; min-width: 280px;'>\n<div style='border: 1px solid rgba(150&comma; 150&comma; 150&comma; 0.4); border-radius: 8px; overflow: hidden; display: flex; flex-direction: column; height: 100%;'> <img style='width: 100%; height: auto; border: 1px solid rgba(150&comma;150&comma;150&comma;0.3); border-radius: 8px;' src='https:\/\/ftp3.syscom.mx\/usuarios\/fotos\/BancoFotografiasSyscom\/EPCOMPOWERLINE\/PL12DC5ABK_K\/PL12DC5ABK_K-p.PNG' alt='Productos relacionados'> <\/p>\n<div style='padding: 15px; border-bottom: 1px solid rgba(150&comma; 150&comma; 150&comma; 0.2); font-weight: bold; font-size: 18px; color: inherit; background-color: rgba(240&comma; 240&comma; 240&comma; 0.05);'>Productos relacionados :<\/div>\n<div style='padding: 15px; color: inherit; flex: 1 1 auto;'>\n<ul style='padding-left: 20px; margin: 0; font-size: 14px; list-style-type: disc;'>\n<li style='margin-bottom: 5px;'><strong><span style='color: #3598db;'>PL-12DC-3A-BK\/K<\/span><\/strong><\/li>\n<li style='margin-bottom: 5px;'><strong><span style='color: #3598db;'>PL-12DC-5A-BK\/K<\/span><\/strong><\/li>\n<li style='margin-bottom: 5px;'><strong><span style='color: #3598db;'>PS-12DC-4P-BK\/K<\/span><\/strong><\/li>\n<li style='margin-bottom: 5px;'><strong><span style='color: #3598db;'>PLK-12DC-8A-BK\/K<\/span><\/strong><\/li>\n<li style='margin-bottom: 5px;'><strong><span style='color: #3598db;'>PLK-12DC-20A-BK\/K<\/span><\/strong><\/li>\n<\/ul><\/div>\n<\/p><\/div>\n<\/p><\/div>\n<\/p><\/div>\n<\/p><\/div>\n","protected":false},"excerpt":{"rendered":"<p>Kit \/ Fuente PLK12DC8ABK + Bater\u00eda inclu\u00edda LK712<\/p>\n","protected":false},"featured_media":44798,"comment_status":"open","ping_status":"closed","template":"","meta":[],"product_brand":[],"product_cat":[1081],"product_tag":[454,1082,405],"class_list":{"0":"post-44799","1":"product","2":"type-product","3":"status-publish","4":"has-post-thumbnail","6":"product_cat-fuentes-con-distribuidor","7":"product_tag-epcom-powerline","8":"product_tag-fuentes-con-distribuidor","9":"product_tag-fuentes-de-poder","11":"first","12":"instock","13":"sale","14":"shipping-taxable","15":"purchasable","16":"product-type-simple"},"_links":{"self":[{"href":"https:\/\/soydeaqui.ddns.net\/pachuca\/index.php\/wp-json\/wp\/v2\/product\/44799","targetHints":{"allow":["GET"]}}],"collection":[{"href":"https:\/\/soydeaqui.ddns.net\/pachuca\/index.php\/wp-json\/wp\/v2\/product"}],"about":[{"href":"https:\/\/soydeaqui.ddns.net\/pachuca\/index.php\/wp-json\/wp\/v2\/types\/product"}],"replies":[{"embeddable":true,"href":"https:\/\/soydeaqui.ddns.net\/pachuca\/index.php\/wp-json\/wp\/v2\/comments?post=44799"}],"wp:featuredmedia":[{"embeddable":true,"href":"https:\/\/soydeaqui.ddns.net\/pachuca\/index.php\/wp-json\/wp\/v2\/media\/44798"}],"wp:attachment":[{"href":"https:\/\/soydeaqui.ddns.net\/pachuca\/index.php\/wp-json\/wp\/v2\/media?parent=44799"}],"wp:term":[{"taxonomy":"product_brand","embeddable":true,"href":"https:\/\/soydeaqui.ddns.net\/pachuca\/index.php\/wp-json\/wp\/v2\/product_brand?post=44799"},{"taxonomy":"product_cat","embeddable":true,"href":"https:\/\/soydeaqui.ddns.net\/pachuca\/index.php\/wp-json\/wp\/v2\/product_cat?post=44799"},{"taxonomy":"product_tag","embeddable":true,"href":"https:\/\/soydeaqui.ddns.net\/pachuca\/index.php\/wp-json\/wp\/v2\/product_tag?post=44799"}],"curies":[{"name":"wp","href":"https:\/\/api.w.org\/{rel}","templated":true}]}}