{"id":44794,"date":"2026-03-18T19:50:40","date_gmt":"2026-03-18T19:50:40","guid":{"rendered":"https:\/\/soydeaqui.ddns.net\/pachuca\/index.php\/producto\/inversor-de-corriente-de-onda-pura-entrada-12-vcd-salida-450-w-110-vca-60-hz\/"},"modified":"2026-03-18T19:50:42","modified_gmt":"2026-03-18T19:50:42","slug":"inversor-de-corriente-de-onda-pura-entrada-12-vcd-salida-450-w-110-vca-60-hz","status":"publish","type":"product","link":"https:\/\/soydeaqui.ddns.net\/pachuca\/index.php\/producto\/inversor-de-corriente-de-onda-pura-entrada-12-vcd-salida-450-w-110-vca-60-hz\/","title":{"rendered":"Inversor de Corriente de Onda Pura \/ Entrada 12 Vcd \/ Salida 450 W 110 Vca 60 Hz"},"content":{"rendered":"<div style='width: 100%; max-width: 1200px; margin: 0 auto; font-family: sans-serif; line-height: 1.6; color: inherit; background-color: transparent;'> <!-- Banner principal --> <\/p>\n<div style='margin-bottom: 30px;'> <img style='width: 100%; height: auto; border: 1px solid rgba(150&comma;150&comma;150&comma;0.3); border-radius: 8px;' src='https:\/\/ftp3.syscom.mx\/usuarios\/fotos\/RS255\/70477-banner-mean-well.jpg' alt='Banner MeanWell'> <\/div>\n<p> <!-- T\u00edtulo y subt\u00edtulo --> <\/p>\n<div style='margin-bottom: 30px;'>\n<h2 style='font-size: 24px; color: inherit; margin-top: 0; margin-bottom: 10px;'>Inversor DC-AC de Onda Pura<\/h2>\n<p style='font-size: 16px; color: inherit; opacity: 0.8;'>Expertos en Suministro de Energ\u00eda<\/p>\n<\/p><\/div>\n<p> <!-- Caracter\u00edsticas principales --> <\/p>\n<div style='margin-bottom: 30px;'>\n<h3 style='font-size: 22px; border-bottom: 2px solid currentColor; padding-bottom: 5px; margin-top: 0; color: inherit; opacity: 0.8;'>Caracter\u00edsticas:<\/h3>\n<ul style='padding-left: 20px; font-size: 15px; color: inherit;'>\n<li style='margin-bottom: 5px;'>Tama\u00f1o compacto y peso ligero<\/li>\n<li style='margin-bottom: 5px;'>Salida de onda sinusoidal verdadera<\/li>\n<li style='margin-bottom: 5px;'>Alta potencia de sobretensi\u00f3n de hasta 900W<\/li>\n<li style='margin-bottom: 5px;'>Ventilador de enfriamiento controlado por temperatura<\/li>\n<li style='margin-bottom: 5px;'>Tensi\u00f3n de salida CA y frecuencia seleccionables mediante DIP S.W.<\/li>\n<li style='margin-bottom: 5px;'>Sin disipaci\u00f3n de carga <1&comma;5 W m\u00e1x. en modo de ahorro de espera<\/li>\n<li style='margin-bottom: 5px;'>-25\u00b0C~+70\u00b0C amplia temperatura de funcionamiento<\/li>\n<li style='margin-bottom: 5px;'>Control remoto de encendido y apagado<\/li>\n<li style='margin-bottom: 5px;'>Indicador del panel frontal para el estado de operaci\u00f3n<\/li>\n<li style='margin-bottom: 5px;'>Protecciones:\n<ul style='padding-left: 20px; margin-top: 5px; margin-bottom: 5px;'>\n<li style='margin-bottom: 5px;'>Entrada: Polaridad inversa\/Alarma baja CC\/Apagado bajo CC\/Sobretensi\u00f3n<\/li>\n<li style='margin-bottom: 5px;'>Salida: circuito de disparo\/sobrecarga\/sobretemperatura<\/li>\n<\/ul>\n<\/li>\n<li style='margin-bottom: 5px;'>Protecci\u00f3n contra sobredescarga de la bater\u00eda (desconexi\u00f3n por bajo voltaje)<\/li>\n<li style='margin-bottom: 5px;'>Adecuado para bater\u00edas de plomo-\u00e1cido o de iones de litio<\/li>\n<li style='margin-bottom: 5px;'>Revestimiento de conformaci\u00f3n<\/li>\n<\/ul><\/div>\n<p> <!-- Imagen del producto --> <\/p>\n<div style='margin-bottom: 30px;'> <img style='width: 100%; height: auto; border: 1px solid rgba(150&comma;150&comma;150&comma;0.3); border-radius: 8px;' src='https:\/\/ftp3.syscom.mx\/usuarios\/fotos\/NPB45012\/225888-nts-450-us.png' alt='Inversor MEANWELL NTS450112US'> <\/div>\n<p> <!-- Especificaciones t\u00e9cnicas --> <\/p>\n<div style='margin-bottom: 30px;'>\n<h3 style='font-size: 22px; border-bottom: 2px solid currentColor; padding-bottom: 5px; margin-top: 0; color: inherit; opacity: 0.8;'>Especificaciones T\u00e9cnicas<\/h3>\n<ul style='padding-left: 20px; font-size: 15px; color: inherit;'>\n<li style='margin-bottom: 5px;'><strong>Voltaje de Entrada:<\/strong> 10-16.5 Vcd<\/li>\n<li style='margin-bottom: 5px;'><strong>Voltaje de Salida:<\/strong> 120 Vca<\/li>\n<li style='margin-bottom: 5px;'><strong>Potencia de Salida:<\/strong> 450W<\/li>\n<li style='margin-bottom: 5px;'><strong>Dimensiones:<\/strong> 210 x 55 x 130 mm<\/li>\n<\/ul><\/div>\n<p> <!-- Aplicaciones --> <\/p>\n<div style='margin-bottom: 30px;'>\n<h3 style='font-size: 22px; border-bottom: 2px solid currentColor; padding-bottom: 5px; margin-top: 0; color: inherit; opacity: 0.8;'>Aplicaciones<\/h3>\n<ul style='padding-left: 20px; font-size: 15px; color: inherit;'>\n<li style='margin-bottom: 5px;'>Dispositivo m\u00f3vil<\/li>\n<li style='margin-bottom: 5px;'>Electrodom\u00e9sticos para el hogar y la oficina<\/li>\n<li style='margin-bottom: 5px;'>Herramientas el\u00e9ctricas<\/li>\n<li style='margin-bottom: 5px;'>Equipo port\u00e1til<\/li>\n<li style='margin-bottom: 5px;'>Veh\u00edculo<\/li>\n<li style='margin-bottom: 5px;'>Yate<\/li>\n<li style='margin-bottom: 5px;'>Sistema de energ\u00eda solar fuera de la red<\/li>\n<li style='margin-bottom: 5px;'>Red inal\u00e1mbrica<\/li>\n<li style='margin-bottom: 5px;'>Sistema de telecomunicaciones o comunicaci\u00f3n de datos<\/li>\n<\/ul><\/div>\n<p> <!-- Imagen adicional --> <\/p>\n<div style='margin-bottom: 30px;'> <img style='width: 100%; height: auto; border: 1px solid rgba(150&comma;150&comma;150&comma;0.3); border-radius: 8px;' src='https:\/\/ftp3.syscom.mx\/usuarios\/fotos\/SD350B12\/29457-captura_de_pantalla_2024-04-10_084944.jpg' alt='Aplicaciones del inversor'> <\/div>\n<\/p><\/div>\n","protected":false},"excerpt":{"rendered":"<p>Inversor de Corriente de Onda Pura \/ Entrada 12 Vcd \/ Salida 450 W 110 Vca 60 Hz<\/p>\n","protected":false},"featured_media":44793,"comment_status":"open","ping_status":"closed","template":"","meta":[],"product_brand":[],"product_cat":[1120],"product_tag":[964,1121,876],"class_list":{"0":"post-44794","1":"product","2":"type-product","3":"status-publish","4":"has-post-thumbnail","6":"product_cat-inversores-aislados-off-grid","7":"product_tag-energia-solar","8":"product_tag-inversores-aislados-off-grid","9":"product_tag-meanwell","11":"first","12":"instock","13":"sale","14":"shipping-taxable","15":"purchasable","16":"product-type-simple"},"_links":{"self":[{"href":"https:\/\/soydeaqui.ddns.net\/pachuca\/index.php\/wp-json\/wp\/v2\/product\/44794","targetHints":{"allow":["GET"]}}],"collection":[{"href":"https:\/\/soydeaqui.ddns.net\/pachuca\/index.php\/wp-json\/wp\/v2\/product"}],"about":[{"href":"https:\/\/soydeaqui.ddns.net\/pachuca\/index.php\/wp-json\/wp\/v2\/types\/product"}],"replies":[{"embeddable":true,"href":"https:\/\/soydeaqui.ddns.net\/pachuca\/index.php\/wp-json\/wp\/v2\/comments?post=44794"}],"wp:featuredmedia":[{"embeddable":true,"href":"https:\/\/soydeaqui.ddns.net\/pachuca\/index.php\/wp-json\/wp\/v2\/media\/44793"}],"wp:attachment":[{"href":"https:\/\/soydeaqui.ddns.net\/pachuca\/index.php\/wp-json\/wp\/v2\/media?parent=44794"}],"wp:term":[{"taxonomy":"product_brand","embeddable":true,"href":"https:\/\/soydeaqui.ddns.net\/pachuca\/index.php\/wp-json\/wp\/v2\/product_brand?post=44794"},{"taxonomy":"product_cat","embeddable":true,"href":"https:\/\/soydeaqui.ddns.net\/pachuca\/index.php\/wp-json\/wp\/v2\/product_cat?post=44794"},{"taxonomy":"product_tag","embeddable":true,"href":"https:\/\/soydeaqui.ddns.net\/pachuca\/index.php\/wp-json\/wp\/v2\/product_tag?post=44794"}],"curies":[{"name":"wp","href":"https:\/\/api.w.org\/{rel}","templated":true}]}}