{"id":44756,"date":"2026-03-18T19:49:31","date_gmt":"2026-03-18T19:49:31","guid":{"rendered":"https:\/\/soydeaqui.ddns.net\/pachuca\/index.php\/producto\/llave-stillson-de-10-pulgadas-para-tubo\/"},"modified":"2026-03-18T19:49:37","modified_gmt":"2026-03-18T19:49:37","slug":"llave-stillson-de-10-pulgadas-para-tubo","status":"publish","type":"product","link":"https:\/\/soydeaqui.ddns.net\/pachuca\/index.php\/producto\/llave-stillson-de-10-pulgadas-para-tubo\/","title":{"rendered":"Llave Stillson de 10 Pulgadas para Tubo"},"content":{"rendered":"<p style='text-align: center;'><img src='data:image\/png;base64&comma;iVBORw0KGgoAAAANSUhEUgAAAT4AAABHCAIAAAARALzaAAAX4UlEQVR4Ae1diVsUx7a\/\/4hGFKPZc5P7bl7uy\/vu9+7Nct+7SyLdMz0zzLDvoOJONF4VUIm7cV+iAooRhh0BtwSNuAGyIyC7gWFHEJitq+pZXUMzzPSMo4JAUv3VB93VVaeqfn1+tZw63fM7RA+KAEVgFiLwu1lYZ1pligBFAFHqUiWgCMxKBCh1Z+Vjo5WmCDijLgCA53kzPSgCFIFXjgDP8wAAJz2UNHUhhJS0r\/xh0QIpArYI8DwPIZQksDR1KW9tIaTXFIFpQoDneVepCwCYpkrSYikCFAEJBCRnzhKjLh1yJcCjURSB6UNAcuCVoO701ZCWTBGgCEgjYD9nptSVRorGUgRmFAKUujPqcdDKUARcRYBS11WkaDqKwIxCgFJ3Rj0OWhmKgKsI\/DqpS\/xOAD0oAq4hMBv3UH6d1JXc9bJvKo2hCBAEZqPngv2z+zVYmCl17Z8rjXGCAKWuq9P0qU43CdSFEEGIAMCBnDtwHHWiEPTWbEGAUneqKemq\/BehLs+jJ0+QTodq61BRMSooQHn5MCsbZmbBi7no6o\/o7j1U8wB1dOBkDpxIZ4um0nraIECp6yq1pjrdc1AXQjQ4iEruw3NJMDoWBgSBL\/4O\/vARePMd4L4IzFvAz1sA5i8Ei94CH\/wH+PQL4BeAkyWnoAe1SK+30QB6OUsRoNSdakq6Kt8l6kKIurthihaERYDP\/xe8\/R54bT6Y6wbmzscnkgHfdcO33vsAfMXAuB3oYQOeTtNjliNAqesqtaY63bOpOzqKcvOgTIFJOG+BhZCSdHUS+fqb4H8+g1k5yGye5ar7W68+pe5UU9JV+c+gbn8\/3LSFX7DI2QDrhLETb\/Fu7vDocWQy\/dbVfza3n1LXVWpNdTqH1OV5VFEJWQ7MmSc9JZ5IS1fTvP8hPH8BGSl7Zyt9KXWnmpKuypemrtkMfyqAn34B5gjr1RdjqYNc8EsPVFlF172zlLuUuq5Sa6rTSVAXAFR4C\/z9X3hl64B+LxW\/cDH87iAaHZ2luitZbQgh8SN09DEkyVz2kaIciedin3o6Yih1p5qSrsqXUJHGJujtB9wWSvPTzZ13X+QsLHidd3Pn5womaEnmz3WDS1j06JETxTObzY2NjfUOjocPGx798svAwIB5otGru7u7zkGW+vr6xsamrq6ukZERG3aNjo42NTU7zifeedjZ2WldZwjh6OhoY2PT5StX4+MTDh8+euTosaSkHwpv3e7t7bUpBSGk1+sbhEa1trZay0EImc3m9vb269dvJCWdP3Ls2MFDR06dOp2RkVleXjE4OGgvCiH0S3u72NjW1jYbgU4uOzs7xSY1NjaNjjrctzMaja2tbfX19Q0NDSLUlLquUmuq09lSd3QU7toDXnMw3rq5422erm5nQafDG7mp6UCl5jH\/pabci95Cd4ucqFdLS4u3j79MrnQQFDK5UqlSb4mOqX\/4UNTsvfv2s3J8y0FQyDlVUHBoenrmyMj4mH\/vXlFQcKiDLOOiOIXq7Lkksc4mk6mgoGB55Eo5pxIKnVCuUqWOT0i0LgVCWFZWrtb4sHLFjp27RTkAgNq62qivN8g5lcyq8qzMItA\/ICg3L9\/mKy0QwjVro0hjWbli9569okDnJ2azefv2b8XGyjllRnqGrQ6Miairq1u5arVMrgwJCdOP7cxT6k41JV2Vb\/vYSu6D3\/9Berx9bT4\/\/3V05erYk33WfwhRwXXw0Z8k9pPmuqEfkp3kL7x1y8vbT6FUOwieMrmSlSlYGbdy1ZraujqEEM\/zK1etUarUSpVG5enlqZ4QlCoNp\/AUsigYlktO1pLSIYTZORd9\/AIcFDReAU+1V2FhIUIIANDU3Lx+w0YPRs7KcHeg8fINCAwKCg7zDwxWa3xI3WQyxc5duwcGBkhBAIDcvHxGxnkw8pSUVBJpMBguXsz19vFjZQpO4enj4x8UHBoatjQkNMI\/MNhT7U1EeTDyEye\/NxiNImKDg4Mab1\/SHA9GnpebL95yfjIwMLBi5WqSkfxVa7yrqqrF7s86e2HhrYDAYFamiN26TUxAqesqtaY63QTqms1w6XJnpqmFi9G1H1FdPQ5V1djaZBOqqlBDI3r8GAHB+8JkgsdPADd3m76AnzMP7t1vrSU255VV1eeSzicknpMMp8\/E79m331PtzcoUCqU6KzuH53mj0ZiiTT1\/\/vwPFy6kpqanp2eIIS0944fklJMnT0V9vYHo64oVq4kuAgBL7peePeewLLECiWeTuru7AQCVlZWRK1YxLCfnlBFLlx84eOgpJysrqxqbmiorqzKzsmNityqUalam8PLxu5ibRwZMs9l89Nhxkuvu3XsIIQhhaWlZeMQyhuV8\/QKPHjtx4+ebTU3NnZ1d7e0d1dU1aekZ32zcpFRpMLGVnvdLS0WUqqurGZYjbYlcseqXX34Rbzk\/6dDpli6LtKYuK1Msi1xpL4Hn+czMLJWnhmHlKVpLX0N6rqnWyUmXb4\/Jr+7NoYoKsOhNG5pNuJy\/EHzFAJYDrBz+awn8x5e24Z9fQbkSrN+ICUzUs+A6eOf9CUJemw\/mzENbYuwBdTEGQqjX67fHfcuwnEyuTElJNbmwVwwAKC4uIUNcWPhScRhxsVCSrK3tUXR0rEyuZFhu0+bo0tIycSYpyuns7Nq1a7cHI2dYbu++\/Y8fP0YIGQyGqPXfsDKFf0BQU1MzQmhUr09IPMfKLLMAcTEpyoEQ1j9sWBe13tvXPzpma0VFhXhLq00lY35QcGhh4a0J\/S+EyGBAPb2ouwcND1v60LGcRqMxbsdOQnthboK7P4bldu\/ZNzg4NJYK\/x8ZGTlx8ntWpvBg5BUVleItOupOes\/yggLHnzqEMGq9xOTWxtREPByJFyS2RdkHN+C+GGZmkReJ4I2fwbu\/t6cujN4qasMLnEAId+3ew8o4ladXXl7+eCucyqqqqtJ44Xnmps3RThNK3zQYDNrUNGEg4pYui2xra3PE\/9a2tsNHjh4+ciwrO+fx40GEUP\/AgLePP8NyUVHru7q6EUIDAwPfCizyYOWJZ5P0er29NLPZXFtbV1Vd3dnZKXZPEMLomFhhrq78\/tTp4eHh8eoajTArB2p8wD++BP\/4F1CqUVYOspppI4RStKkMi6f6G77598FDR8jkRa3x1mrTrLuP7u7ubdviGJZTa7wHBnDvQw5K3Rdk2qRnG1f6\/gH+w49sOWbDWxcvFy6GObnkNUCYlQ0WvG4rds48tP\/AmDI8938IYVvbI6UnnkmGRywrLy93RYTRZDp2HE9ZPRh5VnYOyWI0GgcGBvqcHkNDQwQlna5j\/YaNrIx7KsR6ILIvHUJoFA6z2UwIWV1dw7A44\/4DB4eG8Pg2NDR04MAhMgByCs+AwOBt279NS8+sqKjs7e01mkwAACgcNvL1er2ff6DQ9uWlZWXjd81meOo0eO\/DCVbGP3yEBFuAmCwv\/xLDyuWc8tDhIz09PZu3RJP5c1jEspL798Xuo7GxacXK1QzLrV6zblxJhKX+pCvhVAsU2y6e\/LomzD8V4Pd+XCSnk2RuC4FMiV82EPZD4JYYCX+sOQ7NVBDCjo6O23fu3LxZWFh4u6io2PooKir6+WbhmfgEX78AYiI6eOjw8PCwwWC4ffu2kKXw7r171pnuFRXdLCxM0aauWLkKjzZyRdTXG8g2D8\/z+fmXZHLFV0tYR+HLJczOXbufPHmCl6ZlZZ5qL4bl1kWtt9ZmUSGcnKSnZ5CxLiVFaxSGQQDArdu3BeO2Qlx8Miy3xANXhlN6rli1NkWb2traKo63RH5rWxsrwwvd7XE7rMdDVFMD\/vmV7bxprhu6csW6YlnZOQwr91R7p6amQQgbm5pJR8Cw3NZtcTphA0ywh5d5efsxLHfkyDHr7HTUneqOxlX5FhWEEO7ZZ29PmsDkN94GnhpnQaUBGm+wZh0qLsFDLkKoqhp8\/N8ThBDOuy9GN7G11v7gef5CcjKn9FzCyj1Y+RJGZhPIGlKw96i2x+1oEfZI6+rr5ZwKZ2FwsM7iwciELHjlqVSpN27cVF5eQVqt1+sTE8+Scc96Y0bcOyEG3h8upBiNRgBAzsVcMmgnJp6zr7mTGAhhXNwOYfLpU3D9ujiymUymwsJbcXE7IpYuU2u8ZRxeQgv1sZigPFi5j29A9sVc682h6zd+9mDkCiXefxqPhxBeugzetjMrvP4Gfqd67IAQHjt2gmE5P7\/A27fvkOiCggIybZYrVOeSzhsMBtypXbosLOnlly9PYD6lrqvUmup0FuqaTCA03Ln7FGQ5\/Oq88zCqt5AWIdTUDLx8bQcBgbrwkz9jG7XUMTw8fPjIUTIKefv4+fkHWgd\/\/8Dg4NA1a6P27ftOm5rW1Y0XjQihS5ev4P1VmUKt8Q4JDRcD0UhWpvDx9T946EhaekZLS6vIHGG1uYthOU7hefpM\/IULyfYhOTnl4cMG8pOrCQLPPVj5pUuXperuME6v1weHhJHpvf1Me2RkpLyiIi8vPzlFeyY+4dChI7Fbt4WGLR3bAFOoPL2ampqIdAjhqdNnSC+QnXNxvEgAYHYOWPzWhI5yrhuQKZCVJ8ng4NDXgrUsLGxpS0sLyQ4AiE84SwD09vUvLLxlNBpPfn\/Kg5ErleoHDx6Ml0InzFNNSNflW6g7OAgY+YSnbjMlnjMPbt1u\/QgdnpM38lO0gJFJC5zrBgKC0BjrbOTodLromFhsOuaUN278XFFRaR0qKyurq2uam1seP34sMhBCePz4SZlcqVCqv\/vuQA0+HtTUPKiqqo5PSCQEUKm96mrrLI0dK7JDp4tcsYqVKYJCwoaG8JTY0UH2jb8\/hTnjwcgzMrLGZEj8HxoaStFqz55LyszKJhapR48eyeTYkPvNxk1tbeNuZKQ4UQSE0GQyPXky3NnZ9eBBbVp6ZlAwJrwHI7t69RpJZjKZtkTHsDKFxss3NzdPzItPyivA3\/6O9\/YEUyI\/1w38+a\/w0mXrFy1v37nrHxDEyhTrotY\/efJEzN7T07ttO7bYszJFaNjS2tq6TZujGZYLC4vQ6Sb4kNFR13VyTW1KizZ3dIAv\/k+aaQKH+Tlu+G1bYb8Hb\/ykZqALWttw7jyK2wG9fcEnf8afzrAhv3g5bwH2YTYYRL2xPqmrq1u2fAXeRAkMNjhIY52eOBhGR2OLq8bL58qYipM0jU1Nq9esI7PQHTt3AbLbPJa\/trZOrfFhWG5LTKzNenIsyfh\/nudTtGlkur5pc4zYcYynEM7MZnNi4lm1xlup0mzb\/i2hx82bhUs8ZKxMsWfv\/sExG9WVK1c3bYnOvnjRUdF9fX27d+8VOgtZcXEJKainp3d55EpWplB5ai78kDyhGmYzeupc8e\/NeN+O5TDIDxusX7EcHBzcs2cf6cv27t1vnRdCWFlZJSCP2bts+QpfvwCG5WJitxELudhMSt2pJaTr0i3UbWwEf\/3cIdlemw\/efAf7YCCEjEb43QHLO\/fjG0WWnp70987kvDYffPQneO0nURWsTyCEd+7eI35C0TFbrXXLOpnNuU6nixQ8hPz8Amtqaq3vmkymFG2qUoUdJDiF6v79ca8GhFDB9esCq+VnziQYDAYnoJHhsbi4hDhIMCyXnpGp1+uth3Ge5\/sHBhLPnvNUe2F\/DG+\/ojG+nT4Tz7CcQukZn5BINmB27tztwcgYlguPWF5ZVWUymawb+3SfzmAwFBUXC9Nsztc\/UNwBqqyqDgwOwQsKOfbWIsZq6yaPfeLP9oMkZrM5Ly9f4+VDNnLT0jMm5BLc0TKzssnmGensGJY7fSbeZuOaUteJnrzSWxbla3gWdT\/7G\/5MHN6g7Ier1zrzuBJHV8mTeQtAYLBFlI3uCF742TkXiXXkwgVnnpLWWUtLy8hKMmLp8v7+futbCKHm5hbRiSp26\/bBQbzLSo74+AQyisZ9u1Obmpaali4ZMjKziNju7p5tcdgBmGj\/1m3br1+\/UV5eUVlZVVpalpWVs2rNOnLL1y8gIzOLYPuUq5s24w0Ybx\/\/\/EuXSNEVFZWEJKyM8\/H1j09IvFdUVFGBRZWXl9+8WXj48FG1xptsq4pbWWRV7zXmArksckUV6U\/HWuTkf0tL67LIlYxgmn5qurNfciOEBoeG9u0\/QBa9xIB\/6dLlcUuYIJ1S95Xy00lhFuq2O50wz3WDwWGoX3DHbW3FH7sh352SJKfzyPc+gGeTxk1ZE3VtZGT02PETDIutwUVWdtGJqWyvcvPyvbyxG3B0dKy1UwFJx\/N8alq6ShgJff0Crl37kTT56Si3afMWsrojW7XiUGNzEhQc2iF0WwCAisrKDd\/8W2SvTK5Qemo81d6cwpPk4hSq9Rs2Xrn6o6jxvX194RHLWJkiJDS8rMyyBQ0A0GrTgoJDSQWIgyQWhWfaeI4wtuyMuJCcIg65PM\/HJyQSL0tWpli1em19vbS1zwYjCGFRcYlK2AlnZQqlSt1n18eRLM0tLatWryVmQl+\/wOKSEuvpAHWEdEKlV33LQt2hIeze6Ih1c93gzt2WN2zLK8B\/\/pfDlI4kkPh5C7B\/j05no1ji5dDQ0N59+0NCwyNXrNI5TiamJ6\/LadPSw5cuDw4NT9FaXiqwToAQ6u7u2bwlJiQsPDQ84vCRo729fYJnonFt1NchYeHPCKHhu3bvFcdqnucbGhrPn79A3hnCG1Ee7BJh6uvjFxC7dXtWdnZzS4vIW4TQw4cNq9dGhYSFR8fEEqsVqd7IyOjdu\/cOHT4aGo6NyXhDywMHvPGjUq9ctSY+PuF+aenIyIjYnJHR0RMnvw8Ni8B1Dg3ft\/9Abx9uyzMPAMC1az9iw7vQ3k1bos0OPrILISy5fz9iWaRQ4a3Nzdhn0\/qgo+6rpqij8izU5XmwJsrhvq77IqhNxV9UhhBevgIWLn4x6vIL30A\/XXfyfQye57t7eto7Ojo7O62131p1bM4hhI8fP27v6Ghv7xiyMplaJ4MQ9vT2kjTdPT3ELIR9P3Q6HOk8tHf09fVZUBKEkoUoeeu1pOT+nTt3i4uLa2pqWtvaBgYG7G1Oer1BJxTU3d1t0ygAwJPh4fb2jtra+pL7pXfuYneSsvKKhsbGrq4ue9dIAEBfX5+lwnYVs26y\/fnQ0JP2dktje3p67BOIMTzP63Sd7e0dPWNYibfoqOuIR9MQLyolzMxySN0\/fgwLbuA9BqMRHjvOv9jXqua6wV17nPDWWj\/o+YxFgI6608BSySJF6qL+fvCXT6WH03d\/DwND4Lqv4Zoo+NnfXmSh674IRq608YOfsdpJK+YEAUpdSR5NQ+Q4dRGCaRkOX\/qz3gdyvqC1v\/vG23DlatThcInrRFHorZmGAKXuNLBUskhr6iKDAUbHTs5LCCKB33kfxmxFbW10qjzTSPhi9aHUleTRNEROoC5CqLMLbtiIf0NI5N6LnvBz3MDHn6CUVNTfT3n7YjyZgbkodaeBpZJF2lJXeJEU7jvAv\/nuC7OXnzOPd18EN27Cjsr0d4ZmIP9eokqUupI8moZICeoihExmdK8IBoaAP34M3ngbzHN\/hmmKeGi4LwLvfwg+\/RxujsFek2b+JTSEZp2hCFDqTgNLJYuUpi5RG70BlZbBg4dB+FLssPHp5\/jzju99AN56F\/P5rXfxl2v++DH4y2dgCQP8A+HmLTArGy9rXfhS1AxVTFqtZyFAqSvJo2mIdEZd8hR5Hv+sblMzuleE8i\/BlFR47jxMSIRJ52GyFubmozt3Uf1D1NuHGUunx89S\/dl+n1J3GlgqWeSzqWutaxBi92OetwQAKFet4fktnFPqSvJoGiKfj7q\/Bd2kbXSKAKXuNLBUskhKXaeKSm\/aIkCpK8mjaYik1LXVTXrtFAFK3WlgqWSRPM+TX5ekfykCriDA87ykIs3kSPu+6NfwHeaZjDitG0VgUhCg1J0UGKkQisCrRoBS91UjTsujCEwKApS6kwIjFUIReNUIUOq+asRpeRSBSUHAJerORvvbpKBDhVAEZiYCNt8DIzSWsDDPxl2vmYk4rRVFYFIQkPRckKAu+XGaSSmSCqEIUAReEgHJIRchJE1dCCGdNr8k4jQ7ReDlEeB53ub77+KiV5q65Db5WceXL55KoAhQBJ4XAeIjKBLV\/sQZde1T0xiKAEVghiBAqTtDHgStBkXg+RCg1H0+vGhqisAMQYBSd4Y8CFoNisDzIfD\/qUXjQ6snUacAAAAASUVORK5CYII=' alt='' \/><\/p>\n<\/p>\n<div class='row'>\n<div class='col-sm-4'>\n<div style='border-left: 5px solid #FD1F22; border-radius: 5px; padding: 5px; box-shadow: 2px 2px 10px #d8d8d8; -webkit-box-shadow: 2px 2px 10px #d8d8d8;'>\n<p><span style='font-family: helvetica&comma; arial&comma; sans-serif; font-size: 12pt;'><strong style='box-sizing: border-box; color: #595959; text-indent: -18pt;'><span style='box-sizing: border-box; color: #2880b9;'><span lang='ES' style='box-sizing: border-box; line-height: 19.2px;'>Descripcion<\/span><\/span><\/strong><\/span><\/p>\n<ul>\n<li><span style='font-family: helvetica&comma; arial&comma; sans-serif;'>La llave Stillson de 10 pulgadas es una herramienta esencial para profesionales y aficionados de la plomer\u00eda y mec\u00e1nica. <\/span><\/li>\n<li><span style='font-family: helvetica&comma; arial&comma; sans-serif;'>Dise\u00f1ada para ofrecer un agarre firme y un ajuste preciso&comma; esta llave es ideal para trabajar con tubos y conexiones roscadas. <\/span><\/li>\n<li><span style='font-family: helvetica&comma; arial&comma; sans-serif;'>Fabricada con materiales de alta calidad&comma; combina durabilidad y rendimiento en una herramienta confiable.<\/span><\/li>\n<\/ul><\/div>\n<\/p><\/div>\n<div class='col-sm-4'>\n<div style='border-left: 5px solid #FD1F22; border-radius: 5px; padding: 5px; box-shadow: 2px 2px 10px #d8d8d8; -webkit-box-shadow: 2px 2px 10px #d8d8d8;'>\n<p><span style='box-sizing: border-box; font-family: helvetica&comma; arial&comma; sans-serif; font-size: 12pt;'><strong style='box-sizing: border-box;'><span lang='ES' style='box-sizing: border-box; line-height: 17.12px; color: #2880b9;'><span lang='ES' style='box-sizing: border-box; line-height: 19.2px;'>Aplicaciones<\/span><\/span><\/strong><\/span><\/p>\n<ul>\n<li><span style='font-family: helvetica&comma; arial&comma; sans-serif;'>Instalaci\u00f3n y mantenimiento de tuber\u00edas de agua&comma; gas o sistemas de calefacci\u00f3n.<\/span><\/li>\n<li><span style='font-family: helvetica&comma; arial&comma; sans-serif;'>Ajuste de conexiones roscadas en sistemas hidr\u00e1ulicos y neum\u00e1ticos.<\/span><\/li>\n<li><span style='font-family: helvetica&comma; arial&comma; sans-serif;'>Reparaciones en talleres mec\u00e1nicos e industriales.<\/span><\/li>\n<\/ul><\/div>\n<\/p><\/div>\n<div class='col-sm-4'>\n<div style='border-left: 5px solid #FD1F22; border-radius: 5px; padding: 5px; box-shadow: 2px 2px 10px #d8d8d8; -webkit-box-shadow: 2px 2px 10px #d8d8d8;'>\n<p><strong style='box-sizing: border-box; color: #595959; text-indent: -18pt;'><span style='box-sizing: border-box; color: #2880b9;'><span lang='ES' style='box-sizing: border-box; line-height: 19.2px;'>Caracter\u00edsticas<\/span><\/span><\/strong><\/p>\n<ul>\n<li><span style='font-family: helvetica&comma; arial&comma; sans-serif;'>Longitud total: 10 pulgadas (250 mm).<\/span><\/li>\n<li><span style='font-family: helvetica&comma; arial&comma; sans-serif;'>Capacidad de sujeci\u00f3n: Tubos de hasta 1 pulgada de di\u00e1metro.<\/span><\/li>\n<li><span style='font-family: helvetica&comma; arial&comma; sans-serif;'>Mango recubierto con PVC.<\/span><\/li>\n<li><span style='font-family: helvetica&comma; arial&comma; sans-serif;'>Peso: Aproximadamente 0.8 kg.<\/span><\/li>\n<\/ul><\/div>\n<\/p><\/div>\n<\/p><\/div>\n<\/p>\n<p><img style='display: block; margin-left: auto; margin-right: auto;' src='https:\/\/ftp3.syscom.mx\/usuarios\/fotos\/PSTH01012\/226229-max.jpg' alt='' width='280' height='250' \/><\/p>\n","protected":false},"excerpt":{"rendered":"<p>Llave Stillson de 10 Pulgadas para Tubo<\/p>\n","protected":false},"featured_media":44755,"comment_status":"open","ping_status":"closed","template":"","meta":[],"product_brand":[],"product_cat":[1138],"product_tag":[1058,1139,248],"class_list":{"0":"post-44756","1":"product","2":"type-product","3":"status-publish","4":"has-post-thumbnail","6":"product_cat-herramientas-mecanicas","7":"product_tag-ferreteria","8":"product_tag-herramientas-mecanicas","9":"product_tag-precision","11":"first","12":"instock","13":"sale","14":"shipping-taxable","15":"purchasable","16":"product-type-simple"},"_links":{"self":[{"href":"https:\/\/soydeaqui.ddns.net\/pachuca\/index.php\/wp-json\/wp\/v2\/product\/44756","targetHints":{"allow":["GET"]}}],"collection":[{"href":"https:\/\/soydeaqui.ddns.net\/pachuca\/index.php\/wp-json\/wp\/v2\/product"}],"about":[{"href":"https:\/\/soydeaqui.ddns.net\/pachuca\/index.php\/wp-json\/wp\/v2\/types\/product"}],"replies":[{"embeddable":true,"href":"https:\/\/soydeaqui.ddns.net\/pachuca\/index.php\/wp-json\/wp\/v2\/comments?post=44756"}],"wp:featuredmedia":[{"embeddable":true,"href":"https:\/\/soydeaqui.ddns.net\/pachuca\/index.php\/wp-json\/wp\/v2\/media\/44755"}],"wp:attachment":[{"href":"https:\/\/soydeaqui.ddns.net\/pachuca\/index.php\/wp-json\/wp\/v2\/media?parent=44756"}],"wp:term":[{"taxonomy":"product_brand","embeddable":true,"href":"https:\/\/soydeaqui.ddns.net\/pachuca\/index.php\/wp-json\/wp\/v2\/product_brand?post=44756"},{"taxonomy":"product_cat","embeddable":true,"href":"https:\/\/soydeaqui.ddns.net\/pachuca\/index.php\/wp-json\/wp\/v2\/product_cat?post=44756"},{"taxonomy":"product_tag","embeddable":true,"href":"https:\/\/soydeaqui.ddns.net\/pachuca\/index.php\/wp-json\/wp\/v2\/product_tag?post=44756"}],"curies":[{"name":"wp","href":"https:\/\/api.w.org\/{rel}","templated":true}]}}