{"id":44740,"date":"2026-03-18T19:49:02","date_gmt":"2026-03-18T19:49:02","guid":{"rendered":"https:\/\/soydeaqui.ddns.net\/pachuca\/index.php\/producto\/marro-de-1000g-con-mango-de-fibra-de-vidrio\/"},"modified":"2026-03-18T19:49:09","modified_gmt":"2026-03-18T19:49:09","slug":"marro-de-1000g-con-mango-de-fibra-de-vidrio","status":"publish","type":"product","link":"https:\/\/soydeaqui.ddns.net\/pachuca\/index.php\/producto\/marro-de-1000g-con-mango-de-fibra-de-vidrio\/","title":{"rendered":"Marro de 1000g con Mango de Fibra de Vidrio"},"content":{"rendered":"<div style='width: 100%; max-width: 1200px; margin: 0 auto; font-family: sans-serif; line-height: 1.6; color: inherit; background-color: transparent;'> <!-- Imagen principal --> <\/p>\n<div style='text-align: center; margin-bottom: 30px;'> <img style='width: 100%; height: auto; border: 1px solid rgba(150&comma;150&comma;150&comma;0.3); border-radius: 8px;' src='data:image\/png;base64&comma;iVBORw0KGgoAAAANSUhEUgAAAT4AAABMCAIAAAB7x0wZAAAYFUlEQVR4Ae1diVsUx7a\/\/4hGJKLZc5P7bl7uy\/vu9+7Nct+7SyLdMz0zzLDvoOJONN4VUIm7cV+iAooRhh0BtwSNuAOyIyC7gWFHEJitq+pZXUPTDD0iqAgk1V990F1ddarq1+dXy6nTPb9D9KAIUARmIQKUurPwodGqUgQcEaDUnRZ4aEKKwGxEgFJ3Nj41WmeKgCMClLrTAk8mpAi8GQQodWfjU6N1pghMjgCl7uQ4M9WZjQj8an83+9f40Kz\/6h8WLaQioIgApe60wEMTUAQmQYBSdxJg0aQUgdmIAKXubHxqtM4UgckRoNSdHGemOrMRAUrdafn7aXz+1z8sWkhFQBGh1J3qB0DjKQIzBwFK3ZnzLGhNKAJOEKDUnQZ4aEKKwMxBgFJ35jwLWhOKgBMEKHVnAB6nT5+J3bFz97FjJ+7evUc+Y+3E5JfK1N3dfe3aD2Fhy8i27u7de2\/dum2xWH4p0X8z842bN0d992B80R0dHbG7dgcGBhM927p12527d588eTJ+6p+Z79q168ePn3B37967d+9hQ8P4jJ2dnadPn42O3hoYuJiY5uXtF75i1d69+0tLy8aX8ZvP9vX17d69JzR06ZIlS4mG+Pj479i5+9atW3Z16u7uPn78xKbNkaGhy4g6eXj6LF4S8P77H2RlZf8mK\/83M1+5cm31mnV498vDy9fHJ2Dp0uXv\/f6D+Pj4X8X8X15eERy8lJh2Fy9Zumz5infeeTc6evu1a9fHq3N3d\/eZM2fDw1eS7e2334mJ2XH9x4v9\/f3j8\/\/m5n711ddkGxq6bPnyFZ988un58wldXV3j8\/\/m5q5YsZJsa2tr3333995ePv6+fiEhS1esWPHu7z84d+78L1f86Ojo+PDDD1Uq9cKFC4mG+Pj4v\/vu7z\/88MPExMTx6nR4ePjYsRPhK1aSLTQ0bP36DadOnR4YGJiY5h05cmTevHnE1L14yVJ\/\/8D33v9g9+49P\/300\/h8\/\/z584sWLSLb8uXLv\/3224sX01paWv4f710o84G7zZgAAAAASUVORK5CYII=' alt=''> <\/div>\n<p> <!-- Secci\u00f3n de contenido con flex\/grid --> <\/p>\n<div style='display: flex; flex-wrap: wrap; gap: 30px; margin-bottom: 30px;'>\n<div style='flex: 1 1 300px; min-width: 280px;'>\n<h3 style='font-size: 22px; border-bottom: 2px solid currentColor; padding-bottom: 5px; margin-top: 0; color: inherit; opacity: 0.8;'>Descripci\u00f3n<\/h3>\n<ul style='padding-left: 20px; font-size: 15px; color: inherit;'>\n<li style='margin-bottom: 5px;'>El marro de 1000 gramos con mango de fibra de vidrio es la herramienta ideal para trabajos pesados que requieren fuerza y precisi\u00f3n.<\/li>\n<li style='margin-bottom: 5px;'>Dise\u00f1ado para resistir los golpes m\u00e1s exigentes&comma; combina una cabeza de acero endurecido con un mango ergon\u00f3mico y resistente&comma; brindando seguridad y comodidad durante el uso.<\/li>\n<li style='margin-bottom: 5px;'>Es perfecto tanto para profesionales como para entusiastas.<\/li>\n<\/ul><\/div>\n<div style='flex: 1 1 300px; min-width: 280px;'>\n<h3 style='font-size: 22px; border-bottom: 2px solid currentColor; padding-bottom: 5px; margin-top: 0; color: inherit; opacity: 0.8;'>Aplicaciones<\/h3>\n<ul style='padding-left: 20px; font-size: 15px; color: inherit;'>\n<li style='margin-bottom: 5px;'>Demolici\u00f3n de estructuras y materiales como concreto&comma; piedra y ladrillo.<\/li>\n<li style='margin-bottom: 5px;'>Ajuste de piezas en carpinter\u00eda y herrer\u00eda.<\/li>\n<li style='margin-bottom: 5px;'>Inserci\u00f3n de estacas o varillas en terrenos duros.<\/li>\n<li style='margin-bottom: 5px;'>Uso en proyectos de construcci\u00f3n&comma; industria y reparaci\u00f3n en general.<\/li>\n<\/ul><\/div>\n<div style='flex: 1 1 300px; min-width: 280px;'>\n<h3 style='font-size: 22px; border-bottom: 2px solid currentColor; padding-bottom: 5px; margin-top: 0; color: inherit; opacity: 0.8;'>Caracter\u00edsticas<\/h3>\n<ul style='padding-left: 20px; font-size: 15px; color: inherit;'>\n<li style='margin-bottom: 5px;'>Cabeza robusta&comma; fabricada en acero forjado y endurecido para garantizar una alta durabilidad y resistencia al desgaste.<\/li>\n<li style='margin-bottom: 5px;'>Mango de fibra de vidrio&comma; dise\u00f1ado para absorber vibraciones y reducir la fatiga.<\/li>\n<li style='margin-bottom: 5px;'>Empu\u00f1adura antideslizante con recubrimiento de goma texturizada que proporciona un agarre seguro incluso en condiciones h\u00famedas.<\/li>\n<li style='margin-bottom: 5px;'>Equilibrio ideal&comma; su dise\u00f1o que distribuye el peso de manera uniforme para mayor precisi\u00f3n y eficiencia en cada golpe.<\/li>\n<\/ul><\/div>\n<\/p><\/div>\n<p> <!-- Separador --> <\/p>\n<hr style='border: 0; border-top: 1px solid rgba(150&comma; 150&comma; 150&comma; 0.3); margin: 30px 0;'> <\/div>\n","protected":false},"excerpt":{"rendered":"<p>Marro de 1000g con Mango de Fibra de Vidrio<\/p>\n","protected":false},"featured_media":44739,"comment_status":"open","ping_status":"closed","template":"","meta":[],"product_brand":[],"product_cat":[1138],"product_tag":[1058,1139,248],"class_list":{"0":"post-44740","1":"product","2":"type-product","3":"status-publish","4":"has-post-thumbnail","6":"product_cat-herramientas-mecanicas","7":"product_tag-ferreteria","8":"product_tag-herramientas-mecanicas","9":"product_tag-precision","11":"first","12":"instock","13":"sale","14":"shipping-taxable","15":"purchasable","16":"product-type-simple"},"_links":{"self":[{"href":"https:\/\/soydeaqui.ddns.net\/pachuca\/index.php\/wp-json\/wp\/v2\/product\/44740","targetHints":{"allow":["GET"]}}],"collection":[{"href":"https:\/\/soydeaqui.ddns.net\/pachuca\/index.php\/wp-json\/wp\/v2\/product"}],"about":[{"href":"https:\/\/soydeaqui.ddns.net\/pachuca\/index.php\/wp-json\/wp\/v2\/types\/product"}],"replies":[{"embeddable":true,"href":"https:\/\/soydeaqui.ddns.net\/pachuca\/index.php\/wp-json\/wp\/v2\/comments?post=44740"}],"wp:featuredmedia":[{"embeddable":true,"href":"https:\/\/soydeaqui.ddns.net\/pachuca\/index.php\/wp-json\/wp\/v2\/media\/44739"}],"wp:attachment":[{"href":"https:\/\/soydeaqui.ddns.net\/pachuca\/index.php\/wp-json\/wp\/v2\/media?parent=44740"}],"wp:term":[{"taxonomy":"product_brand","embeddable":true,"href":"https:\/\/soydeaqui.ddns.net\/pachuca\/index.php\/wp-json\/wp\/v2\/product_brand?post=44740"},{"taxonomy":"product_cat","embeddable":true,"href":"https:\/\/soydeaqui.ddns.net\/pachuca\/index.php\/wp-json\/wp\/v2\/product_cat?post=44740"},{"taxonomy":"product_tag","embeddable":true,"href":"https:\/\/soydeaqui.ddns.net\/pachuca\/index.php\/wp-json\/wp\/v2\/product_tag?post=44740"}],"curies":[{"name":"wp","href":"https:\/\/api.w.org\/{rel}","templated":true}]}}