{"id":44689,"date":"2026-03-18T19:47:36","date_gmt":"2026-03-18T19:47:36","guid":{"rendered":"https:\/\/soydeaqui.ddns.net\/pachuca\/index.php\/producto\/resina-epoxy-vinylester-sin-estireno-para-altas-cargas-en-concreto-y-ladrillo-curado-rapido-para-cargas-sismicas-categoria-c1-contenido-300-ml\/"},"modified":"2026-03-18T19:47:39","modified_gmt":"2026-03-18T19:47:39","slug":"resina-epoxy-vinylester-sin-estireno-para-altas-cargas-en-concreto-y-ladrillo-curado-rapido-para-cargas-sismicas-categoria-c1-contenido-300-ml","status":"publish","type":"product","link":"https:\/\/soydeaqui.ddns.net\/pachuca\/index.php\/producto\/resina-epoxy-vinylester-sin-estireno-para-altas-cargas-en-concreto-y-ladrillo-curado-rapido-para-cargas-sismicas-categoria-c1-contenido-300-ml\/","title":{"rendered":"Resina Epoxy Vinylester sin Estireno para Altas Cargas en Concreto y Ladrillo \/ Curado R\u00e1pido \/ Para Cargas S\u00edsmicas Categor\u00eda C1 \/ Contenido 300 ml."},"content":{"rendered":"<div style='width: 100%; max-width: 1200px; margin: 0 auto; font-family: sans-serif; line-height: 1.6; color: inherit; background-color: transparent;'>\n<div style='display: flex; flex-wrap: wrap; gap: 30px; margin-bottom: 30px;'>\n<div style='flex: 1 1 300px; min-width: 280px;'>\n<h3 style='font-size: 22px; border-bottom: 2px solid currentColor; padding-bottom: 5px; margin-top: 0; color: inherit; opacity: 0.8;'>Caracter\u00edsticas<\/h3>\n<ul style='padding-left: 20px; font-size: 15px; color: inherit;'>\n<li style='margin-bottom: 5px;'>Homologado para todo tipo de hormig\u00f3n fisurado y no fisurado&comma; mamposter\u00eda y todas las aplicaciones en hormig\u00f3n<\/li>\n<li style='margin-bottom: 5px;'>Certificado de contacto con agua potable (WRAS)<\/li>\n<li style='margin-bottom: 5px;'>Certificado de resistencia a fuego para esp\u00e1rragos y barras corrugadas (IBMB)<\/li>\n<li style='margin-bottom: 5px;'>Esp\u00e1rragos homologados M8-M30 incluso M27<\/li>\n<li style='margin-bottom: 5px;'>Uso de armaduras como anclaje de \u00d88 a \u00d832<\/li>\n<li style='margin-bottom: 5px;'>Armaduras post-instaladas de \u00d88 a \u00d825<\/li>\n<li style='margin-bottom: 5px;'>Empleo para cargas altas<\/li>\n<li style='margin-bottom: 5px;'>Sin estireno<\/li>\n<li style='margin-bottom: 5px;'>V\u00e1lido para taladros secos&comma; h\u00famedos e inundados<\/li>\n<li style='margin-bottom: 5px;'>Empleo para cargas est\u00e1ticas o cuasi-est\u00e1ticas<\/li>\n<li style='margin-bottom: 5px;'>Versi\u00f3n en acero cincado&comma; acero inoxidable A2 y A4<\/li>\n<li style='margin-bottom: 5px;'>Rango de temperatura de -40 \u00b0C a +80 \u00b0C (m\u00e1xima temperatura a largo plazo +50 \u00b0C)<\/li>\n<\/ul><\/div>\n<div style='flex: 1 1 300px; min-width: 280px;'>\n<h3 style='font-size: 22px; border-bottom: 2px solid currentColor; padding-bottom: 5px; margin-top: 0; color: inherit; opacity: 0.8;'>Aplicaciones<\/h3>\n<ul style='padding-left: 20px; font-size: 15px; color: inherit;'>\n<li style='margin-bottom: 5px;'>Para uso interior y exterior<\/li>\n<li style='margin-bottom: 5px;'>Aplicaciones estructurales<\/li>\n<li style='margin-bottom: 5px;'>Fijaci\u00f3n de la subestructura al edificio<\/li>\n<li style='margin-bottom: 5px;'>Barras corrugadas y armaduras de espera<\/li>\n<li style='margin-bottom: 5px;'>Fijaci\u00f3n de maquinaria&comma; balcones&comma; toldos&comma; estanter\u00edas&comma; vallas publicitarias&comma; catenarias&comma; balcones&comma; estanter\u00edas&comma; barreras de seguridad&comma; barandillas&comma; pasamanos&comma; etc.<\/li>\n<li style='margin-bottom: 5px;'>Grandes m\u00e9tricas&comma; muros de contenci\u00f3n<\/li>\n<\/ul><\/div>\n<\/p><\/div>\n<\/p><\/div>\n","protected":false},"excerpt":{"rendered":"<p>Resina Epoxy Vinylester sin Estireno para Altas Cargas en Concreto y Ladrillo \/ Curado R\u00e1pido \/ Para Cargas S\u00edsmicas Categor\u00eda C1 \/ Contenido 300 ml.<\/p>\n","protected":false},"featured_media":44688,"comment_status":"open","ping_status":"closed","template":"","meta":[],"product_brand":[],"product_cat":[655],"product_tag":[572,709,656],"class_list":{"0":"post-44689","1":"product","2":"type-product","3":"status-publish","4":"has-post-thumbnail","6":"product_cat-tuberia-metalica-conduit-accesorios","7":"product_tag-canalizacion","8":"product_tag-index","9":"product_tag-tuberia-metalica-conduit-accesorios","11":"first","12":"instock","13":"sale","14":"shipping-taxable","15":"purchasable","16":"product-type-simple"},"_links":{"self":[{"href":"https:\/\/soydeaqui.ddns.net\/pachuca\/index.php\/wp-json\/wp\/v2\/product\/44689","targetHints":{"allow":["GET"]}}],"collection":[{"href":"https:\/\/soydeaqui.ddns.net\/pachuca\/index.php\/wp-json\/wp\/v2\/product"}],"about":[{"href":"https:\/\/soydeaqui.ddns.net\/pachuca\/index.php\/wp-json\/wp\/v2\/types\/product"}],"replies":[{"embeddable":true,"href":"https:\/\/soydeaqui.ddns.net\/pachuca\/index.php\/wp-json\/wp\/v2\/comments?post=44689"}],"wp:featuredmedia":[{"embeddable":true,"href":"https:\/\/soydeaqui.ddns.net\/pachuca\/index.php\/wp-json\/wp\/v2\/media\/44688"}],"wp:attachment":[{"href":"https:\/\/soydeaqui.ddns.net\/pachuca\/index.php\/wp-json\/wp\/v2\/media?parent=44689"}],"wp:term":[{"taxonomy":"product_brand","embeddable":true,"href":"https:\/\/soydeaqui.ddns.net\/pachuca\/index.php\/wp-json\/wp\/v2\/product_brand?post=44689"},{"taxonomy":"product_cat","embeddable":true,"href":"https:\/\/soydeaqui.ddns.net\/pachuca\/index.php\/wp-json\/wp\/v2\/product_cat?post=44689"},{"taxonomy":"product_tag","embeddable":true,"href":"https:\/\/soydeaqui.ddns.net\/pachuca\/index.php\/wp-json\/wp\/v2\/product_tag?post=44689"}],"curies":[{"name":"wp","href":"https:\/\/api.w.org\/{rel}","templated":true}]}}