{"id":44687,"date":"2026-03-18T19:47:33","date_gmt":"2026-03-18T19:47:33","guid":{"rendered":"https:\/\/soydeaqui.ddns.net\/pachuca\/index.php\/producto\/resina-epoxico-puro-31-para-concreto-fisurado-y-armado-taladros-inundados-vibraciones-y-aplicaciones-estructurales-curado-lento-para-cargas-sismicas-categoria-c1-y-c2-contenido-385-ml\/"},"modified":"2026-03-18T19:47:35","modified_gmt":"2026-03-18T19:47:35","slug":"resina-epoxico-puro-31-para-concreto-fisurado-y-armado-taladros-inundados-vibraciones-y-aplicaciones-estructurales-curado-lento-para-cargas-sismicas-categoria-c1-y-c2-contenido-385-ml","status":"publish","type":"product","link":"https:\/\/soydeaqui.ddns.net\/pachuca\/index.php\/producto\/resina-epoxico-puro-31-para-concreto-fisurado-y-armado-taladros-inundados-vibraciones-y-aplicaciones-estructurales-curado-lento-para-cargas-sismicas-categoria-c1-y-c2-contenido-385-ml\/","title":{"rendered":"Resina Epoxico Puro 3:1 para Concreto Fisurado y Armado, Taladros Inundados, Vibraciones y Aplicaciones Estructurales \/ Curado Lento \/ Para Cargas S\u00edsmicas Categor\u00eda C1 y C2 \/ Contenido 385 ml."},"content":{"rendered":"<div style='width: 100%; max-width: 1200px; margin: 0 auto; font-family: sans-serif; line-height: 1.6; color: inherit; background-color: transparent;'> <!-- Secci\u00f3n de caracter\u00edsticas --> <\/p>\n<div style='display: flex; flex-wrap: wrap; gap: 30px; margin-bottom: 30px;'>\n<div style='flex: 1 1 300px; min-width: 280px;'>\n<h3 style='font-size: 22px; border-bottom: 2px solid currentColor; padding-bottom: 5px; margin-top: 0; color: inherit; opacity: 0.8;'>CARACTER\u00cdSTICAS Y BENEFICIOS<\/h3>\n<ul style='padding-left: 20px; font-size: 15px; color: inherit;'>\n<li style='margin-bottom: 5px;'>Uso en hormig\u00f3n fisurado y no fisurado.<\/li>\n<li style='margin-bottom: 5px;'>Empleo para cargas muy altas.<\/li>\n<li style='margin-bottom: 5px;'>Certificado de resistencia al fuego.<\/li>\n<li style='margin-bottom: 5px;'>Rango de temperatura de -40\u00b0C a +70\u00b0C (m\u00e1xima temperatura a largo plazo +50\u00b0C).<\/li>\n<li style='margin-bottom: 5px;'>Variedad de longitudes y di\u00e1metro: esp\u00e1rragos homologados M8-M30&comma; incluso M27. Uso de armaduras como anclaje de \u00d88 a \u00d832&comma; flexibilidad en el montaje.<\/li>\n<li style='margin-bottom: 5px;'>Para cargas est\u00e1ticas o cuasi-est\u00e1ticas y aplicaciones s\u00edsmicas categor\u00eda C1 y C2.<\/li>\n<li style='margin-bottom: 5px;'>Aprobado para uso en contacto con agua potable.<\/li>\n<li style='margin-bottom: 5px;'>Versi\u00f3n en acero cincado&comma; acero inoxidable A2 y A4.<\/li>\n<li style='margin-bottom: 5px;'>Recomendable utilizar modelo <strong>MOPUR30385<\/strong> para su aplicaci\u00f3n.<\/li>\n<\/ul><\/div>\n<\/p><\/div>\n<p> <!-- Secci\u00f3n de materiales --> <\/p>\n<div style='display: flex; flex-wrap: wrap; gap: 30px; margin-bottom: 30px;'>\n<div style='flex: 1 1 300px; min-width: 280px;'>\n<h3 style='font-size: 22px; border-bottom: 2px solid currentColor; padding-bottom: 5px; margin-top: 0; color: inherit; opacity: 0.8;'>MATERIALES<\/h3>\n<p style='margin: 10px 0; color: inherit;'><em>Esp\u00e1rrago est\u00e1ndar: <\/em>Acero al carbono&comma; cincado \u2265 5 \u03bcm.<\/p>\n<p style='margin: 10px 0; color: inherit;'><em>Esp\u00e1rrago est\u00e1ndar inoxidable: <\/em>Acero inoxidable A2-70 y A4-70.<\/p>\n<\/p><\/div>\n<\/p><\/div>\n<p> <!-- Secci\u00f3n de aplicaciones --> <\/p>\n<div style='display: flex; flex-wrap: wrap; gap: 30px; margin-bottom: 30px;'>\n<div style='flex: 1 1 300px; min-width: 280px;'>\n<h3 style='font-size: 22px; border-bottom: 2px solid currentColor; padding-bottom: 5px; margin-top: 0; color: inherit; opacity: 0.8;'>APLICACIONES<\/h3>\n<ul style='padding-left: 20px; font-size: 15px; color: inherit;'>\n<li style='margin-bottom: 5px;'>Para uso interior y exterior.<\/li>\n<li style='margin-bottom: 5px;'>Aplicaciones estructurales y elementos sometidos a vibraciones.<\/li>\n<li style='margin-bottom: 5px;'>Barras corrugadas y armaduras de espera.<\/li>\n<li style='margin-bottom: 5px;'>Aplicaciones a alta temperatura.<\/li>\n<li style='margin-bottom: 5px;'>Barreras de seguridad&comma; muros de contenci\u00f3n&comma; maquinaria pesada&comma; etc.<\/li>\n<li style='margin-bottom: 5px;'>Grandes m\u00e9tricas&comma; muros de contenci\u00f3n.<\/li>\n<li style='margin-bottom: 5px;'>Fijaci\u00f3n de la subestructura al edificio.<\/li>\n<\/ul><\/div>\n<\/p><\/div>\n<p> <!-- Video --> <\/p>\n<div style='margin-bottom: 30px;'>\n<div style='position: relative; padding-bottom: 56.25%; height: 0; overflow: hidden;'>   <\/div>\n<\/p><\/div>\n<p> <!-- Separador --> <\/p>\n<hr style='border: 0; border-top: 1px solid rgba(150&comma; 150&comma; 150&comma; 0.3); margin: 30px 0;'> <\/div>\n","protected":false},"excerpt":{"rendered":"<p>Resina Epoxico Puro 3:1 para Concreto Fisurado y Armado, Taladros Inundados, Vibraciones y Aplicaciones Estructurales \/ Curado Lento \/ Para Cargas S\u00edsmicas Categor\u00eda C1 y C2 \/ Contenido 385 ml.<\/p>\n","protected":false},"featured_media":44686,"comment_status":"open","ping_status":"closed","template":"","meta":[],"product_brand":[],"product_cat":[655],"product_tag":[572,709,656],"class_list":{"0":"post-44687","1":"product","2":"type-product","3":"status-publish","4":"has-post-thumbnail","6":"product_cat-tuberia-metalica-conduit-accesorios","7":"product_tag-canalizacion","8":"product_tag-index","9":"product_tag-tuberia-metalica-conduit-accesorios","11":"first","12":"outofstock","13":"sale","14":"shipping-taxable","15":"purchasable","16":"product-type-simple"},"_links":{"self":[{"href":"https:\/\/soydeaqui.ddns.net\/pachuca\/index.php\/wp-json\/wp\/v2\/product\/44687","targetHints":{"allow":["GET"]}}],"collection":[{"href":"https:\/\/soydeaqui.ddns.net\/pachuca\/index.php\/wp-json\/wp\/v2\/product"}],"about":[{"href":"https:\/\/soydeaqui.ddns.net\/pachuca\/index.php\/wp-json\/wp\/v2\/types\/product"}],"replies":[{"embeddable":true,"href":"https:\/\/soydeaqui.ddns.net\/pachuca\/index.php\/wp-json\/wp\/v2\/comments?post=44687"}],"wp:featuredmedia":[{"embeddable":true,"href":"https:\/\/soydeaqui.ddns.net\/pachuca\/index.php\/wp-json\/wp\/v2\/media\/44686"}],"wp:attachment":[{"href":"https:\/\/soydeaqui.ddns.net\/pachuca\/index.php\/wp-json\/wp\/v2\/media?parent=44687"}],"wp:term":[{"taxonomy":"product_brand","embeddable":true,"href":"https:\/\/soydeaqui.ddns.net\/pachuca\/index.php\/wp-json\/wp\/v2\/product_brand?post=44687"},{"taxonomy":"product_cat","embeddable":true,"href":"https:\/\/soydeaqui.ddns.net\/pachuca\/index.php\/wp-json\/wp\/v2\/product_cat?post=44687"},{"taxonomy":"product_tag","embeddable":true,"href":"https:\/\/soydeaqui.ddns.net\/pachuca\/index.php\/wp-json\/wp\/v2\/product_tag?post=44687"}],"curies":[{"name":"wp","href":"https:\/\/api.w.org\/{rel}","templated":true}]}}