{"id":44634,"date":"2026-03-18T19:45:53","date_gmt":"2026-03-18T19:45:53","guid":{"rendered":"https:\/\/soydeaqui.ddns.net\/pachuca\/index.php\/producto\/caja-de-accesorios-de-aluminio-anodizado-para-montaje-vektor8r1m-arreglo-1x4-para-techo\/"},"modified":"2026-03-18T19:45:54","modified_gmt":"2026-03-18T19:45:54","slug":"caja-de-accesorios-de-aluminio-anodizado-para-montaje-vektor8r1m-arreglo-1x4-para-techo","status":"publish","type":"product","link":"https:\/\/soydeaqui.ddns.net\/pachuca\/index.php\/producto\/caja-de-accesorios-de-aluminio-anodizado-para-montaje-vektor8r1m-arreglo-1x4-para-techo\/","title":{"rendered":"Caja de accesorios de aluminio  anodizado para montaje VEKTOR8R1M , arreglo 1X4 para techo"},"content":{"rendered":"<div style='width: 100%; max-width: 1200px; margin: 0 auto; font-family: sans-serif; line-height: 1.6; color: inherit; background-color: transparent;'>\n<div style='width: 100%; margin-bottom: 30px;'> <img style='width: 100%; height: auto; border: 1px solid rgba(150&comma;150&comma;150&comma;0.3); border-radius: 8px;' src='https:\/\/ftp3.syscom.mx\/usuarios\/anavarro\/SUNFORSON\/garantia25.png' alt=''> <\/div>\n<div style='width: 100%; margin-bottom: 30px;'>\n<h1 style='font-size: 28px; text-align: center; color: inherit;'>Montajes de aluminio anodizado&comma; alta resistencia al viento y a la corrosi\u00f3n con 2.<\/h1>\n<\/p><\/div>\n<div style='display: flex; flex-direction: column; gap: 20px; margin-bottom: 30px;'>\n<h2 style='font-size: 20px; color: inherit; opacity: 0.9;'>Beneficios de utilizar montajes de Aluminio Anodizado EPCOM POWER LINE:<\/h2>\n<ul style='padding-left: 20px; color: inherit;'>\n<li style='margin-bottom: 10px;'>Mitigue la corrosi\u00f3n por efecto del &#8216;Par Galv\u00e1nico&#8217;&comma; garantice sus instalaciones contra la corrosi\u00f3n prematura.<\/li>\n<li style='margin-bottom: 10px;'>Resistencia al viento de hasta 136 km\/h&comma; ideales para zonas con fuertes vientos.<\/li>\n<li style='margin-bottom: 10px;'>F\u00e1cil instalaci\u00f3n y adaptabilidad a sus necesidades debido a la gran variedad de accesorios disponibles.<\/li>\n<li style='margin-bottom: 10px;'>\u00a12 contra defectos de fabricaci\u00f3n!<\/li>\n<li style='margin-bottom: 10px;'>Sistema de aterrizaje &#8216;Ground Clip&#8217; integrado (no incluye electrodo ni cable para aterrizaje).<\/li>\n<\/ul><\/div>\n<div style='width: 100%; margin-bottom: 30px;'> <img style='width: 100%; height: auto; border: 1px solid rgba(150&comma;150&comma;150&comma;0.3); border-radius: 8px;' src='https:\/\/ftp3.syscom.mx\/usuarios\/anavarro\/SUNFORSON\/Ground%20system.png' alt=''> <\/div>\n<div style='width: 100%; margin-bottom: 30px;'>\n<p style='font-size: 24px; color: inherit; font-weight: bold; text-align: center;'>Montaje de aluminio para techo o piso de concreto&comma; arreglo 1&#215;4 m\u00f3dulos fotovolt\u00e1icos.<\/p>\n<\/p><\/div>\n<div style='display: flex; flex-direction: column; gap: 20px; margin-bottom: 30px;'>\n<h3 style='font-size: 20px; color: inherit; opacity: 0.9;'>Caracter\u00edsticas Principales:<\/h3>\n<ul style='padding-left: 20px; color: inherit;'>\n<li style='margin-bottom: 10px;'>Para arreglo de 1&#215;4 modulos fotovoltaicos de 35mm de espesor<\/li>\n<li style='margin-bottom: 10px;'>Inclinaci\u00f3n: 20-45\u00b0<\/li>\n<li style='margin-bottom: 10px;'>Peso: 21.3 kg<\/li>\n<li style='margin-bottom: 10px;'>Velocidad del viento m\u00e1x.: 136 km\/h<\/li>\n<\/ul><\/div>\n<div style='display: flex; flex-direction: column; gap: 20px; margin-bottom: 30px;'>\n<h3 style='font-size: 20px; color: inherit; opacity: 0.9;'>Consideraciones especiales:<\/h3>\n<p style='color: inherit;'>Para la instalaci\u00f3n de 4 m\u00f3dulos el ancho de cada m\u00f3dulo debe ser menor a 1041 mm.<\/p>\n<p style='color: inherit;'>Sujetadores finales de 35mm<\/p>\n<p style='color: inherit;'>*Se sugiere revisar compatibilidad con el departamento de ingenier\u00eda.<\/p>\n<\/p><\/div>\n<div style='display: flex; flex-direction: column; gap: 20px; margin-bottom: 30px;'>\n<h2 style='font-size: 20px; color: inherit; opacity: 0.9;'>M\u00f3dulos compatibles:<\/h2>\n<ul style='padding-left: 20px; color: inherit;'>\n<li style='margin-bottom: 10px;'><strong>ET-M672BH550WW\/WB (4 modulos)<\/strong><\/li>\n<li style='margin-bottom: 10px;'><strong>EGE-550W-144M (M10) (4 modulos)<\/strong><\/li>\n<\/ul><\/div>\n<div style='display: flex; flex-direction: column; gap: 20px; margin-bottom: 30px;'>\n<h2 style='font-size: 24px; color: inherit; opacity: 0.9; text-align: center;'>Epcom Power Line vs Competencia<\/h2>\n<div style='width: 100%; margin-bottom: 30px;'> <img style='width: 100%; height: auto; border: 1px solid rgba(150&comma;150&comma;150&comma;0.3); border-radius: 8px;' src='https:\/\/ftp3.syscom.mx\/usuarios\/anavarro\/SUNFORSON\/Comparacion-montajes.jpg' alt=''> <\/div>\n<h2 style='font-size: 24px; color: inherit; opacity: 0.9; text-align: center;'>Ventajas de los sistemas de montaje de Epcom Power Line<\/h2>\n<ul style='padding-left: 20px; color: inherit;'>\n<li style='margin-bottom: 10px;'>Materiales de la m\u00e1s alta calidad.<\/li>\n<li style='margin-bottom: 10px;'>Instalaci\u00f3n r\u00e1pida y sencilla.<\/li>\n<li style='margin-bottom: 10px;'>Sistema de aterrizaje &#8216;Ground Clip&#8217; de f\u00e1cil instalaci\u00f3n.<\/li>\n<li style='margin-bottom: 10px;'>Piezas m\u00e1s robustas resistentes en climas extremos.<\/li>\n<li style='margin-bottom: 10px;'>Soporte t\u00e9cnico 365 d\u00edas del a\u00f1o.<\/li>\n<li style='margin-bottom: 10px;'>2.<\/li>\n<\/ul><\/div>\n<div style='width: 100%; margin-bottom: 30px;'> <img style='width: 100%; height: auto; border: 1px solid rgba(150&comma;150&comma;150&comma;0.3); border-radius: 8px;' src='https:\/\/ftp3.syscom.mx\/usuarios\/anavarro\/Epcom.png' alt=''> <\/div>\n<\/p><\/div>\n","protected":false},"excerpt":{"rendered":"<p>Caja de accesorios de aluminio  anodizado para montaje VEKTOR8R1M , arreglo 1X4 para techo<\/p>\n","protected":false},"featured_media":44633,"comment_status":"open","ping_status":"closed","template":"","meta":[],"product_brand":[],"product_cat":[1097],"product_tag":[964,454,1098],"class_list":{"0":"post-44634","1":"product","2":"type-product","3":"status-publish","4":"has-post-thumbnail","6":"product_cat-montajes-para-modulos-por-partes","7":"product_tag-energia-solar","8":"product_tag-epcom-powerline","9":"product_tag-montajes-para-modulos-por-partes","11":"first","12":"instock","13":"sale","14":"shipping-taxable","15":"purchasable","16":"product-type-simple"},"_links":{"self":[{"href":"https:\/\/soydeaqui.ddns.net\/pachuca\/index.php\/wp-json\/wp\/v2\/product\/44634","targetHints":{"allow":["GET"]}}],"collection":[{"href":"https:\/\/soydeaqui.ddns.net\/pachuca\/index.php\/wp-json\/wp\/v2\/product"}],"about":[{"href":"https:\/\/soydeaqui.ddns.net\/pachuca\/index.php\/wp-json\/wp\/v2\/types\/product"}],"replies":[{"embeddable":true,"href":"https:\/\/soydeaqui.ddns.net\/pachuca\/index.php\/wp-json\/wp\/v2\/comments?post=44634"}],"wp:featuredmedia":[{"embeddable":true,"href":"https:\/\/soydeaqui.ddns.net\/pachuca\/index.php\/wp-json\/wp\/v2\/media\/44633"}],"wp:attachment":[{"href":"https:\/\/soydeaqui.ddns.net\/pachuca\/index.php\/wp-json\/wp\/v2\/media?parent=44634"}],"wp:term":[{"taxonomy":"product_brand","embeddable":true,"href":"https:\/\/soydeaqui.ddns.net\/pachuca\/index.php\/wp-json\/wp\/v2\/product_brand?post=44634"},{"taxonomy":"product_cat","embeddable":true,"href":"https:\/\/soydeaqui.ddns.net\/pachuca\/index.php\/wp-json\/wp\/v2\/product_cat?post=44634"},{"taxonomy":"product_tag","embeddable":true,"href":"https:\/\/soydeaqui.ddns.net\/pachuca\/index.php\/wp-json\/wp\/v2\/product_tag?post=44634"}],"curies":[{"name":"wp","href":"https:\/\/api.w.org\/{rel}","templated":true}]}}