{"id":44592,"date":"2026-03-18T19:44:50","date_gmt":"2026-03-18T19:44:50","guid":{"rendered":"https:\/\/soydeaqui.ddns.net\/pachuca\/index.php\/producto\/cable-con-derivacion-vca-1-entrada-macho-vca-2-salidas-hembra-vca\/"},"modified":"2026-03-18T19:44:52","modified_gmt":"2026-03-18T19:44:52","slug":"cable-con-derivacion-vca-1-entrada-macho-vca-2-salidas-hembra-vca","status":"publish","type":"product","link":"https:\/\/soydeaqui.ddns.net\/pachuca\/index.php\/producto\/cable-con-derivacion-vca-1-entrada-macho-vca-2-salidas-hembra-vca\/","title":{"rendered":"Cable con derivaci\u00f3n Vca \/ 1 Entrada macho Vca \/ 2 salidas hembra Vca"},"content":{"rendered":"<div style='width: 100%; max-width: 1200px; margin: 0 auto; font-family: sans-serif; line-height: 1.6; color: inherit; background-color: transparent;'>\n<div style='display: flex; flex-wrap: wrap; gap: 30px; margin-bottom: 30px;'>\n<div style='flex: 1 1 300px; min-width: 280px;'>\n<h3 style='font-size: 22px; border-bottom: 2px solid currentColor; padding-bottom: 5px; margin-top: 0; color: inherit; opacity: 0.8;'>Caracter\u00edsticas<\/h3>\n<ul style='padding-left: 20px; font-size: 15px; color: inherit;'>\n<li style='margin-bottom: 5px;'><strong>Cable cord\u00f3n Vca:<\/strong> 1 entrada a 2 salidas<\/li>\n<li style='margin-bottom: 5px;'><strong>Voltaje de entrada:<\/strong> 120 Vca<\/li>\n<li style='margin-bottom: 5px;'><strong>Voltaje de salida:<\/strong> 120 Vca<\/li>\n<li style='margin-bottom: 5px;'>Cable 18 AWG: 3 Conductores<\/li>\n<li style='margin-bottom: 5px;'>Frecuencia nominal: 50-60 Hz<\/li>\n<li style='margin-bottom: 5px;'><strong>Tipo de conector macho:<\/strong> NEMA 5-15P<\/li>\n<li style='margin-bottom: 5px;'><strong>Tipo de conector hembra:<\/strong> NEMA 5-15R<\/li>\n<\/ul><\/div>\n<div style='flex: 1 1 300px; min-width: 280px;'>\n<h3 style='font-size: 22px; border-bottom: 2px solid currentColor; padding-bottom: 5px; margin-top: 0; color: inherit; opacity: 0.8;'>Especificaciones F\u00edsicas<\/h3>\n<ul style='padding-left: 20px; font-size: 15px; color: inherit;'>\n<li style='margin-bottom: 5px;'>Cable el\u00e9ctrico: SJT 18 AWG \/ 3 C<\/li>\n<li style='margin-bottom: 5px;'>L1 \/ L2 = 200 mm<\/li>\n<li style='margin-bottom: 5px;'>Color: Negro<\/li>\n<li style='margin-bottom: 5px;'><strong>Temperatura de operaci\u00f3n:<\/strong> -20 \u00b0C a 70 \u00b0C<\/li>\n<li style='margin-bottom: 5px;'><strong>Dimensiones (L):<\/strong> 400 mm<\/li>\n<\/ul><\/div>\n<div style='flex: 1 1 300px; min-width: 280px;'>\n<h3 style='font-size: 22px; border-bottom: 2px solid currentColor; padding-bottom: 5px; margin-top: 0; color: inherit; opacity: 0.8;'>Aplicaciones<\/h3>\n<ul style='padding-left: 20px; font-size: 15px; color: inherit;'>\n<li style='margin-bottom: 5px;'>Sistemas en casa \/ oficina \/ negocios<\/li>\n<li style='margin-bottom: 5px;'>Sistemas de seguridad electr\u00f3nica<\/li>\n<li style='margin-bottom: 5px;'>Sistemas de comunicaci\u00f3n y control<\/li>\n<li style='margin-bottom: 5px;'>Sistemas de telecomunicaciones<\/li>\n<li style='margin-bottom: 5px;'>Sistemas de radio comunicaci\u00f3n<\/li>\n<li style='margin-bottom: 5px;'>Sistemas de uso m\u00faltiple<\/li>\n<\/ul><\/div>\n<\/p><\/div>\n<div style='display: flex; flex-wrap: wrap; gap: 30px; margin-bottom: 30px;'>\n<div style='flex: 1 1 300px; min-width: 280px;'> <img style='width: 100%; height: auto; border: 1px solid rgba(150&comma;150&comma;150&comma;0.3); border-radius: 8px;' src='https:\/\/ftp3.syscom.mx\/usuarios\/fotos\/BancoFotografiasSyscom\/EPCOMPOWERLINE\/DIYVCA\/DIYVCA-p.PNG' alt=''> <\/div>\n<div style='flex: 1 1 300px; min-width: 280px;'> <img style='width: 100%; height: auto; border: 1px solid rgba(150&comma;150&comma;150&comma;0.3); border-radius: 8px;' src='https:\/\/ftp3.syscom.mx\/usuarios\/fotos\/BancoFotografiasSyscom\/EPCOMPOWERLINE\/DIYVCA\/DIYVCA-AD-1-p.PNG' alt=''> <\/div>\n<div style='flex: 1 1 300px; min-width: 280px;'> <img style='width: 100%; height: auto; border: 1px solid rgba(150&comma;150&comma;150&comma;0.3); border-radius: 8px;' src='https:\/\/ftp3.syscom.mx\/usuarios\/fotos\/BancoFotografiasSyscom\/EPCOMPOWERLINE\/DIYVCA\/DIYVCA-p.PNG' alt=''> <\/div>\n<\/p><\/div>\n<div style='display: flex; flex-wrap: wrap; gap: 30px; margin-bottom: 30px;'>\n<div style='flex: 1 1 100%;'>\n<h3 style='font-size: 22px; border-bottom: 2px solid currentColor; padding-bottom: 5px; margin-top: 0; color: inherit; opacity: 0.8;'>Descripci\u00f3n<\/h3>\n<p style='font-size: 15px; color: inherit;'>Cable de Vca de 120 Vca en su entrada a 2 salidas a 120 Vca Hembra.<\/p>\n<p style='font-size: 15px; color: inherit;'><strong>Sistemas de alimentaci\u00f3n para aplicaciones en sistemas de seguridad electr\u00f3nica y comunicaci\u00f3n.<\/strong><\/p>\n<\/p><\/div>\n<\/p><\/div>\n<\/p><\/div>\n","protected":false},"excerpt":{"rendered":"<p>Cable con derivaci\u00f3n Vca \/ 1 Entrada macho Vca \/ 2 salidas hembra Vca<\/p>\n","protected":false},"featured_media":44591,"comment_status":"open","ping_status":"closed","template":"","meta":[],"product_brand":[],"product_cat":[1280],"product_tag":[1281,454,405],"class_list":{"0":"post-44592","1":"product","2":"type-product","3":"status-publish","4":"has-post-thumbnail","6":"product_cat-accesorios-divisores-conectores","7":"product_tag-accesorios-divisores-conectores","8":"product_tag-epcom-powerline","9":"product_tag-fuentes-de-poder","11":"first","12":"instock","13":"sale","14":"shipping-taxable","15":"purchasable","16":"product-type-simple"},"_links":{"self":[{"href":"https:\/\/soydeaqui.ddns.net\/pachuca\/index.php\/wp-json\/wp\/v2\/product\/44592","targetHints":{"allow":["GET"]}}],"collection":[{"href":"https:\/\/soydeaqui.ddns.net\/pachuca\/index.php\/wp-json\/wp\/v2\/product"}],"about":[{"href":"https:\/\/soydeaqui.ddns.net\/pachuca\/index.php\/wp-json\/wp\/v2\/types\/product"}],"replies":[{"embeddable":true,"href":"https:\/\/soydeaqui.ddns.net\/pachuca\/index.php\/wp-json\/wp\/v2\/comments?post=44592"}],"wp:featuredmedia":[{"embeddable":true,"href":"https:\/\/soydeaqui.ddns.net\/pachuca\/index.php\/wp-json\/wp\/v2\/media\/44591"}],"wp:attachment":[{"href":"https:\/\/soydeaqui.ddns.net\/pachuca\/index.php\/wp-json\/wp\/v2\/media?parent=44592"}],"wp:term":[{"taxonomy":"product_brand","embeddable":true,"href":"https:\/\/soydeaqui.ddns.net\/pachuca\/index.php\/wp-json\/wp\/v2\/product_brand?post=44592"},{"taxonomy":"product_cat","embeddable":true,"href":"https:\/\/soydeaqui.ddns.net\/pachuca\/index.php\/wp-json\/wp\/v2\/product_cat?post=44592"},{"taxonomy":"product_tag","embeddable":true,"href":"https:\/\/soydeaqui.ddns.net\/pachuca\/index.php\/wp-json\/wp\/v2\/product_tag?post=44592"}],"curies":[{"name":"wp","href":"https:\/\/api.w.org\/{rel}","templated":true}]}}