{"id":44541,"date":"2026-03-18T19:43:16","date_gmt":"2026-03-18T19:43:16","guid":{"rendered":"https:\/\/soydeaqui.ddns.net\/pachuca\/index.php\/producto\/espira-para-arnes-dividido-pan-wrap-color-natural-diametro-nominal-0-5-paquete-de-1-rollo-de-61-metros\/"},"modified":"2026-03-18T19:43:21","modified_gmt":"2026-03-18T19:43:21","slug":"espira-para-arnes-dividido-pan-wrap-color-natural-diametro-nominal-0-5-paquete-de-1-rollo-de-61-metros","status":"publish","type":"product","link":"https:\/\/soydeaqui.ddns.net\/pachuca\/index.php\/producto\/espira-para-arnes-dividido-pan-wrap-color-natural-diametro-nominal-0-5-paquete-de-1-rollo-de-61-metros\/","title":{"rendered":"Espira para Arn\u00e9s Dividido Pan-Wrap\u2122, Color Natural, Di\u00e1metro Nominal 0.5, Paquete de 1 Rollo de 61 Metros."},"content":{"rendered":"<div style='width: 100%; max-width: 1200px; margin: 0 auto; font-family: sans-serif; line-height: 1.6; color: inherit; background-color: transparent;'>\n<div style='display: flex; flex-direction: column; gap: 30px;'>\n<div style='width: 100%;'> <img style='width: 100%; height: auto; border: 1px solid rgba(150&comma;150&comma;150&comma;0.3); border-radius: 8px;' src='https:\/\/ftp3.syscom.mx\/usuarios\/fotos\/SCL2\/0X\/214870-217843-panduit-logo-tm-negro-fondo_trans30-01_(002)_(1).png' alt=''> <\/div>\n<div style='display: flex; flex-direction: column; gap: 15px;'>\n<h2 style='font-size: 24px; color: inherit; margin: 0; font-weight: 600;'>Espira para Arn\u00e9s Dividido Pan-Wrap\u2122&comma; Color Natural&comma; Di\u00e1metro Nominal 0.5&#8217;&comma; Paquete de 1 Rollo de 61 Metros.<\/h2>\n<div style='font-size: 18px; color: inherit; opacity: 0.8;'>PW50F-T<\/div>\n<\/p><\/div>\n<div style='font-size: 15px; color: inherit;'>\n<p>La espira para arn\u00e9s dividido PW50F-T Pan-Wrap tiene un patr\u00f3n de ranura patentada que brinda mayor flexibilidad y protecci\u00f3n contra la abrasi\u00f3n en cualquier aplicaci\u00f3n. El dise\u00f1o de pared \u00fanica es sencillo para fugas de cables y reduce el tiempo de instalaci\u00f3n. La superposici\u00f3n larga acepta un amplio rango de di\u00e1metros de mazos. Rango de temperatura: -40\u00b0F a 122\u00b0F (-40\u00b0C a 50\u00b0C). Polietileno. Di\u00e1metro nominal: 0.5&#8242; (12.7 mm)&comma; 200&#8242; (61 m) de largo. Color natural. 1 por paquete.<\/p>\n<\/p><\/div>\n<div style='width: 100%;'> <img style='width: 100%; height: auto; border: 1px solid rgba(150&comma;150&comma;150&comma;0.3); border-radius: 8px;' src='https:\/\/ftp3.syscom.mx\/usuarios\/fotos\/PW50FT\/223978-captura_de_pantalla_2023-11-07_a_la(s)_9.37.31 a.m..png' alt=''> <\/div>\n<\/p><\/div>\n<\/p><\/div>\n","protected":false},"excerpt":{"rendered":"<p>Espira para Arn\u00e9s Dividido Pan-Wrap\u2122, Color Natural, Di\u00e1metro Nominal 0.5, Paquete de 1 Rollo de 61 Metros.<\/p>\n","protected":false},"featured_media":44540,"comment_status":"open","ping_status":"closed","template":"","meta":[],"product_brand":[],"product_cat":[574],"product_tag":[572,575,445],"class_list":{"0":"post-44541","1":"product","2":"type-product","3":"status-publish","4":"has-post-thumbnail","6":"product_cat-fijacion","7":"product_tag-canalizacion","8":"product_tag-fijacion","9":"product_tag-panduit","11":"first","12":"instock","13":"sale","14":"shipping-taxable","15":"purchasable","16":"product-type-simple"},"_links":{"self":[{"href":"https:\/\/soydeaqui.ddns.net\/pachuca\/index.php\/wp-json\/wp\/v2\/product\/44541","targetHints":{"allow":["GET"]}}],"collection":[{"href":"https:\/\/soydeaqui.ddns.net\/pachuca\/index.php\/wp-json\/wp\/v2\/product"}],"about":[{"href":"https:\/\/soydeaqui.ddns.net\/pachuca\/index.php\/wp-json\/wp\/v2\/types\/product"}],"replies":[{"embeddable":true,"href":"https:\/\/soydeaqui.ddns.net\/pachuca\/index.php\/wp-json\/wp\/v2\/comments?post=44541"}],"wp:featuredmedia":[{"embeddable":true,"href":"https:\/\/soydeaqui.ddns.net\/pachuca\/index.php\/wp-json\/wp\/v2\/media\/44540"}],"wp:attachment":[{"href":"https:\/\/soydeaqui.ddns.net\/pachuca\/index.php\/wp-json\/wp\/v2\/media?parent=44541"}],"wp:term":[{"taxonomy":"product_brand","embeddable":true,"href":"https:\/\/soydeaqui.ddns.net\/pachuca\/index.php\/wp-json\/wp\/v2\/product_brand?post=44541"},{"taxonomy":"product_cat","embeddable":true,"href":"https:\/\/soydeaqui.ddns.net\/pachuca\/index.php\/wp-json\/wp\/v2\/product_cat?post=44541"},{"taxonomy":"product_tag","embeddable":true,"href":"https:\/\/soydeaqui.ddns.net\/pachuca\/index.php\/wp-json\/wp\/v2\/product_tag?post=44541"}],"curies":[{"name":"wp","href":"https:\/\/api.w.org\/{rel}","templated":true}]}}