{"id":44539,"date":"2026-03-18T19:43:11","date_gmt":"2026-03-18T19:43:11","guid":{"rendered":"https:\/\/soydeaqui.ddns.net\/pachuca\/index.php\/producto\/venta-por-metro-cable-electrico-de-cobre-aplicacion-apartarrayos-28-hilos-clase-ii\/"},"modified":"2026-03-18T19:43:12","modified_gmt":"2026-03-18T19:43:12","slug":"venta-por-metro-cable-electrico-de-cobre-aplicacion-apartarrayos-28-hilos-clase-ii","status":"publish","type":"product","link":"https:\/\/soydeaqui.ddns.net\/pachuca\/index.php\/producto\/venta-por-metro-cable-electrico-de-cobre-aplicacion-apartarrayos-28-hilos-clase-ii\/","title":{"rendered":"Venta por metro \/ Cable El\u00e9ctrico de Cobre \/ Aplicaci\u00f3n Apartarrayos \/ 28 hilos clase II"},"content":{"rendered":"<div style='width: 100%; max-width: 1200px; margin: 0 auto; font-family: sans-serif; line-height: 1.6; color: inherit; background-color: transparent;'> <!-- Secci\u00f3n de contenido con flex\/grid --> <\/p>\n<div style='display: flex; flex-wrap: wrap; gap: 30px; margin-bottom: 30px;'>\n<div style='flex: 1 1 300px; min-width: 280px;'>\n<h3 style='font-size: 22px; border-bottom: 2px solid currentColor; padding-bottom: 5px; margin-top: 0; color: inherit; opacity: 0.8;'>Descripci\u00f3n general<\/h3>\n<p style='font-size: 15px; color: inherit;'> Conductor desnudo formado por varios hilos de cobre o aluminio en temple suave&comma; dispuestos en pares y cuadretes cableados entre s\u00ed. <\/p>\n<\/p><\/div>\n<\/p><\/div>\n<p> <!-- Secci\u00f3n de especificaciones --> <\/p>\n<div style='display: flex; flex-wrap: wrap; gap: 20px; margin-bottom: 30px;'>\n<div style='flex: 1 1 250px; border: 1px solid rgba(150&comma; 150&comma; 150&comma; 0.4); border-radius: 8px; overflow: hidden; display: flex; flex-direction: column;'>\n<div style='padding: 15px; border-bottom: 1px solid rgba(150&comma; 150&comma; 150&comma; 0.2); font-weight: bold; font-size: 18px; color: inherit;'>Especificaciones<\/div>\n<div style='padding: 15px; color: inherit;'>\n<ul style='padding-left: 20px; margin: 0; font-size: 14px; list-style-type: disc;'>\n<li style='margin-bottom: 5px;'>UL 96A Installation requirements for Lightting Protection Systems (Requerimientos de las instalaciones para sistemas de protecci\u00f3n de alumbrado)<\/li>\n<\/ul><\/div>\n<\/p><\/div>\n<p> <!-- Secci\u00f3n de aplicaciones --> <\/p>\n<div style='flex: 1 1 250px; border: 1px solid rgba(150&comma; 150&comma; 150&comma; 0.4); border-radius: 8px; overflow: hidden; display: flex; flex-direction: column;'>\n<div style='padding: 15px; border-bottom: 1px solid rgba(150&comma; 150&comma; 150&comma; 0.2); font-weight: bold; font-size: 18px; color: inherit;'>Aplicaciones<\/div>\n<div style='padding: 15px; color: inherit;'>\n<ul style='padding-left: 20px; margin: 0; font-size: 14px; list-style-type: disc;'>\n<li style='margin-bottom: 5px;'>Se utilizan para la interconexi\u00f3n de puntas&comma; bajadas y varillas de tierra en los sistemas de apartarrayos de edificios y construcciones en general.<\/li>\n<\/ul><\/div>\n<\/p><\/div>\n<p> <!-- Secci\u00f3n de caracter\u00edsticas --> <\/p>\n<div style='flex: 1 1 250px; border: 1px solid rgba(150&comma; 150&comma; 150&comma; 0.4); border-radius: 8px; overflow: hidden; display: flex; flex-direction: column;'>\n<div style='padding: 15px; border-bottom: 1px solid rgba(150&comma; 150&comma; 150&comma; 0.2); font-weight: bold; font-size: 18px; color: inherit;'>Caracter\u00edsticas<\/div>\n<div style='padding: 15px; color: inherit;'>\n<ul style='padding-left: 20px; margin: 0; font-size: 14px; list-style-type: disc;'>\n<li style='margin-bottom: 5px;'><strong>Calibre:<\/strong> 58.0 mm<sup>2<\/sup><\/li>\n<li style='margin-bottom: 5px;'><strong>Metal:<\/strong> Cobre<\/li>\n<li style='margin-bottom: 5px;'><strong>Clase:<\/strong> II<\/li>\n<li style='margin-bottom: 5px;'><strong>N\u00famero de hilos:<\/strong> 28<\/li>\n<li style='margin-bottom: 5px;'><strong>Di\u00e1metro total aproximado:<\/strong> 13.7 mm<\/li>\n<li style='margin-bottom: 5px;'><strong>Peso total aproximado:<\/strong> 532.6 Kg\/Km<\/li>\n<li style='margin-bottom: 5px;'>El material de los alambres es cobre de alta pureza con un contenido m\u00ednimo de 99.9 % de cobre&comma; o aluminio con aleaci\u00f3n 1350.<\/li>\n<li style='margin-bottom: 5px;'><strong>Temple:<\/strong> Suave<\/li>\n<li style='margin-bottom: 5px;'>Se fabrican en calibres de 29.0 a 107.0 mm<sup>2<\/sup><\/li>\n<\/ul><\/div>\n<\/p><\/div>\n<p> <!-- Secci\u00f3n de ventajas --> <\/p>\n<div style='flex: 1 1 250px; border: 1px solid rgba(150&comma; 150&comma; 150&comma; 0.4); border-radius: 8px; overflow: hidden; display: flex; flex-direction: column;'>\n<div style='padding: 15px; border-bottom: 1px solid rgba(150&comma; 150&comma; 150&comma; 0.2); font-weight: bold; font-size: 18px; color: inherit;'>Ventajas<\/div>\n<div style='padding: 15px; color: inherit;'>\n<ul style='padding-left: 20px; margin: 0; font-size: 14px; list-style-type: disc;'>\n<li style='margin-bottom: 5px;'>Por su alta conductividad f\u00e1cilmente da paso a descargas atmosf\u00e9ricas.<\/li>\n<li style='margin-bottom: 5px;'>Su construcci\u00f3n permite un r\u00e1pido enfriamiento o disipaci\u00f3n de calor.<\/li>\n<li style='margin-bottom: 5px;'>Alta resistencia a la corrosi\u00f3n.<\/li>\n<li style='margin-bottom: 5px;'>Su construcci\u00f3n flexible permite seguir el contorno de pretiles&comma; techos y aristas durante su instalaci\u00f3n.<\/li>\n<\/ul><\/div>\n<\/p><\/div>\n<p> <!-- Secci\u00f3n de informaci\u00f3n adicional --> <\/p>\n<div style='flex: 1 1 250px; border: 1px solid rgba(150&comma; 150&comma; 150&comma; 0.4); border-radius: 8px; overflow: hidden; display: flex; flex-direction: column;'>\n<div style='padding: 15px; border-bottom: 1px solid rgba(150&comma; 150&comma; 150&comma; 0.2); font-weight: bold; font-size: 18px; color: inherit;'>Informaci\u00f3n adicional<\/div>\n<div style='padding: 15px; color: inherit;'>\n<ul style='padding-left: 20px; margin: 0; font-size: 14px; list-style-type: disc;'>\n<li style='margin-bottom: 5px;'><strong>Venta por metros<\/strong><\/li>\n<\/ul><\/div>\n<\/p><\/div>\n<\/p><\/div>\n<\/p><\/div>\n","protected":false},"excerpt":{"rendered":"<p>Venta por metro \/ Cable El\u00e9ctrico de Cobre \/ Aplicaci\u00f3n Apartarrayos \/ 28 hilos clase II<\/p>\n","protected":false},"featured_media":44538,"comment_status":"open","ping_status":"closed","template":"","meta":[],"product_brand":[],"product_cat":[1122],"product_tag":[1066,1123,242],"class_list":{"0":"post-44539","1":"product","2":"type-product","3":"status-publish","4":"has-post-thumbnail","6":"product_cat-cableado-electrico","7":"product_tag-area-electrica","8":"product_tag-cableado-electrico","9":"product_tag-viakon","11":"first","12":"outofstock","13":"sale","14":"shipping-taxable","15":"purchasable","16":"product-type-simple"},"_links":{"self":[{"href":"https:\/\/soydeaqui.ddns.net\/pachuca\/index.php\/wp-json\/wp\/v2\/product\/44539","targetHints":{"allow":["GET"]}}],"collection":[{"href":"https:\/\/soydeaqui.ddns.net\/pachuca\/index.php\/wp-json\/wp\/v2\/product"}],"about":[{"href":"https:\/\/soydeaqui.ddns.net\/pachuca\/index.php\/wp-json\/wp\/v2\/types\/product"}],"replies":[{"embeddable":true,"href":"https:\/\/soydeaqui.ddns.net\/pachuca\/index.php\/wp-json\/wp\/v2\/comments?post=44539"}],"wp:featuredmedia":[{"embeddable":true,"href":"https:\/\/soydeaqui.ddns.net\/pachuca\/index.php\/wp-json\/wp\/v2\/media\/44538"}],"wp:attachment":[{"href":"https:\/\/soydeaqui.ddns.net\/pachuca\/index.php\/wp-json\/wp\/v2\/media?parent=44539"}],"wp:term":[{"taxonomy":"product_brand","embeddable":true,"href":"https:\/\/soydeaqui.ddns.net\/pachuca\/index.php\/wp-json\/wp\/v2\/product_brand?post=44539"},{"taxonomy":"product_cat","embeddable":true,"href":"https:\/\/soydeaqui.ddns.net\/pachuca\/index.php\/wp-json\/wp\/v2\/product_cat?post=44539"},{"taxonomy":"product_tag","embeddable":true,"href":"https:\/\/soydeaqui.ddns.net\/pachuca\/index.php\/wp-json\/wp\/v2\/product_tag?post=44539"}],"curies":[{"name":"wp","href":"https:\/\/api.w.org\/{rel}","templated":true}]}}