{"id":44527,"date":"2026-03-18T19:42:49","date_gmt":"2026-03-18T19:42:49","guid":{"rendered":"https:\/\/soydeaqui.ddns.net\/pachuca\/index.php\/producto\/control-remoto-para-controlador-epever\/"},"modified":"2026-03-18T19:42:50","modified_gmt":"2026-03-18T19:42:50","slug":"control-remoto-para-controlador-epever","status":"publish","type":"product","link":"https:\/\/soydeaqui.ddns.net\/pachuca\/index.php\/producto\/control-remoto-para-controlador-epever\/","title":{"rendered":"Control remoto para controlador Epever"},"content":{"rendered":"<div style='width: 100%; max-width: 1200px; margin: 0 auto; font-family: sans-serif; line-height: 1.6; color: inherit; background-color: transparent;'> <!-- Secci\u00f3n de descripci\u00f3n general --> <\/p>\n<div style='display: flex; flex-wrap: wrap; gap: 30px; margin-bottom: 30px;'>\n<div style='flex: 1 1 300px; min-width: 280px;'>\n<h3 style='font-size: 22px; border-bottom: 2px solid currentColor; padding-bottom: 5px; margin-top: 0; color: inherit; opacity: 0.8;'>Descripci\u00f3n general<\/h3>\n<p style='font-size: 15px; color: inherit; text-align: justify;'>El control remoto RC11 es un dispositivo de 2.4G compatible con los controladores de alumbrado p\u00fablico solar de EPEVER. Permite programar par\u00e1metros del sistema&comma; configurar voltaje&comma; tipo de bater\u00eda&comma; tiempos de funcionamiento y corriente de l\u00e1mpara LED&comma; adem\u00e1s de verificar el estado operativo del sistema.<\/p>\n<\/p><\/div>\n<\/p><\/div>\n<p> <!-- Secci\u00f3n de caracter\u00edsticas principales --> <\/p>\n<div style='display: flex; flex-wrap: wrap; gap: 20px; margin-bottom: 30px;'>\n<div style='flex: 1 1 250px; border: 1px solid rgba(150&comma; 150&comma; 150&comma; 0.4); border-radius: 8px; overflow: hidden; display: flex; flex-direction: column;'>\n<div style='padding: 15px; border-bottom: 1px solid rgba(150&comma; 150&comma; 150&comma; 0.2); font-weight: bold; font-size: 18px; color: inherit;'>Caracter\u00edsticas principales<\/div>\n<div style='padding: 15px; color: inherit;'>\n<ul style='padding-left: 20px; margin: 0; font-size: 14px; list-style-type: disc;'>\n<li style='margin-bottom: 5px;'>Comunicaci\u00f3n inal\u00e1mbrica 2.4G e infrarroja<\/li>\n<li style='margin-bottom: 5px;'>Configuraci\u00f3n mediante un solo bot\u00f3n<\/li>\n<li style='margin-bottom: 5px;'>Pantalla LCD de matriz de puntos<\/li>\n<li style='margin-bottom: 5px;'>Modo de prueba de carga<\/li>\n<li style='margin-bottom: 5px;'>Detecci\u00f3n de conexi\u00f3n del sistema<\/li>\n<li style='margin-bottom: 5px;'>Modo de comunicaci\u00f3n 2.4G e infrarrojo<\/li>\n<\/ul><\/div>\n<\/p><\/div>\n<p> <!-- Secci\u00f3n de especificaciones t\u00e9cnicas --> <\/p>\n<div style='flex: 1 1 250px; border: 1px solid rgba(150&comma; 150&comma; 150&comma; 0.4); border-radius: 8px; overflow: hidden; display: flex; flex-direction: column;'>\n<div style='padding: 15px; border-bottom: 1px solid rgba(150&comma; 150&comma; 150&comma; 0.2); font-weight: bold; font-size: 18px; color: inherit;'>Especificaciones t\u00e9cnicas<\/div>\n<div style='padding: 15px; color: inherit;'>\n<ul style='padding-left: 20px; margin: 0; font-size: 14px; list-style-type: disc;'>\n<li style='margin-bottom: 5px;'><strong>Alimentaci\u00f3n:<\/strong> 2 bater\u00edas AA (3VDC)<\/li>\n<li style='margin-bottom: 5px;'><strong>Consumo:<\/strong> 20\u03bcA en espera&comma; 37mA en transmisi\u00f3n<\/li>\n<li style='margin-bottom: 5px;'><strong>Comunicaci\u00f3n:<\/strong> IrDA \u226410m&comma; Inal\u00e1mbrico \u226420m<\/li>\n<li style='margin-bottom: 5px;'><strong>Pantalla:<\/strong> LCD de matriz de puntos<\/li>\n<li style='margin-bottom: 5px;'><strong>Temperatura:<\/strong> 0\uff5e45\u2103<\/li>\n<li style='margin-bottom: 5px;'><strong>Dimensiones:<\/strong> 138 \u00d7 58 \u00d7 21mm<\/li>\n<li style='margin-bottom: 5px;'><strong>Peso:<\/strong> 72g<\/li>\n<li style='margin-bottom: 5px;'><strong>Protecci\u00f3n:<\/strong> IP40<\/li>\n<\/ul><\/div>\n<\/p><\/div>\n<p> <!-- Secci\u00f3n de aplicaciones --> <\/p>\n<div style='flex: 1 1 250px; border: 1px solid rgba(150&comma; 150&comma; 150&comma; 0.4); border-radius: 8px; overflow: hidden; display: flex; flex-direction: column;'>\n<div style='padding: 15px; border-bottom: 1px solid rgba(150&comma; 150&comma; 150&comma; 0.2); font-weight: bold; font-size: 18px; color: inherit;'>Aplicaciones<\/div>\n<div style='padding: 15px; color: inherit;'>\n<ul style='padding-left: 20px; margin: 0; font-size: 14px; list-style-type: disc;'>\n<li style='margin-bottom: 5px;'>Controladores de alumbrado p\u00fablico solar<\/li>\n<li style='margin-bottom: 5px;'>Sistemas solares para caravanas<\/li>\n<li style='margin-bottom: 5px;'>Sistemas solares residenciales<\/li>\n<li style='margin-bottom: 5px;'>Equipos de iluminaci\u00f3n solar port\u00e1tiles<\/li>\n<\/ul><\/div>\n<\/p><\/div>\n<\/p><\/div>\n<p> <!-- Separador --> <\/p>\n<hr style='border: 0; border-top: 1px solid rgba(150&comma; 150&comma; 150&comma; 0.3); margin: 30px 0;'> <!-- Secci\u00f3n de im\u00e1genes --> <\/p>\n<div style='display: flex; flex-wrap: wrap; gap: 20px; justify-content: center; margin-bottom: 30px;'>\n<div style='flex: 1 1 300px; max-width: 400px;'> <img style='width: 100%; height: auto; border: 1px solid rgba(150&comma;150&comma;150&comma;0.3); border-radius: 8px;' src='https:\/\/manuals.plus\/wp-content\/uploads\/2022\/09\/5a24a232836c8.jpg' alt='EPEVER MPPT Solar Charge Controller User Manual'> <\/div>\n<div style='flex: 1 1 300px; max-width: 400px;'> <img style='width: 100%; height: auto; border: 1px solid rgba(150&comma;150&comma;150&comma;0.3); border-radius: 8px;' src='https:\/\/ae01.alicdn.com\/kf\/Sefd1e8dfd1d54358b84bb06a91437c91j\/Controlador-remoto-LCD-RC-11-2-4G-controlador-de-farola-Solar-Epever-Programa-de-par-metros.jpg' alt='Controlador Remoto Lcd Rc-11 2&comma;4g&comma; Controlador De Farola Solar Epever&comma; Programa De Par\u00e1metros De Control&comma; Verificaci\u00f3n Del Estado Del Trabajo - Controladores Solares - AliExpress'> <\/div>\n<\/p><\/div>\n<\/p><\/div>\n","protected":false},"excerpt":{"rendered":"<p>Control remoto para controlador Epever<\/p>\n","protected":false},"featured_media":44526,"comment_status":"open","ping_status":"closed","template":"","meta":[],"product_brand":[],"product_cat":[1108],"product_tag":[1085,1109,1182],"class_list":{"0":"post-44527","1":"product","2":"type-product","3":"status-publish","4":"has-post-thumbnail","6":"product_cat-cargadores-de-baterias","7":"product_tag-baterias-y-cargadores","8":"product_tag-cargadores-de-baterias","9":"product_tag-epever","11":"first","12":"outofstock","13":"sale","14":"shipping-taxable","15":"purchasable","16":"product-type-simple"},"_links":{"self":[{"href":"https:\/\/soydeaqui.ddns.net\/pachuca\/index.php\/wp-json\/wp\/v2\/product\/44527","targetHints":{"allow":["GET"]}}],"collection":[{"href":"https:\/\/soydeaqui.ddns.net\/pachuca\/index.php\/wp-json\/wp\/v2\/product"}],"about":[{"href":"https:\/\/soydeaqui.ddns.net\/pachuca\/index.php\/wp-json\/wp\/v2\/types\/product"}],"replies":[{"embeddable":true,"href":"https:\/\/soydeaqui.ddns.net\/pachuca\/index.php\/wp-json\/wp\/v2\/comments?post=44527"}],"wp:featuredmedia":[{"embeddable":true,"href":"https:\/\/soydeaqui.ddns.net\/pachuca\/index.php\/wp-json\/wp\/v2\/media\/44526"}],"wp:attachment":[{"href":"https:\/\/soydeaqui.ddns.net\/pachuca\/index.php\/wp-json\/wp\/v2\/media?parent=44527"}],"wp:term":[{"taxonomy":"product_brand","embeddable":true,"href":"https:\/\/soydeaqui.ddns.net\/pachuca\/index.php\/wp-json\/wp\/v2\/product_brand?post=44527"},{"taxonomy":"product_cat","embeddable":true,"href":"https:\/\/soydeaqui.ddns.net\/pachuca\/index.php\/wp-json\/wp\/v2\/product_cat?post=44527"},{"taxonomy":"product_tag","embeddable":true,"href":"https:\/\/soydeaqui.ddns.net\/pachuca\/index.php\/wp-json\/wp\/v2\/product_tag?post=44527"}],"curies":[{"name":"wp","href":"https:\/\/api.w.org\/{rel}","templated":true}]}}