{"id":44525,"date":"2026-03-18T19:42:46","date_gmt":"2026-03-18T19:42:46","guid":{"rendered":"https:\/\/soydeaqui.ddns.net\/pachuca\/index.php\/producto\/bateria-ciclo-profundo-12-8vdc-120-a-1-53kwh\/"},"modified":"2026-03-18T19:42:47","modified_gmt":"2026-03-18T19:42:47","slug":"bateria-ciclo-profundo-12-8vdc-120-a-1-53kwh","status":"publish","type":"product","link":"https:\/\/soydeaqui.ddns.net\/pachuca\/index.php\/producto\/bateria-ciclo-profundo-12-8vdc-120-a-1-53kwh\/","title":{"rendered":"Bater\u00eda Ciclo Profundo 12.8Vdc, 120 A, 1.53Kwh"},"content":{"rendered":"<div style='width: 100%; max-width: 1200px; margin: 0 auto; font-family: sans-serif; line-height: 1.6; color: inherit; background-color: transparent;'> <!-- Secci\u00f3n de descripci\u00f3n --> <\/p>\n<div style='display: flex; flex-direction: column; gap: 20px; margin-bottom: 30px;'>\n<div style='text-align: justify; font-size: 15px; color: inherit;'> <strong>Experimente potencia y seguridad de primer nivel con nuestra bater\u00eda de litio de 12&comma;8 V y 120 Ah. Est\u00e1 compuesto por celdas prism\u00e1ticas LiFePO4 nuevas de grado A&comma; que ofrecen m\u00e1s de 5000 ciclos al 80% DOD (25 \u2103&comma; 0&comma;5 C). Disfrute de la funci\u00f3n de equilibrio celular&comma; adem\u00e1s de m\u00faltiples funciones de protecci\u00f3n&comma; como protecci\u00f3n contra sobrecarga&comma; sobredescarga&comma; sobretemperatura&comma; baja temperatura&comma; sobrecorriente y cortocircuito. Con una instalaci\u00f3n sencilla y un funcionamiento sin mantenimiento&comma; nuestra bater\u00eda con clasificaci\u00f3n IP65 proporciona una seguridad superior&comma; respaldada por la certificaci\u00f3n UN38.3 y MSDS. Tambi\u00e9n puede conectar hasta 4 paquetes de bater\u00edas en serie para ampliar la capacidad.<\/strong> <\/div>\n<p> <!-- Imagen principal --> <\/p>\n<div style='width: 100%; display: flex; justify-content: center;'> <img style='width: 100%; max-width: 500px; height: auto; border: 1px solid rgba(150&comma;150&comma;150&comma;0.3); border-radius: 8px;' src='https:\/\/manuals.plus\/wp-content\/uploads\/2022\/09\/5a24a232836c8.jpg' alt='EPEVER MPPT Solar Charge Controller User Manual'> <\/div>\n<\/p><\/div>\n<p> <!-- Secci\u00f3n de especificaciones --> <\/p>\n<div style='margin-bottom: 30px;'>\n<div style='font-size: 18px; font-weight: bold; margin-bottom: 15px; color: inherit; opacity: 0.8; text-align: center;'> <strong>Especificaciones:<\/strong> <\/div>\n<div style='display: flex; flex-wrap: wrap; gap: 20px; justify-content: center;'>\n<div style='flex: 1 1 250px; border: 1px solid rgba(150&comma; 150&comma; 150&comma; 0.4); border-radius: 8px; overflow: hidden; display: flex; flex-direction: column;'>\n<div style='padding: 15px; border-bottom: 1px solid rgba(150&comma; 150&comma; 150&comma; 0.2); font-weight: bold; font-size: 16px; color: inherit; background-color: rgba(200&comma;200&comma;200&comma;0.05);'>Caracter\u00edsticas Generales<\/div>\n<div style='padding: 15px; color: inherit;'>\n<ul style='padding-left: 20px; margin: 0; font-size: 14px; list-style-type: disc;'>\n<li style='margin-bottom: 5px;'><strong>Tipo:<\/strong> Litio (LiFePO4)<\/li>\n<li style='margin-bottom: 5px;'><strong>Celdas:<\/strong> Prismaticas nuevas de grado A<\/li>\n<li style='margin-bottom: 5px;'><strong>Protecciones:<\/strong> Sobrecarga&comma; sobredescarga&comma; sobretemperatura&comma; baja temperatura&comma; sobrecorriente y cortocircuito<\/li>\n<li style='margin-bottom: 5px;'><strong>Equilibrio:<\/strong> Equilibrio celular autom\u00e1tico<\/li>\n<li style='margin-bottom: 5px;'><strong>Instalaci\u00f3n:<\/strong> Sencilla&comma; sin mantenimiento<\/li>\n<li style='margin-bottom: 5px;'><strong>Certificaciones:<\/strong> UN38.3&comma; MSDS<\/li>\n<li style='margin-bottom: 5px;'><strong>Conexi\u00f3n:<\/strong> Hasta 4 paquetes en serie<\/li>\n<\/ul><\/div>\n<\/p><\/div>\n<div style='flex: 1 1 250px; border: 1px solid rgba(150&comma; 150&comma; 150&comma; 0.4); border-radius: 8px; overflow: hidden; display: flex; flex-direction: column;'>\n<div style='padding: 15px; border-bottom: 1px solid rgba(150&comma; 150&comma; 150&comma; 0.2); font-weight: bold; font-size: 16px; color: inherit; background-color: rgba(200&comma;200&comma;200&comma;0.05);'>Especificaciones T\u00e9cnicas<\/div>\n<div style='padding: 15px; color: inherit;'>\n<ul style='padding-left: 20px; margin: 0; font-size: 14px; list-style-type: disc;'>\n<li style='margin-bottom: 5px;'><strong>Voltaje Nominal:<\/strong> 12Vdc<\/li>\n<li style='margin-bottom: 5px;'><strong>Capacidad Nominal:<\/strong> 120Ah<\/li>\n<li style='margin-bottom: 5px;'><strong>Potencia:<\/strong> 1536Wh<\/li>\n<li style='margin-bottom: 5px;'><strong>Ciclos de vida:<\/strong> \u22655000 (80% DOD&comma; 25\u2103&comma; 0.5C)<\/li>\n<li style='margin-bottom: 5px;'><strong>Clasificaci\u00f3n:<\/strong> IP65<\/li>\n<\/ul><\/div>\n<\/p><\/div>\n<p> <!-- Imagen adicional --> <\/p>\n<div style='flex: 1 1 250px; display: flex; align-items: center; justify-content: center;'> <img style='width: 100%; max-width: 300px; height: auto; border: 1px solid rgba(150&comma;150&comma;150&comma;0.3); border-radius: 8px;' src='https:\/\/www.epever.com\/wp-content\/uploads\/2023\/10\/LFP1.53KWH12.8V-P65L2-front1.jpg' alt='LFP1.53KWH12.8V-P65L2-front'> <\/div>\n<\/p><\/div>\n<\/p><\/div>\n<p> <!-- Separador final --> <\/p>\n<hr style='border: 0; border-top: 1px solid rgba(150&comma; 150&comma; 150&comma; 0.3); margin: 30px 0;'> <\/div>\n","protected":false},"excerpt":{"rendered":"<p>Bater\u00eda Ciclo Profundo 12.8Vdc, 120 A, 1.53Kwh<\/p>\n","protected":false},"featured_media":32,"comment_status":"open","ping_status":"closed","template":"","meta":[],"product_brand":[],"product_cat":[1084],"product_tag":[143,1085,1182],"class_list":{"0":"post-44525","1":"product","2":"type-product","3":"status-publish","4":"has-post-thumbnail","6":"product_cat-baterias-baterias-y-cargadores","7":"product_tag-baterias","8":"product_tag-baterias-y-cargadores","9":"product_tag-epever","11":"first","12":"outofstock","13":"sale","14":"shipping-taxable","15":"purchasable","16":"product-type-simple"},"_links":{"self":[{"href":"https:\/\/soydeaqui.ddns.net\/pachuca\/index.php\/wp-json\/wp\/v2\/product\/44525","targetHints":{"allow":["GET"]}}],"collection":[{"href":"https:\/\/soydeaqui.ddns.net\/pachuca\/index.php\/wp-json\/wp\/v2\/product"}],"about":[{"href":"https:\/\/soydeaqui.ddns.net\/pachuca\/index.php\/wp-json\/wp\/v2\/types\/product"}],"replies":[{"embeddable":true,"href":"https:\/\/soydeaqui.ddns.net\/pachuca\/index.php\/wp-json\/wp\/v2\/comments?post=44525"}],"wp:featuredmedia":[{"embeddable":true,"href":"https:\/\/soydeaqui.ddns.net\/pachuca\/index.php\/wp-json\/wp\/v2\/media\/32"}],"wp:attachment":[{"href":"https:\/\/soydeaqui.ddns.net\/pachuca\/index.php\/wp-json\/wp\/v2\/media?parent=44525"}],"wp:term":[{"taxonomy":"product_brand","embeddable":true,"href":"https:\/\/soydeaqui.ddns.net\/pachuca\/index.php\/wp-json\/wp\/v2\/product_brand?post=44525"},{"taxonomy":"product_cat","embeddable":true,"href":"https:\/\/soydeaqui.ddns.net\/pachuca\/index.php\/wp-json\/wp\/v2\/product_cat?post=44525"},{"taxonomy":"product_tag","embeddable":true,"href":"https:\/\/soydeaqui.ddns.net\/pachuca\/index.php\/wp-json\/wp\/v2\/product_tag?post=44525"}],"curies":[{"name":"wp","href":"https:\/\/api.w.org\/{rel}","templated":true}]}}