{"id":44495,"date":"2026-03-18T19:41:58","date_gmt":"2026-03-18T19:41:58","guid":{"rendered":"https:\/\/soydeaqui.ddns.net\/pachuca\/index.php\/producto\/bateria-de-litio-lifepo4-51-2vcc-5-12kwh-rack-4ur-para-montaje-en-rack-2\/"},"modified":"2026-03-18T19:42:04","modified_gmt":"2026-03-18T19:42:04","slug":"bateria-de-litio-lifepo4-51-2vcc-5-12kwh-rack-4ur-para-montaje-en-rack-2","status":"publish","type":"product","link":"https:\/\/soydeaqui.ddns.net\/pachuca\/index.php\/producto\/bateria-de-litio-lifepo4-51-2vcc-5-12kwh-rack-4ur-para-montaje-en-rack-2\/","title":{"rendered":"Bater\u00eda de Litio LiFePO4 51.2Vcc, 5.12Kwh, Rack 4UR para Montaje en Rack,"},"content":{"rendered":"<div style='width: 100%; max-width: 1200px; margin: 0 auto; font-family: sans-serif; line-height: 1.6; color: inherit; background-color: transparent;'>\n<div style='display: flex; flex-wrap: wrap; gap: 30px; margin-bottom: 30px;'>\n<div style='flex: 1 1 300px; min-width: 280px;'>\n<h3 style='font-size: 22px; border-bottom: 2px solid currentColor; padding-bottom: 5px; margin-top: 0; color: inherit; opacity: 0.8;'>Descripci\u00f3n<\/h3>\n<p style='font-size: 16px; color: inherit;'>El equipo que se presenta es una bater\u00eda de alta calidad dise\u00f1ada para proporcionar una soluci\u00f3n energ\u00e9tica confiable y eficiente en una variedad de aplicaciones. Con una capacidad nominal de 100AH y un voltaje nominal de 51.2V&comma; esta bater\u00eda ofrece un rendimiento excepcional y una larga vida \u00fatil. Con caracter\u00edsticas f\u00edsicas y el\u00e9ctricas cuidadosamente dise\u00f1adas&comma; as\u00ed como funciones avanzadas de seguridad y certificaciones relevantes&comma; esta bater\u00eda es una opci\u00f3n ideal para aquellos que buscan una fuente de energ\u00eda vers\u00e1til y de alto rendimiento.<\/p>\n<\/p><\/div>\n<\/p><\/div>\n<div style='display: flex; flex-wrap: wrap; gap: 20px; margin-bottom: 30px;'>\n<div style='flex: 1 1 250px; border: 1px solid rgba(150&comma; 150&comma; 150&comma; 0.4); border-radius: 8px; overflow: hidden; display: flex; flex-direction: column; min-width: 250px;'>\n<div style='padding: 15px; border-bottom: 1px solid rgba(150&comma; 150&comma; 150&comma; 0.2); font-weight: bold; font-size: 18px; color: inherit; background-color: rgba(150&comma; 150&comma; 150&comma; 0.1);'>Caracter\u00edsticas Principales:<\/div>\n<div style='padding: 15px; color: inherit;'>\n<ul style='padding-left: 20px; margin: 0; font-size: 14px; list-style-type: disc;'>\n<li style='margin-bottom: 5px;'><strong>Capacidad Nominal:<\/strong> 100AH<\/li>\n<li style='margin-bottom: 5px;'><strong>Voltaje Nominal:<\/strong> 51.2V<\/li>\n<li style='margin-bottom: 5px;'><strong>Ciclo de Vida:<\/strong> >4000 a 80% DOD<\/li>\n<li style='margin-bottom: 5px;'><strong>Protecciones:<\/strong> M\u00faltiples<\/li>\n<\/ul><\/div>\n<\/p><\/div>\n<div style='flex: 1 1 250px; border: 1px solid rgba(150&comma; 150&comma; 150&comma; 0.4); border-radius: 8px; overflow: hidden; display: flex; flex-direction: column; min-width: 250px;'>\n<div style='padding: 15px; border-bottom: 1px solid rgba(150&comma; 150&comma; 150&comma; 0.2); font-weight: bold; font-size: 18px; color: inherit; background-color: rgba(150&comma; 150&comma; 150&comma; 0.1);'>Caracter\u00edsticas F\u00edsicas y El\u00e9ctricas:<\/div>\n<div style='padding: 15px; color: inherit;'>\n<ul style='padding-left: 20px; margin: 0; font-size: 14px; list-style-type: disc;'>\n<li style='margin-bottom: 5px;'><strong>Dimensiones:<\/strong> 502x482x176 mm<\/li>\n<li style='margin-bottom: 5px;'><strong>Peso:<\/strong> 49\u00b11 Kg<\/li>\n<li style='margin-bottom: 5px;'><strong>Terminal:<\/strong> M6<\/li>\n<li style='margin-bottom: 5px;'><strong>Compatibilidad con inversores Growatt:<\/strong><\/li>\n<ul style='padding-left: 30px; margin-top: 5px; margin-bottom: 5px; font-size: 14px; list-style-type: disc;'>\n<li style='margin-bottom: 5px;'><a style='color: inherit; text-decoration: none; font-weight: 600;' href='https:\/\/www.syscom.mx\/producto\/SPF6000TDVMG2-GROWATT-219023.html'>SPF6000TDVMG2<\/a><\/li>\n<li style='margin-bottom: 5px;'><a style='color: inherit; text-decoration: none; font-weight: 600;' href='https:\/\/www.syscom.mx\/producto\/SPF3000TLLVMES-GROWATT-220422.html'>SPF3000TLLVMES<\/a><\/li>\n<li style='margin-bottom: 5px;'><a style='color: inherit; text-decoration: none; font-weight: 600;' href='https:\/\/www.syscom.mx\/producto\/SPF3000TLLVM48P-GROWATT-201410.html'>SPF3000TLLVM48P<\/a><\/li>\n<\/ul>\n<li style='margin-bottom: 5px;'><strong>Compatibilidad con inversor MUST:<\/strong><\/li>\n<ul style='padding-left: 30px; margin-top: 5px; margin-bottom: 5px; font-size: 14px; list-style-type: disc;'>\n<li><a style='color: inherit; text-decoration: none; font-weight: 600;' href='https:\/\/www.syscom.mx\/principal\/searchcont?route=PV335048TLV-MUST-232302&#038;autodetect=must_energy'>PV335048TLV<\/a><\/li>\n<\/ul>\n<\/ul><\/div>\n<\/p><\/div>\n<div style='flex: 1 1 250px; border: 1px solid rgba(150&comma; 150&comma; 150&comma; 0.4); border-radius: 8px; overflow: hidden; display: flex; flex-direction: column; min-width: 250px;'>\n<div style='padding: 15px; border-bottom: 1px solid rgba(150&comma; 150&comma; 150&comma; 0.2); font-weight: bold; font-size: 18px; color: inherit; background-color: rgba(150&comma; 150&comma; 150&comma; 0.1);'>Caracter\u00edsticas Destacadas:<\/div>\n<div style='padding: 15px; color: inherit;'>\n<ul style='padding-left: 20px; margin: 0; font-size: 14px; list-style-type: disc;'>\n<li style='margin-bottom: 5px;'><strong>Comunicaciones:<\/strong> RS485&comma; CAN&comma; RS232<\/li>\n<li style='margin-bottom: 5px;'><strong>Paralelizaci\u00f3n:<\/strong> Hasta 8 unidades<\/li>\n<li style='margin-bottom: 5px;'><strong>Funci\u00f3n de Balance de Celda<\/strong><\/li>\n<li style='margin-bottom: 5px;'><strong>Certificaciones:<\/strong> UN38.3 y MSDS<\/li>\n<li style='margin-bottom: 5px;'><strong>Clasificaci\u00f3n IP:<\/strong> IP20<\/li>\n<\/ul><\/div>\n<\/p><\/div>\n<\/p><\/div>\n<hr style='border: 0; border-top: 1px solid rgba(150&comma; 150&comma; 150&comma; 0.3); margin: 30px 0;'> <\/div>\n","protected":false},"excerpt":{"rendered":"<p>Bater\u00eda de Litio LiFePO4 51.2Vcc, 5.12Kwh, Rack 4UR para Montaje en Rack,<\/p>\n","protected":false},"featured_media":44494,"comment_status":"open","ping_status":"closed","template":"","meta":[],"product_brand":[],"product_cat":[1084],"product_tag":[143,1085,1182],"class_list":{"0":"post-44495","1":"product","2":"type-product","3":"status-publish","4":"has-post-thumbnail","6":"product_cat-baterias-baterias-y-cargadores","7":"product_tag-baterias","8":"product_tag-baterias-y-cargadores","9":"product_tag-epever","11":"first","12":"outofstock","13":"sale","14":"shipping-taxable","15":"purchasable","16":"product-type-simple"},"_links":{"self":[{"href":"https:\/\/soydeaqui.ddns.net\/pachuca\/index.php\/wp-json\/wp\/v2\/product\/44495","targetHints":{"allow":["GET"]}}],"collection":[{"href":"https:\/\/soydeaqui.ddns.net\/pachuca\/index.php\/wp-json\/wp\/v2\/product"}],"about":[{"href":"https:\/\/soydeaqui.ddns.net\/pachuca\/index.php\/wp-json\/wp\/v2\/types\/product"}],"replies":[{"embeddable":true,"href":"https:\/\/soydeaqui.ddns.net\/pachuca\/index.php\/wp-json\/wp\/v2\/comments?post=44495"}],"wp:featuredmedia":[{"embeddable":true,"href":"https:\/\/soydeaqui.ddns.net\/pachuca\/index.php\/wp-json\/wp\/v2\/media\/44494"}],"wp:attachment":[{"href":"https:\/\/soydeaqui.ddns.net\/pachuca\/index.php\/wp-json\/wp\/v2\/media?parent=44495"}],"wp:term":[{"taxonomy":"product_brand","embeddable":true,"href":"https:\/\/soydeaqui.ddns.net\/pachuca\/index.php\/wp-json\/wp\/v2\/product_brand?post=44495"},{"taxonomy":"product_cat","embeddable":true,"href":"https:\/\/soydeaqui.ddns.net\/pachuca\/index.php\/wp-json\/wp\/v2\/product_cat?post=44495"},{"taxonomy":"product_tag","embeddable":true,"href":"https:\/\/soydeaqui.ddns.net\/pachuca\/index.php\/wp-json\/wp\/v2\/product_tag?post=44495"}],"curies":[{"name":"wp","href":"https:\/\/api.w.org\/{rel}","templated":true}]}}