{"id":44485,"date":"2026-03-18T19:41:43","date_gmt":"2026-03-18T19:41:43","guid":{"rendered":"https:\/\/soydeaqui.ddns.net\/pachuca\/index.php\/producto\/aire-acondicionado-spectracool-para-interior-uso-en-gabinetes-de-telecomunicaciones-6000-btu-115-vca-de-acero-color-gris-claro\/"},"modified":"2026-03-18T19:41:44","modified_gmt":"2026-03-18T19:41:44","slug":"aire-acondicionado-spectracool-para-interior-uso-en-gabinetes-de-telecomunicaciones-6000-btu-115-vca-de-acero-color-gris-claro","status":"publish","type":"product","link":"https:\/\/soydeaqui.ddns.net\/pachuca\/index.php\/producto\/aire-acondicionado-spectracool-para-interior-uso-en-gabinetes-de-telecomunicaciones-6000-btu-115-vca-de-acero-color-gris-claro\/","title":{"rendered":"Aire Acondicionado SpectraCool Para Interior, Uso en Gabinetes de Telecomunicaciones, 6000 BTU, 115 Vca, de Acero, Color Gris Claro"},"content":{"rendered":"<div style='width: 100%; max-width: 1200px; margin: 0 auto; font-family: sans-serif; line-height: 1.6; color: inherit; background-color: transparent;'>\n<div style='display: flex; flex-wrap: wrap; gap: 30px; margin-bottom: 30px;'>\n<div style='flex: 1 1 300px; min-width: 280px;'>\n<h3 style='font-size: 22px; border-bottom: 2px solid currentColor; padding-bottom: 5px; margin-top: 0; color: inherit; opacity: 0.8;'>Caracter\u00edsticas principales<\/h3>\n<ul style='padding-left: 20px; font-size: 15px; color: inherit;'>\n<li style='margin-bottom: 5px;'><span style='color: inherit;'>Atractivo dise\u00f1o industrial con uso m\u00ednimo de sujetadores visibles<\/span><\/li>\n<li style='margin-bottom: 5px;'><span style='color: inherit;'>Compresor rotativo energ\u00e9ticamente eficiente en la mayor\u00eda de los modelos<\/span><\/li>\n<li style='margin-bottom: 5px;'><span style='color: inherit;'>Filtro de malla de aluminio reutilizable y lavable incluido para proteger los serpentines y lograr el m\u00e1ximo rendimiento de enfriamiento en ambientes sucios<\/span><\/li>\n<li style='margin-bottom: 5px;'><span style='color: inherit;'>Refrigerante R134a<\/span><\/li>\n<li style='margin-bottom: 5px;'><span style='color: inherit;'>Entrada de alimentaci\u00f3n trif\u00e1sica de 115 Vca<\/span><\/li>\n<li style='margin-bottom: 5px;'><span style='color: inherit;'>Termostato mec\u00e1nico confiable en el lado del gabinete<\/span><\/li>\n<li style='margin-bottom: 5px;'><span style='color: inherit;'>Todas las series G vienen de serie con dos termostatos separados para refrigeraci\u00f3n y calefacci\u00f3n cuando est\u00e1 equipado con un calentador<\/span><\/li>\n<li style='margin-bottom: 5px;'><span style='color: inherit;'>El serpent\u00edn del condensador resistente al polvo permite que la unidad funcione sin filtro en la mayor\u00eda de las aplicaciones de interior<\/span><\/li>\n<li style='margin-bottom: 5px;'><span style='color: inherit;'>Cubierta galvanizada para entornos exteriores<\/span><\/li>\n<li style='margin-bottom: 5px;'><span style='color: inherit;'>Opciones de montaje exterior y parcialmente empotrado<\/span><\/li>\n<li style='margin-bottom: 5px;'><span style='color: inherit;'>Bridas de f\u00e1cil montaje para una instalaci\u00f3n sencilla<\/span><\/li>\n<li style='margin-bottom: 5px;'><span style='color: inherit;'>Cada unidad se prueba funcionalmente antes del env\u00edo<\/span><\/li>\n<li style='margin-bottom: 5px;'><span style='color: inherit;'>Los modelos est\u00e1ndar de aire acondicionado interior tambi\u00e9n incluyen: gesti\u00f3n activa de condensado con tira calefactora&comma; rel\u00e9 de apagado para el interruptor de la puerta y otros requisitos del sistema&comma; interruptor de mal funcionamiento y una pantalla digital en el lado ambiental<\/span><\/li>\n<\/ul><\/div>\n<\/p><\/div>\n<hr style='border: 0; border-top: 1px solid rgba(150&comma; 150&comma; 150&comma; 0.3); margin: 30px 0;'>\n<div style='display: flex; flex-wrap: wrap; gap: 20px; margin-bottom: 30px;'>\n<div style='flex: 1 1 250px; border: 1px solid rgba(150&comma; 150&comma; 150&comma; 0.4); border-radius: 8px; overflow: hidden; display: flex; flex-direction: column;'>\n<div style='padding: 15px; border-bottom: 1px solid rgba(150&comma; 150&comma; 150&comma; 0.2); font-weight: bold; font-size: 18px; color: inherit;'>Especificaciones T\u00e9cnicas<\/div>\n<div style='padding: 15px; color: inherit;'>\n<ul style='padding-left: 20px; margin: 0; font-size: 14px; list-style-type: disc; color: inherit;'>\n<li style='margin-bottom: 5px;'><span style='color: inherit;'>Altura: 28.59 pulg.\/726 mm<\/span><\/li>\n<li style='margin-bottom: 5px;'><span style='color: inherit;'>Ancho: 17.01 pulg.\/432 mm<\/span><\/li>\n<li style='margin-bottom: 5px;'><span style='color: inherit;'>Profundidad: 11.18 pulg.\/284 mm<\/span><\/li>\n<li style='margin-bottom: 5px;'><span style='color: inherit;'>Material: Acero<\/span><\/li>\n<li style='margin-bottom: 5px;'><span style='color: inherit;'>Tensi\u00f3n nominal: 115 V<\/span><\/li>\n<li style='margin-bottom: 5px;'><span style='color: inherit;'>Capacidad nominal (Watts): 1172<\/span><\/li>\n<li style='margin-bottom: 5px;'><span style='color: inherit;'>Capacidad nominal (Btu\/h): 4900 BTU\/h<\/span><\/li>\n<li style='margin-bottom: 5px;'><span style='color: inherit;'>Clasificaci\u00f3n de protecci\u00f3n: NEMA Tipo 4; NEMA Tipo 3R<\/span><\/li>\n<li style='margin-bottom: 5px;'><span style='color: inherit;'>Temperatura de funcionamiento: 50\u2013131\u00b0F \/ 10\u201355\u00b0C<\/span><\/li>\n<li style='margin-bottom: 5px;'><span style='color: inherit;'>Corriente m\u00e1x.: 11.4 A<\/span><\/li>\n<li style='margin-bottom: 5px;'><span style='color: inherit;'>Control de acceso remoto: No<\/span><\/li>\n<li style='margin-bottom: 5px;'><span style='color: inherit;'>Acabado: Recubrimiento electrost\u00e1tico<\/span><\/li>\n<li style='margin-bottom: 5px;'><span style='color: inherit;'>Color: Gris claro<\/span><\/li>\n<li style='margin-bottom: 5px;'><span style='color: inherit;'>C\u00f3digo de colores: RAL 7035<\/span><\/li>\n<li style='margin-bottom: 5px;'><span style='color: inherit;'>Grosor: Calibre 20\/1 mm<\/span><\/li>\n<li style='margin-bottom: 5px;'><span style='color: inherit;'>Peso: 87 lb (39.4 kg)<\/span><\/li>\n<\/ul><\/div>\n<\/p><\/div>\n<\/p><\/div>\n<\/p><\/div>\n","protected":false},"excerpt":{"rendered":"<p>Aire Acondicionado SpectraCool Para Interior, Uso en Gabinetes de Telecomunicaciones, 6000 BTU, 115 Vca, de Acero, Color Gris Claro<\/p>\n","protected":false},"featured_media":44484,"comment_status":"open","ping_status":"closed","template":"","meta":[],"product_brand":[],"product_cat":[633],"product_tag":[634,698,605],"class_list":{"0":"post-44485","1":"product","2":"type-product","3":"status-publish","4":"has-post-thumbnail","6":"product_cat-accesorios-para-rack-gabinetes","7":"product_tag-accesorios-para-rack-gabinetes","8":"product_tag-hoffman","9":"product_tag-racks-y-gabinetes","11":"first","12":"outofstock","13":"sale","14":"shipping-taxable","15":"purchasable","16":"product-type-simple"},"_links":{"self":[{"href":"https:\/\/soydeaqui.ddns.net\/pachuca\/index.php\/wp-json\/wp\/v2\/product\/44485","targetHints":{"allow":["GET"]}}],"collection":[{"href":"https:\/\/soydeaqui.ddns.net\/pachuca\/index.php\/wp-json\/wp\/v2\/product"}],"about":[{"href":"https:\/\/soydeaqui.ddns.net\/pachuca\/index.php\/wp-json\/wp\/v2\/types\/product"}],"replies":[{"embeddable":true,"href":"https:\/\/soydeaqui.ddns.net\/pachuca\/index.php\/wp-json\/wp\/v2\/comments?post=44485"}],"wp:featuredmedia":[{"embeddable":true,"href":"https:\/\/soydeaqui.ddns.net\/pachuca\/index.php\/wp-json\/wp\/v2\/media\/44484"}],"wp:attachment":[{"href":"https:\/\/soydeaqui.ddns.net\/pachuca\/index.php\/wp-json\/wp\/v2\/media?parent=44485"}],"wp:term":[{"taxonomy":"product_brand","embeddable":true,"href":"https:\/\/soydeaqui.ddns.net\/pachuca\/index.php\/wp-json\/wp\/v2\/product_brand?post=44485"},{"taxonomy":"product_cat","embeddable":true,"href":"https:\/\/soydeaqui.ddns.net\/pachuca\/index.php\/wp-json\/wp\/v2\/product_cat?post=44485"},{"taxonomy":"product_tag","embeddable":true,"href":"https:\/\/soydeaqui.ddns.net\/pachuca\/index.php\/wp-json\/wp\/v2\/product_tag?post=44485"}],"curies":[{"name":"wp","href":"https:\/\/api.w.org\/{rel}","templated":true}]}}