{"id":44469,"date":"2026-03-18T19:41:20","date_gmt":"2026-03-18T19:41:20","guid":{"rendered":"https:\/\/soydeaqui.ddns.net\/pachuca\/index.php\/producto\/modulo-solar-hi-mo-x6-575-w-52-06-vcc-monocristalino-hpbc-eficiencia-25-5\/"},"modified":"2026-03-18T19:41:21","modified_gmt":"2026-03-18T19:41:21","slug":"modulo-solar-hi-mo-x6-575-w-52-06-vcc-monocristalino-hpbc-eficiencia-25-5","status":"publish","type":"product","link":"https:\/\/soydeaqui.ddns.net\/pachuca\/index.php\/producto\/modulo-solar-hi-mo-x6-575-w-52-06-vcc-monocristalino-hpbc-eficiencia-25-5\/","title":{"rendered":"M\u00f3dulo Solar HI-MO X6,  575 W, 52.06 Vcc, Monocristalino HPBC. Eficiencia 25.5%"},"content":{"rendered":"<div style='width: 100%; max-width: 1200px; margin: 0 auto; font-family: sans-serif; line-height: 1.6; color: inherit; background-color: transparent;'> <img style='width: 100%; height: auto; border: 1px solid rgba(150&comma;150&comma;150&comma;0.3); border-radius: 8px;' src='https:\/\/static.longi.com\/2048_X_973_150kb_2f01032e36.jpg' alt=''> <\/p>\n<div style='margin-top: 30px; margin-bottom: 30px;'>\n<h2 style='font-size: 28px; color: inherit; margin-top: 0; margin-bottom: 15px;'>Nueva serie de productos Hi-MO X6<\/h2>\n<h3 style='font-size: 24px; color: inherit; margin-top: 0; margin-bottom: 25px;'>Una nueva evoluci\u00f3n<\/h3>\n<p style='font-size: 15px; color: inherit; margin-bottom: 20px;'>La tecnolog\u00eda de celdas HPBC de nueva generaci\u00f3n de LONGi&comma; abre un nuevo cap\u00edtulo en la producci\u00f3n en masa de celdas de alta eficiencia y contin\u00faa liderando la transformaci\u00f3n de la industria. La eficiencia de las celdas HPBC de LONGi supera 25.5%. La eficiencia de las celdas HPBC+ supera el 25.8%.<\/p>\n<h3 style='font-size: 24px; color: inherit; margin-top: 30px; margin-bottom: 15px;'>Iluminando posibilidades<\/h3>\n<\/p><\/div>\n<div style='margin-bottom: 40px;'>\n<p style='font-size: 15px; color: inherit; margin-bottom: 20px;'>Las cuatro l\u00edneas de producto de la serie Hi-MO X6 pueden adaptarse a las diversas necesidades de nuestros clientes para ofrecer una nueva experiencia de energ\u00eda renovable.<\/p>\n<\/p><\/div>\n<div style='display: grid; grid-template-columns: repeat(auto-fill&comma; minmax(280px&comma; 1fr)); gap: 30px; margin-bottom: 40px;'>\n<div style='border: 1px solid rgba(150&comma;150&comma;150&comma;0.4); border-radius: 8px; padding: 20px;'>\n<h4 style='font-size: 20px; color: inherit; margin-top: 0; margin-bottom: 15px; border-bottom: 2px solid rgba(150&comma;150&comma;150&comma;0.3); padding-bottom: 8px;'>Celdas de alta eficiencia<\/h4>\n<ul style='padding-left: 20px; color: inherit; font-size: 15px;'>\n<li style='margin-bottom: 8px;'>La eficiencia de la celda HPBC es superior al 25.5%.<\/li>\n<\/ul><\/div>\n<div style='border: 1px solid rgba(150&comma;150&comma;150&comma;0.4); border-radius: 8px; padding: 20px;'>\n<h4 style='font-size: 20px; color: inherit; margin-top: 0; margin-bottom: 15px; border-bottom: 2px solid rgba(150&comma;150&comma;150&comma;0.3); padding-bottom: 8px;'>Rendimiento excepcional<\/h4>\n<ul style='padding-left: 20px; color: inherit; font-size: 15px;'>\n<li style='margin-bottom: 8px;'>Hi-MO X6 mejora significativamente la capacidad de generaci\u00f3n de energ\u00eda con una actualizaci\u00f3n integral de las celdas y m\u00f3dulos HPBC.<\/li>\n<\/ul><\/div>\n<div style='border: 1px solid rgba(150&comma;150&comma;150&comma;0.4); border-radius: 8px; padding: 20px;'>\n<h4 style='font-size: 20px; color: inherit; margin-top: 0; margin-bottom: 15px; border-bottom: 2px solid rgba(150&comma;150&comma;150&comma;0.3); padding-bottom: 8px;'>Apariencia est\u00e9tica<\/h4>\n<ul style='padding-left: 20px; color: inherit; font-size: 15px;'>\n<li style='margin-bottom: 8px;'>Hi-MO X6 simplifica la complejidad y redefine el concepto est\u00e9tico de los m\u00f3dulos fotovoltaicos.<\/li>\n<\/ul><\/div>\n<div style='border: 1px solid rgba(150&comma;150&comma;150&comma;0.4); border-radius: 8px; padding: 20px;'>\n<h4 style='font-size: 20px; color: inherit; margin-top: 0; margin-bottom: 15px; border-bottom: 2px solid rgba(150&comma;150&comma;150&comma;0.3); padding-bottom: 8px;'>Confiabilidad &#8211; L\u00edder del mercado<\/h4>\n<ul style='padding-left: 20px; color: inherit; font-size: 15px;'>\n<li style='margin-bottom: 8px;'>Hi-MO X6 es pionera en la adopci\u00f3n de la tecnolog\u00eda de soldadura por contacto posterior&comma; que reduce el estr\u00e9s del borde de las celdas y aumenta la resistencia al agrietamiento de los m\u00f3dulos.<\/li>\n<\/ul><\/div>\n<\/p><\/div>\n<div style='margin: 40px 0; text-align: center;'> <img style='width: 100%; max-width: 600px; height: auto; border: 1px solid rgba(150&comma;150&comma;150&comma;0.3); border-radius: 8px;' src='https:\/\/static.longi.com\/Explorer_04_8b2c959558.png' alt=''> <\/div>\n<div style='margin-bottom: 40px;'>\n<h3 style='font-size: 24px; color: inherit; margin-top: 0; margin-bottom: 15px;'>Born for Light<\/h3>\n<p style='font-size: 15px; color: inherit; margin-bottom: 20px;'>Con una tecnolog\u00eda innovadora&comma; la familia de productos Hi-MO X6 se ha creado para potenciar la vida futura de todos los usuarios. Siguiendo la tendencia del minimalismo&comma; LONGi Hi-MO X6 ha redefinido la est\u00e9tica del m\u00f3dulo fotovoltaico.<\/p>\n<\/p><\/div>\n<div style='position: relative; padding-bottom: 56.25%; height: 0; overflow: hidden; margin: 40px 0;'>   <\/div>\n<div style='margin-bottom: 40px;'>\n<h3 style='font-size: 24px; color: inherit; margin-top: 0; margin-bottom: 15px;'>Iluminando posibilidades<\/h3>\n<p style='font-size: 15px; color: inherit; margin-bottom: 20px;'>Las cuatro l\u00edneas de producto de la serie Hi-MO X6 pueden adaptarse a las diversas necesidades de nuestros clientes para ofrecer una nueva experiencia de energ\u00eda renovable.<\/p>\n<\/p><\/div>\n<div style='position: relative; padding-bottom: 56.25%; height: 0; overflow: hidden; margin: 40px 0;'>   <\/div>\n<div style='margin: 40px 0;'> <img style='width: 100%; height: auto; border: 1px solid rgba(150&comma;150&comma;150&comma;0.3); border-radius: 8px;' src='https:\/\/static.longi.com\/LR_5_72_HTD_550_570_M_V03_DG_02_EN_bca39c2fc9.jpg' alt=''> <\/div>\n<div style='margin: 40px 0;'>\n<h3 style='font-size: 24px; color: inherit; margin-top: 0; margin-bottom: 20px; border-bottom: 1px solid rgba(150&comma;150&comma;150&comma;0.3); padding-bottom: 10px;'>Par\u00e1metros Mec\u00e1nicos<\/h3>\n<div style='display: grid; grid-template-columns: repeat(auto-fill&comma; minmax(280px&comma; 1fr)); gap: 20px;'>\n<div style='border: 1px solid rgba(150&comma;150&comma;150&comma;0.2); padding: 15px; border-radius: 6px;'> <strong style='color: inherit; font-size: 15px;'>Distribuci\u00f3n de las celdas<\/strong> <\/p>\n<p style='color: inherit; font-size: 15px; margin: 8px 0 0 0;'>144 (6X24)<\/p>\n<\/p><\/div>\n<div style='border: 1px solid rgba(150&comma;150&comma;150&comma;0.2); padding: 15px; border-radius: 6px;'> <strong style='color: inherit; font-size: 15px;'>Caja de conexiones<\/strong> <\/p>\n<p style='color: inherit; font-size: 15px; margin: 8px 0 0 0;'>Caja de conexiones dividida&comma; IP68<\/p>\n<\/p><\/div>\n<div style='border: 1px solid rgba(150&comma;150&comma;150&comma;0.2); padding: 15px; border-radius: 6px;'> <strong style='color: inherit; font-size: 15px;'>Peso<\/strong> <\/p>\n<p style='color: inherit; font-size: 15px; margin: 8px 0 0 0;'>27.5 kg<\/p>\n<\/p><\/div>\n<div style='border: 1px solid rgba(150&comma;150&comma;150&comma;0.2); padding: 15px; border-radius: 6px;'> <strong style='color: inherit; font-size: 15px;'>Dimensi\u00f3n<\/strong> <\/p>\n<p style='color: inherit; font-size: 15px; margin: 8px 0 0 0;'>2278X1134X30 mm<\/p>\n<\/p><\/div>\n<div style='border: 1px solid rgba(150&comma;150&comma;150&comma;0.2); padding: 15px; border-radius: 6px;'> <strong style='color: inherit; font-size: 15px;'>Embalaje<\/strong> <\/p>\n<p style='color: inherit; font-size: 15px; margin: 8px 0 0 0;'>31 piezas por palet 155 piezas\/20GP 620 piezas\/40HC<\/p>\n<\/p><\/div>\n<\/p><\/div>\n<\/p><\/div>\n<div style='margin: 40px 0;'>\n<h3 style='font-size: 24px; color: inherit; margin-top: 0; margin-bottom: 20px; border-bottom: 1px solid rgba(150&comma;150&comma;150&comma;0.3); padding-bottom: 10px;'>Par\u00e1metros El\u00e9ctricos<\/h3>\n<div style='display: grid; grid-template-columns: repeat(auto-fill&comma; minmax(280px&comma; 1fr)); gap: 20px;'>\n<div style='border: 1px solid rgba(150&comma;150&comma;150&comma;0.2); padding: 15px; border-radius: 6px;'> <strong style='color: inherit; font-size: 15px;'>Potencia M\u00e1xima<\/strong> <\/p>\n<p style='color: inherit; font-size: 15px; margin: 8px 0 0 0;'>575 W<\/p>\n<\/p><\/div>\n<div style='border: 1px solid rgba(150&comma;150&comma;150&comma;0.2); padding: 15px; border-radius: 6px;'> <strong style='color: inherit; font-size: 15px;'>Tolerancia de Potencia<\/strong> <\/p>\n<p style='color: inherit; font-size: 15px; margin: 8px 0 0 0;'>0~5 W<\/p>\n<\/p><\/div>\n<div style='border: 1px solid rgba(150&comma;150&comma;150&comma;0.2); padding: 15px; border-radius: 6px;'> <strong style='color: inherit; font-size: 15px;'>Eficiencia del M\u00f3dulo<\/strong> <\/p>\n<p style='color: inherit; font-size: 15px; margin: 8px 0 0 0;'>22.6%<\/p>\n<\/p><\/div>\n<div style='border: 1px solid rgba(150&comma;150&comma;150&comma;0.2); padding: 15px; border-radius: 6px;'> <strong style='color: inherit; font-size: 15px;'>M\u00e1xima Capacidad de Voltaje (Vmp)<\/strong> <\/p>\n<p style='color: inherit; font-size: 15px; margin: 8px 0 0 0;'>43.91 V<\/p>\n<\/p><\/div>\n<div style='border: 1px solid rgba(150&comma;150&comma;150&comma;0.2); padding: 15px; border-radius: 6px;'> <strong style='color: inherit; font-size: 15px;'>M\u00e1xima Capacidad de Corriente (Imp)<\/strong> <\/p>\n<p style='color: inherit; font-size: 15px; margin: 8px 0 0 0;'>13.1 A<\/p>\n<\/p><\/div>\n<div style='border: 1px solid rgba(150&comma;150&comma;150&comma;0.2); padding: 15px; border-radius: 6px;'> <strong style='color: inherit; font-size: 15px;'>Voltaje de Circuito Abierto (Voc)<\/strong> <\/p>\n<p style='color: inherit; font-size: 15px; margin: 8px 0 0 0;'>52.06 V<\/p>\n<\/p><\/div>\n<div style='border: 1px solid rgba(150&comma;150&comma;150&comma;0.2); padding: 15px; border-radius: 6px;'> <strong style='color: inherit; font-size: 15px;'>Corriente de Cortocircuito (Isc)<\/strong> <\/p>\n<p style='color: inherit; font-size: 15px; margin: 8px 0 0 0;'>14.44 A<\/p>\n<\/p><\/div>\n<div style='border: 1px solid rgba(150&comma;150&comma;150&comma;0.2); padding: 15px; border-radius: 6px;'> <strong style='color: inherit; font-size: 15px;'>Dimensiones<\/strong> <\/p>\n<p style='color: inherit; font-size: 15px; margin: 8px 0 0 0;'>2278x1134x30 mm<\/p>\n<\/p><\/div>\n<\/p><\/div>\n<\/p><\/div>\n<div style='margin: 40px 0;'>\n<h3 style='font-size: 24px; color: inherit; margin-top: 0; margin-bottom: 20px; border-bottom: 1px solid rgba(150&comma;150&comma;150&comma;0.3); padding-bottom: 10px;'>Capacidad de carga mec\u00e1nica<\/h3>\n<div style='display: grid; grid-template-columns: repeat(auto-fill&comma; minmax(280px&comma; 1fr)); gap: 20px;'>\n<div style='border: 1px solid rgba(150&comma;150&comma;150&comma;0.2); padding: 15px; border-radius: 6px;'> <strong style='color: inherit; font-size: 15px;'>M\u00e1xima carga est\u00e1tica en superficie frontal<\/strong> <\/p>\n<p style='color: inherit; font-size: 15px; margin: 8px 0 0 0;'>5400Pa<\/p>\n<\/p><\/div>\n<div style='border: 1px solid rgba(150&comma;150&comma;150&comma;0.2); padding: 15px; border-radius: 6px;'> <strong style='color: inherit; font-size: 15px;'>M\u00e1xima carga est\u00e1tica en superficie posterior<\/strong> <\/p>\n<p style='color: inherit; font-size: 15px; margin: 8px 0 0 0;'>2400Pa<\/p>\n<\/p><\/div>\n<div style='border: 1px solid rgba(150&comma;150&comma;150&comma;0.2); padding: 15px; border-radius: 6px;'> <strong style='color: inherit; font-size: 15px;'>Test de granizo<\/strong> <\/p>\n<p style='color: inherit; font-size: 15px; margin: 8px 0 0 0;'>Di\u00e1metro de 25mm&comma; velocidad de impacto de 23m\/s<\/p>\n<\/p><\/div>\n<\/p><\/div>\n<\/p><\/div>\n<div style='margin: 40px 0;'>\n<h3 style='font-size: 24px; color: inherit; margin-top: 0; margin-bottom: 20px; border-bottom: 1px solid rgba(150&comma;150&comma;150&comma;0.3); padding-bottom: 10px;'>Coeficientes de temperatura (STC)<\/h3>\n<div style='display: grid; grid-template-columns: repeat(auto-fill&comma; minmax(280px&comma; 1fr)); gap: 20px;'>\n<div style='border: 1px solid rgba(150&comma;150&comma;150&comma;0.2); padding: 15px; border-radius: 6px;'> <strong style='color: inherit; font-size: 15px;'>Coeficiente de temperatura Isc<\/strong> <\/p>\n<p style='color: inherit; font-size: 15px; margin: 8px 0 0 0;'>+0.050%\/\u00b0C<\/p>\n<\/p><\/div>\n<div style='border: 1px solid rgba(150&comma;150&comma;150&comma;0.2); padding: 15px; border-radius: 6px;'> <strong style='color: inherit; font-size: 15px;'>Coeficiente de temperatura Voc<\/strong> <\/p>\n<p style='color: inherit; font-size: 15px; margin: 8px 0 0 0;'>-0.230%\/\u00b0C<\/p>\n<\/p><\/div>\n<div style='border: 1px solid rgba(150&comma;150&comma;150&comma;0.2); padding: 15px; border-radius: 6px;'> <strong style='color: inherit; font-size: 15px;'>Coeficiente de temperatura Pmax<\/strong> <\/p>\n<p style='color: inherit; font-size: 15px; margin: 8px 0 0 0;'>-0.290%\/\u00b0C<\/p>\n<\/p><\/div>\n<\/p><\/div>\n<\/p><\/div>\n<div style='margin: 40px 0;'>\n<h3 style='font-size: 24px; color: inherit; margin-top: 0; margin-bottom: 20px; border-bottom: 1px solid rgba(150&comma;150&comma;150&comma;0.3); padding-bottom: 10px;'>Aplicaciones<\/h3>\n<ul style='padding-left: 20px; color: inherit; font-size: 15px;'>\n<li style='margin-bottom: 10px;'>Para interconexi\u00f3n a la red el\u00e9ctrica<\/li>\n<li style='margin-bottom: 10px;'>Sistemas aislados con controladores MPPT<\/li>\n<\/ul><\/div>\n<div style='margin: 40px 0;'>\n<h3 style='font-size: 24px; color: inherit; margin-top: 0; margin-bottom: 20px; border-bottom: 1px solid rgba(150&comma;150&comma;150&comma;0.3); padding-bottom: 10px;'>Garant\u00eda<\/h3>\n<p style='font-size: 15px; color: inherit; margin-bottom: 15px;'>Se ofrece una garant\u00eda de 15 a\u00f1os contra defectos de fabricaci\u00f3n&comma; as\u00ed como una vida \u00fatil de 25 a\u00f1os en t\u00e9rminos de salida de potencia.<\/p>\n<\/p><\/div>\n<\/p><\/div>\n","protected":false},"excerpt":{"rendered":"<p>M\u00f3dulo Solar HI-MO X6,  575 W, 52.06 Vcc, Monocristalino HPBC. Eficiencia 25.5%<\/p>\n","protected":false},"featured_media":44468,"comment_status":"open","ping_status":"closed","template":"","meta":[],"product_brand":[],"product_cat":[1152],"product_tag":[964,1154,1153],"class_list":{"0":"post-44469","1":"product","2":"type-product","3":"status-publish","4":"has-post-thumbnail","6":"product_cat-modulos-solares","7":"product_tag-energia-solar","8":"product_tag-longi","9":"product_tag-modulos-solares","11":"first","12":"outofstock","13":"sale","14":"shipping-taxable","15":"purchasable","16":"product-type-simple"},"_links":{"self":[{"href":"https:\/\/soydeaqui.ddns.net\/pachuca\/index.php\/wp-json\/wp\/v2\/product\/44469","targetHints":{"allow":["GET"]}}],"collection":[{"href":"https:\/\/soydeaqui.ddns.net\/pachuca\/index.php\/wp-json\/wp\/v2\/product"}],"about":[{"href":"https:\/\/soydeaqui.ddns.net\/pachuca\/index.php\/wp-json\/wp\/v2\/types\/product"}],"replies":[{"embeddable":true,"href":"https:\/\/soydeaqui.ddns.net\/pachuca\/index.php\/wp-json\/wp\/v2\/comments?post=44469"}],"wp:featuredmedia":[{"embeddable":true,"href":"https:\/\/soydeaqui.ddns.net\/pachuca\/index.php\/wp-json\/wp\/v2\/media\/44468"}],"wp:attachment":[{"href":"https:\/\/soydeaqui.ddns.net\/pachuca\/index.php\/wp-json\/wp\/v2\/media?parent=44469"}],"wp:term":[{"taxonomy":"product_brand","embeddable":true,"href":"https:\/\/soydeaqui.ddns.net\/pachuca\/index.php\/wp-json\/wp\/v2\/product_brand?post=44469"},{"taxonomy":"product_cat","embeddable":true,"href":"https:\/\/soydeaqui.ddns.net\/pachuca\/index.php\/wp-json\/wp\/v2\/product_cat?post=44469"},{"taxonomy":"product_tag","embeddable":true,"href":"https:\/\/soydeaqui.ddns.net\/pachuca\/index.php\/wp-json\/wp\/v2\/product_tag?post=44469"}],"curies":[{"name":"wp","href":"https:\/\/api.w.org\/{rel}","templated":true}]}}