{"id":44444,"date":"2026-03-18T19:40:39","date_gmt":"2026-03-18T19:40:39","guid":{"rendered":"https:\/\/soydeaqui.ddns.net\/pachuca\/index.php\/producto\/inversor-para-interconexion-a-cfe-de-5-kw-con-salida-de-220-vca-modulo-wifi-incluido-6\/"},"modified":"2026-03-18T19:40:40","modified_gmt":"2026-03-18T19:40:40","slug":"inversor-para-interconexion-a-cfe-de-5-kw-con-salida-de-220-vca-modulo-wifi-incluido-6","status":"publish","type":"product","link":"https:\/\/soydeaqui.ddns.net\/pachuca\/index.php\/producto\/inversor-para-interconexion-a-cfe-de-5-kw-con-salida-de-220-vca-modulo-wifi-incluido-6\/","title":{"rendered":"Inversor para Interconexi\u00f3n a CFE de 5 kW con Salida de 220 Vca, M\u00f3dulo Wifi Incluido"},"content":{"rendered":"<div style='width: 100%; max-width: 1200px; margin: 0 auto; font-family: sans-serif; line-height: 1.6; color: inherit; background-color: transparent;'> <!-- Secci\u00f3n de encabezado --> <\/p>\n<div style='width: 100%; padding: 15px; background-color: #003366; color: white; text-align: center; margin-bottom: 30px;'>\n<p style='font-size: 16px; margin: 0; color: inherit;'>M\u00e1xima eficiencia hasta 97.8%&comma; 3 MPPT&comma; dise\u00f1o compacto&comma; amplio rango de voltaje de trabajo.<\/p>\n<\/p><\/div>\n<p> <!-- Secci\u00f3n de funcionamiento --> <\/p>\n<div style='margin-bottom: 30px;'>\n<h3 style='font-size: 22px; border-bottom: 2px solid currentColor; padding-bottom: 5px; margin-top: 0; color: inherit; opacity: 0.8;'>\u00bfC\u00f3mo Funciona?<\/h3>\n<p style='font-size: 15px; color: inherit;'> Los sistemas de interconexi\u00f3n convierten&comma; mediante un inversor&comma; la energ\u00eda en corriente directa generada por los paneles solares en energ\u00eda en corriente alterna en total sincron\u00eda en voltaje y frecuencia tal y como lo entrega CFE. <\/p>\n<p style='font-size: 15px; color: inherit;'> La energ\u00eda generada es enviada a la vivienda para su consumo y el excedente se regresa a la red el\u00e9ctrica. De esta forma no solo bajamos nuestro consumo&comma; sino que existe un retorno de energ\u00eda dando ahorros de hasta un 95% en el pago del recibo de electricidad. <\/p>\n<\/p><\/div>\n<p> <!-- Secci\u00f3n de aplicaci\u00f3n --> <\/p>\n<div style='margin-bottom: 30px;'>\n<h3 style='font-size: 22px; border-bottom: 2px solid currentColor; padding-bottom: 5px; margin-top: 0; color: inherit; opacity: 0.8;'>Aplicaci\u00f3n<\/h3>\n<p style='font-size: 15px; color: inherit;'> Soluci\u00f3n ideal de sistema solar para viviendas privadas&comma; cuando los m\u00f3dulos est\u00e1n situados en diferentes lados del techo&comma; en instalaciones monof\u00e1sicas y en combinaci\u00f3n trif\u00e1sica. <\/p>\n<p> <!-- Im\u00e1genes --> <\/p>\n<div style='display: flex; flex-wrap: wrap; gap: 20px; justify-content: center; margin: 20px 0;'> <img style='width: 100%; max-width: 700px; height: auto; border: 1px solid rgba(150&comma;150&comma;150&comma;0.3); border-radius: 8px;' src='https:\/\/www.aforenergy.com\/upload\/ueditor\/20190510\/1557457091697981.jpg' alt=''> <img style='width: 100%; max-width: 400px; height: auto; border: 1px solid rgba(150&comma;150&comma;150&comma;0.3); border-radius: 8px;' src='https:\/\/ftp3.syscom.mx\/usuarios\/ftp\/single_page\/vp-epcompowerline\/casa.jpg' alt=''> <\/div>\n<\/p><\/div>\n<p> <!-- Secci\u00f3n de caracter\u00edsticas --> <\/p>\n<div style='margin-bottom: 30px;'>\n<h3 style='font-size: 22px; border-bottom: 2px solid currentColor; padding-bottom: 5px; margin-top: 0; color: inherit; opacity: 0.8;'>Caracter\u00edsticas<\/h3>\n<ul style='padding-left: 20px; font-size: 15px; color: inherit;'>\n<li style='margin-bottom: 5px;'><strong>Amigable con el Usuario:<\/strong> Dise\u00f1o compacto&comma; f\u00e1cil instalaci\u00f3n y transporte.<\/li>\n<li style='margin-bottom: 5px;'><strong>Alto Rendimiento:<\/strong> M\u00e1xima eficiencia hasta 97.8%&comma; doble MPPT para diferentes alineaciones. Amplio voltaje de trabajo para un mayor tiempo de producci\u00f3n.<\/li>\n<li style='margin-bottom: 5px;'><strong>Seguro y Confiable:<\/strong> Protecci\u00f3n m\u00faltiple y amplia detecci\u00f3n de errores&comma; grado de protecci\u00f3n NEMA 4X&comma; enfriamiento natural.<\/li>\n<\/ul><\/div>\n<p> <!-- Secci\u00f3n de ventajas --> <\/p>\n<div style='margin-bottom: 30px;'>\n<h3 style='font-size: 22px; border-bottom: 2px solid currentColor; padding-bottom: 5px; margin-top: 0; color: inherit; opacity: 0.8;'>\u00bfPor qu\u00e9 utilizar inversores Afore?<\/h3>\n<ul style='padding-left: 20px; font-size: 15px; color: inherit;'>\n<li style='margin-bottom: 5px;'>Dise\u00f1o sin ventiladores<\/li>\n<li style='margin-bottom: 5px;'>Instalaci\u00f3n f\u00e1cil y r\u00e1pida<\/li>\n<li style='margin-bottom: 5px;'>Salida de energ\u00eda de alta calidad con una baja distorsi\u00f3n arm\u00f3nica<\/li>\n<li style='margin-bottom: 5px;'>Cuenta con la certificaci\u00f3n necesaria para realizar contratos de interconexi\u00f3n con la red de CFE (IEE1547 y UL1741).<\/li>\n<li style='margin-bottom: 5px;'>Dise\u00f1o con 2 MPPT<\/li>\n<li style='margin-bottom: 5px;'>Compensaci\u00f3n de potencia reactiva y posibilidad para ajuste de factor de potencia<\/li>\n<\/ul><\/div>\n<p> <!-- Secci\u00f3n de beneficios --> <\/p>\n<div style='margin-bottom: 30px;'>\n<h3 style='font-size: 22px; border-bottom: 2px solid currentColor; padding-bottom: 5px; margin-top: 0; color: inherit; opacity: 0.8;'>Beneficios<\/h3>\n<div style='display: grid; grid-template-columns: repeat(auto-fill&comma; minmax(200px&comma; 1fr)); gap: 20px; margin-top: 20px;'>\n<div style='text-align: center; padding: 15px;'> <img style='width: 80px; height: auto; margin-bottom: 10px; border: 1px solid rgba(150&comma;150&comma;150&comma;0.3); border-radius: 8px;' src='https:\/\/ftp3.syscom.mx\/usuarios\/ftp\/single_page\/epcom_powerline\/limpia.png' alt=''> <\/p>\n<p style='margin: 0; font-size: 14px; color: inherit;'>Energ\u00eda Limpia<\/p>\n<\/p><\/div>\n<div style='text-align: center; padding: 15px;'> <img style='width: 80px; height: auto; margin-bottom: 10px; border: 1px solid rgba(150&comma;150&comma;150&comma;0.3); border-radius: 8px;' src='https:\/\/ftp3.syscom.mx\/usuarios\/ftp\/single_page\/epcom_powerline\/ahorro.png' alt=''> <\/p>\n<p style='margin: 0; font-size: 14px; color: inherit;'>Ahorro de Energ\u00eda<\/p>\n<\/p><\/div>\n<div style='text-align: center; padding: 15px;'> <img style='width: 80px; height: auto; margin-bottom: 10px; border: 1px solid rgba(150&comma;150&comma;150&comma;0.3); border-radius: 8px;' src='https:\/\/ftp3.syscom.mx\/usuarios\/ftp\/single_page\/epcom_powerline\/ciudad.png' alt=''> <\/p>\n<p style='margin: 0; font-size: 14px; color: inherit;'>Cuidado del Medio Ambiente<\/p>\n<\/p><\/div>\n<div style='text-align: center; padding: 15px;'> <img style='width: 80px; height: auto; margin-bottom: 10px; border: 1px solid rgba(150&comma;150&comma;150&comma;0.3); border-radius: 8px;' src='https:\/\/ftp3.syscom.mx\/usuarios\/ftp\/single_page\/epcom_powerline\/conexion.png' alt=''> <\/p>\n<p style='margin: 0; font-size: 14px; color: inherit;'>Conexi\u00f3n sencilla<\/p>\n<\/p><\/div>\n<\/p><\/div>\n<\/p><\/div>\n<p> <!-- Secci\u00f3n de diagramas --> <\/p>\n<div style='margin-bottom: 30px;'>\n<h3 style='font-size: 22px; border-bottom: 2px solid currentColor; padding-bottom: 5px; margin-top: 0; color: inherit; opacity: 0.8;'>Diagramas de Conexi\u00f3n<\/h3>\n<div style='display: flex; flex-wrap: wrap; gap: 30px; margin-top: 20px;'>\n<div style='flex: 1 1 400px; min-width: 300px;'>\n<h4 style='font-size: 18px; text-align: center; margin-top: 0; color: inherit;'>Diagrama de Conexi\u00f3n para Soluci\u00f3n con Inversores de Cadena<\/h4>\n<p> <img style='width: 100%; height: auto; border: 1px solid rgba(150&comma;150&comma;150&comma;0.3); border-radius: 8px;' src='https:\/\/ftp3.syscom.mx\/usuarios\/ftp\/single_page\/epcom_powerline\/DIAG-2.png' alt=''> <\/div>\n<div style='flex: 1 1 400px; min-width: 300px;'>\n<h4 style='font-size: 18px; text-align: center; margin-top: 0; color: inherit;'>Diagrama de Conexi\u00f3n para Soluci\u00f3n con Microinversores<\/h4>\n<p> <img style='width: 100%; height: auto; border: 1px solid rgba(150&comma;150&comma;150&comma;0.3); border-radius: 8px;' src='https:\/\/ftp3.syscom.mx\/usuarios\/ftp\/single_page\/epcom_powerline\/diagrama-1.png' alt=''> <\/div>\n<\/p><\/div>\n<\/p><\/div>\n<p> <!-- Secci\u00f3n de especificaciones --> <\/p>\n<div style='margin-bottom: 30px;'>\n<h3 style='font-size: 22px; border-bottom: 2px solid currentColor; padding-bottom: 5px; margin-top: 0; color: inherit; opacity: 0.8;'>Caracter\u00edsticas Espec\u00edficas<\/h3>\n<div style='display: flex; justify-content: center; margin: 20px 0;'> <img style='width: 100%; max-width: 1000px; height: auto; border: 1px solid rgba(150&comma;150&comma;150&comma;0.3); border-radius: 8px;' src='https:\/\/www.aforenergy.com\/upload\/ueditor\/20230510\/1683684028477343.webp' alt=''> <\/div>\n<\/p><\/div>\n<p> <!-- Secci\u00f3n de monitoreo --> <\/p>\n<div style='margin-bottom: 30px;'>\n<h3 style='font-size: 22px; border-bottom: 2px solid currentColor; padding-bottom: 5px; margin-top: 0; color: inherit; opacity: 0.8;'>Monitoreo desde P\u00e1gina Web<\/h3>\n<\/p><\/div>\n<p> <!-- Secci\u00f3n de notas --> <\/p>\n<div style='margin-bottom: 30px;'>\n<h3 style='font-size: 22px; border-bottom: 2px solid currentColor; padding-bottom: 5px; margin-top: 0; color: inherit; opacity: 0.8;'>Notas<\/h3>\n<ul style='padding-left: 20px; font-size: 15px; color: inherit;'>\n<li style='margin-bottom: 5px;'>Los equipos de interconexi\u00f3n a la red el\u00e9ctrica no pueden operar con generadores di\u00e9sel o a gasolina.<\/li>\n<li style='margin-bottom: 5px;'>Los inversores requieren sincronizarse para entregar voltaje&comma; de lo contrario el equipo no entregar\u00e1 voltaje&comma; si se miden las terminales con los paneles conectados el voltaje medido debe ser 0V.<\/li>\n<\/ul><\/div>\n<p> <!-- Secci\u00f3n de recomendaciones --> <\/p>\n<div style='margin-bottom: 30px;'>\n<h3 style='font-size: 22px; border-bottom: 2px solid currentColor; padding-bottom: 5px; margin-top: 0; color: inherit; opacity: 0.8;'>Recomendaciones<\/h3>\n<p style='font-size: 15px; color: inherit;'> Se recomienda utilizar sistemas de tierra f\u00edsica (<a style='color: #005cb9; text-decoration: none; font-weight: 600;' href='https:\/\/www.syscom.mx\/principal\/searchcont?route=LP-GROUND-30A-LINKEDPRO-172180&#038;autodetect=lpground30a'>LP-GROUND-30A<\/a>)&comma; colocar supresores de picos (<a style='color: #005cb9; text-decoration: none; font-weight: 600;' href='https:\/\/www.syscom.mx\/principal\/searchcont?route=LA302R-DELTA-167343&#038;autodetect=la302'>LA302R<\/a>) y verificar voltajes de operaci\u00f3n. Consultarlo con el departamento de ingenier\u00eda en energ\u00eda solar. <\/p>\n<\/p><\/div>\n<p> <!-- Separador final --> <\/p>\n<hr style='border: 0; border-top: 1px solid rgba(150&comma; 150&comma; 150&comma; 0.3); margin: 30px 0;'> <\/div>\n","protected":false},"excerpt":{"rendered":"<p>Inversor para Interconexi\u00f3n a CFE de 5 kW con Salida de 220 Vca, M\u00f3dulo Wifi Incluido<\/p>\n","protected":false},"featured_media":32,"comment_status":"open","ping_status":"closed","template":"","meta":[],"product_brand":[],"product_cat":[1092],"product_tag":[1223,964,1093],"class_list":{"0":"post-44444","1":"product","2":"type-product","3":"status-publish","4":"has-post-thumbnail","6":"product_cat-inversores-interconexion-on-grid","7":"product_tag-afore","8":"product_tag-energia-solar","9":"product_tag-inversores-interconexion-on-grid","11":"first","12":"outofstock","13":"sale","14":"shipping-taxable","15":"purchasable","16":"product-type-simple"},"_links":{"self":[{"href":"https:\/\/soydeaqui.ddns.net\/pachuca\/index.php\/wp-json\/wp\/v2\/product\/44444","targetHints":{"allow":["GET"]}}],"collection":[{"href":"https:\/\/soydeaqui.ddns.net\/pachuca\/index.php\/wp-json\/wp\/v2\/product"}],"about":[{"href":"https:\/\/soydeaqui.ddns.net\/pachuca\/index.php\/wp-json\/wp\/v2\/types\/product"}],"replies":[{"embeddable":true,"href":"https:\/\/soydeaqui.ddns.net\/pachuca\/index.php\/wp-json\/wp\/v2\/comments?post=44444"}],"wp:featuredmedia":[{"embeddable":true,"href":"https:\/\/soydeaqui.ddns.net\/pachuca\/index.php\/wp-json\/wp\/v2\/media\/32"}],"wp:attachment":[{"href":"https:\/\/soydeaqui.ddns.net\/pachuca\/index.php\/wp-json\/wp\/v2\/media?parent=44444"}],"wp:term":[{"taxonomy":"product_brand","embeddable":true,"href":"https:\/\/soydeaqui.ddns.net\/pachuca\/index.php\/wp-json\/wp\/v2\/product_brand?post=44444"},{"taxonomy":"product_cat","embeddable":true,"href":"https:\/\/soydeaqui.ddns.net\/pachuca\/index.php\/wp-json\/wp\/v2\/product_cat?post=44444"},{"taxonomy":"product_tag","embeddable":true,"href":"https:\/\/soydeaqui.ddns.net\/pachuca\/index.php\/wp-json\/wp\/v2\/product_tag?post=44444"}],"curies":[{"name":"wp","href":"https:\/\/api.w.org\/{rel}","templated":true}]}}