{"id":44426,"date":"2026-03-18T19:40:03","date_gmt":"2026-03-18T19:40:03","guid":{"rendered":"https:\/\/soydeaqui.ddns.net\/pachuca\/index.php\/producto\/abrazadera-unicanal-de-3-4-19-05-mm\/"},"modified":"2026-03-18T19:40:04","modified_gmt":"2026-03-18T19:40:04","slug":"abrazadera-unicanal-de-3-4-19-05-mm","status":"publish","type":"product","link":"https:\/\/soydeaqui.ddns.net\/pachuca\/index.php\/producto\/abrazadera-unicanal-de-3-4-19-05-mm\/","title":{"rendered":"Abrazadera Unicanal de 3\/4&#8243; (19.05 mm)."},"content":{"rendered":"<div style='width: 100%; max-width: 1200px; margin: 0 auto; font-family: sans-serif; line-height: 1.6; color: inherit; background-color: transparent;'>\n<div style='display: flex; flex-wrap: wrap; gap: 30px; margin-bottom: 30px;'>\n<div style='flex: 1 1 300px; min-width: 280px;'>\n<h3 style='font-size: 22px; border-bottom: 2px solid currentColor; padding-bottom: 5px; margin-top: 0; color: inherit; opacity: 0.8;'>Caracter\u00edsticas<\/h3>\n<ul style='padding-left: 20px; font-size: 15px; color: inherit;'>\n<li style='margin-bottom: 5px;'>Permite gran versatilidad en el montaje: suspendido&comma; fijado directamente a la pared&comma; fijado a otras gu\u00edas&comma; etc.<\/li>\n<li style='margin-bottom: 5px;'>Compatible con la gama de abrazaderas del cat\u00e1logo<\/li>\n<li style='margin-bottom: 5px;'>Acabado en:<\/li>\n<ul style='padding-left: 40px; font-size: 15px; color: inherit;'>\n<li style='margin-bottom: 5px;'>Galvanizado: para soportaci\u00f3n de instalaciones el\u00e9ctricas o instalaciones sencillas de fluidos en interiores o exteriores con corrosi\u00f3n moderada<\/li>\n<\/ul>\n<li style='margin-bottom: 5px;'>Accesorio b\u00e1sico complementario de la gama de soportaci\u00f3n<\/li>\n<li style='margin-bottom: 5px;'>Espesor 1.5 mm<\/li>\n<li style='margin-bottom: 5px;'>Tornillo \/ Tuerca: 1\/4&#8242; x 3\/4&#8242;<\/li>\n<li style='margin-bottom: 5px;'>Dimensiones: 60 x 32 mm (B x C)<\/li>\n<\/ul>\n<\/div>\n<\/div>\n<\/div>\n","protected":false},"excerpt":{"rendered":"<p>Abrazadera Unicanal de 3\/4&#8243; (19.05 mm).<\/p>\n","protected":false},"featured_media":44425,"comment_status":"open","ping_status":"closed","template":"","meta":[],"product_brand":[],"product_cat":[655],"product_tag":[572,248,656],"class_list":{"0":"post-44426","1":"product","2":"type-product","3":"status-publish","4":"has-post-thumbnail","6":"product_cat-tuberia-metalica-conduit-accesorios","7":"product_tag-canalizacion","8":"product_tag-precision","9":"product_tag-tuberia-metalica-conduit-accesorios","11":"first","12":"outofstock","13":"sale","14":"shipping-taxable","15":"purchasable","16":"product-type-simple"},"_links":{"self":[{"href":"https:\/\/soydeaqui.ddns.net\/pachuca\/index.php\/wp-json\/wp\/v2\/product\/44426","targetHints":{"allow":["GET"]}}],"collection":[{"href":"https:\/\/soydeaqui.ddns.net\/pachuca\/index.php\/wp-json\/wp\/v2\/product"}],"about":[{"href":"https:\/\/soydeaqui.ddns.net\/pachuca\/index.php\/wp-json\/wp\/v2\/types\/product"}],"replies":[{"embeddable":true,"href":"https:\/\/soydeaqui.ddns.net\/pachuca\/index.php\/wp-json\/wp\/v2\/comments?post=44426"}],"wp:featuredmedia":[{"embeddable":true,"href":"https:\/\/soydeaqui.ddns.net\/pachuca\/index.php\/wp-json\/wp\/v2\/media\/44425"}],"wp:attachment":[{"href":"https:\/\/soydeaqui.ddns.net\/pachuca\/index.php\/wp-json\/wp\/v2\/media?parent=44426"}],"wp:term":[{"taxonomy":"product_brand","embeddable":true,"href":"https:\/\/soydeaqui.ddns.net\/pachuca\/index.php\/wp-json\/wp\/v2\/product_brand?post=44426"},{"taxonomy":"product_cat","embeddable":true,"href":"https:\/\/soydeaqui.ddns.net\/pachuca\/index.php\/wp-json\/wp\/v2\/product_cat?post=44426"},{"taxonomy":"product_tag","embeddable":true,"href":"https:\/\/soydeaqui.ddns.net\/pachuca\/index.php\/wp-json\/wp\/v2\/product_tag?post=44426"}],"curies":[{"name":"wp","href":"https:\/\/api.w.org\/{rel}","templated":true}]}}