{"id":4438,"date":"2026-03-18T06:19:13","date_gmt":"2026-03-18T06:19:13","guid":{"rendered":"https:\/\/soydeaqui.ddns.net\/pachuca\/index.php\/producto\/receptor-con-control-remoto-de-4-canales-soporta-40-transmisores\/"},"modified":"2026-03-18T06:19:17","modified_gmt":"2026-03-18T06:19:17","slug":"receptor-con-control-remoto-de-4-canales-soporta-40-transmisores","status":"publish","type":"product","link":"https:\/\/soydeaqui.ddns.net\/pachuca\/index.php\/producto\/receptor-con-control-remoto-de-4-canales-soporta-40-transmisores\/","title":{"rendered":"Receptor con Control Remoto de 4 Canales \/ Soporta 40 Transmisores"},"content":{"rendered":"<div style='width: 100%; max-width: 1200px; margin: 0 auto; font-family: sans-serif; line-height: 1.6; color: inherit;'>\n<div style='text-align: center;'> <img style='width: 100%; max-width: 393px; height: auto; border: 1px solid rgba(150&comma;150&comma;150&comma;0.3); border-radius: 8px;' src='https:\/\/ftp3.syscom.mx\/usuarios\/fotos\/PRO800B\/67296-access-pro.png' alt='' \/> <\/div>\n<h3 style='text-align: center; font-size: 22px; border-bottom: 2px solid currentColor; padding-bottom: 5px; margin-top: 0; color: inherit; opacity: 0.8;'>Receptor \/ Transmisor Remoto de 4 Relevadores<\/h3>\n<div style='display: flex; flex-wrap: wrap; gap: 30px; margin-bottom: 30px;'>\n<div style='flex: 1 1 300px; min-width: 280px;'>\n<h3 style='font-size: 20px; border-bottom: 2px solid currentColor; padding-bottom: 5px; margin-top: 0; color: inherit; opacity: 0.8;'>Caracter\u00edsticas<\/h3>\n<ul style='padding-left: 20px; font-size: 15px; color: inherit;'>\n<li style='margin-bottom: 5px;'>Dimensiones: 81L*38W*22H (mm)<\/li>\n<li style='margin-bottom: 5px;'><strong>Consumo de corriente:<\/strong> 10mA<\/li>\n<li style='margin-bottom: 5px;'><strong>Salidas de Relevador:<\/strong> 4 (NO\/NC\/COM)<\/li>\n<li style='margin-bottom: 5px;'>Frecuencia de transmisi\u00f3n: 433.92 MHz<\/li>\n<li style='margin-bottom: 5px;'><strong>Distancia de transmisi\u00f3n:<\/strong> menor a 30 metros (en l\u00ednea de vista)<\/li>\n<li style='margin-bottom: 5px;'>Alimentaci\u00f3n del Control: Bater\u00eda 3V modelo CR2032PM<\/li>\n<li style='margin-bottom: 5px;'><strong>Alimentaci\u00f3n Receptor:<\/strong> 12VDC 1A<\/li>\n<li style='margin-bottom: 5px;'><strong>Capacidad de controles:<\/strong> 40 <a href='https:\/\/www.syscom.mx\/producto\/ACCESS807M4-ACCESSPRO-191149.html' target='_blank' rel='noopener' style='color: inherit; text-decoration: underline;'>ACCESS807M4<\/a><\/li>\n<li style='margin-bottom: 5px;'>Peso: 0.085kg<\/li>\n<li style='margin-bottom: 5px;'><strong>Incluye un transmisor<\/strong> <a href='https:\/\/www.syscom.mx\/producto\/ACCESS807M4-ACCESSPRO-191149.html' target='_blank' rel='noopener' style='color: inherit; text-decoration: underline;'>ACCESS807M4<\/a><\/li>\n<li style='margin-bottom: 5px;'>Para enrolar los 4 botones al momento de dar de alta el control primero presionar el bot\u00f3n A&comma; despu\u00e9s el bot\u00f3n B&comma; despu\u00e9s el bot\u00f3n C y por \u00faltimo el bot\u00f3n D<\/li>\n<\/ul><\/div>\n<\/p><\/div>\n<div style='margin-bottom: 30px;'>\n<h4 style='font-size: 16px; color: inherit; opacity: 0.8;'><strong>Notas:<\/strong> El Control no incluye bater\u00eda. Contemplar el modelo CR2032PM<\/h4>\n<\/p><\/div>\n<div style='display: flex; flex-wrap: wrap; gap: 30px; justify-content: center;'>\n<div style='position: relative; padding-bottom: 56.25%; width: 100%; max-width: 560px; height: 0; overflow: hidden; margin-bottom: 30px;'>   <\/div>\n<div style='position: relative; padding-bottom: 56.25%; width: 100%; max-width: 560px; height: 0; overflow: hidden; margin-bottom: 30px;'>   <\/div>\n<\/p><\/div>\n<\/p><\/div>\n","protected":false},"excerpt":{"rendered":"<p>Receptor con Control Remoto de 4 Canales \/ Soporta 40 Transmisores<\/p>\n","protected":false},"featured_media":4437,"comment_status":"open","ping_status":"closed","template":"","meta":[],"product_brand":[],"product_cat":[190],"product_tag":[93,234,191],"class_list":{"0":"post-4438","1":"product","2":"type-product","3":"status-publish","4":"has-post-thumbnail","6":"product_cat-botones-de-salida","7":"product_tag-accesorios","8":"product_tag-accesspro","9":"product_tag-botones-de-salida","11":"first","12":"instock","13":"sale","14":"shipping-taxable","15":"purchasable","16":"product-type-simple"},"_links":{"self":[{"href":"https:\/\/soydeaqui.ddns.net\/pachuca\/index.php\/wp-json\/wp\/v2\/product\/4438","targetHints":{"allow":["GET"]}}],"collection":[{"href":"https:\/\/soydeaqui.ddns.net\/pachuca\/index.php\/wp-json\/wp\/v2\/product"}],"about":[{"href":"https:\/\/soydeaqui.ddns.net\/pachuca\/index.php\/wp-json\/wp\/v2\/types\/product"}],"replies":[{"embeddable":true,"href":"https:\/\/soydeaqui.ddns.net\/pachuca\/index.php\/wp-json\/wp\/v2\/comments?post=4438"}],"wp:featuredmedia":[{"embeddable":true,"href":"https:\/\/soydeaqui.ddns.net\/pachuca\/index.php\/wp-json\/wp\/v2\/media\/4437"}],"wp:attachment":[{"href":"https:\/\/soydeaqui.ddns.net\/pachuca\/index.php\/wp-json\/wp\/v2\/media?parent=4438"}],"wp:term":[{"taxonomy":"product_brand","embeddable":true,"href":"https:\/\/soydeaqui.ddns.net\/pachuca\/index.php\/wp-json\/wp\/v2\/product_brand?post=4438"},{"taxonomy":"product_cat","embeddable":true,"href":"https:\/\/soydeaqui.ddns.net\/pachuca\/index.php\/wp-json\/wp\/v2\/product_cat?post=4438"},{"taxonomy":"product_tag","embeddable":true,"href":"https:\/\/soydeaqui.ddns.net\/pachuca\/index.php\/wp-json\/wp\/v2\/product_tag?post=4438"}],"curies":[{"name":"wp","href":"https:\/\/api.w.org\/{rel}","templated":true}]}}