{"id":44315,"date":"2026-03-18T19:36:41","date_gmt":"2026-03-18T19:36:41","guid":{"rendered":"https:\/\/soydeaqui.ddns.net\/pachuca\/index.php\/producto\/modulo-solar-730-w-bifacial-49-4-vcc-monocristalino-celda-tipo-n-doble-vidrio\/"},"modified":"2026-03-18T19:36:42","modified_gmt":"2026-03-18T19:36:42","slug":"modulo-solar-730-w-bifacial-49-4-vcc-monocristalino-celda-tipo-n-doble-vidrio","status":"publish","type":"product","link":"https:\/\/soydeaqui.ddns.net\/pachuca\/index.php\/producto\/modulo-solar-730-w-bifacial-49-4-vcc-monocristalino-celda-tipo-n-doble-vidrio\/","title":{"rendered":"M\u00f3dulo Solar 730 W, Bifacial, 49.4 Vcc, Monocristalino. Celda tipo N, Doble Vidrio"},"content":{"rendered":"<div style='width: 100%; max-width: 1200px; margin: 0 auto; font-family: sans-serif; line-height: 1.6; color: inherit; background-color: transparent;'>\n<div style='text-align: center; margin-bottom: 20px;'>\n<h2 style='font-size: 24px; color: #2880b9; margin: 0; font-family: tahoma&comma; arial&comma; helvetica&comma; sans-serif;'> M\u00f3dulo Solar Monocristalino TOPCPON DOBLE VIDRIO <\/h2>\n<\/p><\/div>\n<div style='text-align: center; margin-bottom: 20px;'> <img style='width: 100%; max-width: 662px; height: auto; border: 1px solid rgba(150&comma;150&comma;150&comma;0.3); border-radius: 8px;' src='https:\/\/ftp3.syscom.mx\/usuarios\/fotos\/LP210*210M66NB690W\/233565-panel_.jpg' alt=''> <\/div>\n<div style='text-align: center; margin-bottom: 30px; font-size: 15px;'> <span style='font-family: tahoma&comma; arial&comma; helvetica&comma; sans-serif; color: inherit;'> Este m\u00f3dulo esta dise\u00f1ado para ser usado en sistemas fotovoltaicos de <strong style='color: inherit;'>interconexi\u00f3n<\/strong> y <strong style='color: inherit;'>aislados<\/strong> de la red con controladores <strong style='color: inherit;'>MPPT<\/strong>. Quedate protegido con <strong style='color: inherit;'>25 a\u00f1os<\/strong> de <strong style='color: inherit;'>garant\u00eda<\/strong> contra <strong style='color: inherit;'>defectos de fabricaci\u00f3n<\/strong> <\/span> <\/div>\n<div style='margin-bottom: 30px;'>\n<h2 style='text-align: center; font-size: 22px; margin-bottom: 20px; color: inherit; opacity: 0.8; border-bottom: 2px solid currentColor; padding-bottom: 5px;'> Especificaciones <\/h2>\n<div style='display: flex; flex-wrap: wrap; gap: 20px; justify-content: center;'>\n<div style='flex: 1 1 250px; min-width: 250px; max-width: 400px;'>\n<div style='border: 1px solid rgba(150&comma; 150&comma; 150&comma; 0.4); border-radius: 8px; overflow: hidden; display: flex; flex-direction: column;'>\n<div style='padding: 15px; border-bottom: 1px solid rgba(150&comma; 150&comma; 150&comma; 0.2); font-weight: bold; font-size: 18px; color: inherit; background-color: rgba(0&comma; 128&comma; 255&comma; 0.1);'> Caracter\u00edsticas El\u00e9ctricas: <\/div>\n<div style='padding: 15px; color: inherit;'>\n<ul style='padding-left: 20px; margin: 0; font-size: 14px; list-style-type: disc; color: inherit;'>\n<li style='margin-bottom: 5px;'><strong style='color: inherit;'>Potencia Nominal:<\/strong> 730W<\/li>\n<li style='margin-bottom: 5px;'><strong style='color: inherit;'>VOC:<\/strong> 49.4 V<\/li>\n<li style='margin-bottom: 5px;'><strong style='color: inherit;'>ISC:<\/strong> 18.74A<\/li>\n<li style='margin-bottom: 5px;'><strong style='color: inherit;'>Voltaje a M\u00e1xima Potencia:<\/strong> 441.4 V<\/li>\n<li style='margin-bottom: 5px;'><strong style='color: inherit;'>Corriente a M\u00e1xima Potencia:<\/strong> 17.63 A<\/li>\n<\/ul><\/div>\n<\/p><\/div>\n<\/p><\/div>\n<div style='flex: 1 1 250px; min-width: 250px; max-width: 400px;'>\n<div style='border: 1px solid rgba(150&comma; 150&comma; 150&comma; 0.4); border-radius: 8px; overflow: hidden; display: flex; flex-direction: column;'>\n<div style='padding: 15px; border-bottom: 1px solid rgba(150&comma; 150&comma; 150&comma; 0.2); font-weight: bold; font-size: 18px; color: inherit; background-color: rgba(0&comma; 128&comma; 255&comma; 0.1);'> Caracter\u00edsticas F\u00edsicas: <\/div>\n<div style='padding: 15px; color: inherit;'>\n<ul style='padding-left: 20px; margin: 0; font-size: 14px; list-style-type: disc; color: inherit;'>\n<li style='margin-bottom: 5px;'><strong style='color: inherit;'>Peso:<\/strong> 37.5kg<\/li>\n<li style='margin-bottom: 5px;'><strong style='color: inherit;'>Dimensiones:<\/strong> 2384mm x 1303mm x 33mm<\/li>\n<li style='margin-bottom: 5px;'><strong style='color: inherit;'>Temperatura de Operaci\u00f3n:<\/strong> -40\u00b0C ~ 85\u00b0C<\/li>\n<\/ul><\/div>\n<\/p><\/div>\n<\/p><\/div>\n<div style='flex: 1 1 250px; min-width: 250px; max-width: 400px;'>\n<div style='border: 1px solid rgba(150&comma; 150&comma; 150&comma; 0.4); border-radius: 8px; overflow: hidden; display: flex; flex-direction: column;'>\n<div style='padding: 15px; border-bottom: 1px solid rgba(150&comma; 150&comma; 150&comma; 0.2); font-weight: bold; font-size: 18px; color: inherit; background-color: rgba(0&comma; 128&comma; 255&comma; 0.1);'> Caracter\u00edsticas Destacadas: <\/div>\n<div style='padding: 15px; color: inherit;'>\n<ul style='padding-left: 20px; margin: 0; font-size: 14px; list-style-type: disc; color: inherit;'>\n<li style='margin-bottom: 5px;'><strong style='color: inherit;'>Celda tipo N<\/strong><\/li>\n<li style='margin-bottom: 5px;'><strong style='color: inherit;'>Mejor desempe\u00f1o en condiciones de poca luz<\/strong><\/li>\n<li style='margin-bottom: 5px;'><strong style='color: inherit;'>Reduce la probabilidad de atenuaci\u00f3n causada por el fen\u00f3meno PID<\/strong><\/li>\n<li style='margin-bottom: 5px;'><strong style='color: inherit;'>Adaptabilidad en ambientes severos: Prueba de corrosi\u00f3n por niebla salina y amoniaco efectuada por TUV Nord<\/strong><\/li>\n<li style='margin-bottom: 5px;'><strong style='color: inherit;'>Prueba de Carga efectuada por TUV Nord: incluyen carga de viento de 2400 Pa y carga de nieve de 5400Pa<\/strong><\/li>\n<\/ul><\/div>\n<\/p><\/div>\n<\/p><\/div>\n<\/p><\/div>\n<\/p><\/div>\n<hr style='border: 0; border-top: 1px solid rgba(150&comma; 150&comma; 150&comma; 0.3); margin: 30px 0;'> <\/div>\n","protected":false},"excerpt":{"rendered":"<p>M\u00f3dulo Solar 730 W, Bifacial, 49.4 Vcc, Monocristalino. Celda tipo N, Doble Vidrio<\/p>\n","protected":false},"featured_media":44314,"comment_status":"open","ping_status":"closed","template":"","meta":[],"product_brand":[],"product_cat":[1152],"product_tag":[964,1179,1153],"class_list":{"0":"post-44315","1":"product","2":"type-product","3":"status-publish","4":"has-post-thumbnail","6":"product_cat-modulos-solares","7":"product_tag-energia-solar","8":"product_tag-leapton","9":"product_tag-modulos-solares","11":"first","12":"outofstock","13":"sale","14":"shipping-taxable","15":"purchasable","16":"product-type-simple"},"_links":{"self":[{"href":"https:\/\/soydeaqui.ddns.net\/pachuca\/index.php\/wp-json\/wp\/v2\/product\/44315","targetHints":{"allow":["GET"]}}],"collection":[{"href":"https:\/\/soydeaqui.ddns.net\/pachuca\/index.php\/wp-json\/wp\/v2\/product"}],"about":[{"href":"https:\/\/soydeaqui.ddns.net\/pachuca\/index.php\/wp-json\/wp\/v2\/types\/product"}],"replies":[{"embeddable":true,"href":"https:\/\/soydeaqui.ddns.net\/pachuca\/index.php\/wp-json\/wp\/v2\/comments?post=44315"}],"wp:featuredmedia":[{"embeddable":true,"href":"https:\/\/soydeaqui.ddns.net\/pachuca\/index.php\/wp-json\/wp\/v2\/media\/44314"}],"wp:attachment":[{"href":"https:\/\/soydeaqui.ddns.net\/pachuca\/index.php\/wp-json\/wp\/v2\/media?parent=44315"}],"wp:term":[{"taxonomy":"product_brand","embeddable":true,"href":"https:\/\/soydeaqui.ddns.net\/pachuca\/index.php\/wp-json\/wp\/v2\/product_brand?post=44315"},{"taxonomy":"product_cat","embeddable":true,"href":"https:\/\/soydeaqui.ddns.net\/pachuca\/index.php\/wp-json\/wp\/v2\/product_cat?post=44315"},{"taxonomy":"product_tag","embeddable":true,"href":"https:\/\/soydeaqui.ddns.net\/pachuca\/index.php\/wp-json\/wp\/v2\/product_tag?post=44315"}],"curies":[{"name":"wp","href":"https:\/\/api.w.org\/{rel}","templated":true}]}}