{"id":4431,"date":"2026-03-18T06:19:07","date_gmt":"2026-03-18T06:19:07","guid":{"rendered":"https:\/\/soydeaqui.ddns.net\/pachuca\/index.php\/producto\/teclado-con-pantalla-tactil-y-controlador-para-automatizacion-con-tecnologia-z-wave\/"},"modified":"2026-03-18T06:19:12","modified_gmt":"2026-03-18T06:19:12","slug":"teclado-con-pantalla-tactil-y-controlador-para-automatizacion-con-tecnologia-z-wave","status":"publish","type":"product","link":"https:\/\/soydeaqui.ddns.net\/pachuca\/index.php\/producto\/teclado-con-pantalla-tactil-y-controlador-para-automatizacion-con-tecnologia-z-wave\/","title":{"rendered":"Teclado con Pantalla T\u00e1ctil y Controlador para Automatizaci\u00f3n con tecnolog\u00eda Z-Wave"},"content":{"rendered":"<div style='width: 100%; max-width: 1200px; margin: 0 auto; font-family: sans-serif; line-height: 1.6; color: inherit;'>\n<div style='display: flex; flex-wrap: wrap; gap: 30px; margin-bottom: 30px;'>\n<div style='flex: 1 1 300px; min-width: 280px;'>\n<h3 style='font-size: 22px; border-bottom: 2px solid currentColor; padding-bottom: 5px; margin-top: 0; color: inherit; opacity: 0.8;'>Caracteristicas:<\/h3>\n<ul style='padding-left: 20px; font-size: 15px; color: inherit;'>\n<li style='margin-bottom: 5px;'>Controlador de la serie 232 Z-Wave\u00ae 500 integrado<\/li>\n<li style='margin-bottom: 5px;'>8 c\u00e1maras IP visibles directamente en pantalla: vista simple o cu\u00e1druple (4 c\u00e1maras)<\/li>\n<li style='margin-bottom: 5px;'>Pantalla TFT de 7 &#8216;de alta resoluci\u00f3n WSVGA de 7&#8217;&comma; 1024 x 600<\/li>\n<li style='margin-bottom: 5px;'>Dise\u00f1o delgado similar a una tableta: solo a 1&#8242; de la pared<\/li>\n<li style='margin-bottom: 5px;'>Pantalla t\u00e1ctil intuitiva con iconos claros identificables<\/li>\n<li style='margin-bottom: 5px;'>Anuncio de voz del estado del sistema (listo para armar \/ no listo para armar)<\/li>\n<li style='margin-bottom: 5px;'>Se pueden activar 10 escenas por hora&comma; d\u00eda&comma; acci\u00f3n o condiciones<\/li>\n<li style='margin-bottom: 5px;'>El servidor web incorporado permite el control local de su TUXEDO a trav\u00e9s de dispositivos habilitados para Wi-Fi\u00ae<\/li>\n<li style='margin-bottom: 5px;'>Software actualizado autom\u00e1ticamente a trav\u00e9s de Wi-Fi con opci\u00f3n de actualizaci\u00f3n remota autom\u00e1tica o mediante ranura para tarjeta SD<\/li>\n<\/ul><\/div>\n<\/p><\/div>\n<\/p><\/div>\n","protected":false},"excerpt":{"rendered":"<p>Teclado con Pantalla T\u00e1ctil y Controlador para Automatizaci\u00f3n con tecnolog\u00eda Z-Wave<\/p>\n","protected":false},"featured_media":4430,"comment_status":"open","ping_status":"closed","template":"","meta":[],"product_brand":[],"product_cat":[134],"product_tag":[45,135,62],"class_list":{"0":"post-4431","1":"product","2":"type-product","3":"status-publish","4":"has-post-thumbnail","6":"product_cat-todos-teclados","7":"product_tag-honeywell-home-resideo","8":"product_tag-teclados","9":"product_tag-todos","11":"first","12":"instock","13":"sale","14":"shipping-taxable","15":"purchasable","16":"product-type-simple"},"_links":{"self":[{"href":"https:\/\/soydeaqui.ddns.net\/pachuca\/index.php\/wp-json\/wp\/v2\/product\/4431","targetHints":{"allow":["GET"]}}],"collection":[{"href":"https:\/\/soydeaqui.ddns.net\/pachuca\/index.php\/wp-json\/wp\/v2\/product"}],"about":[{"href":"https:\/\/soydeaqui.ddns.net\/pachuca\/index.php\/wp-json\/wp\/v2\/types\/product"}],"replies":[{"embeddable":true,"href":"https:\/\/soydeaqui.ddns.net\/pachuca\/index.php\/wp-json\/wp\/v2\/comments?post=4431"}],"wp:featuredmedia":[{"embeddable":true,"href":"https:\/\/soydeaqui.ddns.net\/pachuca\/index.php\/wp-json\/wp\/v2\/media\/4430"}],"wp:attachment":[{"href":"https:\/\/soydeaqui.ddns.net\/pachuca\/index.php\/wp-json\/wp\/v2\/media?parent=4431"}],"wp:term":[{"taxonomy":"product_brand","embeddable":true,"href":"https:\/\/soydeaqui.ddns.net\/pachuca\/index.php\/wp-json\/wp\/v2\/product_brand?post=4431"},{"taxonomy":"product_cat","embeddable":true,"href":"https:\/\/soydeaqui.ddns.net\/pachuca\/index.php\/wp-json\/wp\/v2\/product_cat?post=4431"},{"taxonomy":"product_tag","embeddable":true,"href":"https:\/\/soydeaqui.ddns.net\/pachuca\/index.php\/wp-json\/wp\/v2\/product_tag?post=4431"}],"curies":[{"name":"wp","href":"https:\/\/api.w.org\/{rel}","templated":true}]}}