{"id":4429,"date":"2026-03-18T06:19:06","date_gmt":"2026-03-18T06:19:06","guid":{"rendered":"https:\/\/soydeaqui.ddns.net\/pachuca\/index.php\/producto\/gabinete-grande-de-policarbonato-transparente-sper-resistente-con-sirena-estrobo-y-cerradura-con-llave\/"},"modified":"2026-03-18T06:19:06","modified_gmt":"2026-03-18T06:19:06","slug":"gabinete-grande-de-policarbonato-transparente-sper-resistente-con-sirena-estrobo-y-cerradura-con-llave","status":"publish","type":"product","link":"https:\/\/soydeaqui.ddns.net\/pachuca\/index.php\/producto\/gabinete-grande-de-policarbonato-transparente-sper-resistente-con-sirena-estrobo-y-cerradura-con-llave\/","title":{"rendered":"Gabinete Grande de Policarbonato Transparente S?per Resistente con Sirena\/Estrobo y Cerradura con Llave"},"content":{"rendered":"<div style='width: 100%; max-width: 1200px; margin: 0 auto; font-family: sans-serif; line-height: 1.6; color: inherit; background-color: transparent;'> <!-- Secci\u00f3n de caracter\u00edsticas principales --> <\/p>\n<div style='display: flex; flex-wrap: wrap; gap: 30px; margin-bottom: 30px;'>\n<div style='flex: 1 1 300px; min-width: 280px;'>\n<h3 style='font-size: 22px; border-bottom: 2px solid currentColor; padding-bottom: 5px; margin-top: 0; color: inherit; opacity: 0.8;'>Caracter\u00edsticas<\/h3>\n<ul style='padding-left: 20px; font-size: 15px; color: inherit;'>\n<li style='margin-bottom: 5px;'>Sirena\/estrobo en color rojo<\/li>\n<li style='margin-bottom: 5px;'>Cerradura con llave<\/li>\n<li style='margin-bottom: 5px;'>Hasta 32 tonos seleccionables por el usuario<\/li>\n<li style='margin-bottom: 5px;'>La alarma puede ajustarse a 85 \u00f3 100 dB<\/li>\n<li style='margin-bottom: 5px;'>Temporizador independiente de estrobo y sirena de 15&comma; 30&comma; 60 segundos o continuo<\/li>\n<li style='margin-bottom: 5px;'>Alimentado por una bater\u00eda de 9 VDC o de 12 a 30 Vdc externos<\/li>\n<li style='margin-bottom: 5px;'>Indicador de bater\u00eda baja<\/li>\n<\/ul><\/div>\n<div style='flex: 1 1 300px; min-width: 280px;'>\n<h3 style='font-size: 22px; border-bottom: 2px solid currentColor; padding-bottom: 5px; margin-top: 0; color: inherit; opacity: 0.8;'>Especificaciones<\/h3>\n<ul style='padding-left: 20px; font-size: 15px; color: inherit;'>\n<li style='margin-bottom: 5px;'>Garant\u00eda de tres a\u00f1os contra rotura del policarbonato durante el uso normal<\/li>\n<li style='margin-bottom: 5px;'>Propiedades de trabajo del policarbonato: -40\u00b0 a 250\u00b0F (-40\u00b0 a 121\u00b0C)<\/li>\n<li style='margin-bottom: 5px;'>Dimensiones: 502 mm Ancho x 629 mm Alto x 186 mm Profundidad<\/li>\n<li style='margin-bottom: 5px;'>Aprobado Type 4X<\/li>\n<li style='margin-bottom: 5px;'>Listado por UL S7255<\/li>\n<li style='margin-bottom: 5px;'>Construcci\u00f3n de policarbonato transparente estabilizado contra UV<\/li>\n<li style='margin-bottom: 5px;'>Ojo de seguridad adicional para candado secundario o sello de seguridad<\/li>\n<\/ul><\/div>\n<\/p><\/div>\n<p> <!-- Secci\u00f3n de construcci\u00f3n --> <\/p>\n<div style='display: flex; flex-wrap: wrap; gap: 30px; margin-bottom: 30px;'>\n<div style='flex: 1 1 300px; min-width: 280px;'>\n<h3 style='font-size: 22px; border-bottom: 2px solid currentColor; padding-bottom: 5px; margin-top: 0; color: inherit; opacity: 0.8;'>Construcci\u00f3n<\/h3>\n<ul style='padding-left: 20px; font-size: 15px; color: inherit;'>\n<li style='margin-bottom: 5px;'>Material: Policarbonato resistente (mismo material usado en cascos de f\u00fatbol americano)<\/li>\n<li style='margin-bottom: 5px;'>Tornillos de montaje antivand\u00e1licos disponibles<\/li>\n<li style='margin-bottom: 5px;'>Puntos de montaje externos<\/li>\n<li style='margin-bottom: 5px;'>Incluye hardware de montaje y junta<\/li>\n<li style='margin-bottom: 5px;'>Dise\u00f1o permite visibilidad desde cualquier \u00e1ngulo<\/li>\n<\/ul><\/div>\n<div style='flex: 1 1 300px; min-width: 280px;'>\n<h3 style='font-size: 22px; border-bottom: 2px solid currentColor; padding-bottom: 5px; margin-top: 0; color: inherit; opacity: 0.8;'>Funcionamiento<\/h3>\n<ul style='padding-left: 20px; font-size: 15px; color: inherit;'>\n<li style='margin-bottom: 5px;'>Alarma audible y visual cuando se abre el gabinete<\/li>\n<li style='margin-bottom: 5px;'>Dise\u00f1ado para proteger contra vandalismo&comma; suciedad y polvo<\/li>\n<li style='margin-bottom: 5px;'>Dos pestillos de acci\u00f3n rotativa para cierre seguro<\/li>\n<li style='margin-bottom: 5px;'>Incluye placa de montaje interna<\/li>\n<li style='margin-bottom: 5px;'>Opci\u00f3n de estante de alambre ajustable disponible<\/li>\n<\/ul><\/div>\n<\/p><\/div>\n<p> <!-- Secci\u00f3n de aplicaciones --> <\/p>\n<div style='margin-bottom: 30px;'>\n<h3 style='font-size: 22px; border-bottom: 2px solid currentColor; padding-bottom: 5px; margin-top: 0; color: inherit; opacity: 0.8;'>Aplicaciones<\/h3>\n<p style='font-size: 15px; color: inherit;'>Gabinete multiprop\u00f3sito para anunciativos remotos&comma; paneles de control de alarmas contra incendios u otros productos electr\u00f3nicos que requieran protecci\u00f3n f\u00edsica o ambiental. Ideal para almacenamiento en ubicaciones centrales manteniendo el equipo visible y accesible.<\/p>\n<\/p><\/div>\n<p> <!-- Secci\u00f3n de dimensiones --> <\/p>\n<div style='margin-bottom: 30px;'>\n<h3 style='font-size: 22px; border-bottom: 2px solid currentColor; padding-bottom: 5px; margin-top: 0; color: inherit; opacity: 0.8;'>Dimensiones<\/h3>\n<ul style='padding-left: 20px; font-size: 15px; color: inherit;'>\n<li style='margin-bottom: 5px;'>Ancho: 502 mm (19.75&#8242;)<\/li>\n<li style='margin-bottom: 5px;'>Alto: 629 mm (24.75&#8242;)<\/li>\n<li style='margin-bottom: 5px;'>Profundidad: 186 mm (7.31&#8242;)<\/li>\n<li style='margin-bottom: 5px;'>Distancia entre orificios de montaje: 597 mm (23.5&#8242;)<\/li>\n<\/ul><\/div>\n<p> <!-- Secci\u00f3n de aprobaciones --> <\/p>\n<div style='margin-bottom: 30px;'>\n<h3 style='font-size: 22px; border-bottom: 2px solid currentColor; padding-bottom: 5px; margin-top: 0; color: inherit; opacity: 0.8;'>Aprobaciones<\/h3>\n<ul style='padding-left: 20px; font-size: 15px; color: inherit;'>\n<li style='margin-bottom: 5px;'>Listado por UL S7255<\/li>\n<li style='margin-bottom: 5px;'>Certificado Type 4X<\/li>\n<li style='margin-bottom: 5px;'>Probado seg\u00fan UL38&comma; UL50 y UL2017<\/li>\n<\/ul><\/div>\n<p> <!-- Secci\u00f3n de accesorios --> <\/p>\n<div style='margin-bottom: 30px;'>\n<h3 style='font-size: 22px; border-bottom: 2px solid currentColor; padding-bottom: 5px; margin-top: 0; color: inherit; opacity: 0.8;'>Accesorios disponibles<\/h3>\n<ul style='padding-left: 20px; font-size: 15px; color: inherit;'>\n<li style='margin-bottom: 5px;'>STI-6453 &#8211; Alarma de sirena de reemplazo<\/li>\n<li style='margin-bottom: 5px;'>E05000 &#8211; Alarma de sirena\/estrobo de reemplazo<\/li>\n<li style='margin-bottom: 5px;'>KIT-W07550 &#8211; Estante de alambre para serie STI-7550<\/li>\n<li style='margin-bottom: 5px;'>KIT-H18021 &#8211; Tornillo antivand\u00e1lico tipo &#8216;serpiente&#8217; #8 x 1.5&#8242;<\/li>\n<li style='margin-bottom: 5px;'>KIT-H18075 &#8211; Llave de repuesto para alarma sirena\/estrobo<\/li>\n<\/ul><\/div>\n<p> <!-- Separador --> <\/p>\n<hr style='border: 0; border-top: 1px solid rgba(150&comma; 150&comma; 150&comma; 0.3); margin: 30px 0;'> <\/div>\n","protected":false},"excerpt":{"rendered":"<p>Gabinete Grande de Policarbonato Transparente S?per Resistente con Sirena\/Estrobo y Cerradura con Llave<\/p>\n","protected":false},"featured_media":4428,"comment_status":"open","ping_status":"closed","template":"","meta":[],"product_brand":[],"product_cat":[199],"product_tag":[201,200,169],"class_list":{"0":"post-4429","1":"product","2":"type-product","3":"status-publish","4":"has-post-thumbnail","6":"product_cat-carcasas","7":"product_tag-carcasas","8":"product_tag-gabinetes-y-carcasas","9":"product_tag-sti","11":"first","12":"outofstock","13":"sale","14":"shipping-taxable","15":"purchasable","16":"product-type-simple"},"_links":{"self":[{"href":"https:\/\/soydeaqui.ddns.net\/pachuca\/index.php\/wp-json\/wp\/v2\/product\/4429","targetHints":{"allow":["GET"]}}],"collection":[{"href":"https:\/\/soydeaqui.ddns.net\/pachuca\/index.php\/wp-json\/wp\/v2\/product"}],"about":[{"href":"https:\/\/soydeaqui.ddns.net\/pachuca\/index.php\/wp-json\/wp\/v2\/types\/product"}],"replies":[{"embeddable":true,"href":"https:\/\/soydeaqui.ddns.net\/pachuca\/index.php\/wp-json\/wp\/v2\/comments?post=4429"}],"wp:featuredmedia":[{"embeddable":true,"href":"https:\/\/soydeaqui.ddns.net\/pachuca\/index.php\/wp-json\/wp\/v2\/media\/4428"}],"wp:attachment":[{"href":"https:\/\/soydeaqui.ddns.net\/pachuca\/index.php\/wp-json\/wp\/v2\/media?parent=4429"}],"wp:term":[{"taxonomy":"product_brand","embeddable":true,"href":"https:\/\/soydeaqui.ddns.net\/pachuca\/index.php\/wp-json\/wp\/v2\/product_brand?post=4429"},{"taxonomy":"product_cat","embeddable":true,"href":"https:\/\/soydeaqui.ddns.net\/pachuca\/index.php\/wp-json\/wp\/v2\/product_cat?post=4429"},{"taxonomy":"product_tag","embeddable":true,"href":"https:\/\/soydeaqui.ddns.net\/pachuca\/index.php\/wp-json\/wp\/v2\/product_tag?post=4429"}],"curies":[{"name":"wp","href":"https:\/\/api.w.org\/{rel}","templated":true}]}}