{"id":44289,"date":"2026-03-18T19:35:53","date_gmt":"2026-03-18T19:35:53","guid":{"rendered":"https:\/\/soydeaqui.ddns.net\/pachuca\/index.php\/producto\/campana-led-industrial-ufo-100-w-suspendido-85-265-v-ca-luz-fria-6500-k\/"},"modified":"2026-03-18T19:35:59","modified_gmt":"2026-03-18T19:35:59","slug":"campana-led-industrial-ufo-100-w-suspendido-85-265-v-ca-luz-fria-6500-k","status":"publish","type":"product","link":"https:\/\/soydeaqui.ddns.net\/pachuca\/index.php\/producto\/campana-led-industrial-ufo-100-w-suspendido-85-265-v-ca-luz-fria-6500-k\/","title":{"rendered":"Campana Led Industrial UFO \/ 100 W \/ Suspendido \/ 85 &#8211; 265 V CA \/ Luz Fr\u00eda 6500 K."},"content":{"rendered":"<div style='width: 100%; max-width: 1200px; margin: 0 auto; font-family: sans-serif; line-height: 1.6; color: inherit; background-color: transparent;'>\n<div style='display: flex; flex-wrap: wrap; gap: 30px; margin-bottom: 30px;'>\n<div style='flex: 1 1 300px; min-width: 280px;'>\n<h3 style='font-size: 22px; border-bottom: 2px solid currentColor; padding-bottom: 5px; margin-top: 0; color: inherit; opacity: 0.8;'>Luminario LED UFO (High Bay)<\/h3>\n<p style='font-size: 15px; color: inherit;'>El Luminario LED UFO es un innovador sistema de iluminaci\u00f3n dise\u00f1ado para aplicaciones tanto en interiores como en exteriores&comma; ofreciendo eficiencia&comma; durabilidad y un dise\u00f1o altamente adaptable.<\/p>\n<\/p><\/div>\n<\/p><\/div>\n<div style='display: flex; flex-wrap: wrap; gap: 20px; margin-bottom: 30px;'>\n<div style='flex: 1 1 250px; border: 1px solid rgba(150&comma; 150&comma; 150&comma; 0.4); border-radius: 8px; overflow: hidden; display: flex; flex-direction: column;'>\n<div style='padding: 15px; border-bottom: 1px solid rgba(150&comma; 150&comma; 150&comma; 0.2); font-weight: bold; font-size: 18px; color: inherit;'>Especificaciones El\u00e9ctricas<\/div>\n<div style='padding: 15px; color: inherit;'>\n<ul style='padding-left: 20px; margin: 0; font-size: 14px; list-style-type: disc;'>\n<li style='margin-bottom: 5px;'><strong>Modelo:<\/strong> JLRE-UFO100<\/li>\n<li style='margin-bottom: 5px;'><strong>Potencia:<\/strong> 100W<\/li>\n<li style='margin-bottom: 5px;'><strong>Voltaje de Entrada:<\/strong> <span style='color: #e74c3c; font-weight: bold;'>85 &#8211; 265Vca 50\/60Hz<\/span><\/li>\n<li style='margin-bottom: 5px;'><strong>Corriente El\u00e9ctrica:<\/strong> 455 mA<\/li>\n<li style='margin-bottom: 5px;'><strong>Flujo luminoso:<\/strong> 14 000 lm<\/li>\n<li style='margin-bottom: 5px;'><strong>Dimensiones:<\/strong> (\u00d8)260 mm x 130 mm(alto)<\/li>\n<\/ul>\n<p style='margin-top: 15px; font-size: 14px; color: inherit;'>Con una vida \u00fatil de 50000 horas y un grado de protecci\u00f3n IP66&comma; estos luminarios representan la soluci\u00f3n perfecta para una variedad de entornos.<\/p>\n<\/p><\/div>\n<\/p><\/div>\n<div style='flex: 1 1 250px; border: 1px solid rgba(150&comma; 150&comma; 150&comma; 0.4); border-radius: 8px; overflow: hidden; display: flex; flex-direction: column;'>\n<div style='padding: 15px; border-bottom: 1px solid rgba(150&comma; 150&comma; 150&comma; 0.2); font-weight: bold; font-size: 18px; color: inherit;'>Caracter\u00edsticas Principales<\/div>\n<div style='padding: 15px; color: inherit;'>\n<ul style='padding-left: 20px; margin: 0; font-size: 14px; list-style-type: disc;'>\n<li style='margin-bottom: 5px;'><strong>Materiales:<\/strong> Fabricado con aluminio y acr\u00edlico premium para mayor durabilidad y resistencia a la corrosi\u00f3n.<\/li>\n<li style='margin-bottom: 5px;'><strong>Temperatura de Color:<\/strong> LUZ FR\u00cdA 6500 K<\/li>\n<li style='margin-bottom: 5px;'><strong>\u00cdndice de Protecci\u00f3n:<\/strong> IP66<\/li>\n<\/ul>\n<p style='margin-top: 15px; font-size: 14px; color: inherit;'><strong>Aplicaciones:<\/strong> Iluminaci\u00f3n General: Naves industriales&comma; hangares&comma; almacenes&comma; gimnasios&comma; auditorios&comma; talleres.<\/p>\n<\/p><\/div>\n<\/p><\/div>\n<div style='flex: 1 1 250px; border: 1px solid rgba(150&comma; 150&comma; 150&comma; 0.4); border-radius: 8px; overflow: hidden; display: flex; flex-direction: column;'>\n<div style='padding: 15px; border-bottom: 1px solid rgba(150&comma; 150&comma; 150&comma; 0.2); font-weight: bold; font-size: 18px; color: inherit;'>Garant\u00eda<\/div>\n<div style='padding: 15px; color: inherit;'>\n<p style='font-size: 14px; color: inherit;'>Ofrecemos una garant\u00eda de 3 a\u00f1os&comma; asegurando la confiabilidad y calidad de su inversi\u00f3n en iluminaci\u00f3n.<\/p>\n<\/p><\/div>\n<\/p><\/div>\n<div style='flex: 1 1 250px; border: 1px solid rgba(150&comma; 150&comma; 150&comma; 0.4); border-radius: 8px; overflow: hidden; display: flex; flex-direction: column;'>\n<div style='padding: 15px; border-bottom: 1px solid rgba(150&comma; 150&comma; 150&comma; 0.2); font-weight: bold; font-size: 18px; color: inherit;'>Instalaci\u00f3n<\/div>\n<div style='padding: 15px; color: inherit;'>\n<p style='font-size: 14px; color: inherit;'>Proporcionamos un diagrama de instalaci\u00f3n claro y sencillo que facilita una integraci\u00f3n r\u00e1pida y segura del luminario a su infraestructura el\u00e9ctrica.<\/p>\n<p style='font-size: 14px; color: inherit;'>Para asesoramiento t\u00e9cnico y m\u00e1s informaci\u00f3n&comma; cont\u00e1ctenos o visite nuestra p\u00e1gina web.<\/p>\n<\/p><\/div>\n<\/p><\/div>\n<\/p><\/div>\n<hr style='border: 0; border-top: 1px solid rgba(150&comma; 150&comma; 150&comma; 0.3); margin: 30px 0;'> <\/div>\n","protected":false},"excerpt":{"rendered":"<p>Campana Led Industrial UFO \/ 100 W \/ Suspendido \/ 85 &#8211; 265 V CA \/ Luz Fr\u00eda 6500 K.<\/p>\n","protected":false},"featured_media":44288,"comment_status":"open","ping_status":"closed","template":"","meta":[],"product_brand":[],"product_cat":[1166],"product_tag":[1167,1169,1168],"class_list":{"0":"post-44289","1":"product","2":"type-product","3":"status-publish","4":"has-post-thumbnail","6":"product_cat-uso-interior","7":"product_tag-iluminacion","8":"product_tag-jwj","9":"product_tag-uso-interior","11":"first","12":"outofstock","13":"sale","14":"shipping-taxable","15":"purchasable","16":"product-type-simple"},"_links":{"self":[{"href":"https:\/\/soydeaqui.ddns.net\/pachuca\/index.php\/wp-json\/wp\/v2\/product\/44289","targetHints":{"allow":["GET"]}}],"collection":[{"href":"https:\/\/soydeaqui.ddns.net\/pachuca\/index.php\/wp-json\/wp\/v2\/product"}],"about":[{"href":"https:\/\/soydeaqui.ddns.net\/pachuca\/index.php\/wp-json\/wp\/v2\/types\/product"}],"replies":[{"embeddable":true,"href":"https:\/\/soydeaqui.ddns.net\/pachuca\/index.php\/wp-json\/wp\/v2\/comments?post=44289"}],"wp:featuredmedia":[{"embeddable":true,"href":"https:\/\/soydeaqui.ddns.net\/pachuca\/index.php\/wp-json\/wp\/v2\/media\/44288"}],"wp:attachment":[{"href":"https:\/\/soydeaqui.ddns.net\/pachuca\/index.php\/wp-json\/wp\/v2\/media?parent=44289"}],"wp:term":[{"taxonomy":"product_brand","embeddable":true,"href":"https:\/\/soydeaqui.ddns.net\/pachuca\/index.php\/wp-json\/wp\/v2\/product_brand?post=44289"},{"taxonomy":"product_cat","embeddable":true,"href":"https:\/\/soydeaqui.ddns.net\/pachuca\/index.php\/wp-json\/wp\/v2\/product_cat?post=44289"},{"taxonomy":"product_tag","embeddable":true,"href":"https:\/\/soydeaqui.ddns.net\/pachuca\/index.php\/wp-json\/wp\/v2\/product_tag?post=44289"}],"curies":[{"name":"wp","href":"https:\/\/api.w.org\/{rel}","templated":true}]}}