{"id":44208,"date":"2026-03-18T19:33:35","date_gmt":"2026-03-18T19:33:35","guid":{"rendered":"https:\/\/soydeaqui.ddns.net\/pachuca\/index.php\/producto\/inversor-para-interconexion-a-cfe-de-6-kw-con-salida-de-220-vca-modulo-wifi-incluido-2\/"},"modified":"2026-03-18T19:33:39","modified_gmt":"2026-03-18T19:33:39","slug":"inversor-para-interconexion-a-cfe-de-6-kw-con-salida-de-220-vca-modulo-wifi-incluido-2","status":"publish","type":"product","link":"https:\/\/soydeaqui.ddns.net\/pachuca\/index.php\/producto\/inversor-para-interconexion-a-cfe-de-6-kw-con-salida-de-220-vca-modulo-wifi-incluido-2\/","title":{"rendered":"Inversor para Interconexi\u00f3n a CFE de 6 kW con Salida de 220 Vca, M\u00f3dulo Wifi Incluido"},"content":{"rendered":"<\/p>\n<div class='container'>\n<h1 class='container' style='text-align: center;'><span style='font-size: 24pt;'>\u00bfC\u00f3mo Funciona?<\/span><\/h1>\n<div> <\/div>\n<div><span style='font-size: 14pt; font-family: 'times new roman'&comma; times&comma; serif;'>Los sistemas de interconexi\u00f3n convierten&comma; mediante un inversor&comma; la energ\u00eda en corriente directa generada por los paneles solares en energ\u00eda en corriente alterna en total sincron\u00eda en voltaje y frecuencia tal y como lo entrega CFE.<\/span><\/div>\n<div> <\/div>\n<div><span style='font-family: 'times new roman'&comma; times&comma; serif; font-size: 14pt;'><span style='background-color: #ffffff;'>El inversor de cadena monof\u00e1sico <\/span><span class='il' style='background-color: #ffffff;'>Afore<\/span><span style='background-color: #ffffff;'> HNS6000TL es una soluci\u00f3n avanzada y altamente eficiente para aplicaciones residenciales de sistemas fotovoltaicos. Con una potencia m\u00e1xima de salida de 6&comma;000 W y un amplio rango de voltaje de operaci\u00f3n&comma; este inversor est\u00e1 dise\u00f1ado para maximizar el rendimiento y la confiabilidad de su instalaci\u00f3n solar.<\/span><\/span><\/div>\n<div> <\/div>\n<div><span style='font-family: 'times new roman'&comma; times&comma; serif; font-size: 14pt; background-color: #ffffff;'>El HNS6000TL est\u00e1 construido con un dise\u00f1o robusto y una estructura de aluminio que le confiere resistencia a la corrosi\u00f3n y una durabilidad excepcional. Con un enfoque en la eficiencia&comma; ofrece una tasa m\u00e1xima del 98.20% y una eficiencia europea del 97.90%&comma; lo que significa que m\u00e1s de la energ\u00eda capturada por sus paneles se convertir\u00e1 en energ\u00eda utilizable.<\/span><\/div>\n<div>\n<p><span style='font-size: 14pt; font-family: 'times new roman'&comma; times&comma; serif;'>se\u00f1ado para ser robusto y confiable&comma; con protecciones integradas tipo III y una construcci\u00f3n que garantiza su durabilidad a lo largo del tiempo. Su interfaz de comunicaci\u00f3n inteligente permite una f\u00e1cil monitorizaci\u00f3n y gesti\u00f3n del sistema por medio de conectividad WiFi.<\/span><\/p>\n<\/div>\n<div class='container'> <\/div>\n<div class='container'> <\/div>\n<div class='container'>\n<h1> <\/h1>\n<div class='row mb-3'>\n<div class='col-12 col-md'><img class='img-fluid img-thumbnail fr-fic fr-dii' src='https:\/\/ftp3.syscom.mx\/usuarios\/fotos\/BancoFotografiasSyscom\/AFORE\/HNS9000TL\/HNS9000TL-p.PNG'><\/div>\n<div class='col-12 col-md'>\n<h1>Caracter\u00edsticas Principales<\/h1>\n<ul>\n<li style='margin-left: 15px; margin-top: 0.25em;'><strong>Potencia Nominal de Salida<\/strong>: 6&comma;000 W<\/li>\n<li style='margin-left: 15px; margin-top: 0.25em;'><strong>Voltaje M\u00e1ximo de Entrada (V)<\/strong>:550<\/li>\n<li style='margin-left: 15px; margin-top: 0.25em;'><strong>Rango de Voltaje MPPT (V)<\/strong>: 70-550<\/li>\n<li style='margin-left: 15px; margin-top: 0.25em;'><strong>Corriente M\u00e1xima de Entrada (A)<\/strong>: 18&#215;2<\/li>\n<li style='margin-left: 15px; margin-top: 0.25em;'><strong>N\u00famero de Seguidores MPPT<\/strong>: 2<\/li>\n<li style='margin-left: 15px; margin-top: 0.25em;'><strong>Eficiencia M\u00e1xima<\/strong>: 98.20%<\/li>\n<li style='margin-left: 15px; margin-top: 0.25em;'><strong>Eficiencia Europea<\/strong>: 97.92%<\/li>\n<li style='margin-left: 15px; margin-top: 0.25em;'><strong>Peso<\/strong>: 10 kg<\/li>\n<li style='margin-left: 15px; margin-top: 0.25em;'><strong>Dimensiones (Ancho x Alto x Profundidad)<\/strong>: 358 x 360 x 142 mm<\/li>\n<li style='margin-left: 15px; margin-top: 0.25em;'><strong>Tipo de Protecci\u00f3n<\/strong>: IP65<\/li>\n<li style='margin-left: 15px; margin-top: 0.25em;'><strong>Conexi\u00f3n Inteligente<\/strong>: S\u00ed&comma; con funci\u00f3n de Monitoreo Inteligente y comunicaci\u00f3n WiFi.<\/li>\n<\/ul>\n<\/div>\n<\/div>\n<\/div>\n<\/div>\n<h2 style='text-align: center;'><span style='font-size: 24pt;'><em>Instalaci\u00f3n de Equipo<\/em><\/span><\/h2>\n<p style='text-align: center;'>  <\/p>\n<\/p>\n<div>\n<div class='container'>\n<p style='text-align: center;'><span style='font-size: 14pt;'><img class='fr-fic fr-dii' src='https:\/\/www.aforenergy.com\/upload\/ueditor\/20190510\/1557457091697981.jpg' alt='' width='700'><\/span><\/p>\n<p style='text-align: center;'>\n<h3 style='color: #222222; font-family: -apple-system&comma; BlinkMacSystemFont&comma; 'Segoe UI'&comma; 'Noto Sans'&comma; Helvetica&comma; Arial&comma; sans-serif&comma; 'Apple Color Emoji'&comma; 'Segoe UI Emoji'; background-color: #ffffff; font-size: 1.25em; margin: 24px 0px 16px; padding: 0px; line-height: 1.25; text-align: center;'><span style='color: #000000;'>Confiabilidad y Seguridad<\/span><\/h3>\n<p style='color: #222222; font-family: -apple-system&comma; BlinkMacSystemFont&comma; 'Segoe UI'&comma; 'Noto Sans'&comma; Helvetica&comma; Arial&comma; sans-serif&comma; 'Apple Color Emoji'&comma; 'Segoe UI Emoji'; font-size: 1em; background-color: #ffffff; margin: 0px 1em 16px; padding: 0px;'><span style='color: #000000;'>El HNS5000TL viene con todas las protecciones necesarias para garantizar la operaci\u00f3n segura y confiable de su sistema fotovoltaico. La carcasa de aluminio no solo aporta a la est\u00e9tica moderna&comma; sino que tambi\u00e9n sirve para disipar el calor de manera eficiente&comma; aumentando la vida \u00fatil del inversor.<\/span><\/p>\n<\/div>\n<\/div>\n<p style='text-align: center;'><span style='font-size: 24pt;'><strong> contra defectos de fabricaci\u00f3n&#8230;!<\/strong><\/span><\/p>\n<p style='text-align: center;'>\n<p style='text-align: center;'>\n<p style='color: #222222; font-family: -apple-system&comma; BlinkMacSystemFont&comma; 'Segoe UI'&comma; 'Noto Sans'&comma; Helvetica&comma; Arial&comma; sans-serif&comma; 'Apple Color Emoji'&comma; 'Segoe UI Emoji'; font-size: 1em; background-color: #ffffff; margin: 0px 1em 16px; padding: 0px;'>\n<div id='acordeon-vista-producto' class='accordion'>\n<div class='accordion-item'>\n<h2 class='accordion-header'><button class='accordion-button text-white' style='background-color: #014e94;' type='button' data-bs-toggle='collapse' data-bs-target='#collapseOne'><strong>Especificaciones T\u00e9cnicas<\/strong><\/button><\/h2>\n<div id='collapseOne' class='accordion-collapse collapse ' data-bs-parent='#acordeon-vista-producto'>\n<div class='accordion-body'>\n<ul style='list-style-type: circle;'>\n<li style='margin-left: 15px;'><strong>Entrada de PV (Datos de Entrada de Fotovoltaicas)<\/strong>:\n<ul>\n<li>M\u00e1x. DC Potencia (W): 8&comma;400<\/li>\n<li>M\u00e1x. Voltaje de Entrada (V): 600<\/li>\n<li>MPPT Voltaje Operativo Rango (V): 70 -550<\/li>\n<li>Rango de Voltaje de Entrada Nominal (V): 360<\/li>\n<li>Corriente M\u00e1xima de Entrada (A): 18 x 2<\/li>\n<\/ul>\n<\/li>\n<li style='margin-left: 15px; margin-top: 0.25em;'><strong>Datos de Salida AC (Corriente Alterna)<\/strong>:\n<ul>\n<li>M\u00e1x. Potencia de Salida (W): 5&comma;000<\/li>\n<li>Corriente M\u00e1xima de Salida (A): 28.7<\/li>\n<li>Voltaje Nominal de Salida (V): 1\/N\/PE&comma; 220Vac&comma; 230Vac&comma; 240Vac<\/li>\n<li>Rango de Voltaje de Red: 180Vac-276Vac (Seg\u00fan est\u00e1ndar local)<\/li>\n<li>Rango de Frecuencia de Red: 45-55Hz\/54-66Hz<\/li>\n<li>Factor de Potencia de Salida: 1 defectuoso (ajustable de 0.8 inductivo a 0.8 capacitivo)<\/li>\n<\/ul>\n<\/li>\n<li style='margin-left: 15px; margin-top: 0.25em;'><strong>Eficiencia<\/strong>:\n<ul>\n<li>M\u00e1x. Eficiencia: 98.20%<\/li>\n<li>Eficiencia Euro: 97.92%<\/li>\n<\/ul>\n<\/li>\n<li style='margin-left: 15px; margin-top: 0.25em;'><strong>Protecci\u00f3n<\/strong>:\n<ul>\n<li>Protecci\u00f3n de Inversi\u00f3n de Polaridad PV: S\u00ed<\/li>\n<li>Detecci\u00f3n de Resistencia de Aislamiento PV: S\u00ed<\/li>\n<li>Protecci\u00f3n de Cortocircuito de AC: S\u00ed<\/li>\n<li>Protecci\u00f3n de Corriente de AC: S\u00ed<\/li>\n<li>Protecci\u00f3n de Sobrevoltaje de AC: S\u00ed<\/li>\n<li>Protecci\u00f3n Anti-aislamiento: S\u00ed<\/li>\n<li>Protecci\u00f3n de Residuo de Corriente: S\u00ed<\/li>\n<li>Protecci\u00f3n de Sobrecarga Temporal: S\u00ed<\/li>\n<\/ul>\n<\/li>\n<li style='margin-left: 15px; margin-top: 0.25em;'><strong>Datos Generales<\/strong>:\n<ul>\n<li>Dimensiones (An x Al x Pr): 358 x 360 x 142 mm<\/li>\n<li>Peso: 10 kg<\/li>\n<li>Grado de Protecci\u00f3n: IP65<\/li>\n<li>Material del Recinto: Aluminio<\/li>\n<li>Rango de Temperatura Ambiente: -25 a 60 \u00b0C<\/li>\n<li>Humedad Relativa: 0-100%<\/li>\n<li>Topolog\u00eda: Sin Transformador<\/li>\n<li>Interfaz de Comunicaci\u00f3n: WiFi.<\/li>\n<li>Enfriamiento: Convecci\u00f3n inteligente con ventilaci\u00f3n<\/li>\n<\/ul>\n<\/li>\n<\/ul>\n<\/div>\n<\/div>\n<\/div>\n<div class='accordion-item'>\n<h2 class='accordion-header'><button class='accordion-button collapsed text-white' style='background-color: #014e94;' type='button' data-bs-toggle='collapse' data-bs-target='#collapseThree'><strong>Diagrama de conexi\u00f3n<\/strong><\/button><\/h2>\n<div id='collapseThree' class='accordion-collapse collapse' data-bs-parent='#acordeon-vista-producto'>\n<div class='accordion-body'>\n<div class='row mb-3'>\n<div class='col-12 col-md'><img class='img-fluid img-thumbnail fr-fic fr-dii' src='https:\/\/ftp3.syscom.mx\/usuarios\/fotos\/HNS9000TL\/222681-diagrama.png' width='606' height='473'><\/div>\n<div class='col-12 col-md'>\n<h2 style='text-align: center;'>HNS5000TL<\/h2>\n<p style='text-align: justify;'><span style='font-family: -apple-system&comma; BlinkMacSystemFont&comma; 'Segoe UI'&comma; 'Noto Sans'&comma; Helvetica&comma; Arial&comma; sans-serif&comma; 'Apple Color Emoji'&comma; 'Segoe UI Emoji'; font-size: 16px; text-align: start; background-color: #ffffff;'>Equipado con funciones inteligentes como el Anti-Flujo&comma; que previene la retroalimentaci\u00f3n de energ\u00eda a la red&comma; el HNS5000TL tambi\u00e9n cuenta con una capacidad de sobredimensionamiento m\u00e1xima 1.5 veces su potencia nominal. Esto significa que se pueden instalar paneles solares adicionales para aumentar la generaci\u00f3n sin la necesidad de actualizar el<\/span><\/p>\n<\/p>\n<\/div>\n<\/div>\n<\/div>\n<\/div>\n<\/div>\n<div class='accordion-item'>\n<h2 class='accordion-header'><strong><button class='accordion-button text-white collapsed' style='background-color: #014e94;' type='button' data-bs-toggle='collapse' data-bs-target='#collapseFour'><strong>M\u00f3dulos Solares Compatibles<\/strong><\/button><\/strong><\/h2>\n<div id='collapseFour' class='accordion-collapse collapse' data-bs-parent='#acordeon-vista-producto'>\n<div class='accordion-body'>\n<div class='row mb-3'>\n<div class='col-12 col-md-6 mb-3'>\n<div class='card'>\n<div class='card-body'><a href='https:\/\/www.syscom.mx\/producto\/LR572HTH575M-LONGI-224263.html' target='_blank' rel='noopener'><img class='img-fluid img-thumbnail fr-fic fr-dib' src='https:\/\/ftp3.syscom.mx\/usuarios\/fotos\/MIN6000TLX2\/222680-panel_330.jpg'><\/a><\/p>\n<h3 style='text-align: center;'><strong>M\u00f3dulo Solar LONGI 575W<\/strong><\/h3>\n<p style='text-align: center;'><strong>LR572HTH575M<\/strong><\/p>\n<p>Cantidad de modulos recomendados: 10<\/p>\n<p>Voltaje de circuito abierto (Voc): 52.06 V<\/p>\n<p>Corriente en corto circuito (Isc): 14.44 A<\/p>\n<p>Dimensiones: 2278x1134x35 mm<\/p>\n<\/div>\n<\/div>\n<\/div>\n<div class='col-12 col-md-6 mb-3'>\n<div class='card'>\n<div class='card-body'><a href='https:\/\/www.syscom.mx\/producto\/ETM760BH450WW\/WB-ETSOLAR-220698.html' target='_blank' rel='noopener'><img class='img-fluid img-thumbnail fr-fic fr-dib' src='https:\/\/ftp3.syscom.mx\/usuarios\/fotos\/MIN6000TLX2\/222680-panel_450.jpg'><\/a><\/p>\n<h3 style='text-align: center;'>M\u00f3dulo Solar ETSOLAR 450W<\/h3>\n<p style='text-align: center;'><strong>ETM760BH450WW\/WB<\/strong><\/p>\n<p>Cantidad de modulos recomendados: 12<\/p>\n<p>Voltaje de circuito abierto (Voc): 41.4 V<\/p>\n<p>Corriente en corto circuito (Isc): 13.6 A<\/p>\n<p>Dimensiones: 1909x1134x35 mm<\/p>\n<\/div>\n<\/div>\n<\/div>\n<div class='col-12 col-md-6 mb-3'>\n<div class='card'>\n<div class='card-body'><a href='https:\/\/www.syscom.mx\/producto\/LP182*182M72NH580W-LEAPTON-222349.html' target='_blank' rel='noopener'><img class='img-fluid img-thumbnail fr-fic fr-dib' src='https:\/\/ftp3.syscom.mx\/usuarios\/fotos\/MIN6000TLX2\/222680-panel_550.jpg'><\/a><\/p>\n<h3 style='text-align: center;'><strong>M\u00f3dulo Solar LONGI 580W<\/strong><\/h3>\n<p style='text-align: center;'><strong> LP*182*182M72NH580W<\/strong><\/p>\n<p>Cantidad de modulos recomendados: 10<\/p>\n<p>Voltaje de circuito abierto (Voc): 51.09 V<\/p>\n<p>Corriente en corto circuito (Isc): 14.45 A<\/p>\n<p>Dimensiones: 2279x1143x30 mm<\/p>\n<\/div>\n<\/div>\n<\/div>\n<div class='col-12 col-md-6 mb-3'>\n<div class='card'>\n<div class='card-body'><a href='https:\/\/www.syscom.mx\/producto\/RSM1328660M-RISEN-217338.html'><img class='img-fluid img-thumbnail fr-fic fr-dib' src='https:\/\/ftp3.syscom.mx\/usuarios\/fotos\/MIN6000TLX2\/222680-panel_660x.jpg'><\/a><\/p>\n<h3 style='text-align: center;'><strong>M\u00f3dulo Solar RISEN 660W <\/strong><\/h3>\n<p style='text-align: center;'><strong>RSM1328660M<\/strong><\/p>\n<p>Cantidad de modulos recomendados: 8<\/p>\n<p>Voltaje de circuito abierto (Voc): 45.75V<\/p>\n<p>Corriente en corto circuito (Isc): 18.33 A<\/p>\n<p>Dimensiones: 2384x1303x35 mm<\/p>\n<\/div>\n<\/div>\n<\/div>\n<\/div>\n<\/div>\n<\/div>\n<\/div>\n<h3 style='color: #222222; font-family: -apple-system&comma; BlinkMacSystemFont&comma; 'Segoe UI'&comma; 'Noto Sans'&comma; Helvetica&comma; Arial&comma; sans-serif&comma; 'Apple Color Emoji'&comma; 'Segoe UI Emoji'; background-color: #ffffff; font-size: 1.25em; margin: 24px 0px 16px; padding: 0px; line-height: 1.25;'> <\/h3>\n<p><span style='font-family: Verdana&comma;Geneva&comma;sans-serif;'><strong>Nota:<\/strong> <\/span><\/p>\n<ul>\n<li><em><span style='font-size: 14pt; font-family: 'times new roman'&comma; times&comma; serif;'>Los inversores requieren sincronizarse para entregar voltaje&comma; de lo contrario el equipo no entregara voltaje&comma; si se miden las terminales con los paneles conectados el voltaje medido debe ser 0V.<\/span><\/em><\/li>\n<li><em><span style='font-size: 14pt; font-family: 'times new roman'&comma; times&comma; serif;'>Se recomienda utilizar sistemas de tierra f\u00edsica (<a class='text-body' style='box-sizing: border-box; --bs-text-opacity: 1; font-weight: 600; background-color: #ffffff;' href='https:\/\/www.syscom.mx\/principal\/searchcont?route=LP-GROUND-30A-LINKEDPRO-BY-EPCOM-172180&#038;autodetect=lp30ground'><span style='color: #2880b9;'>LP-GROUND-30A<\/span><\/a>)&comma; colocar supresores de picos (<span style='color: #2880b9;'><a style='box-sizing: border-box; background-color: #ffffff; color: #2880b9; font-weight: 600;' href='https:\/\/www.syscom.mx\/principal\/searchcont?route=LA302R-DELTA-167343&#038;autodetect=la302'>LA302R<\/a><\/span>) y verificar voltajes de operaci\u00f3n.<\/span><\/em><\/li>\n<\/ul>\n<\/p>\n<p style='text-align: center;'>\n<p style='text-align: center;'>\n<h3 class='text-cyan' style='text-align: center;'><span style='color: #2880b9;'>KITS DE INTERCONEXION <\/span><\/h3>\n<table id='table001' class='table table-hover table-condensed' style='height: 288px; width: 100%;'>\n<thead>\n<tr style='height: 18px;'>\n<th style='height: 18px; width: 326.441px;'> <\/th>\n<th style='height: 18px; width: 206.476px;'> <\/th>\n<\/tr>\n<\/thead>\n<tbody>\n<tr style='height: 18px;'>\n<td style='height: 18px; width: 326.441px; text-align: center;'><a style='color: #000000;' href='https:\/\/www.syscom.mx\/principal\/searchcont?route=HNS3000TL1-AFORE-222042&#038;autodetect=HNS'>HNS3000TL1<\/a><\/td>\n<td style='height: 18px; width: 206.476px; text-align: center;'><a style='color: #000000;' href='https:\/\/www.syscom.mx\/principal\/searchcont?route=HNS3000TLKIT1-AFORE-232867&#038;autodetect=HNS'>HNS3000TLKIT1<\/a><\/td>\n<\/tr>\n<tr style='height: 18px;'>\n<td style='height: 18px; width: 326.441px; text-align: center;'><a style='color: #000000;' href='https:\/\/www.syscom.mx\/principal\/searchcont?route=HNS5000TL-AFORE-222252&#038;autodetect=HNS'>HNS5000TL<\/a><\/td>\n<td style='height: 18px; width: 206.476px; text-align: center;'><a style='color: #000000;' href='https:\/\/www.syscom.mx\/principal\/searchcont?route=HNS5000TLKIT1-AFORE-232896&#038;autodetect=HNS'>HNS5000TLKIT1<\/a><\/td>\n<\/tr>\n<tr style='height: 18px;'>\n<td style='height: 18px; width: 326.441px; text-align: center;'><a style='color: #000000;' href='https:\/\/www.syscom.mx\/principal\/searchcont?route=HNS7000TL-AFORE-222599&#038;autodetect=HNS'>HNS7000TL<\/a><\/td>\n<td style='height: 18px; width: 206.476px; text-align: center;'><a style='color: #000000;' href='https:\/\/www.syscom.mx\/principal\/searchcont?route=HNS7000TLKIT1-AFORE-232898&#038;autodetect=HNS'>HNS7000TLKIT1<\/a><\/td>\n<\/tr>\n<tr style='height: 18px;'>\n<td style='width: 326.441px; height: 18px; text-align: center;'><a style='color: #000000;' href='https:\/\/www.syscom.mx\/principal\/searchcont?route=HNS8000TL-AFORE-222601&#038;autodetect=HNS'>HNS8000TL<\/a><\/td>\n<td style='width: 206.476px; height: 18px; text-align: center;'><a style='color: #000000;' href='https:\/\/www.syscom.mx\/principal\/searchcont?route=HNS8000TLKIT1-AFORE-232899&#038;autodetect=HNS'>HNS8000TLKIT1<\/a><\/td>\n<\/tr>\n<tr style='height: 18px;'>\n<td style='height: 18px; width: 326.441px; text-align: center;'><a style='color: #000000;' href='https:\/\/www.syscom.mx\/principal\/searchcont?route=HNS9000TL-AFORE-222681&#038;autodetect=HNS'>HNS9000TL<\/a><\/td>\n<td style='height: 18px; width: 206.476px; text-align: center;'><a style='color: #000000;' href='https:\/\/www.syscom.mx\/principal\/searchcont?route=HNS9000TLKIT1-AFORE-232900&#038;autodetect=HNS'>HNS9000TLKIT1<\/a><\/td>\n<\/tr>\n<tr style='height: 18px;'>\n<td style='height: 18px; width: 326.441px; text-align: center;'><a style='color: #000000;' href='https:\/\/www.syscom.mx\/principal\/searchcont?route=HNS10000TL-AFORE-222683&#038;autodetect=HNS'>HNS10000TL<\/a><\/td>\n<td style='height: 18px; width: 206.476px; text-align: center;'><a style='color: #000000;' href='https:\/\/www.syscom.mx\/principal\/searchcont?route=HNS10000TLKIT1-AFORE-232903&#038;autodetect=HNS'>HNS10000TLKIT1<\/a><\/td>\n<\/tr>\n<\/tbody>\n<\/table>\n<p style='text-align: center;'>\n<p style='text-align: center;'>\n<div class='carousel slide' style='text-align: center;' data-ride='carousel'>\n<\/p>\n<\/div>\n<div class='container'>\n<div class='row default_padding_bottom'>\n<div class='col-xs-6 col-sm-3 text-center'><img class='center-block img-responsive fr-fic fr-dib' src='https:\/\/ftp3.syscom.mx\/usuarios\/ftp\/single_page\/epcom_powerline\/limpia.png'><\/p>\n<p>Energ\u00eda Limpia<\/p>\n<\/div>\n<div class='col-xs-6 col-sm-3 text-center'><img class='center-block img-responsive fr-fic fr-dib' src='https:\/\/ftp3.syscom.mx\/usuarios\/ftp\/single_page\/epcom_powerline\/ahorro.png'><\/p>\n<p>Ahorro de Energ\u00eda<\/p>\n<\/div>\n<div class='col-xs-6 col-sm-3 text-center'><img class='center-block img-responsive fr-fic fr-dib' src='https:\/\/ftp3.syscom.mx\/usuarios\/ftp\/single_page\/epcom_powerline\/ciudad.png'><\/p>\n<p>Cuidado del Medio Ambiente<\/p>\n<\/div>\n<div class='col-xs-6 col-sm-3 text-center'><img class='center-block img-responsive fr-fic fr-dib' src='https:\/\/ftp3.syscom.mx\/usuarios\/ftp\/single_page\/epcom_powerline\/conexion.png'><\/p>\n<p>Conexi\u00f3n sencilla<\/p>\n<\/div>\n<\/div>\n<div class='row default_padding_bottom'>\n<div class='col-xs-12 col-sm-6'> <\/div>\n<div class='col-xs-12 col-sm-6'>\n<h4 class='text-center'> <\/h4>\n<\/div>\n<\/div>\n<hr>\n<div class='row default_padding_bottom'>\n<div class='col-xs-12'> <\/div>\n<\/div>\n<\/div>\n<p><span style='font-size: 18pt;'><strong>Notas<\/strong>: <\/span><\/p>\n<ul>\n<li><span style='font-family: 'times new roman'&comma; times&comma; serif; font-size: 14pt;'><em>Los inversores requieren sincronizarse para entregar voltaje&comma; de lo contrario el equipo no entregara voltaje&comma; si se miden las terminales con los paneles conectados el voltaje medido debe ser 0V.<\/em><\/span><\/li>\n<\/ul>\n<\/div>\n","protected":false},"excerpt":{"rendered":"<p>Inversor para Interconexi\u00f3n a CFE de 6 kW con Salida de 220 Vca, M\u00f3dulo Wifi Incluido<\/p>\n","protected":false},"featured_media":44207,"comment_status":"open","ping_status":"closed","template":"","meta":[],"product_brand":[],"product_cat":[1092],"product_tag":[1223,964,1093],"class_list":{"0":"post-44208","1":"product","2":"type-product","3":"status-publish","4":"has-post-thumbnail","6":"product_cat-inversores-interconexion-on-grid","7":"product_tag-afore","8":"product_tag-energia-solar","9":"product_tag-inversores-interconexion-on-grid","11":"first","12":"outofstock","13":"sale","14":"shipping-taxable","15":"purchasable","16":"product-type-simple"},"_links":{"self":[{"href":"https:\/\/soydeaqui.ddns.net\/pachuca\/index.php\/wp-json\/wp\/v2\/product\/44208","targetHints":{"allow":["GET"]}}],"collection":[{"href":"https:\/\/soydeaqui.ddns.net\/pachuca\/index.php\/wp-json\/wp\/v2\/product"}],"about":[{"href":"https:\/\/soydeaqui.ddns.net\/pachuca\/index.php\/wp-json\/wp\/v2\/types\/product"}],"replies":[{"embeddable":true,"href":"https:\/\/soydeaqui.ddns.net\/pachuca\/index.php\/wp-json\/wp\/v2\/comments?post=44208"}],"wp:featuredmedia":[{"embeddable":true,"href":"https:\/\/soydeaqui.ddns.net\/pachuca\/index.php\/wp-json\/wp\/v2\/media\/44207"}],"wp:attachment":[{"href":"https:\/\/soydeaqui.ddns.net\/pachuca\/index.php\/wp-json\/wp\/v2\/media?parent=44208"}],"wp:term":[{"taxonomy":"product_brand","embeddable":true,"href":"https:\/\/soydeaqui.ddns.net\/pachuca\/index.php\/wp-json\/wp\/v2\/product_brand?post=44208"},{"taxonomy":"product_cat","embeddable":true,"href":"https:\/\/soydeaqui.ddns.net\/pachuca\/index.php\/wp-json\/wp\/v2\/product_cat?post=44208"},{"taxonomy":"product_tag","embeddable":true,"href":"https:\/\/soydeaqui.ddns.net\/pachuca\/index.php\/wp-json\/wp\/v2\/product_tag?post=44208"}],"curies":[{"name":"wp","href":"https:\/\/api.w.org\/{rel}","templated":true}]}}