{"id":43784,"date":"2026-03-18T19:21:08","date_gmt":"2026-03-18T19:21:08","guid":{"rendered":"https:\/\/soydeaqui.ddns.net\/pachuca\/index.php\/producto\/modulo-solar-620-w-full-black-49-55-vcc-monocristalino-topcon\/"},"modified":"2026-03-18T19:21:09","modified_gmt":"2026-03-18T19:21:09","slug":"modulo-solar-620-w-full-black-49-55-vcc-monocristalino-topcon","status":"publish","type":"product","link":"https:\/\/soydeaqui.ddns.net\/pachuca\/index.php\/producto\/modulo-solar-620-w-full-black-49-55-vcc-monocristalino-topcon\/","title":{"rendered":"M\u00f3dulo Solar\/620 W \/ FULL BLACK  \/ 49.55  Vcc , Monocristalino\/TOPCON"},"content":{"rendered":"<div style='width: 100%; max-width: 1200px; margin: 0 auto; font-family: sans-serif; line-height: 1.6; color: inherit; background-color: transparent;'>\n<div style='display: flex; flex-wrap: wrap; gap: 30px; margin-bottom: 30px;'>\n<div style='flex: 1 1 300px; min-width: 280px;'>\n<h3 style='font-size: 22px; border-bottom: 2px solid currentColor; padding-bottom: 5px; margin-top: 0; color: inherit; opacity: 0.8;'>M\u00d3DULO SOLAR MONOCRISTALINO LEAPTON 620 Watts<\/h3>\n<p style='margin: 8px 0; font-size: 14px; color: inherit;'><strong>Modelo:<\/strong> LP182*210-M-66-Nh620W<\/p>\n<p style='margin: 8px 0; font-size: 14px; color: inherit;'><strong>NOTA:<\/strong> Marco de 30 mm<\/p>\n<div style='margin: 20px 0;'> <img style='width: 100%; height: auto; border: 1px solid rgba(150&comma;150&comma;150&comma;0.3); border-radius: 8px;' src='https:\/\/ftp3.syscom.mx\/usuarios\/mchaparro\/MODULO\/LEPATON%20JAPOON.jpeg' alt=''> <\/div>\n<\/p><\/div>\n<\/p><\/div>\n<div style='display: flex; flex-wrap: wrap; gap: 30px; margin-bottom: 30px;'>\n<div style='flex: 1 1 300px; min-width: 280px;'>\n<h3 style='font-size: 22px; border-bottom: 2px solid currentColor; padding-bottom: 5px; margin-top: 0; color: inherit; opacity: 0.8;'>Caracter\u00edsticas Clave<\/h3>\n<ul style='padding-left: 20px; font-size: 14px; color: inherit; list-style-type: disc;'>\n<li style='margin-bottom: 5px;'>Menor corriente de resistencia interna<\/li>\n<li style='margin-bottom: 5px;'>Celda TIPO N<\/li>\n<li style='margin-bottom: 5px;'>Mejora de funciones en condiciones de poca luz<\/li>\n<li style='margin-bottom: 5px;'>Corrosi\u00f3n estricta por niebla salina y amon\u00edaco prueba por TUV Nord<\/li>\n<li style='margin-bottom: 5px;'>Mayor rendimiento en entornos con poca luz<\/li>\n<li style='margin-bottom: 5px;'>Menor probabilidad de atenuaci\u00f3n causada por PID el fen\u00f3meno se minimiza<\/li>\n<\/ul><\/div>\n<div style='flex: 1 1 300px; min-width: 280px;'>\n<h3 style='font-size: 22px; border-bottom: 2px solid currentColor; padding-bottom: 5px; margin-top: 0; color: inherit; opacity: 0.8;'>Certificaciones<\/h3>\n<p style='margin: 8px 0; font-size: 14px; color: inherit;'>El m\u00f3dulo solar LEAPTON es apto para cualquier proyecto<\/p>\n<p style='margin: 8px 0; font-size: 14px; color: inherit;'>Contando con las siguientes certificaciones:<\/p>\n<ul style='padding-left: 20px; font-size: 14px; color: inherit; list-style-type: disc;'>\n<li style='margin-bottom: 5px;'>IEC 61215-2: 2016<\/li>\n<li style='margin-bottom: 5px;'>CE<\/li>\n<li style='margin-bottom: 5px;'>JPEC<\/li>\n<\/ul>\n<p style='margin: 8px 0; font-size: 14px; color: inherit;'>El m\u00f3dulo solar se fabrica en Leapton que est\u00e1 certificada por ISO 9001 es por ello que cumple con buenos sistemas de gesti\u00f3n de calidad.<\/p>\n<p style='margin: 8px 0; font-size: 14px; color: inherit;'>Actualmente \u00e9ste m\u00f3dulo solar es el favorito en el mercado EUROPEO<\/p>\n<\/p><\/div>\n<div style='flex: 1 1 300px; min-width: 280px;'>\n<h3 style='font-size: 22px; border-bottom: 2px solid currentColor; padding-bottom: 5px; margin-top: 0; color: inherit; opacity: 0.8;'>Datos el\u00e9ctricos STC<\/h3>\n<ul style='padding-left: 20px; font-size: 14px; color: inherit; list-style-type: disc;'>\n<li style='margin-bottom: 5px;'><strong>M\u00e1xima potencia de salida (Pmax):<\/strong> 620 W<\/li>\n<li style='margin-bottom: 5px;'><strong>Tolerancia de potencia:<\/strong> 0~+5 W<\/li>\n<li style='margin-bottom: 5px;'><strong>Eficiencia del m\u00f3dulo:<\/strong> 22.95%<\/li>\n<li style='margin-bottom: 5px;'><strong>Voltaje a m\u00e1xima potencia (Vmp):<\/strong> 41.06 V<\/li>\n<li style='margin-bottom: 5px;'><strong>Intensidad en m\u00e1xima potencia (Imp):<\/strong> 15.1 A<\/li>\n<li style='margin-bottom: 5px;'><strong>Votaje en circuito abierto (Voc):<\/strong> 49.55 V<\/li>\n<li style='margin-bottom: 5px;'><strong>Intensidad por Corto-Circuito:<\/strong> 15.93 A<\/li>\n<\/ul><\/div>\n<div style='flex: 1 1 300px; min-width: 280px;'>\n<h3 style='font-size: 22px; border-bottom: 2px solid currentColor; padding-bottom: 5px; margin-top: 0; color: inherit; opacity: 0.8;'>Caracter\u00edsticas Mec\u00e1nicas<\/h3>\n<ul style='padding-left: 20px; font-size: 14px; color: inherit; list-style-type: disc;'>\n<li style='margin-bottom: 5px;'><strong>Tipo de c\u00e9lula:<\/strong> Monocristalino (182&#215;210 mm)<\/li>\n<li style='margin-bottom: 5px;'><strong>N\u00famero de celdas:<\/strong> 132<\/li>\n<li style='margin-bottom: 5px;'><strong>Dimensi\u00f3n:<\/strong> 2382x1134x30mm<\/li>\n<li style='margin-bottom: 5px;'><strong>Peso:<\/strong> 29.5 kg<\/li>\n<li style='margin-bottom: 5px;'><strong>Marco:<\/strong> Aleaci\u00f3n de aluminio anodizado<\/li>\n<li style='margin-bottom: 5px;'><strong>Caja de control:<\/strong> IP68<\/li>\n<li style='margin-bottom: 5px;'><strong>Cable:<\/strong> 4&comma;0 mm2 N 300 mm \/ P 300 mm<\/li>\n<li style='margin-bottom: 5px;'><strong>Conector:<\/strong> Compatible con MC4<\/li>\n<\/ul><\/div>\n<\/p><\/div>\n<div style='display: flex; flex-wrap: wrap; gap: 30px; margin-bottom: 30px;'>\n<div style='flex: 1 1 300px; min-width: 280px;'>\n<h3 style='font-size: 22px; border-bottom: 2px solid currentColor; padding-bottom: 5px; margin-top: 0; color: inherit; opacity: 0.8;'>Aplicaciones<\/h3>\n<ul style='padding-left: 20px; font-size: 14px; color: inherit; list-style-type: disc;'>\n<li style='margin-bottom: 5px;'>Para interconexi\u00f3n a la red<\/li>\n<li style='margin-bottom: 5px;'>Sistemas aislados con controladores MPPT<\/li>\n<\/ul><\/div>\n<div style='flex: 1 1 300px; min-width: 280px;'>\n<h3 style='font-size: 22px; border-bottom: 2px solid currentColor; padding-bottom: 5px; margin-top: 0; color: inherit; opacity: 0.8;'>Garant\u00eda<\/h3>\n<ul style='padding-left: 20px; font-size: 14px; color: inherit; list-style-type: disc;'>\n<li style='margin-bottom: 5px;'>2 a\u00f1os contra defectos de fabricaci\u00f3n<\/li>\n<li style='margin-bottom: 5px;'>30 a\u00f1os de vida \u00fatil (salida de potencia al 80%)<\/li>\n<\/ul>\n<p style='margin: 8px 0; font-size: 14px; color: inherit;'><strong>Recomendaciones y comentarios de garant\u00eda:<\/strong><\/p>\n<ul style='padding-left: 20px; font-size: 14px; color: inherit; list-style-type: disc;'>\n<li style='margin-bottom: 5px;'>Cualquier reclamo de este producto debe hacerse dentro del periodo de garant\u00eda con la factura del mismo.<\/li>\n<li style='margin-bottom: 5px;'>El n\u00famero de serie del equipo debe ser visible&comma; al igual que la etiqueta posterior.<\/li>\n<li style='margin-bottom: 5px;'>Si al m\u00f3dulo se le cortan los conectores MC-4 el m\u00f3dulo pierde su garant\u00eda instant\u00e1neamente.<\/li>\n<li style='margin-bottom: 5px;'>No instale cuando alg\u00fan objeto en alg\u00fan punto del d\u00eda le genere sombra&comma; se considera como una mala instalaci\u00f3n y puede ser motivo de p\u00e9rdida de garant\u00eda.<\/li>\n<li style='margin-bottom: 5px;'>No mezcle los m\u00f3dulos de diferentes potencias en el mismo controlador o inversor&comma; se considera como una mala instalaci\u00f3n y puede ser motivo de p\u00e9rdida de garant\u00eda.<\/li>\n<li style='margin-bottom: 5px;'>Se recomienda que utilice la pinza ponchadora <a href='https:\/\/www.syscom.mx\/producto\/EP-MC4-EPCOM-POWERLINE-160268.html' style='color: #0097d0; text-decoration: underline;'>EP-MC4<\/a> cuando pliegue los conectores <a href='https:\/\/www.syscom.mx\/producto\/PROSECA-01-EPCOM-POWERLINE-72413.html' style='color: #0097d0; text-decoration: underline;'>PROSECA-01<\/a> al cable que usar\u00e1 para conectar su m\u00f3dulo al inversor o controlador.<\/li>\n<\/ul><\/div>\n<\/p><\/div>\n<div style='display: flex; flex-wrap: wrap; gap: 30px; margin-bottom: 30px;'>\n<div style='flex: 1 1 300px; min-width: 280px;'>\n<h3 style='font-size: 22px; border-bottom: 2px solid currentColor; padding-bottom: 5px; margin-top: 0; color: inherit; opacity: 0.8;'>Advertencias<\/h3>\n<ul style='padding-left: 20px; font-size: 14px; color: inherit; list-style-type: disc;'>\n<li style='margin-bottom: 5px; color: #e74c3c;'><strong>***No aptos para uso en Microinversores BDM600***<\/strong><\/li>\n<li style='margin-bottom: 5px; color: #e74c3c;'><strong>***No aptos para uso en Microinversores MI1500***<\/strong><\/li>\n<\/ul><\/div>\n<div style='flex: 1 1 300px; min-width: 280px;'>\n<h3 style='font-size: 22px; border-bottom: 2px solid currentColor; padding-bottom: 5px; margin-top: 0; color: inherit; opacity: 0.8;'>Documentaci\u00f3n<\/h3>\n<div style='margin: 15px 0;'> <img style='width: 100%; height: auto; border: 1px solid rgba(150&comma;150&comma;150&comma;0.3); border-radius: 8px;' src='https:\/\/www.leaptonpv.com\/upload\/image\/20240524\/f92231be3ef432c44325e448502db431.jpg' alt=''> <\/div>\n<div style='margin: 15px 0;'> <img style='width: 100%; height: auto; border: 1px solid rgba(150&comma;150&comma;150&comma;0.3); border-radius: 8px;' src='https:\/\/www.leaptonpv.com\/upload\/image\/20240522\/79db01d2e0dbcf7600cb7fdd4bd5145f.jpg' alt=''> <\/div>\n<div style='margin: 15px 0;'> <img style='width: 100%; height: auto; border: 1px solid rgba(150&comma;150&comma;150&comma;0.3); border-radius: 8px;' src='https:\/\/www.leaptonpv.com\/upload\/image\/20230922\/89c1648ce4ea6082e16dd845bfd64951.jpg' alt=''> <\/div>\n<\/p><\/div>\n<\/p><\/div>\n<\/p><\/div>\n","protected":false},"excerpt":{"rendered":"<p>M\u00f3dulo Solar\/620 W \/ FULL BLACK  \/ 49.55  Vcc , Monocristalino\/TOPCON<\/p>\n","protected":false},"featured_media":43783,"comment_status":"open","ping_status":"closed","template":"","meta":[],"product_brand":[],"product_cat":[1152],"product_tag":[964,1179,1153],"class_list":{"0":"post-43784","1":"product","2":"type-product","3":"status-publish","4":"has-post-thumbnail","6":"product_cat-modulos-solares","7":"product_tag-energia-solar","8":"product_tag-leapton","9":"product_tag-modulos-solares","11":"first","12":"outofstock","13":"sale","14":"shipping-taxable","15":"purchasable","16":"product-type-simple"},"_links":{"self":[{"href":"https:\/\/soydeaqui.ddns.net\/pachuca\/index.php\/wp-json\/wp\/v2\/product\/43784","targetHints":{"allow":["GET"]}}],"collection":[{"href":"https:\/\/soydeaqui.ddns.net\/pachuca\/index.php\/wp-json\/wp\/v2\/product"}],"about":[{"href":"https:\/\/soydeaqui.ddns.net\/pachuca\/index.php\/wp-json\/wp\/v2\/types\/product"}],"replies":[{"embeddable":true,"href":"https:\/\/soydeaqui.ddns.net\/pachuca\/index.php\/wp-json\/wp\/v2\/comments?post=43784"}],"wp:featuredmedia":[{"embeddable":true,"href":"https:\/\/soydeaqui.ddns.net\/pachuca\/index.php\/wp-json\/wp\/v2\/media\/43783"}],"wp:attachment":[{"href":"https:\/\/soydeaqui.ddns.net\/pachuca\/index.php\/wp-json\/wp\/v2\/media?parent=43784"}],"wp:term":[{"taxonomy":"product_brand","embeddable":true,"href":"https:\/\/soydeaqui.ddns.net\/pachuca\/index.php\/wp-json\/wp\/v2\/product_brand?post=43784"},{"taxonomy":"product_cat","embeddable":true,"href":"https:\/\/soydeaqui.ddns.net\/pachuca\/index.php\/wp-json\/wp\/v2\/product_cat?post=43784"},{"taxonomy":"product_tag","embeddable":true,"href":"https:\/\/soydeaqui.ddns.net\/pachuca\/index.php\/wp-json\/wp\/v2\/product_tag?post=43784"}],"curies":[{"name":"wp","href":"https:\/\/api.w.org\/{rel}","templated":true}]}}